{"id":24172,"date":"2025-11-15T01:58:32","date_gmt":"2025-11-15T01:58:32","guid":{"rendered":"https:\/\/www.yousanusb.com\/?post_type=product&#038;p=24172"},"modified":"2025-12-27T02:46:08","modified_gmt":"2025-12-27T02:46:08","slug":"carrot-shaped-usb-flash-drive","status":"publish","type":"product","link":"https:\/\/www.yousanusb.com\/fr\/produit\/carrot-shaped-usb-flash-drive\/","title":{"rendered":"Cl\u00e9 USB en forme de carotte"},"content":{"rendered":"<p>Ces trois cl\u00e9s USB pr\u00e9sentent chacune une \"pose de carotte\" distincte : La premi\u00e8re reproduit la texture authentique et la structure segment\u00e9e d'une v\u00e9ritable carotte, avec un corps rouge orang\u00e9 et un sommet vert \u00e9meraude, comme si elle venait d'\u00eatre arrach\u00e9e \u00e0 la terre. <\/p>\n\n\n\n<div class=\"wp-block-columns is-layout-flex wp-container-core-columns-is-layout-1 wp-block-columns-is-layout-flex\">\n<div class=\"wp-block-column is-layout-flow wp-block-column-is-layout-flow\">\n<figure class=\"wp-block-image size-full\"><img fetchpriority=\"high\" decoding=\"async\" width=\"800\" height=\"800\" src=\"https:\/\/www.yousanusb.com\/wp-content\/uploads\/2025\/11\/orange-Carrot-shaped-USB-Flash-Drive.jpg\" alt=\"Cl\u00e9 USB orange en forme de carotte\" class=\"wp-image-24178\" srcset=\"https:\/\/www.yousanusb.com\/wp-content\/uploads\/2025\/11\/orange-Carrot-shaped-USB-Flash-Drive.jpg 800w, https:\/\/www.yousanusb.com\/wp-content\/uploads\/2025\/11\/orange-Carrot-shaped-USB-Flash-Drive-300x300.jpg 300w, https:\/\/www.yousanusb.com\/wp-content\/uploads\/2025\/11\/orange-Carrot-shaped-USB-Flash-Drive-150x150.jpg 150w, https:\/\/www.yousanusb.com\/wp-content\/uploads\/2025\/11\/orange-Carrot-shaped-USB-Flash-Drive-768x768.jpg 768w, https:\/\/www.yousanusb.com\/wp-content\/uploads\/2025\/11\/orange-Carrot-shaped-USB-Flash-Drive-12x12.jpg 12w, https:\/\/www.yousanusb.com\/wp-content\/uploads\/2025\/11\/orange-Carrot-shaped-USB-Flash-Drive-600x600.jpg 600w, https:\/\/www.yousanusb.com\/wp-content\/uploads\/2025\/11\/orange-Carrot-shaped-USB-Flash-Drive-100x100.jpg 100w\" sizes=\"(max-width: 800px) 100vw, 800px\" \/><\/figure>\n<\/div>\n\n\n\n<div class=\"wp-block-column is-layout-flow wp-block-column-is-layout-flow\">\n<figure class=\"wp-block-image size-full\"><img decoding=\"async\" width=\"799\" height=\"799\" src=\"https:\/\/www.yousanusb.com\/wp-content\/uploads\/2025\/11\/red-Carrot-shaped-USB-Flash-Drive.jpg\" alt=\"Cl\u00e9 USB rouge en forme de carotte\" class=\"wp-image-24179\" srcset=\"https:\/\/www.yousanusb.com\/wp-content\/uploads\/2025\/11\/red-Carrot-shaped-USB-Flash-Drive.jpg 799w, https:\/\/www.yousanusb.com\/wp-content\/uploads\/2025\/11\/red-Carrot-shaped-USB-Flash-Drive-300x300.jpg 300w, https:\/\/www.yousanusb.com\/wp-content\/uploads\/2025\/11\/red-Carrot-shaped-USB-Flash-Drive-150x150.jpg 150w, https:\/\/www.yousanusb.com\/wp-content\/uploads\/2025\/11\/red-Carrot-shaped-USB-Flash-Drive-768x768.jpg 768w, https:\/\/www.yousanusb.com\/wp-content\/uploads\/2025\/11\/red-Carrot-shaped-USB-Flash-Drive-12x12.jpg 12w, https:\/\/www.yousanusb.com\/wp-content\/uploads\/2025\/11\/red-Carrot-shaped-USB-Flash-Drive-600x600.jpg 600w, https:\/\/www.yousanusb.com\/wp-content\/uploads\/2025\/11\/red-Carrot-shaped-USB-Flash-Drive-100x100.jpg 100w\" sizes=\"(max-width: 799px) 100vw, 799px\" \/><\/figure>\n<\/div>\n<\/div>\n\n\n\n<p>Une autre pr\u00e9sente des feuilles de carotte caricaturales, associant un feuillage vert exag\u00e9r\u00e9 \u00e0 un corps de carotte dodu pour un maximum de charme enfantin. Le troisi\u00e8me utilise des couleurs d\u00e9grad\u00e9es et un dessin en spirale pour recr\u00e9er les courbes naturelles de la carotte. Chacun d'entre eux ressemble \u00e0 un petit tr\u00e9sor cr\u00e9atif \"r\u00e9colt\u00e9\" directement dans le jardin.<\/p>\n\n\n\n<div class=\"wp-block-columns is-layout-flex wp-container-core-columns-is-layout-2 wp-block-columns-is-layout-flex\">\n<div class=\"wp-block-column is-layout-flow wp-block-column-is-layout-flow\">\n<figure class=\"wp-block-image size-full\"><img decoding=\"async\" width=\"799\" height=\"799\" src=\"https:\/\/www.yousanusb.com\/wp-content\/uploads\/2025\/11\/Carrot-shaped-USB-Flash-Drive-custom.jpg\" alt=\"Cl\u00e9 USB en forme de carotte personnalis\u00e9e\" class=\"wp-image-24175\" srcset=\"https:\/\/www.yousanusb.com\/wp-content\/uploads\/2025\/11\/Carrot-shaped-USB-Flash-Drive-custom.jpg 799w, https:\/\/www.yousanusb.com\/wp-content\/uploads\/2025\/11\/Carrot-shaped-USB-Flash-Drive-custom-300x300.jpg 300w, https:\/\/www.yousanusb.com\/wp-content\/uploads\/2025\/11\/Carrot-shaped-USB-Flash-Drive-custom-150x150.jpg 150w, https:\/\/www.yousanusb.com\/wp-content\/uploads\/2025\/11\/Carrot-shaped-USB-Flash-Drive-custom-768x768.jpg 768w, https:\/\/www.yousanusb.com\/wp-content\/uploads\/2025\/11\/Carrot-shaped-USB-Flash-Drive-custom-12x12.jpg 12w, https:\/\/www.yousanusb.com\/wp-content\/uploads\/2025\/11\/Carrot-shaped-USB-Flash-Drive-custom-600x600.jpg 600w, https:\/\/www.yousanusb.com\/wp-content\/uploads\/2025\/11\/Carrot-shaped-USB-Flash-Drive-custom-100x100.jpg 100w\" sizes=\"(max-width: 799px) 100vw, 799px\" \/><\/figure>\n<\/div>\n\n\n\n<div class=\"wp-block-column is-layout-flow wp-block-column-is-layout-flow\">\n<figure class=\"wp-block-image size-full\"><img loading=\"lazy\" decoding=\"async\" width=\"750\" height=\"750\" src=\"https:\/\/www.yousanusb.com\/wp-content\/uploads\/2025\/11\/white-Carrot-shaped-USB-Flash-Drive.jpg\" alt=\"Cl\u00e9 USB blanche en forme de carotte\" class=\"wp-image-24180\" srcset=\"https:\/\/www.yousanusb.com\/wp-content\/uploads\/2025\/11\/white-Carrot-shaped-USB-Flash-Drive.jpg 750w, https:\/\/www.yousanusb.com\/wp-content\/uploads\/2025\/11\/white-Carrot-shaped-USB-Flash-Drive-300x300.jpg 300w, https:\/\/www.yousanusb.com\/wp-content\/uploads\/2025\/11\/white-Carrot-shaped-USB-Flash-Drive-150x150.jpg 150w, https:\/\/www.yousanusb.com\/wp-content\/uploads\/2025\/11\/white-Carrot-shaped-USB-Flash-Drive-12x12.jpg 12w, https:\/\/www.yousanusb.com\/wp-content\/uploads\/2025\/11\/white-Carrot-shaped-USB-Flash-Drive-600x600.jpg 600w, https:\/\/www.yousanusb.com\/wp-content\/uploads\/2025\/11\/white-Carrot-shaped-USB-Flash-Drive-100x100.jpg 100w\" sizes=\"(max-width: 750px) 100vw, 750px\" \/><\/figure>\n<\/div>\n<\/div>\n\n\n\n<p>Cette cl\u00e9 USB en forme de carotte est envelopp\u00e9e de silicone souple, avec une texture r\u00e9aliste qui imite la sensation de la peau d'une vraie carotte. Son design \u00e9lastique et compressible offre un plaisir tactile et permet de soulager le stress.<\/p>\n\n\n\n<p>Les couleurs orange et vertes vibrantes sont r\u00e9sistantes \u00e0 la d\u00e9coloration, ce qui permet au lecteur de conserver son aspect frais et lumineux au fil du temps.<\/p>\n\n\n\n<div class=\"wp-block-columns is-layout-flex wp-container-core-columns-is-layout-3 wp-block-columns-is-layout-flex\">\n<div class=\"wp-block-column is-layout-flow wp-block-column-is-layout-flow\">\n<figure class=\"wp-block-image size-full\"><img loading=\"lazy\" decoding=\"async\" width=\"799\" height=\"799\" src=\"https:\/\/www.yousanusb.com\/wp-content\/uploads\/2025\/11\/cartoon-Carrot-shaped-USB-Flash-Drive.jpg\" alt=\"Cl\u00e9 USB en forme de caricature de carotte\" class=\"wp-image-24177\" srcset=\"https:\/\/www.yousanusb.com\/wp-content\/uploads\/2025\/11\/cartoon-Carrot-shaped-USB-Flash-Drive.jpg 799w, https:\/\/www.yousanusb.com\/wp-content\/uploads\/2025\/11\/cartoon-Carrot-shaped-USB-Flash-Drive-300x300.jpg 300w, https:\/\/www.yousanusb.com\/wp-content\/uploads\/2025\/11\/cartoon-Carrot-shaped-USB-Flash-Drive-150x150.jpg 150w, https:\/\/www.yousanusb.com\/wp-content\/uploads\/2025\/11\/cartoon-Carrot-shaped-USB-Flash-Drive-768x768.jpg 768w, https:\/\/www.yousanusb.com\/wp-content\/uploads\/2025\/11\/cartoon-Carrot-shaped-USB-Flash-Drive-12x12.jpg 12w, https:\/\/www.yousanusb.com\/wp-content\/uploads\/2025\/11\/cartoon-Carrot-shaped-USB-Flash-Drive-600x600.jpg 600w, https:\/\/www.yousanusb.com\/wp-content\/uploads\/2025\/11\/cartoon-Carrot-shaped-USB-Flash-Drive-100x100.jpg 100w\" sizes=\"(max-width: 799px) 100vw, 799px\" \/><\/figure>\n<\/div>\n\n\n\n<div class=\"wp-block-column is-layout-flow wp-block-column-is-layout-flow\">\n<figure class=\"wp-block-image size-full\"><img loading=\"lazy\" decoding=\"async\" width=\"799\" height=\"799\" src=\"https:\/\/www.yousanusb.com\/wp-content\/uploads\/2025\/11\/Carrot-shaped-USB-Flash-Drive.jpg\" alt=\"Cl\u00e9 USB en forme de carotte\" class=\"wp-image-24176\" srcset=\"https:\/\/www.yousanusb.com\/wp-content\/uploads\/2025\/11\/Carrot-shaped-USB-Flash-Drive.jpg 799w, https:\/\/www.yousanusb.com\/wp-content\/uploads\/2025\/11\/Carrot-shaped-USB-Flash-Drive-300x300.jpg 300w, https:\/\/www.yousanusb.com\/wp-content\/uploads\/2025\/11\/Carrot-shaped-USB-Flash-Drive-150x150.jpg 150w, https:\/\/www.yousanusb.com\/wp-content\/uploads\/2025\/11\/Carrot-shaped-USB-Flash-Drive-768x768.jpg 768w, https:\/\/www.yousanusb.com\/wp-content\/uploads\/2025\/11\/Carrot-shaped-USB-Flash-Drive-12x12.jpg 12w, https:\/\/www.yousanusb.com\/wp-content\/uploads\/2025\/11\/Carrot-shaped-USB-Flash-Drive-600x600.jpg 600w, https:\/\/www.yousanusb.com\/wp-content\/uploads\/2025\/11\/Carrot-shaped-USB-Flash-Drive-100x100.jpg 100w\" sizes=\"(max-width: 799px) 100vw, 799px\" \/><\/figure>\n<\/div>\n<\/div>\n\n\n\n<p>Cette cl\u00e9 USB est divis\u00e9e en deux et comporte un trou de porte-cl\u00e9s qui permet de l'attacher \u00e0 des cl\u00e9s, etc. pour un acc\u00e8s rapide.<\/p>\n\n\n\n<p>Les diff\u00e9rentes capacit\u00e9s de stockage disponibles - de 1 Go \u00e0 256 Go - sont enti\u00e8rement compatibles avec les normes USB 2.0 et USB 3.0.<\/p>\n\n\n\n<p>Cette cl\u00e9 USB est capable de prendre en charge des transferts de donn\u00e9es \u00e0 grande vitesse. La cr\u00e9ation de votre propre logo n\u00e9cessite la fabrication d'un moule, ce qui prend 3 jours.<\/p>","protected":false},"excerpt":{"rendered":"<ul>\n<li>Cl\u00e9 USB en forme de carotte<\/li>\n<li>Moule en PVC<\/li>\n<li>Logo personnalis\u00e9 pour le moulage<\/li>\n<li>Capacit\u00e9 de 1GB-256GB au choix<\/li>\n<li>Plusieurs couleurs et mod\u00e8les<\/li>\n<\/ul>","protected":false},"featured_media":24177,"comment_status":"open","ping_status":"closed","template":"","meta":{"_seopress_robots_primary_cat":"none","_seopress_titles_title":"Carrot-shaped USB Flash Drive","_seopress_titles_desc":"These three USB drives each feature a distinct \u201ccarrot pose\u201d: One replicates the authentic texture and segmented structure of a real carrot, with an orange-red body and emerald-green top, as if freshly pulled from the soil.","_seopress_robots_index":""},"class_list":["post-24172","product","type-product","status-publish","has-post-thumbnail","hentry","product_cat-custom-usb-drive","product_tag-vegetables-usb-flash-drive"],"_links":{"self":[{"href":"https:\/\/www.yousanusb.com\/fr\/wp-json\/wp\/v2\/product\/24172"}],"collection":[{"href":"https:\/\/www.yousanusb.com\/fr\/wp-json\/wp\/v2\/product"}],"about":[{"href":"https:\/\/www.yousanusb.com\/fr\/wp-json\/wp\/v2\/types\/product"}],"replies":[{"embeddable":true,"href":"https:\/\/www.yousanusb.com\/fr\/wp-json\/wp\/v2\/comments?post=24172"}],"wp:featuredmedia":[{"embeddable":true,"href":"https:\/\/www.yousanusb.com\/fr\/wp-json\/wp\/v2\/media\/24177"}],"wp:attachment":[{"href":"https:\/\/www.yousanusb.com\/fr\/wp-json\/wp\/v2\/media?parent=24172"}],"curies":[{"name":"wp","href":"https:\/\/api.w.org\/{rel}","templated":true}]}}