{"id":24419,"date":"2025-11-18T03:37:23","date_gmt":"2025-11-18T03:37:23","guid":{"rendered":"https:\/\/www.yousanusb.com\/?post_type=product&#038;p=24419"},"modified":"2025-12-27T02:42:25","modified_gmt":"2025-12-27T02:42:25","slug":"red-chili-and-green-bell-pepper-usb-flash-drive","status":"publish","type":"product","link":"https:\/\/www.yousanusb.com\/fr\/produit\/red-chili-and-green-bell-pepper-usb-flash-drive\/","title":{"rendered":"Cl\u00e9 USB piment rouge et poivron vert"},"content":{"rendered":"<div class=\"wp-block-columns is-layout-flex wp-container-core-columns-is-layout-1 wp-block-columns-is-layout-flex\">\n<div class=\"wp-block-column is-layout-flow wp-block-column-is-layout-flow\">\n<figure class=\"wp-block-image size-full\"><img fetchpriority=\"high\" decoding=\"async\" width=\"800\" height=\"800\" src=\"https:\/\/www.yousanusb.com\/wp-content\/uploads\/2025\/11\/chili-usb-pen-drive.png\" alt=\"\" class=\"wp-image-24427\" srcset=\"https:\/\/www.yousanusb.com\/wp-content\/uploads\/2025\/11\/chili-usb-pen-drive.png 800w, https:\/\/www.yousanusb.com\/wp-content\/uploads\/2025\/11\/chili-usb-pen-drive-300x300.png 300w, https:\/\/www.yousanusb.com\/wp-content\/uploads\/2025\/11\/chili-usb-pen-drive-150x150.png 150w, https:\/\/www.yousanusb.com\/wp-content\/uploads\/2025\/11\/chili-usb-pen-drive-768x768.png 768w, https:\/\/www.yousanusb.com\/wp-content\/uploads\/2025\/11\/chili-usb-pen-drive-12x12.png 12w, https:\/\/www.yousanusb.com\/wp-content\/uploads\/2025\/11\/chili-usb-pen-drive-600x600.png 600w, https:\/\/www.yousanusb.com\/wp-content\/uploads\/2025\/11\/chili-usb-pen-drive-100x100.png 100w\" sizes=\"(max-width: 800px) 100vw, 800px\" \/><\/figure>\n<\/div>\n\n\n\n<div class=\"wp-block-column is-vertically-aligned-center is-layout-flow wp-block-column-is-layout-flow\">\n<p>Ces cl\u00e9s USB se d\u00e9clinent en deux mod\u00e8les r\u00e9alistes inspir\u00e9s des fruits et l\u00e9gumes : un piment rouge et un poivron vert, tous deux m\u00e9ticuleusement fabriqu\u00e9s pour reproduire la forme et la couleur des fruits et l\u00e9gumes frais.<\/p>\n\n\n\n<p>L'USB \"Red Chili\" pr\u00e9sente un design incurv\u00e9 et r\u00e9aliste avec une structure en deux parties : le chapeau du chili forme la partie sup\u00e9rieure, tandis que la partie inf\u00e9rieure abrite le connecteur USB.<\/p>\n\n\n\n<p>La cl\u00e9 USB \"Green Bell Pepper\" reproduit la silhouette pulpeuse du l\u00e9gume. Sa partie inf\u00e9rieure sert de capuchon protecteur qui, lorsqu'il est retir\u00e9, r\u00e9v\u00e8le le connecteur USB - alliant l'attrait d\u00e9coratif \u00e0 la fonctionnalit\u00e9 pratique.<\/p>\n<\/div>\n<\/div>\n\n\n\n<div class=\"wp-block-columns is-layout-flex wp-container-core-columns-is-layout-2 wp-block-columns-is-layout-flex\">\n<div class=\"wp-block-column is-vertically-aligned-center is-layout-flow wp-block-column-is-layout-flow\">\n<p>Fabriqu\u00e9e en PVC de haute qualit\u00e9, cette cl\u00e9 USB est l\u00e9g\u00e8re, r\u00e9sistante aux chocs et aux rayures, ce qui la rend parfaite pour une utilisation nomade.<\/p>\n\n\n\n<p>Hautement personnalisable, il offre des options pour diff\u00e9rentes vari\u00e9t\u00e9s de piments (par exemple, Thai Chili, Finger Chili) et des \u00e9l\u00e9ments de conception personnalis\u00e9s, notamment des textures de surface, des styles de tiges et des sch\u00e9mas de couleurs, adapt\u00e9s aux pr\u00e9f\u00e9rences individuelles ou aux exigences de la marque de l'adulte.<\/p>\n\n\n\n<p>Dot\u00e9 de performances professionnelles, il offre des capacit\u00e9s de stockage de 8 Go \u00e0 256 Go avec un connecteur USB universel compatible avec les normes USB 2.0 et 3.0. Elle offre des vitesses de lecture et d'\u00e9criture constantes sur les ordinateurs, les r\u00e9cepteurs et la plupart des appareils, assurant ainsi un stockage et un transfert fiables des documents, vid\u00e9os et autres contenus num\u00e9riques.<\/p>\n<\/div>\n\n\n\n<div class=\"wp-block-column is-layout-flow wp-block-column-is-layout-flow\">\n<figure class=\"wp-block-image size-full\"><img decoding=\"async\" width=\"800\" height=\"800\" src=\"https:\/\/www.yousanusb.com\/wp-content\/uploads\/2025\/11\/Chili-USB-Flash-Drive.jpg\" alt=\"\" class=\"wp-image-24423\" srcset=\"https:\/\/www.yousanusb.com\/wp-content\/uploads\/2025\/11\/Chili-USB-Flash-Drive.jpg 800w, https:\/\/www.yousanusb.com\/wp-content\/uploads\/2025\/11\/Chili-USB-Flash-Drive-300x300.jpg 300w, https:\/\/www.yousanusb.com\/wp-content\/uploads\/2025\/11\/Chili-USB-Flash-Drive-150x150.jpg 150w, https:\/\/www.yousanusb.com\/wp-content\/uploads\/2025\/11\/Chili-USB-Flash-Drive-768x768.jpg 768w, https:\/\/www.yousanusb.com\/wp-content\/uploads\/2025\/11\/Chili-USB-Flash-Drive-12x12.jpg 12w, https:\/\/www.yousanusb.com\/wp-content\/uploads\/2025\/11\/Chili-USB-Flash-Drive-600x600.jpg 600w, https:\/\/www.yousanusb.com\/wp-content\/uploads\/2025\/11\/Chili-USB-Flash-Drive-100x100.jpg 100w\" sizes=\"(max-width: 800px) 100vw, 800px\" \/><\/figure>\n<\/div>\n<\/div>","protected":false},"excerpt":{"rendered":"<ul>\n<li>Conception du corps divis\u00e9 en forme de chili<\/li>\n<li>Mati\u00e8re PVC<\/li>\n<li>Soutient les mod\u00e8les de chili personnalis\u00e9s<\/li>\n<li>Plusieurs options de capacit\u00e9 : De 8 Go \u00e0 256 Go<\/li>\n<li>Compatibilit\u00e9 multi-appareils<\/li>\n<li>MOQ:100pcs<\/li>\n<\/ul>","protected":false},"featured_media":24427,"comment_status":"open","ping_status":"closed","template":"","meta":{"_seopress_robots_primary_cat":"none","_seopress_titles_title":"","_seopress_titles_desc":"","_seopress_robots_index":""},"class_list":["post-24419","product","type-product","status-publish","has-post-thumbnail","hentry","product_cat-custom-usb-drive","product_tag-vegetables-usb-flash-drive"],"_links":{"self":[{"href":"https:\/\/www.yousanusb.com\/fr\/wp-json\/wp\/v2\/product\/24419"}],"collection":[{"href":"https:\/\/www.yousanusb.com\/fr\/wp-json\/wp\/v2\/product"}],"about":[{"href":"https:\/\/www.yousanusb.com\/fr\/wp-json\/wp\/v2\/types\/product"}],"replies":[{"embeddable":true,"href":"https:\/\/www.yousanusb.com\/fr\/wp-json\/wp\/v2\/comments?post=24419"}],"wp:featuredmedia":[{"embeddable":true,"href":"https:\/\/www.yousanusb.com\/fr\/wp-json\/wp\/v2\/media\/24427"}],"wp:attachment":[{"href":"https:\/\/www.yousanusb.com\/fr\/wp-json\/wp\/v2\/media?parent=24419"}],"curies":[{"name":"wp","href":"https:\/\/api.w.org\/{rel}","templated":true}]}}