{"id":25012,"date":"2025-12-04T02:12:22","date_gmt":"2025-12-04T02:12:22","guid":{"rendered":"https:\/\/www.yousanusb.com\/?post_type=product&#038;p=25012"},"modified":"2025-12-27T02:26:20","modified_gmt":"2025-12-27T02:26:20","slug":"daohe-helicopter-usb-flash-drive","status":"publish","type":"product","link":"https:\/\/www.yousanusb.com\/fr\/produit\/daohe-helicopter-usb-flash-drive\/","title":{"rendered":"Cl\u00e9 USB h\u00e9licopt\u00e8re Daohe"},"content":{"rendered":"<p>La cl\u00e9 USB Daohe Helicopter est con\u00e7ue pour ressembler au mod\u00e8le qu'elle repr\u00e9sente avec sa couleur rouge vif, le logo Daohe Helicopter et le num\u00e9ro d'enregistrement B-7982.<\/p>\n\n\n\n<p>La cl\u00e9 USB est fabriqu\u00e9e \u00e0 partir de mat\u00e9riaux PVC flexibles, ce qui signifie qu'elle ne se cassera pas et ne se fissurera pas si elle tombe. En outre, le mat\u00e9riau ne d\u00e9gage pas d'odeur susceptible de vous incommoder.<\/p>\n\n\n\n<div class=\"wp-block-columns is-layout-flex wp-container-core-columns-is-layout-1 wp-block-columns-is-layout-flex\">\n<div class=\"wp-block-column is-layout-flow wp-block-column-is-layout-flow\">\n<figure class=\"wp-block-image size-full\"><img fetchpriority=\"high\" decoding=\"async\" width=\"800\" height=\"800\" src=\"https:\/\/www.yousanusb.com\/wp-content\/uploads\/2025\/12\/Daohe-Red-Hawk-Helicopter-USB-Drive-1.jpg\" alt=\"\" class=\"wp-image-25016\" srcset=\"https:\/\/www.yousanusb.com\/wp-content\/uploads\/2025\/12\/Daohe-Red-Hawk-Helicopter-USB-Drive-1.jpg 800w, https:\/\/www.yousanusb.com\/wp-content\/uploads\/2025\/12\/Daohe-Red-Hawk-Helicopter-USB-Drive-1-300x300.jpg 300w, https:\/\/www.yousanusb.com\/wp-content\/uploads\/2025\/12\/Daohe-Red-Hawk-Helicopter-USB-Drive-1-150x150.jpg 150w, https:\/\/www.yousanusb.com\/wp-content\/uploads\/2025\/12\/Daohe-Red-Hawk-Helicopter-USB-Drive-1-768x768.jpg 768w, https:\/\/www.yousanusb.com\/wp-content\/uploads\/2025\/12\/Daohe-Red-Hawk-Helicopter-USB-Drive-1-12x12.jpg 12w, https:\/\/www.yousanusb.com\/wp-content\/uploads\/2025\/12\/Daohe-Red-Hawk-Helicopter-USB-Drive-1-600x600.jpg 600w, https:\/\/www.yousanusb.com\/wp-content\/uploads\/2025\/12\/Daohe-Red-Hawk-Helicopter-USB-Drive-1-100x100.jpg 100w\" sizes=\"(max-width: 800px) 100vw, 800px\" \/><\/figure>\n<\/div>\n\n\n\n<div class=\"wp-block-column is-layout-flow wp-block-column-is-layout-flow\">\n<figure class=\"wp-block-image size-full\"><img decoding=\"async\" width=\"800\" height=\"800\" src=\"https:\/\/www.yousanusb.com\/wp-content\/uploads\/2025\/12\/custom-Daohe-Red-Hawk-Helicopter-USB-Drive.jpg\" alt=\"\" class=\"wp-image-25015\" srcset=\"https:\/\/www.yousanusb.com\/wp-content\/uploads\/2025\/12\/custom-Daohe-Red-Hawk-Helicopter-USB-Drive.jpg 800w, https:\/\/www.yousanusb.com\/wp-content\/uploads\/2025\/12\/custom-Daohe-Red-Hawk-Helicopter-USB-Drive-300x300.jpg 300w, https:\/\/www.yousanusb.com\/wp-content\/uploads\/2025\/12\/custom-Daohe-Red-Hawk-Helicopter-USB-Drive-150x150.jpg 150w, https:\/\/www.yousanusb.com\/wp-content\/uploads\/2025\/12\/custom-Daohe-Red-Hawk-Helicopter-USB-Drive-768x768.jpg 768w, https:\/\/www.yousanusb.com\/wp-content\/uploads\/2025\/12\/custom-Daohe-Red-Hawk-Helicopter-USB-Drive-12x12.jpg 12w, https:\/\/www.yousanusb.com\/wp-content\/uploads\/2025\/12\/custom-Daohe-Red-Hawk-Helicopter-USB-Drive-600x600.jpg 600w, https:\/\/www.yousanusb.com\/wp-content\/uploads\/2025\/12\/custom-Daohe-Red-Hawk-Helicopter-USB-Drive-100x100.jpg 100w\" sizes=\"(max-width: 800px) 100vw, 800px\" \/><\/figure>\n<\/div>\n<\/div>\n\n\n\n<h2 class=\"wp-block-heading\">1. applications appropri\u00e9es pour cette cl\u00e9 USB :<\/h2>\n\n\n\n<ul class=\"wp-block-list\">\n<li>Manifestations de remerciement pour les clients de l'entreprise : Cadeaux pratiques et adapt\u00e9s \u00e0 l'industrie pour les partenaires des secteurs de l'aviation et de la logistique.<\/li>\n\n\n\n<li>Op\u00e9rateurs de l'aviation g\u00e9n\u00e9rale : Id\u00e9al comme cadeau pour les employ\u00e9s ou pour les visites de clients afin de renforcer l'identit\u00e9 de la marque dans le secteur de l'aviation ;<\/li>\n\n\n\n<li>Expositions industrielles sur le th\u00e8me de l'aviation : Distribu\u00e9s comme cadeaux promotionnels pour s'aligner sur les th\u00e8mes de l'\u00e9v\u00e9nement et am\u00e9liorer la visibilit\u00e9 du stand ;<\/li>\n<\/ul>\n\n\n\n<div class=\"wp-block-columns is-layout-flex wp-container-core-columns-is-layout-2 wp-block-columns-is-layout-flex\">\n<div class=\"wp-block-column is-layout-flow wp-block-column-is-layout-flow\">\n<figure class=\"wp-block-image size-full\"><img decoding=\"async\" width=\"800\" height=\"800\" src=\"https:\/\/www.yousanusb.com\/wp-content\/uploads\/2025\/12\/Red-Hawk-Helicopter-USB-Flash-Drive.jpg\" alt=\"\" class=\"wp-image-25017\" srcset=\"https:\/\/www.yousanusb.com\/wp-content\/uploads\/2025\/12\/Red-Hawk-Helicopter-USB-Flash-Drive.jpg 800w, https:\/\/www.yousanusb.com\/wp-content\/uploads\/2025\/12\/Red-Hawk-Helicopter-USB-Flash-Drive-300x300.jpg 300w, https:\/\/www.yousanusb.com\/wp-content\/uploads\/2025\/12\/Red-Hawk-Helicopter-USB-Flash-Drive-150x150.jpg 150w, https:\/\/www.yousanusb.com\/wp-content\/uploads\/2025\/12\/Red-Hawk-Helicopter-USB-Flash-Drive-768x768.jpg 768w, https:\/\/www.yousanusb.com\/wp-content\/uploads\/2025\/12\/Red-Hawk-Helicopter-USB-Flash-Drive-12x12.jpg 12w, https:\/\/www.yousanusb.com\/wp-content\/uploads\/2025\/12\/Red-Hawk-Helicopter-USB-Flash-Drive-600x600.jpg 600w, https:\/\/www.yousanusb.com\/wp-content\/uploads\/2025\/12\/Red-Hawk-Helicopter-USB-Flash-Drive-100x100.jpg 100w\" sizes=\"(max-width: 800px) 100vw, 800px\" \/><\/figure>\n<\/div>\n\n\n\n<div class=\"wp-block-column is-vertically-aligned-center is-layout-flow wp-block-column-is-layout-flow\">\n<h3 class=\"wp-block-heading\">2. Processus de distribution de la cl\u00e9 USB pour h\u00e9licopt\u00e8re de salon<\/h3>\n\n\n\n<p><strong>Booth Traffic Drive<\/strong>: Pr\u00e9senter des \u00e9chantillons USB et des affiches sur le th\u00e8me de l'aviation intitul\u00e9es\u00a0<em>\"Souvenirs d'aviation personnalis\u00e9s<\/em>\u00a0pour cibler les participants de l'industrie a\u00e9ronautique.<\/p>\n\n\n\n<p><strong>\u00c9tapes de la r\u00e9demption<\/strong>: Les clients scannent un code QR pour suivre notre WeChat officiel, puis enregistrent le nom de leur entreprise, leur personne de contact et leurs besoins. Pr\u00e9sentation de l'h\u00e9licopt\u00e8re DAOHE General Aviation USB :\u00a0<em>\"Cette cl\u00e9 USB contient notre manuel d'entretien.<\/em><\/p>\n\n\n\n<p><strong>Marque interactive<\/strong>: Inviter les clients \u00e0 ins\u00e9rer la cl\u00e9 USB dans les ordinateurs d'affichage. Expliquer bri\u00e8vement le lien entre le design de l'USB et DAOHE pour renforcer la reconnaissance de la marque.<\/p>\n\n\n\n<p><strong>Suivi post-spectacle<\/strong>: Dans les 24 heures, envoyer un SMS\/email \u00e0 toutes les personnes inscrites :\u00a0<em>\"L'h\u00e9licopt\u00e8re USB comprend un portail de demande de service d\u00e9di\u00e9. R\u00e9pondez \u00e0 'REQUEST' pour entrer en contact avec un sp\u00e9cialiste de l'entretien.<\/em>\u00a0afin de faire progresser les opportunit\u00e9s commerciales futures.<\/p>\n<\/div>\n<\/div>","protected":false},"excerpt":{"rendered":"<ul>\n<li>PVC caoutchouc souple<\/li>\n<li>Personnalisable en diff\u00e9rentes formes<\/li>\n<li>Avec des logos et des num\u00e9ros de fuselage exclusifs<\/li>\n<li>Options de capacit\u00e9 de 16 \u00e0 64 Go disponibles<\/li>\n<li>Possibilit\u00e9 de pr\u00e9charger le mat\u00e9riel promotionnel de l'entreprise<\/li>\n<li>MOQ:100pcs<\/li>\n<\/ul>","protected":false},"featured_media":25016,"comment_status":"open","ping_status":"closed","template":"","meta":{"_seopress_robots_primary_cat":"none","_seopress_titles_title":"","_seopress_titles_desc":"","_seopress_robots_index":""},"class_list":["post-25012","product","type-product","status-publish","has-post-thumbnail","hentry","product_cat-custom-usb-drive","product_tag-pvc-airplane-usb-flash-drive"],"_links":{"self":[{"href":"https:\/\/www.yousanusb.com\/fr\/wp-json\/wp\/v2\/product\/25012"}],"collection":[{"href":"https:\/\/www.yousanusb.com\/fr\/wp-json\/wp\/v2\/product"}],"about":[{"href":"https:\/\/www.yousanusb.com\/fr\/wp-json\/wp\/v2\/types\/product"}],"replies":[{"embeddable":true,"href":"https:\/\/www.yousanusb.com\/fr\/wp-json\/wp\/v2\/comments?post=25012"}],"wp:featuredmedia":[{"embeddable":true,"href":"https:\/\/www.yousanusb.com\/fr\/wp-json\/wp\/v2\/media\/25016"}],"wp:attachment":[{"href":"https:\/\/www.yousanusb.com\/fr\/wp-json\/wp\/v2\/media?parent=25012"}],"curies":[{"name":"wp","href":"https:\/\/api.w.org\/{rel}","templated":true}]}}