{"id":25020,"date":"2025-12-04T04:02:00","date_gmt":"2025-12-04T04:02:00","guid":{"rendered":"https:\/\/www.yousanusb.com\/?post_type=product&#038;p=25020"},"modified":"2025-12-27T02:24:06","modified_gmt":"2025-12-27T02:24:06","slug":"metal-airplane-usb-flash-drive","status":"publish","type":"product","link":"https:\/\/www.yousanusb.com\/fr\/produit\/metal-airplane-usb-flash-drive\/","title":{"rendered":"Cl\u00e9 USB avion en m\u00e9tal"},"content":{"rendered":"<div class=\"wp-block-columns is-layout-flex wp-container-core-columns-is-layout-1 wp-block-columns-is-layout-flex\">\n<div class=\"wp-block-column is-layout-flow wp-block-column-is-layout-flow\">\n<figure class=\"wp-block-image size-full\"><img fetchpriority=\"high\" decoding=\"async\" width=\"800\" height=\"800\" src=\"https:\/\/www.yousanusb.com\/wp-content\/uploads\/2025\/12\/metal-airplane-usb-drive-with-keychain.webp\" alt=\"\" class=\"wp-image-25000\" srcset=\"https:\/\/www.yousanusb.com\/wp-content\/uploads\/2025\/12\/metal-airplane-usb-drive-with-keychain.webp 800w, https:\/\/www.yousanusb.com\/wp-content\/uploads\/2025\/12\/metal-airplane-usb-drive-with-keychain-300x300.webp 300w, https:\/\/www.yousanusb.com\/wp-content\/uploads\/2025\/12\/metal-airplane-usb-drive-with-keychain-150x150.webp 150w, https:\/\/www.yousanusb.com\/wp-content\/uploads\/2025\/12\/metal-airplane-usb-drive-with-keychain-768x768.webp 768w, https:\/\/www.yousanusb.com\/wp-content\/uploads\/2025\/12\/metal-airplane-usb-drive-with-keychain-12x12.webp 12w, https:\/\/www.yousanusb.com\/wp-content\/uploads\/2025\/12\/metal-airplane-usb-drive-with-keychain-600x600.webp 600w, https:\/\/www.yousanusb.com\/wp-content\/uploads\/2025\/12\/metal-airplane-usb-drive-with-keychain-100x100.webp 100w\" sizes=\"(max-width: 800px) 100vw, 800px\" \/><\/figure>\n<\/div>\n\n\n\n<div class=\"wp-block-column is-vertically-aligned-center is-layout-flow wp-block-column-is-layout-flow\">\n<p>Cette cl\u00e9 USB en forme d'avion pr\u00e9sente des finitions m\u00e9talliques haut de gamme (argent, or, or rose) et des options de marquage exclusives (par exemple, l'a\u00e9roport international de Taipei). Elle est dot\u00e9e d'un porte-cl\u00e9s pour faciliter son transport, ce qui la rend id\u00e9ale pour mettre en valeur les marques de l'industrie a\u00e9ronautique.<\/p>\n\n\n\n<p>Avec des capacit\u00e9s de stockage de 16 \u00e0 64 Go et une compatibilit\u00e9 universelle avec les syst\u00e8mes Windows et Mac, il est parfait pour stocker le mat\u00e9riel promotionnel de l'entreprise, les manuels d'utilisation des produits, etc.<\/p>\n<\/div>\n<\/div>\n\n\n\n<h2 class=\"wp-block-heading\">Sc\u00e9narios appropri\u00e9s pour cette cl\u00e9 USB :<\/h2>\n\n\n\n<ol class=\"wp-block-list\">\n<li>Exploitants d'a\u00e9roports (par exemple, l'a\u00e9roport international de Taipei) : Comme souvenirs pour les passagers ou comme cadeaux pour les partenaires afin de renforcer l'image de marque de l'a\u00e9roport ;<\/li>\n\n\n\n<li>Entreprises de transport a\u00e9rien : Des cadeaux de n\u00e9gociation align\u00e9s sur les caract\u00e9ristiques de l'industrie pour am\u00e9liorer les impressions de partenariat ;<\/li>\n\n\n\n<li>Expositions sur le th\u00e8me de l'aviation : Des cadeaux d'exposition qui compl\u00e8tent les th\u00e8mes de l'\u00e9v\u00e9nement et renforcent la visibilit\u00e9 du stand ;<\/li>\n\n\n\n<li>Manifestations d'appr\u00e9ciation de la client\u00e8le d'entreprise pour les voyageurs d'affaires : Des cadeaux pratiques pour les grands voyageurs qui correspondent au positionnement haut de gamme des voyages d'affaires.<\/li>\n<\/ol>\n\n\n\n<div class=\"wp-block-columns is-layout-flex wp-container-core-columns-is-layout-2 wp-block-columns-is-layout-flex\">\n<div class=\"wp-block-column is-layout-flow wp-block-column-is-layout-flow\">\n<figure class=\"wp-block-image size-full\"><img decoding=\"async\" width=\"600\" height=\"600\" src=\"https:\/\/www.yousanusb.com\/wp-content\/uploads\/2025\/12\/custom-metal-airplane-usb-flash-drive.jpg\" alt=\"\" class=\"wp-image-25008\" srcset=\"https:\/\/www.yousanusb.com\/wp-content\/uploads\/2025\/12\/custom-metal-airplane-usb-flash-drive.jpg 600w, https:\/\/www.yousanusb.com\/wp-content\/uploads\/2025\/12\/custom-metal-airplane-usb-flash-drive-300x300.jpg 300w, https:\/\/www.yousanusb.com\/wp-content\/uploads\/2025\/12\/custom-metal-airplane-usb-flash-drive-150x150.jpg 150w, https:\/\/www.yousanusb.com\/wp-content\/uploads\/2025\/12\/custom-metal-airplane-usb-flash-drive-12x12.jpg 12w, https:\/\/www.yousanusb.com\/wp-content\/uploads\/2025\/12\/custom-metal-airplane-usb-flash-drive-100x100.jpg 100w\" sizes=\"(max-width: 600px) 100vw, 600px\" \/><\/figure>\n<\/div>\n\n\n\n<div class=\"wp-block-column is-layout-flow wp-block-column-is-layout-flow\">\n<figure class=\"wp-block-image size-full\"><img decoding=\"async\" width=\"800\" height=\"800\" src=\"https:\/\/www.yousanusb.com\/wp-content\/uploads\/2025\/12\/10350470196_11421336.png\" alt=\"\" class=\"wp-image-25025\" srcset=\"https:\/\/www.yousanusb.com\/wp-content\/uploads\/2025\/12\/10350470196_11421336.png 800w, https:\/\/www.yousanusb.com\/wp-content\/uploads\/2025\/12\/10350470196_11421336-300x300.png 300w, https:\/\/www.yousanusb.com\/wp-content\/uploads\/2025\/12\/10350470196_11421336-150x150.png 150w, https:\/\/www.yousanusb.com\/wp-content\/uploads\/2025\/12\/10350470196_11421336-768x768.png 768w, https:\/\/www.yousanusb.com\/wp-content\/uploads\/2025\/12\/10350470196_11421336-12x12.png 12w, https:\/\/www.yousanusb.com\/wp-content\/uploads\/2025\/12\/10350470196_11421336-600x600.png 600w, https:\/\/www.yousanusb.com\/wp-content\/uploads\/2025\/12\/10350470196_11421336-100x100.png 100w\" sizes=\"(max-width: 800px) 100vw, 800px\" \/><\/figure>\n<\/div>\n<\/div>\n\n\n\n<h2 class=\"wp-block-heading\">Comment cette cl\u00e9 USB peut-elle \u00e9tablir une connexion avec les utilisateurs ?<\/h2>\n\n\n\n<div class=\"wp-block-columns is-layout-flex wp-container-core-columns-is-layout-3 wp-block-columns-is-layout-flex\">\n<div class=\"wp-block-column is-layout-flow wp-block-column-is-layout-flow\">\n<figure class=\"wp-block-image size-full\"><img loading=\"lazy\" decoding=\"async\" width=\"600\" height=\"600\" src=\"https:\/\/www.yousanusb.com\/wp-content\/uploads\/2025\/12\/metal-airplane-usb-drive-factory.jpg\" alt=\"\" class=\"wp-image-25009\" srcset=\"https:\/\/www.yousanusb.com\/wp-content\/uploads\/2025\/12\/metal-airplane-usb-drive-factory.jpg 600w, https:\/\/www.yousanusb.com\/wp-content\/uploads\/2025\/12\/metal-airplane-usb-drive-factory-300x300.jpg 300w, https:\/\/www.yousanusb.com\/wp-content\/uploads\/2025\/12\/metal-airplane-usb-drive-factory-150x150.jpg 150w, https:\/\/www.yousanusb.com\/wp-content\/uploads\/2025\/12\/metal-airplane-usb-drive-factory-12x12.jpg 12w, https:\/\/www.yousanusb.com\/wp-content\/uploads\/2025\/12\/metal-airplane-usb-drive-factory-100x100.jpg 100w\" sizes=\"(max-width: 600px) 100vw, 600px\" \/><\/figure>\n<\/div>\n\n\n\n<div class=\"wp-block-column is-vertically-aligned-center is-layout-flow wp-block-column-is-layout-flow\">\n<p>Centr\u00e9 sur la \"cl\u00e9 USB de l'a\u00e9roport international de Taipei\", le processus de conception est divis\u00e9 en deux sc\u00e9narios : les souvenirs des passagers et les cadeaux des partenaires.<\/p>\n\n\n\n<p><strong>1. Souvenirs des passagers (Engager les voyageurs de passage)<\/strong><\/p>\n\n\n\n<p>Mettre en place des points de collecte de \"souvenirs exclusifs \u00e0 l'a\u00e9roport\" aux comptoirs d'enregistrement des vols internationaux et dans les salles de transit, en exposant des cl\u00e9s USB sur des supports d\u00e9di\u00e9s ;<\/p>\n\n\n\n<p>Processus de prise en charge : Les passagers pr\u00e9sentent leur carte d'embarquement pour le jour m\u00eame \u00e0 l'a\u00e9roport de Taipei, scannent le code QR pour suivre le compte WeChat officiel de l'a\u00e9roport, puis r\u00e9cup\u00e8rent la cl\u00e9 USB ; lors de la distribution, expliquer que \"la cl\u00e9 USB contient des plans de l'a\u00e9roport en haute d\u00e9finition et des guides de r\u00e9duction pour les magasins hors taxes\" ;<\/p>\n\n\n\n<p>Engagement profond : Guidez les passagers pour qu'ils ins\u00e8rent la cl\u00e9 USB afin de consulter les documents. Le compte officiel propose automatiquement des \"avantages exclusifs \u00e0 la cl\u00e9 USB (par exemple, l'acc\u00e8s rapide aux r\u00e9servations de s\u00e9curit\u00e9)\". Lorsque vous ferez la promotion de nouveaux services a\u00e9roportuaires via le compte officiel, associez-y la mention \"La cl\u00e9 USB de votre vol peut \u00eatre mise \u00e0 jour avec les derniers guides\" afin que les passagers se souviennent de la possibilit\u00e9 de r\u00e9utiliser la cl\u00e9 USB.<\/p>\n<\/div>\n<\/div>\n\n\n\n<div class=\"wp-block-columns is-layout-flex wp-container-core-columns-is-layout-4 wp-block-columns-is-layout-flex\">\n<div class=\"wp-block-column is-vertically-aligned-center is-layout-flow wp-block-column-is-layout-flow\">\n<p><strong>2. Cadeaux souvenirs des partenaires (engagement des voyageurs d'affaires)<\/strong><\/p>\n\n\n\n<p>Moment de la pr\u00e9sentation : Pr\u00e9sent\u00e9e en personne par le personnel de liaison imm\u00e9diatement apr\u00e8s la conclusion des n\u00e9gociations de partenariat entre l'a\u00e9roport, les compagnies a\u00e9riennes et les commer\u00e7ants.<\/p>\n\n\n\n<p>Contenu de la cl\u00e9 USB : Pr\u00e9charg\u00e9 avec les \u00e9tudes de cas du partenariat annuel de l'a\u00e9roport de Taipei et les manuels de ressources pour les nouveaux itin\u00e9raires.<\/p>\n\n\n\n<p>Engagement profond : Lors de la remise des cl\u00e9s, expliquez : \"Ce manuel d\u00e9taille les ressources du partenariat en rapport avec vos centres d'int\u00e9r\u00eat. Les prochaines mises \u00e0 jour vous seront envoy\u00e9es par courrier \u00e9lectronique\". Assurez un suivi dans les 24 heures en envoyant un courriel intitul\u00e9 \"Documentation suppl\u00e9mentaire sur le partenariat sur votre USB de vol\" pour r\u00e9pondre \u00e0 des besoins sp\u00e9cifiques.<\/p>\n<\/div>\n\n\n\n<div class=\"wp-block-column is-layout-flow wp-block-column-is-layout-flow\">\n<figure class=\"wp-block-image size-full\"><img loading=\"lazy\" decoding=\"async\" width=\"800\" height=\"800\" src=\"https:\/\/www.yousanusb.com\/wp-content\/uploads\/2025\/12\/custom-airplane-usb-flash-drive-manufacture.jpg\" alt=\"\" class=\"wp-image-25007\" srcset=\"https:\/\/www.yousanusb.com\/wp-content\/uploads\/2025\/12\/custom-airplane-usb-flash-drive-manufacture.jpg 800w, https:\/\/www.yousanusb.com\/wp-content\/uploads\/2025\/12\/custom-airplane-usb-flash-drive-manufacture-300x300.jpg 300w, https:\/\/www.yousanusb.com\/wp-content\/uploads\/2025\/12\/custom-airplane-usb-flash-drive-manufacture-150x150.jpg 150w, https:\/\/www.yousanusb.com\/wp-content\/uploads\/2025\/12\/custom-airplane-usb-flash-drive-manufacture-768x768.jpg 768w, https:\/\/www.yousanusb.com\/wp-content\/uploads\/2025\/12\/custom-airplane-usb-flash-drive-manufacture-12x12.jpg 12w, https:\/\/www.yousanusb.com\/wp-content\/uploads\/2025\/12\/custom-airplane-usb-flash-drive-manufacture-600x600.jpg 600w, https:\/\/www.yousanusb.com\/wp-content\/uploads\/2025\/12\/custom-airplane-usb-flash-drive-manufacture-100x100.jpg 100w\" sizes=\"(max-width: 800px) 100vw, 800px\" \/><\/figure>\n<\/div>\n<\/div>","protected":false},"excerpt":{"rendered":"<ul>\n<li>Logo d'entreprise personnalisable<\/li>\n<li>Couleurs personnalisables<\/li>\n<li>Options de capacit\u00e9 de 16 \u00e0 64 Go disponibles<\/li>\n<li>Compatible avec les syst\u00e8mes d'appareils courants<\/li>\n<li>MOQ:100pcs<\/li>\n<\/ul>","protected":false},"featured_media":25031,"comment_status":"open","ping_status":"closed","template":"","meta":{"_seopress_robots_primary_cat":"none","_seopress_titles_title":"","_seopress_titles_desc":"","_seopress_robots_index":""},"class_list":["post-25020","product","type-product","status-publish","has-post-thumbnail","hentry","product_cat-custom-usb-drive","product_cat-metal-usb-flash-drive","product_tag-pvc-airplane-usb-flash-drive"],"_links":{"self":[{"href":"https:\/\/www.yousanusb.com\/fr\/wp-json\/wp\/v2\/product\/25020"}],"collection":[{"href":"https:\/\/www.yousanusb.com\/fr\/wp-json\/wp\/v2\/product"}],"about":[{"href":"https:\/\/www.yousanusb.com\/fr\/wp-json\/wp\/v2\/types\/product"}],"replies":[{"embeddable":true,"href":"https:\/\/www.yousanusb.com\/fr\/wp-json\/wp\/v2\/comments?post=25020"}],"wp:featuredmedia":[{"embeddable":true,"href":"https:\/\/www.yousanusb.com\/fr\/wp-json\/wp\/v2\/media\/25031"}],"wp:attachment":[{"href":"https:\/\/www.yousanusb.com\/fr\/wp-json\/wp\/v2\/media?parent=25020"}],"curies":[{"name":"wp","href":"https:\/\/api.w.org\/{rel}","templated":true}]}}