{"id":25049,"date":"2025-12-04T13:58:53","date_gmt":"2025-12-04T13:58:53","guid":{"rendered":"https:\/\/www.yousanusb.com\/?post_type=product&#038;p=25049"},"modified":"2025-12-27T02:20:45","modified_gmt":"2025-12-27T02:20:45","slug":"custom-pvc-airplane-3d-soft-rubber-usb-flash-drive","status":"publish","type":"product","link":"https:\/\/www.yousanusb.com\/fr\/produit\/custom-pvc-airplane-3d-soft-rubber-usb-flash-drive\/","title":{"rendered":"Cl\u00e9 USB personnalis\u00e9e en PVC avion 3D caoutchouc souple"},"content":{"rendered":"<p>Cette cl\u00e9 USB pr\u00e9sente un design d'avion inspir\u00e9 de l'alliance a\u00e9rienne oneworld, se positionnant comme un outil de stockage distinctif au sein de l'industrie.<\/p>\n\n\n\n<div class=\"wp-block-columns is-layout-flex wp-container-core-columns-is-layout-1 wp-block-columns-is-layout-flex\">\n<div class=\"wp-block-column is-layout-flow wp-block-column-is-layout-flow\">\n<figure class=\"wp-block-image size-full\"><img fetchpriority=\"high\" decoding=\"async\" width=\"800\" height=\"800\" src=\"https:\/\/www.yousanusb.com\/wp-content\/uploads\/2025\/12\/airplane-flash-drive.jpg\" alt=\"\" class=\"wp-image-25052\" srcset=\"https:\/\/www.yousanusb.com\/wp-content\/uploads\/2025\/12\/airplane-flash-drive.jpg 800w, https:\/\/www.yousanusb.com\/wp-content\/uploads\/2025\/12\/airplane-flash-drive-300x300.jpg 300w, https:\/\/www.yousanusb.com\/wp-content\/uploads\/2025\/12\/airplane-flash-drive-150x150.jpg 150w, https:\/\/www.yousanusb.com\/wp-content\/uploads\/2025\/12\/airplane-flash-drive-768x768.jpg 768w, https:\/\/www.yousanusb.com\/wp-content\/uploads\/2025\/12\/airplane-flash-drive-12x12.jpg 12w, https:\/\/www.yousanusb.com\/wp-content\/uploads\/2025\/12\/airplane-flash-drive-600x600.jpg 600w, https:\/\/www.yousanusb.com\/wp-content\/uploads\/2025\/12\/airplane-flash-drive-100x100.jpg 100w\" sizes=\"(max-width: 800px) 100vw, 800px\" \/><\/figure>\n<\/div>\n\n\n\n<div class=\"wp-block-column is-vertically-aligned-center is-layout-flow wp-block-column-is-layout-flow\">\n<p>Le design de cette cl\u00e9 USB s'inspire des logos des ailerons des compagnies a\u00e9riennes membres telles que British Airways et Malaysia Airlines. Chaque mod\u00e8le conserve l'identit\u00e9 du fuselage de la compagnie a\u00e9rienne tout en incorporant le logo de l'alliance Oneworld, offrant ainsi des options de marquage polyvalentes qui m\u00e9langent harmonieusement les th\u00e8mes de l'industrie a\u00e9ronautique avec un design ax\u00e9 sur le marketing.<\/p>\n\n\n\n<p>Fabriqu\u00e9 \u00e0 partir d'un mat\u00e9riau composite en PVC souple durable offrant une excellente r\u00e9sistance \u00e0 l'abrasion, il offre une capacit\u00e9 de stockage de 16 \u00e0 64 Go et une compatibilit\u00e9 totale avec la plupart des syst\u00e8mes d'exploitation pour une v\u00e9ritable fonctionnalit\u00e9 \"plug-and-play\". Le contenu pr\u00e9charg\u00e9 personnalisable - y compris les manuels de service des compagnies a\u00e9riennes, les informations sur les itin\u00e9raires et les documents sp\u00e9cifiques \u00e0 une marque - renforce sa valeur pratique pour les utilisateurs.<\/p>\n<\/div>\n<\/div>\n\n\n\n<div class=\"wp-block-columns is-layout-flex wp-container-core-columns-is-layout-2 wp-block-columns-is-layout-flex\">\n<div class=\"wp-block-column is-vertically-aligned-center is-layout-flow wp-block-column-is-layout-flow\">\n<h2 class=\"wp-block-heading\">Cette cl\u00e9 USB convient aux sc\u00e9narios suivants :<\/h2>\n\n\n\n<ol class=\"wp-block-list\">\n<li>Compagnies a\u00e9riennes membres de l'alliance Oneworld : En tant qu'avantages pour les employ\u00e9s ou cadeaux pour les voyageurs fr\u00e9quents afin de renforcer la reconnaissance de la marque de l'alliance ;<\/li>\n\n\n\n<li>Entreprises de services a\u00e9ronautiques : Des cadeaux de n\u00e9gociation commerciale qui s'alignent sur l'industrie a\u00e9ronautique et renforcent la pertinence du partenariat ;<\/li>\n\n\n\n<li>Expositions sur le th\u00e8me de l'aviation : Des cadeaux d'exposition qui compl\u00e8tent le th\u00e8me de l'\u00e9v\u00e9nement et renforcent la visibilit\u00e9 du stand ;<\/li>\n\n\n\n<li>Manifestations d'appr\u00e9ciation des clients des compagnies a\u00e9riennes : Distribu\u00e9 aux voyageurs haut de gamme pour r\u00e9pondre \u00e0 des besoins pratiques pendant les voyages en avion.<\/li>\n<\/ol>\n<\/div>\n\n\n\n<div class=\"wp-block-column is-layout-flow wp-block-column-is-layout-flow\">\n<figure class=\"wp-block-image size-full\"><img decoding=\"async\" width=\"800\" height=\"800\" src=\"https:\/\/www.yousanusb.com\/wp-content\/uploads\/2025\/12\/custom-PVC-airplane-usb-flash-drive.jpg\" alt=\"\" class=\"wp-image-25055\" srcset=\"https:\/\/www.yousanusb.com\/wp-content\/uploads\/2025\/12\/custom-PVC-airplane-usb-flash-drive.jpg 800w, https:\/\/www.yousanusb.com\/wp-content\/uploads\/2025\/12\/custom-PVC-airplane-usb-flash-drive-300x300.jpg 300w, https:\/\/www.yousanusb.com\/wp-content\/uploads\/2025\/12\/custom-PVC-airplane-usb-flash-drive-150x150.jpg 150w, https:\/\/www.yousanusb.com\/wp-content\/uploads\/2025\/12\/custom-PVC-airplane-usb-flash-drive-768x768.jpg 768w, https:\/\/www.yousanusb.com\/wp-content\/uploads\/2025\/12\/custom-PVC-airplane-usb-flash-drive-12x12.jpg 12w, https:\/\/www.yousanusb.com\/wp-content\/uploads\/2025\/12\/custom-PVC-airplane-usb-flash-drive-600x600.jpg 600w, https:\/\/www.yousanusb.com\/wp-content\/uploads\/2025\/12\/custom-PVC-airplane-usb-flash-drive-100x100.jpg 100w\" sizes=\"(max-width: 800px) 100vw, 800px\" \/><\/figure>\n<\/div>\n<\/div>\n\n\n\n<h2 class=\"wp-block-heading\">Processus de conception pour les compagnies a\u00e9riennes membres de l'alliance Oneworld en tant qu'avantages pour les employ\u00e9s ou cadeaux pour les grands voyageurs :<\/h2>\n\n\n\n<div class=\"wp-block-columns is-layout-flex wp-container-core-columns-is-layout-3 wp-block-columns-is-layout-flex\">\n<div class=\"wp-block-column is-vertically-aligned-center is-layout-flow wp-block-column-is-layout-flow\">\n<h3 class=\"wp-block-heading\">1. Programme d'avantages sociaux de la compagnie a\u00e9rienne Alliance<\/h3>\n\n\n\n<p><strong>Calendrier de distribution<\/strong>: Orientation des employ\u00e9s, anniversaires des op\u00e9rations des compagnies a\u00e9riennes et c\u00e9r\u00e9monies de remise de prix aux employ\u00e9s.<\/p>\n\n\n\n<p><strong>Processus de r\u00e9clamation<\/strong>: Les employ\u00e9s s'inscrivent via le syst\u00e8me RH de la compagnie a\u00e9rienne. Lors de la distribution, chaque cl\u00e9 USB est \u00e9tiquet\u00e9e afin d'indiquer qu'elle contient le guide des avantages pour les employ\u00e9s de Oneworld Alliance Cross-Airline, y compris les r\u00e9ductions sur les billets internes et l'acc\u00e8s aux salons.<\/p>\n\n\n\n<p><strong>Valeur permanente<\/strong>: Les employ\u00e9s utilisent l'USB pour acc\u00e9der aux avantages, les nouvelles mises \u00e0 jour de l'alliance \u00e9tant r\u00e9guli\u00e8rement t\u00e9l\u00e9charg\u00e9es dans un dossier d\u00e9di\u00e9 via le syst\u00e8me interne OA. L'USB devient ainsi une ressource permanente pour les privil\u00e8ges de l'alliance, ce qui renforce le sentiment d'appartenance des employ\u00e9s \u00e0 la marque de l'alliance.<\/p>\n<\/div>\n\n\n\n<div class=\"wp-block-column is-layout-flow wp-block-column-is-layout-flow\">\n<figure class=\"wp-block-image size-full\"><img decoding=\"async\" width=\"800\" height=\"800\" src=\"https:\/\/www.yousanusb.com\/wp-content\/uploads\/2025\/12\/British-Airways-airplane-USB-flash-drive-1.jpeg\" alt=\"\" class=\"wp-image-25054\" srcset=\"https:\/\/www.yousanusb.com\/wp-content\/uploads\/2025\/12\/British-Airways-airplane-USB-flash-drive-1.jpeg 800w, https:\/\/www.yousanusb.com\/wp-content\/uploads\/2025\/12\/British-Airways-airplane-USB-flash-drive-1-300x300.jpeg 300w, https:\/\/www.yousanusb.com\/wp-content\/uploads\/2025\/12\/British-Airways-airplane-USB-flash-drive-1-150x150.jpeg 150w, https:\/\/www.yousanusb.com\/wp-content\/uploads\/2025\/12\/British-Airways-airplane-USB-flash-drive-1-768x768.jpeg 768w, https:\/\/www.yousanusb.com\/wp-content\/uploads\/2025\/12\/British-Airways-airplane-USB-flash-drive-1-12x12.jpeg 12w, https:\/\/www.yousanusb.com\/wp-content\/uploads\/2025\/12\/British-Airways-airplane-USB-flash-drive-1-600x600.jpeg 600w, https:\/\/www.yousanusb.com\/wp-content\/uploads\/2025\/12\/British-Airways-airplane-USB-flash-drive-1-100x100.jpeg 100w\" sizes=\"(max-width: 800px) 100vw, 800px\" \/><\/figure>\n<\/div>\n<\/div>\n\n\n\n<div class=\"wp-block-columns is-layout-flex wp-container-core-columns-is-layout-4 wp-block-columns-is-layout-flex\">\n<div class=\"wp-block-column is-layout-flow wp-block-column-is-layout-flow\">\n<figure class=\"wp-block-image size-full\"><img fetchpriority=\"high\" decoding=\"async\" width=\"800\" height=\"800\" src=\"https:\/\/www.yousanusb.com\/wp-content\/uploads\/2025\/12\/airplane-flash-drive.jpg\" alt=\"\" class=\"wp-image-25052\" srcset=\"https:\/\/www.yousanusb.com\/wp-content\/uploads\/2025\/12\/airplane-flash-drive.jpg 800w, https:\/\/www.yousanusb.com\/wp-content\/uploads\/2025\/12\/airplane-flash-drive-300x300.jpg 300w, https:\/\/www.yousanusb.com\/wp-content\/uploads\/2025\/12\/airplane-flash-drive-150x150.jpg 150w, https:\/\/www.yousanusb.com\/wp-content\/uploads\/2025\/12\/airplane-flash-drive-768x768.jpg 768w, https:\/\/www.yousanusb.com\/wp-content\/uploads\/2025\/12\/airplane-flash-drive-12x12.jpg 12w, https:\/\/www.yousanusb.com\/wp-content\/uploads\/2025\/12\/airplane-flash-drive-600x600.jpg 600w, https:\/\/www.yousanusb.com\/wp-content\/uploads\/2025\/12\/airplane-flash-drive-100x100.jpg 100w\" sizes=\"(max-width: 800px) 100vw, 800px\" \/><\/figure>\n<\/div>\n\n\n\n<div class=\"wp-block-column is-vertically-aligned-center is-layout-flow wp-block-column-is-layout-flow\">\n<h3 class=\"wp-block-heading\">Cadeau pour les membres de l'Alliance Elite : Cl\u00e9 USB<\/h3>\n\n\n\n<p><strong>Distribution<\/strong>:<\/p>\n\n\n\n<p>Pour les membres de l'\u00e9lite de la classe affaires ou de la premi\u00e8re classe, aux comptoirs de service de l'a\u00e9roport, lorsqu'ils atteignent les seuils de miles du programme (par exemple, le statut de la Silver Card).<\/p>\n<\/div>\n<\/div>\n\n\n\n<p><strong>Processus de rachat<\/strong>:<\/p>\n\n\n\n<ol class=\"wp-block-list\">\n<li>Les membres v\u00e9rifient leur statut d'\u00e9lite pour recevoir l'USB.<\/li>\n\n\n\n<li>Le personnel explique :&nbsp;<em>\"Cette cl\u00e9 USB est pr\u00e9charg\u00e9e avec des r\u00e9ductions inter-compagnies Oneworld et un acc\u00e8s aux salons internationaux.<\/em><\/li>\n\n\n\n<li>Guidez les membres pour qu'ils scannent un code QR afin de lier leur adh\u00e9sion et d'opter pour des mises \u00e0 jour sur les r\u00e9ductions de vols par SMS.<\/li>\n<\/ol>\n\n\n\n<p>L'USB est ainsi plus pratique pour acc\u00e9der aux avantages de l'alliance, ce qui renforce la fid\u00e9lit\u00e9 des membres.<\/p>","protected":false},"excerpt":{"rendered":"<ul>\n<li>design et logo sur le th\u00e8me de la compagnie a\u00e9rienne neworld<\/li>\n<li>Caoutchouc souple en PVC, r\u00e9sistant aux chocs<\/li>\n<li>Styles de s\u00e9ries multi-compagnies<\/li>\n<li>Options de capacit\u00e9 de 16 \u00e0 64 Go<\/li>\n<li>Compatible avec les syst\u00e8mes d'appareils courants<\/li>\n<li>Pr\u00e9-chargeable avec des mat\u00e9riaux exclusifs aux compagnies a\u00e9riennes<\/li>\n<li>MOQ:100pcs<\/li>\n<\/ul>","protected":false},"featured_media":25053,"comment_status":"open","ping_status":"closed","template":"","meta":{"_seopress_robots_primary_cat":"none","_seopress_titles_title":"","_seopress_titles_desc":"","_seopress_robots_index":""},"class_list":["post-25049","product","type-product","status-publish","has-post-thumbnail","hentry","product_cat-custom-usb-drive","product_tag-pvc-airplane-usb-flash-drive"],"_links":{"self":[{"href":"https:\/\/www.yousanusb.com\/fr\/wp-json\/wp\/v2\/product\/25049"}],"collection":[{"href":"https:\/\/www.yousanusb.com\/fr\/wp-json\/wp\/v2\/product"}],"about":[{"href":"https:\/\/www.yousanusb.com\/fr\/wp-json\/wp\/v2\/types\/product"}],"replies":[{"embeddable":true,"href":"https:\/\/www.yousanusb.com\/fr\/wp-json\/wp\/v2\/comments?post=25049"}],"wp:featuredmedia":[{"embeddable":true,"href":"https:\/\/www.yousanusb.com\/fr\/wp-json\/wp\/v2\/media\/25053"}],"wp:attachment":[{"href":"https:\/\/www.yousanusb.com\/fr\/wp-json\/wp\/v2\/media?parent=25049"}],"curies":[{"name":"wp","href":"https:\/\/api.w.org\/{rel}","templated":true}]}}