{"id":25056,"date":"2025-12-06T02:50:22","date_gmt":"2025-12-06T02:50:22","guid":{"rendered":"https:\/\/www.yousanusb.com\/?post_type=product&#038;p=25056"},"modified":"2025-12-27T02:09:58","modified_gmt":"2025-12-27T02:09:58","slug":"high-speed-rail-usb-flash-drive","status":"publish","type":"product","link":"https:\/\/www.yousanusb.com\/fr\/produit\/high-speed-rail-usb-flash-drive\/","title":{"rendered":"Cl\u00e9 USB pour trains \u00e0 grande vitesse"},"content":{"rendered":"<p>La cl\u00e9 USB repr\u00e9sente le design du train \u00e0 grande vitesse de Fuxing dans sa conception actuelle. Il s'agit d'une version miniaturis\u00e9e et l\u00e9g\u00e8re du mod\u00e8le original. La cl\u00e9 USB fonctionne \u00e9galement comme une cl\u00e9 USB ordinaire.<\/p>\n\n\n\n<div class=\"wp-block-columns is-layout-flex wp-container-core-columns-is-layout-1 wp-block-columns-is-layout-flex\">\n<div class=\"wp-block-column is-layout-flow wp-block-column-is-layout-flow\">\n<figure class=\"wp-block-image size-full\"><img fetchpriority=\"high\" decoding=\"async\" width=\"800\" height=\"800\" src=\"https:\/\/www.yousanusb.com\/wp-content\/uploads\/2025\/12\/High-Speed-Rail-USB-Flash-Drive.jpg\" alt=\"\" class=\"wp-image-25061\" srcset=\"https:\/\/www.yousanusb.com\/wp-content\/uploads\/2025\/12\/High-Speed-Rail-USB-Flash-Drive.jpg 800w, https:\/\/www.yousanusb.com\/wp-content\/uploads\/2025\/12\/High-Speed-Rail-USB-Flash-Drive-300x300.jpg 300w, https:\/\/www.yousanusb.com\/wp-content\/uploads\/2025\/12\/High-Speed-Rail-USB-Flash-Drive-150x150.jpg 150w, https:\/\/www.yousanusb.com\/wp-content\/uploads\/2025\/12\/High-Speed-Rail-USB-Flash-Drive-768x768.jpg 768w, https:\/\/www.yousanusb.com\/wp-content\/uploads\/2025\/12\/High-Speed-Rail-USB-Flash-Drive-12x12.jpg 12w, https:\/\/www.yousanusb.com\/wp-content\/uploads\/2025\/12\/High-Speed-Rail-USB-Flash-Drive-600x600.jpg 600w, https:\/\/www.yousanusb.com\/wp-content\/uploads\/2025\/12\/High-Speed-Rail-USB-Flash-Drive-100x100.jpg 100w\" sizes=\"(max-width: 800px) 100vw, 800px\" \/><\/figure>\n<\/div>\n\n\n\n<div class=\"wp-block-column is-vertically-aligned-center is-layout-flow wp-block-column-is-layout-flow\">\n<h2 class=\"wp-block-heading\">En tant que cadeau, ses principaux sc\u00e9narios d'application sont les suivants :<\/h2>\n\n\n\n<ul class=\"wp-block-list\">\n<li><strong>Entit\u00e9s ferroviaires et de transport en commun<\/strong>: Les bureaux des chemins de fer et les fabricants de mat\u00e9riel de transport ferroviaire peuvent utiliser ces articles comme cadeaux de bienvenue pour leurs employ\u00e9s et comme marque d'appr\u00e9ciation pour leurs clients.<\/li>\n\n\n\n<li><strong>Expositions sur les transports<\/strong>: Id\u00e9al comme cadeau pour les exposants lors d'\u00e9v\u00e9nements tels que l'International Rail Transit Exhibition et l'Urban Transport Construction Expo.<\/li>\n\n\n\n<li><strong>Cadeaux d'entreprise<\/strong>: G\u00e9n\u00e9ralement propos\u00e9 par les entreprises de logistique, de fabrication et d'autres secteurs li\u00e9s au transport \u00e0 l'issue de n\u00e9gociations commerciales.<\/li>\n\n\n\n<li><strong>Transport sur le campus \u00c9ducation<\/strong>: Ils servent de souvenirs pour les programmes de sensibilisation aux trains \u00e0 grande vitesse destin\u00e9s aux \u00e9tudiants en sciences et aux \u00e9tudes sur le terrain dans le domaine des transports pour les \u00e9l\u00e8ves de la maternelle \u00e0 la 12e ann\u00e9e, afin d'am\u00e9liorer la compr\u00e9hension des syst\u00e8mes ferroviaires.<\/li>\n<\/ul>\n<\/div>\n<\/div>\n\n\n\n<h2 class=\"wp-block-heading\">L'exemple du processus de distribution des cl\u00e9s USB lors des salons de l'industrie du transport<\/h2>\n\n\n\n<div class=\"wp-block-columns is-layout-flex wp-container-core-columns-is-layout-2 wp-block-columns-is-layout-flex\">\n<div class=\"wp-block-column is-vertically-aligned-center is-layout-flow wp-block-column-is-layout-flow\">\n<h2 class=\"wp-block-heading\">1\u3001<strong>Processus d'engagement des kiosques pour les cl\u00e9s USB destin\u00e9es aux trains \u00e0 grande vitesse<\/strong><\/h2>\n\n\n\n<p><br><strong>Suivi final<\/strong>: Lors de la remise de la cl\u00e9 USB et de la carte de visite, ajoutez :\u00a0<em>\"Pour une collaboration sur les produits ou des questions techniques, n'h\u00e9sitez pas \u00e0 nous contacter \u00e0 tout moment - nos sp\u00e9cialistes d\u00e9vou\u00e9s vous r\u00e9pondront dans les 24 heures\".<\/em><br><\/p>\n\n\n\n<p><strong>Configuration de la zone<\/strong>: D\u00e9signer une \"zone de collecte de souvenirs \u00e0 th\u00e8me\" sur le stand, en exposant des \u00e9chantillons de cl\u00e9s USB de trains \u00e0 grande vitesse et des panneaux indiquant :\u00a0<em>\"Enl\u00e8vement gratuit : Des cl\u00e9s USB personnalis\u00e9es \u00e0 l'effigie du transport ferroviaire\"<\/em>.<\/p>\n\n\n\n<p><strong>R\u00e9ponse \u00e0 la demande du client<\/strong>: Lorsque les visiteurs posent des questions sur la promotion, expliquez bri\u00e8vement ce qu'il en est :\u00a0<em>\"Cette cl\u00e9 USB personnalis\u00e9e pour le transport ferroviaire \u00e0 grande vitesse est pr\u00e9charg\u00e9e avec nos manuels de produits et nos \u00e9tudes de cas, offrant \u00e0 la fois une utilit\u00e9 pratique et une valeur comm\u00e9morative pour l'industrie.<\/em><\/p>\n\n\n\n<p><strong>Guide d'enregistrement<\/strong>: Guidez les visiteurs \u00e0 travers un enregistrement rapide (nom, entreprise, informations de contact) avec cette explication :\u00a0<em>\"Remplissez le formulaire d'inscription pour obtenir votre cl\u00e9 USB, et nous vous enverrons un dossier exclusif sur l'exposition pour vous permettre de vous y r\u00e9f\u00e9rer.<\/em><\/p>\n<\/div>\n\n\n\n<div class=\"wp-block-column is-layout-flow wp-block-column-is-layout-flow\">\n<figure class=\"wp-block-image size-full\"><img decoding=\"async\" width=\"800\" height=\"800\" src=\"https:\/\/www.yousanusb.com\/wp-content\/uploads\/2025\/12\/custom-rail-usb-flash-drive.jpg\" alt=\"\" class=\"wp-image-25060\" srcset=\"https:\/\/www.yousanusb.com\/wp-content\/uploads\/2025\/12\/custom-rail-usb-flash-drive.jpg 800w, https:\/\/www.yousanusb.com\/wp-content\/uploads\/2025\/12\/custom-rail-usb-flash-drive-300x300.jpg 300w, https:\/\/www.yousanusb.com\/wp-content\/uploads\/2025\/12\/custom-rail-usb-flash-drive-150x150.jpg 150w, https:\/\/www.yousanusb.com\/wp-content\/uploads\/2025\/12\/custom-rail-usb-flash-drive-768x768.jpg 768w, https:\/\/www.yousanusb.com\/wp-content\/uploads\/2025\/12\/custom-rail-usb-flash-drive-12x12.jpg 12w, https:\/\/www.yousanusb.com\/wp-content\/uploads\/2025\/12\/custom-rail-usb-flash-drive-600x600.jpg 600w, https:\/\/www.yousanusb.com\/wp-content\/uploads\/2025\/12\/custom-rail-usb-flash-drive-100x100.jpg 100w\" sizes=\"(max-width: 800px) 100vw, 800px\" \/><\/figure>\n<\/div>\n<\/div>\n\n\n\n<div class=\"wp-block-columns is-layout-flex wp-container-core-columns-is-layout-3 wp-block-columns-is-layout-flex\">\n<div class=\"wp-block-column is-layout-flow wp-block-column-is-layout-flow\">\n<figure class=\"wp-block-image size-full\"><img decoding=\"async\" width=\"800\" height=\"800\" src=\"https:\/\/www.yousanusb.com\/wp-content\/uploads\/2025\/12\/cool-train-usb-flash-drive.jpg\" alt=\"\" class=\"wp-image-25059\" srcset=\"https:\/\/www.yousanusb.com\/wp-content\/uploads\/2025\/12\/cool-train-usb-flash-drive.jpg 800w, https:\/\/www.yousanusb.com\/wp-content\/uploads\/2025\/12\/cool-train-usb-flash-drive-300x300.jpg 300w, https:\/\/www.yousanusb.com\/wp-content\/uploads\/2025\/12\/cool-train-usb-flash-drive-150x150.jpg 150w, https:\/\/www.yousanusb.com\/wp-content\/uploads\/2025\/12\/cool-train-usb-flash-drive-768x768.jpg 768w, https:\/\/www.yousanusb.com\/wp-content\/uploads\/2025\/12\/cool-train-usb-flash-drive-12x12.jpg 12w, https:\/\/www.yousanusb.com\/wp-content\/uploads\/2025\/12\/cool-train-usb-flash-drive-600x600.jpg 600w, https:\/\/www.yousanusb.com\/wp-content\/uploads\/2025\/12\/cool-train-usb-flash-drive-100x100.jpg 100w\" sizes=\"(max-width: 800px) 100vw, 800px\" \/><\/figure>\n<\/div>\n\n\n\n<div class=\"wp-block-column is-vertically-aligned-center is-layout-flow wp-block-column-is-layout-flow\">\n<h2 class=\"wp-block-heading\">2\u3001Strat\u00e9gie de suivi apr\u00e8s l'\u00e9v\u00e9nement<\/h2>\n\n\n\n<p><strong>Engagement \u00e0 long terme<\/strong>: Inviter les clients \u00e0 rejoindre les groupes de discussion de l'industrie, o\u00f9 nous partageons r\u00e9guli\u00e8rement des mises \u00e0 jour sur le transport ferroviaire et des informations sur les nouveaux produits afin de maintenir des liens continus.<\/p>\n\n\n\n<p><strong>Suivi automatis\u00e9 24 heures sur 24<\/strong>: Envoyer un SMS\/email \u00e0 tous les clients enregistr\u00e9s :<em>\"Merci d'avoir particip\u00e9 \u00e0 l'exposition XX. Votre cl\u00e9 USB pour le transport ferroviaire \u00e0 grande vitesse a \u00e9t\u00e9 livr\u00e9e, et vous trouverez ci-joint votre dossier de ressources personnalis\u00e9es. N'h\u00e9sitez pas \u00e0 nous contacter pour plus de d\u00e9tails sur la collaboration.\"<\/em><\/p>\n\n\n\n<p><strong>Suivi cibl\u00e9 sur 3 jours<\/strong>: Appeler les principaux clients (par exemple, les op\u00e9rateurs de transport ferroviaire, les acheteurs d'\u00e9quipement) pour leur demander :<em>\"La cl\u00e9 USB pour train \u00e0 grande vitesse que vous avez re\u00e7ue a-t-elle r\u00e9pondu \u00e0 vos attentes ? Souhaitez-vous une pr\u00e9sentation d\u00e9taill\u00e9e de notre produit\/solution XX ?\"<\/em><\/p>\n<\/div>\n<\/div>","protected":false},"excerpt":{"rendered":"<ul>\n<li>Conception th\u00e9matique du train \u00e0 grande vitesse<\/li>\n<li>Transfert de donn\u00e9es rapide<\/li>\n<li>Compact et portable<\/li>\n<li>Prise en charge de la personnalisation de l'entreprise<\/li>\n<li>Compatibilit\u00e9 multi-sc\u00e9narios<\/li>\n<li>MOQ:100pcs<\/li>\n<\/ul>","protected":false},"featured_media":25063,"comment_status":"open","ping_status":"closed","template":"","meta":{"_seopress_robots_primary_cat":"none","_seopress_titles_title":"","_seopress_titles_desc":"","_seopress_robots_index":""},"class_list":["post-25056","product","type-product","status-publish","has-post-thumbnail","hentry","product_cat-custom-usb-drive","product_tag-pvc-airplane-usb-flash-drive"],"_links":{"self":[{"href":"https:\/\/www.yousanusb.com\/fr\/wp-json\/wp\/v2\/product\/25056"}],"collection":[{"href":"https:\/\/www.yousanusb.com\/fr\/wp-json\/wp\/v2\/product"}],"about":[{"href":"https:\/\/www.yousanusb.com\/fr\/wp-json\/wp\/v2\/types\/product"}],"replies":[{"embeddable":true,"href":"https:\/\/www.yousanusb.com\/fr\/wp-json\/wp\/v2\/comments?post=25056"}],"wp:featuredmedia":[{"embeddable":true,"href":"https:\/\/www.yousanusb.com\/fr\/wp-json\/wp\/v2\/media\/25063"}],"wp:attachment":[{"href":"https:\/\/www.yousanusb.com\/fr\/wp-json\/wp\/v2\/media?parent=25056"}],"curies":[{"name":"wp","href":"https:\/\/api.w.org\/{rel}","templated":true}]}}