{"id":25076,"date":"2025-12-06T14:29:12","date_gmt":"2025-12-06T14:29:12","guid":{"rendered":"https:\/\/www.yousanusb.com\/?post_type=product&#038;p=25076"},"modified":"2025-12-27T02:06:28","modified_gmt":"2025-12-27T02:06:28","slug":"english-letter-shaped-usb-flash-drive","status":"publish","type":"product","link":"https:\/\/www.yousanusb.com\/fr\/produit\/english-letter-shaped-usb-flash-drive\/","title":{"rendered":"Cl\u00e9 USB en forme de lettre anglaise"},"content":{"rendered":"<p>Des cl\u00e9s USB con\u00e7ues d'apr\u00e8s des caract\u00e8res de la langue anglaise ! Ces cl\u00e9s USB sont constitu\u00e9es de lettres en 3D qui repr\u00e9sentent des mots uniques (par exemple, CUSTOM ou le nom d'une personne). Bien qu'elles soient g\u00e9n\u00e9ralement con\u00e7ues pour \u00eatre utilis\u00e9es comme porte-cl\u00e9s, elles comprennent \u00e9galement des motifs animaliers amusants et des options d\u00e9coratives telles que des ic\u00f4nes.<\/p>\n\n\n\n<div class=\"wp-block-columns is-layout-flex wp-container-core-columns-is-layout-1 wp-block-columns-is-layout-flex\">\n<div class=\"wp-block-column is-layout-flow wp-block-column-is-layout-flow\">\n<figure class=\"wp-block-image size-full\"><img fetchpriority=\"high\" decoding=\"async\" width=\"800\" height=\"800\" src=\"https:\/\/www.yousanusb.com\/wp-content\/uploads\/2025\/12\/English-Letter-Shaped-USB-Flash-Drive.jpg\" alt=\"\" class=\"wp-image-25082\" srcset=\"https:\/\/www.yousanusb.com\/wp-content\/uploads\/2025\/12\/English-Letter-Shaped-USB-Flash-Drive.jpg 800w, https:\/\/www.yousanusb.com\/wp-content\/uploads\/2025\/12\/English-Letter-Shaped-USB-Flash-Drive-300x300.jpg 300w, https:\/\/www.yousanusb.com\/wp-content\/uploads\/2025\/12\/English-Letter-Shaped-USB-Flash-Drive-150x150.jpg 150w, https:\/\/www.yousanusb.com\/wp-content\/uploads\/2025\/12\/English-Letter-Shaped-USB-Flash-Drive-768x768.jpg 768w, https:\/\/www.yousanusb.com\/wp-content\/uploads\/2025\/12\/English-Letter-Shaped-USB-Flash-Drive-12x12.jpg 12w, https:\/\/www.yousanusb.com\/wp-content\/uploads\/2025\/12\/English-Letter-Shaped-USB-Flash-Drive-600x600.jpg 600w, https:\/\/www.yousanusb.com\/wp-content\/uploads\/2025\/12\/English-Letter-Shaped-USB-Flash-Drive-100x100.jpg 100w\" sizes=\"(max-width: 800px) 100vw, 800px\" \/><\/figure>\n<\/div>\n\n\n\n<div class=\"wp-block-column is-vertically-aligned-center is-layout-flow wp-block-column-is-layout-flow\">\n<p>Petites et portables, elles ne sont pas seulement des dispositifs de stockage utiles - ce sont aussi de petits accessoires uniques ! Quand utiliser ces cl\u00e9s usb letter ? Exemple : La marque de mat\u00e9riel intelligent LIGHT LIFE a lanc\u00e9 un nouveau produit intitul\u00e9 \"Light &amp; Trendy Life\".<\/p>\n<\/div>\n<\/div>\n\n\n\n<p><br><br>Pour les m\u00e9dias technologiques et les partenaires de distribution pr\u00e9sents, ils ont personnalis\u00e9 des disques en forme de lettre U \u00e9pelant le slogan de leur marque \"LIGHT LIFE\". - D\u00e9tails de la personnalisation : Les disques U ont utilis\u00e9 les couleurs principales de la marque (bleu clair + blanc) pour les lettres en 3D \u00e9pelant \"LIGHT LIFE\". Chaque disque \u00e9tait pr\u00e9charg\u00e9 avec des vid\u00e9os de d\u00e9ballage, des fiches techniques d\u00e9taill\u00e9es et des politiques exclusives de coop\u00e9ration au lancement pour les partenaires.<\/p>\n\n\n\n<div class=\"wp-block-columns is-layout-flex wp-container-core-columns-is-layout-2 wp-block-columns-is-layout-flex\">\n<div class=\"wp-block-column is-layout-flow wp-block-column-is-layout-flow\">\n<figure class=\"wp-block-image size-full\"><img decoding=\"async\" width=\"800\" height=\"800\" src=\"https:\/\/www.yousanusb.com\/wp-content\/uploads\/2025\/12\/Custom-Letter-USB-Drive.jpg\" alt=\"\" class=\"wp-image-25081\" srcset=\"https:\/\/www.yousanusb.com\/wp-content\/uploads\/2025\/12\/Custom-Letter-USB-Drive.jpg 800w, https:\/\/www.yousanusb.com\/wp-content\/uploads\/2025\/12\/Custom-Letter-USB-Drive-300x300.jpg 300w, https:\/\/www.yousanusb.com\/wp-content\/uploads\/2025\/12\/Custom-Letter-USB-Drive-150x150.jpg 150w, https:\/\/www.yousanusb.com\/wp-content\/uploads\/2025\/12\/Custom-Letter-USB-Drive-768x768.jpg 768w, https:\/\/www.yousanusb.com\/wp-content\/uploads\/2025\/12\/Custom-Letter-USB-Drive-12x12.jpg 12w, https:\/\/www.yousanusb.com\/wp-content\/uploads\/2025\/12\/Custom-Letter-USB-Drive-600x600.jpg 600w, https:\/\/www.yousanusb.com\/wp-content\/uploads\/2025\/12\/Custom-Letter-USB-Drive-100x100.jpg 100w\" sizes=\"(max-width: 800px) 100vw, 800px\" \/><\/figure>\n<\/div>\n\n\n\n<div class=\"wp-block-column is-layout-flow wp-block-column-is-layout-flow\">\n<figure class=\"wp-block-image size-full\"><img decoding=\"async\" width=\"800\" height=\"800\" src=\"https:\/\/www.yousanusb.com\/wp-content\/uploads\/2025\/12\/Alphabet-shaped-USB-Stick.jpg\" alt=\"\" class=\"wp-image-25079\" srcset=\"https:\/\/www.yousanusb.com\/wp-content\/uploads\/2025\/12\/Alphabet-shaped-USB-Stick.jpg 800w, https:\/\/www.yousanusb.com\/wp-content\/uploads\/2025\/12\/Alphabet-shaped-USB-Stick-300x300.jpg 300w, https:\/\/www.yousanusb.com\/wp-content\/uploads\/2025\/12\/Alphabet-shaped-USB-Stick-150x150.jpg 150w, https:\/\/www.yousanusb.com\/wp-content\/uploads\/2025\/12\/Alphabet-shaped-USB-Stick-768x768.jpg 768w, https:\/\/www.yousanusb.com\/wp-content\/uploads\/2025\/12\/Alphabet-shaped-USB-Stick-12x12.jpg 12w, https:\/\/www.yousanusb.com\/wp-content\/uploads\/2025\/12\/Alphabet-shaped-USB-Stick-600x600.jpg 600w, https:\/\/www.yousanusb.com\/wp-content\/uploads\/2025\/12\/Alphabet-shaped-USB-Stick-100x100.jpg 100w\" sizes=\"(max-width: 800px) 100vw, 800px\" \/><\/figure>\n<\/div>\n<\/div>\n\n\n\n<ul class=\"wp-block-list\">\n<li><strong>Utilisation sur place : <\/strong>Remis comme souvenirs lors de l'enregistrement. L'h\u00f4te a \u00e9galement mentionn\u00e9 lors de la session interactive : Cette \"cl\u00e9 USB\" contient toutes les informations sur les nouveaux produits. Elle est tr\u00e8s pratique pour r\u00e9diger des commentaires ou collaborer plus tard !<\/li>\n\n\n\n<li><strong>Valeur :<\/strong> Les m\u00e9dias peuvent utiliser directement les documents officiels contenus dans la cl\u00e9 USB pour r\u00e9diger leurs articles. Les partenaires transportent la cl\u00e9 usb dans leurs communications quotidiennes, montrant naturellement le slogan de la marque \u00e0 leurs pairs - c'est comme une exposition mobile de la marque !<\/li>\n<\/ul>\n\n\n\n<p><\/p>","protected":false},"excerpt":{"rendered":"<ul>\n<li>En forme de lettre anglaise<\/li>\n<li>Cl\u00e9 USB<\/li>\n<li>Mati\u00e8re PVC<\/li>\n<li>Csutom a fait<\/li>\n<li>MOQ:100pcs<\/li>\n<\/ul>","protected":false},"featured_media":25082,"comment_status":"open","ping_status":"closed","template":"","meta":{"_seopress_robots_primary_cat":"none","_seopress_titles_title":"English Letter Shaped USB Flash Drive","_seopress_titles_desc":"Custom usb flash drive shaped like English letters! They\u2019re made of colorful 3D letters that spell words (like \"CUSTOM\" or a personal name). Most have a keychain design, plus cute icons or animal decorations.","_seopress_robots_index":""},"class_list":["post-25076","product","type-product","status-publish","has-post-thumbnail","hentry","product_cat-custom-usb-drive"],"_links":{"self":[{"href":"https:\/\/www.yousanusb.com\/fr\/wp-json\/wp\/v2\/product\/25076"}],"collection":[{"href":"https:\/\/www.yousanusb.com\/fr\/wp-json\/wp\/v2\/product"}],"about":[{"href":"https:\/\/www.yousanusb.com\/fr\/wp-json\/wp\/v2\/types\/product"}],"replies":[{"embeddable":true,"href":"https:\/\/www.yousanusb.com\/fr\/wp-json\/wp\/v2\/comments?post=25076"}],"wp:featuredmedia":[{"embeddable":true,"href":"https:\/\/www.yousanusb.com\/fr\/wp-json\/wp\/v2\/media\/25082"}],"wp:attachment":[{"href":"https:\/\/www.yousanusb.com\/fr\/wp-json\/wp\/v2\/media?parent=25076"}],"curies":[{"name":"wp","href":"https:\/\/api.w.org\/{rel}","templated":true}]}}