{"id":25089,"date":"2025-12-06T14:53:54","date_gmt":"2025-12-06T14:53:54","guid":{"rendered":"https:\/\/www.yousanusb.com\/?post_type=product&#038;p=25089"},"modified":"2025-12-27T02:01:33","modified_gmt":"2025-12-27T02:01:33","slug":"fighter-jet-usb-flash-drive","status":"publish","type":"product","link":"https:\/\/www.yousanusb.com\/fr\/produit\/fighter-jet-usb-flash-drive\/","title":{"rendered":"Cl\u00e9 USB en forme d'avion de chasse"},"content":{"rendered":"<p>Cette cl\u00e9 USB Fighter Jet est con\u00e7ue pour reproduire la silhouette \u00e9l\u00e9gante d'un avion de chasse, disponible en trois couleurs dynamiques : bleu, vert et noir. Elle est fabriqu\u00e9e \u00e0 partir de 100%, des mat\u00e9riaux synth\u00e9tiques souples, durables et recyclables, respectueux de l'environnement.<\/p>\n\n\n\n<p>Reproduisant fid\u00e8lement les contours et les marques d'ailes de l'avion de chasse, il offre une capacit\u00e9 de stockage impressionnante allant de 4 Go \u00e0 128 Go, soit un espace suffisant pour stocker toute une biblioth\u00e8que musicale et bien plus encore. Avec ses options de couleur personnalisables, ce disque allie harmonieusement attrait visuel, fonctionnalit\u00e9 pratique et design ludique, pour une d\u00e9claration audacieuse de la part des utilisateurs.<\/p>\n\n\n\n<div class=\"wp-block-columns is-layout-flex wp-container-core-columns-is-layout-1 wp-block-columns-is-layout-flex\">\n<div class=\"wp-block-column is-layout-flow wp-block-column-is-layout-flow\">\n<figure class=\"wp-block-image size-full\"><img fetchpriority=\"high\" decoding=\"async\" width=\"800\" height=\"800\" src=\"https:\/\/www.yousanusb.com\/wp-content\/uploads\/2025\/12\/Combat-Jet-USB.jpg\" alt=\"Cl\u00e9 USB Combat Jet\" class=\"wp-image-25092\" srcset=\"https:\/\/www.yousanusb.com\/wp-content\/uploads\/2025\/12\/Combat-Jet-USB.jpg 800w, https:\/\/www.yousanusb.com\/wp-content\/uploads\/2025\/12\/Combat-Jet-USB-300x300.jpg 300w, https:\/\/www.yousanusb.com\/wp-content\/uploads\/2025\/12\/Combat-Jet-USB-150x150.jpg 150w, https:\/\/www.yousanusb.com\/wp-content\/uploads\/2025\/12\/Combat-Jet-USB-768x768.jpg 768w, https:\/\/www.yousanusb.com\/wp-content\/uploads\/2025\/12\/Combat-Jet-USB-12x12.jpg 12w, https:\/\/www.yousanusb.com\/wp-content\/uploads\/2025\/12\/Combat-Jet-USB-600x600.jpg 600w, https:\/\/www.yousanusb.com\/wp-content\/uploads\/2025\/12\/Combat-Jet-USB-100x100.jpg 100w\" sizes=\"(max-width: 800px) 100vw, 800px\" \/><\/figure>\n<\/div>\n\n\n\n<div class=\"wp-block-column is-vertically-aligned-center is-layout-flow wp-block-column-is-layout-flow\">\n<p>Permet la personnalisation. Chaque produit individuel peut \u00eatre personnalis\u00e9 pour inclure le logo d'une entreprise, un texte promotionnel et\/ou un graphisme unique sur chaque unit\u00e9.<\/p>\n\n\n\n<p>Les couleurs et les capacit\u00e9s de stockage sont personnalisables en fonction des besoins du client et permettent de traiter efficacement des commandes de 12 \u00e0 plus de 3 000 unit\u00e9s.<\/p>\n<\/div>\n<\/div>\n\n\n\n<p><\/p>\n\n\n\n<p><strong>Cadeau promotionnel pour les salons professionnels de l'industrie technique\/militaire<\/strong><\/p>\n\n\n\n<p>Le design de l'avion de chasse attire l'attention lors de tout \u00e9v\u00e9nement o\u00f9 il est distribu\u00e9 comme cadeau d'enregistrement aux participants, ce qui permet d'augmenter la fr\u00e9quentation des stands. Les cl\u00e9s USB portant le logo suscitent des conversations, facilitent le travail quotidien dans un bureau et peuvent \u00eatre utilis\u00e9es pour le stockage et le transfert de fichiers. Elles font \u00e9galement office de \"panneaux d'affichage mobiles\" et offrent une visibilit\u00e9 bien sup\u00e9rieure \u00e0 celle d'une carte de visite ou d'un prospectus.<\/p>\n\n\n\n<div class=\"wp-block-columns is-layout-flex wp-container-core-columns-is-layout-2 wp-block-columns-is-layout-flex\">\n<div class=\"wp-block-column is-layout-flow wp-block-column-is-layout-flow\">\n<figure class=\"wp-block-image size-full\"><img decoding=\"async\" width=\"800\" height=\"800\" src=\"https:\/\/www.yousanusb.com\/wp-content\/uploads\/2025\/12\/Warplane-USB-Flash-Drive.jpg\" alt=\"\" class=\"wp-image-25094\" srcset=\"https:\/\/www.yousanusb.com\/wp-content\/uploads\/2025\/12\/Warplane-USB-Flash-Drive.jpg 800w, https:\/\/www.yousanusb.com\/wp-content\/uploads\/2025\/12\/Warplane-USB-Flash-Drive-300x300.jpg 300w, https:\/\/www.yousanusb.com\/wp-content\/uploads\/2025\/12\/Warplane-USB-Flash-Drive-150x150.jpg 150w, https:\/\/www.yousanusb.com\/wp-content\/uploads\/2025\/12\/Warplane-USB-Flash-Drive-768x768.jpg 768w, https:\/\/www.yousanusb.com\/wp-content\/uploads\/2025\/12\/Warplane-USB-Flash-Drive-12x12.jpg 12w, https:\/\/www.yousanusb.com\/wp-content\/uploads\/2025\/12\/Warplane-USB-Flash-Drive-600x600.jpg 600w, https:\/\/www.yousanusb.com\/wp-content\/uploads\/2025\/12\/Warplane-USB-Flash-Drive-100x100.jpg 100w\" sizes=\"(max-width: 800px) 100vw, 800px\" \/><\/figure>\n<\/div>\n\n\n\n<div class=\"wp-block-column is-layout-flow wp-block-column-is-layout-flow\">\n<figure class=\"wp-block-image size-full\"><img decoding=\"async\" width=\"800\" height=\"800\" src=\"https:\/\/www.yousanusb.com\/wp-content\/uploads\/2025\/12\/Fighter-Jet-shaped-USB-Flash-Drive.jpg\" alt=\"\" class=\"wp-image-25093\" srcset=\"https:\/\/www.yousanusb.com\/wp-content\/uploads\/2025\/12\/Fighter-Jet-shaped-USB-Flash-Drive.jpg 800w, https:\/\/www.yousanusb.com\/wp-content\/uploads\/2025\/12\/Fighter-Jet-shaped-USB-Flash-Drive-300x300.jpg 300w, https:\/\/www.yousanusb.com\/wp-content\/uploads\/2025\/12\/Fighter-Jet-shaped-USB-Flash-Drive-150x150.jpg 150w, https:\/\/www.yousanusb.com\/wp-content\/uploads\/2025\/12\/Fighter-Jet-shaped-USB-Flash-Drive-768x768.jpg 768w, https:\/\/www.yousanusb.com\/wp-content\/uploads\/2025\/12\/Fighter-Jet-shaped-USB-Flash-Drive-12x12.jpg 12w, https:\/\/www.yousanusb.com\/wp-content\/uploads\/2025\/12\/Fighter-Jet-shaped-USB-Flash-Drive-600x600.jpg 600w, https:\/\/www.yousanusb.com\/wp-content\/uploads\/2025\/12\/Fighter-Jet-shaped-USB-Flash-Drive-100x100.jpg 100w\" sizes=\"(max-width: 800px) 100vw, 800px\" \/><\/figure>\n<\/div>\n<\/div>\n\n\n\n<p><strong>Cadeaux pour des \u00e9v\u00e9nements sur le th\u00e8me de l'arm\u00e9e<\/strong><\/p>\n\n\n\n<p>Les cl\u00e9s USB en forme d'avion de chasse personnalis\u00e9es en vrac sont id\u00e9ales pour les anniversaires des clubs militaires et les conf\u00e9rences sur la d\u00e9fense nationale dans les campus, car elles s'inscrivent parfaitement dans les th\u00e8mes de l'\u00e9v\u00e9nement. Fabriqu\u00e9es en caoutchouc souple durable et r\u00e9sistant aux chocs, ces cl\u00e9s sont tr\u00e8s pratiques tout en renfor\u00e7ant la fid\u00e9lit\u00e9 \u00e0 la marque ou \u00e0 l'\u00e9v\u00e9nement gr\u00e2ce aux logos personnalis\u00e9s grav\u00e9s sur l'ext\u00e9rieur. Cela en fait le choix ultime pour un cadeau m\u00e9morable et pourtant tr\u00e8s pratique.<\/p>","protected":false},"excerpt":{"rendered":"<ul>\n<li>Cl\u00e9 USB en forme d'avion de chasse<\/li>\n<li>Cl\u00e9 USB Warplane<\/li>\n<li>Cl\u00e9 USB Combat Jet<\/li>\n<li>Imprim\u00e9 personnalis\u00e9 Fighter Jet USB<\/li>\n<li>Sur mesure<\/li>\n<\/ul>","protected":false},"featured_media":25092,"comment_status":"open","ping_status":"closed","template":"","meta":{"_seopress_robots_primary_cat":"none","_seopress_titles_title":"Custom Printed Fighter Jet USB","_seopress_titles_desc":"A creative USB drive modeled after sleek fighter jets, Available in blue, green, and black to capture the fighter jet aesthetic, crafted from flexible, durable, eco-friendly soft rubber.","_seopress_robots_index":""},"class_list":["post-25089","product","type-product","status-publish","has-post-thumbnail","hentry","product_cat-custom-usb-drive","product_tag-pvc-airplane-usb-flash-drive"],"_links":{"self":[{"href":"https:\/\/www.yousanusb.com\/fr\/wp-json\/wp\/v2\/product\/25089"}],"collection":[{"href":"https:\/\/www.yousanusb.com\/fr\/wp-json\/wp\/v2\/product"}],"about":[{"href":"https:\/\/www.yousanusb.com\/fr\/wp-json\/wp\/v2\/types\/product"}],"replies":[{"embeddable":true,"href":"https:\/\/www.yousanusb.com\/fr\/wp-json\/wp\/v2\/comments?post=25089"}],"wp:featuredmedia":[{"embeddable":true,"href":"https:\/\/www.yousanusb.com\/fr\/wp-json\/wp\/v2\/media\/25092"}],"wp:attachment":[{"href":"https:\/\/www.yousanusb.com\/fr\/wp-json\/wp\/v2\/media?parent=25089"}],"curies":[{"name":"wp","href":"https:\/\/api.w.org\/{rel}","templated":true}]}}