{"id":25095,"date":"2025-12-07T02:18:07","date_gmt":"2025-12-07T02:18:07","guid":{"rendered":"https:\/\/www.yousanusb.com\/?post_type=product&#038;p=25095"},"modified":"2025-12-27T01:58:35","modified_gmt":"2025-12-27T01:58:35","slug":"corn-shaped-usb-flash-drive","status":"publish","type":"product","link":"https:\/\/www.yousanusb.com\/fr\/produit\/corn-shaped-usb-flash-drive\/","title":{"rendered":"Cl\u00e9 USB en forme de ma\u00efs"},"content":{"rendered":"<p>Cette cl\u00e9 USB en forme de ma\u00efs est m\u00e9ticuleusement fabriqu\u00e9e pour imiter le vrai ma\u00efs, avec un corps en caoutchouc souple PVC jaune vibrant et une texture quadrill\u00e9e distinctive repr\u00e9sentant les grains individuels. Elle est accompagn\u00e9e d'une astucieuse housse vert \u00e9meraude qui s'adapte parfaitement \u00e0 la cl\u00e9 en forme de ma\u00efs. <\/p>\n\n\n\n<p>L'enveloppe et le corps de l'USB sont enti\u00e8rement interchangeables : il suffit de d\u00e9tacher la puce USB pour l'utiliser, puis de rattacher l'enveloppe lorsqu'elle n'est pas utilis\u00e9e pour prot\u00e9ger le port et restaurer la forme compl\u00e8te du ma\u00efs.<\/p>\n\n\n\n<div class=\"wp-block-columns is-layout-flex wp-container-core-columns-is-layout-1 wp-block-columns-is-layout-flex\">\n<div class=\"wp-block-column is-layout-flow wp-block-column-is-layout-flow\">\n<figure class=\"wp-block-image size-full\"><img fetchpriority=\"high\" decoding=\"async\" width=\"800\" height=\"800\" src=\"https:\/\/www.yousanusb.com\/wp-content\/uploads\/2025\/12\/Silicone-corn-USB-flash-drive.jpg\" alt=\"\" class=\"wp-image-25105\" srcset=\"https:\/\/www.yousanusb.com\/wp-content\/uploads\/2025\/12\/Silicone-corn-USB-flash-drive.jpg 800w, https:\/\/www.yousanusb.com\/wp-content\/uploads\/2025\/12\/Silicone-corn-USB-flash-drive-300x300.jpg 300w, https:\/\/www.yousanusb.com\/wp-content\/uploads\/2025\/12\/Silicone-corn-USB-flash-drive-150x150.jpg 150w, https:\/\/www.yousanusb.com\/wp-content\/uploads\/2025\/12\/Silicone-corn-USB-flash-drive-768x768.jpg 768w, https:\/\/www.yousanusb.com\/wp-content\/uploads\/2025\/12\/Silicone-corn-USB-flash-drive-12x12.jpg 12w, https:\/\/www.yousanusb.com\/wp-content\/uploads\/2025\/12\/Silicone-corn-USB-flash-drive-600x600.jpg 600w, https:\/\/www.yousanusb.com\/wp-content\/uploads\/2025\/12\/Silicone-corn-USB-flash-drive-100x100.jpg 100w\" sizes=\"(max-width: 800px) 100vw, 800px\" \/><\/figure>\n<\/div>\n\n\n\n<div class=\"wp-block-column is-layout-flow wp-block-column-is-layout-flow\">\n<figure class=\"wp-block-image size-full\"><img decoding=\"async\" width=\"800\" height=\"800\" src=\"https:\/\/www.yousanusb.com\/wp-content\/uploads\/2025\/12\/Mini-corn-shaped-USB-flash-drive.jpg\" alt=\"\" class=\"wp-image-25103\" srcset=\"https:\/\/www.yousanusb.com\/wp-content\/uploads\/2025\/12\/Mini-corn-shaped-USB-flash-drive.jpg 800w, https:\/\/www.yousanusb.com\/wp-content\/uploads\/2025\/12\/Mini-corn-shaped-USB-flash-drive-300x300.jpg 300w, https:\/\/www.yousanusb.com\/wp-content\/uploads\/2025\/12\/Mini-corn-shaped-USB-flash-drive-150x150.jpg 150w, https:\/\/www.yousanusb.com\/wp-content\/uploads\/2025\/12\/Mini-corn-shaped-USB-flash-drive-768x768.jpg 768w, https:\/\/www.yousanusb.com\/wp-content\/uploads\/2025\/12\/Mini-corn-shaped-USB-flash-drive-12x12.jpg 12w, https:\/\/www.yousanusb.com\/wp-content\/uploads\/2025\/12\/Mini-corn-shaped-USB-flash-drive-600x600.jpg 600w, https:\/\/www.yousanusb.com\/wp-content\/uploads\/2025\/12\/Mini-corn-shaped-USB-flash-drive-100x100.jpg 100w\" sizes=\"(max-width: 800px) 100vw, 800px\" \/><\/figure>\n<\/div>\n<\/div>\n\n\n\n<p><strong>Offre de marque pour un restaurant sur le th\u00e8me du ma\u00efs<\/strong><\/p>\n\n\n\n<p>Id\u00e9al pour les cha\u00eenes de restaurants proposant des produits \u00e0 base de ma\u00efs (par exemple, jus de ma\u00efs, hamburgers de ma\u00efs) pour une personnalisation en masse : Pr\u00e9chargez la cl\u00e9 USB avec les nouveaux produits du menu, les promotions des membres, les guides de commande en ligne, etc. Distribuez-les comme cadeaux \u00e0 l'achat ou comme souvenirs de l'inauguration. Son design s'aligne fortement sur les produits de base, transmettant le message de la marque tout en renfor\u00e7ant l'affinit\u00e9 avec le client gr\u00e2ce \u00e0 son aspect charmant.<\/p>\n\n\n\n<div class=\"wp-block-columns is-layout-flex wp-container-core-columns-is-layout-2 wp-block-columns-is-layout-flex\">\n<div class=\"wp-block-column is-layout-flow wp-block-column-is-layout-flow\">\n<figure class=\"wp-block-image size-full\"><img decoding=\"async\" width=\"800\" height=\"800\" src=\"https:\/\/www.yousanusb.com\/wp-content\/uploads\/2025\/12\/Corn-shaped-USB-flash-drive.jpg\" alt=\"\" class=\"wp-image-25100\" srcset=\"https:\/\/www.yousanusb.com\/wp-content\/uploads\/2025\/12\/Corn-shaped-USB-flash-drive.jpg 800w, https:\/\/www.yousanusb.com\/wp-content\/uploads\/2025\/12\/Corn-shaped-USB-flash-drive-300x300.jpg 300w, https:\/\/www.yousanusb.com\/wp-content\/uploads\/2025\/12\/Corn-shaped-USB-flash-drive-150x150.jpg 150w, https:\/\/www.yousanusb.com\/wp-content\/uploads\/2025\/12\/Corn-shaped-USB-flash-drive-768x768.jpg 768w, https:\/\/www.yousanusb.com\/wp-content\/uploads\/2025\/12\/Corn-shaped-USB-flash-drive-12x12.jpg 12w, https:\/\/www.yousanusb.com\/wp-content\/uploads\/2025\/12\/Corn-shaped-USB-flash-drive-600x600.jpg 600w, https:\/\/www.yousanusb.com\/wp-content\/uploads\/2025\/12\/Corn-shaped-USB-flash-drive-100x100.jpg 100w\" sizes=\"(max-width: 800px) 100vw, 800px\" \/><\/figure>\n<\/div>\n\n\n\n<div class=\"wp-block-column is-layout-flow wp-block-column-is-layout-flow\">\n<figure class=\"wp-block-image size-full\"><img loading=\"lazy\" decoding=\"async\" width=\"800\" height=\"800\" src=\"https:\/\/www.yousanusb.com\/wp-content\/uploads\/2025\/12\/Cute-corn-shaped-thumb-drive.jpg\" alt=\"\" class=\"wp-image-25102\" srcset=\"https:\/\/www.yousanusb.com\/wp-content\/uploads\/2025\/12\/Cute-corn-shaped-thumb-drive.jpg 800w, https:\/\/www.yousanusb.com\/wp-content\/uploads\/2025\/12\/Cute-corn-shaped-thumb-drive-300x300.jpg 300w, https:\/\/www.yousanusb.com\/wp-content\/uploads\/2025\/12\/Cute-corn-shaped-thumb-drive-150x150.jpg 150w, https:\/\/www.yousanusb.com\/wp-content\/uploads\/2025\/12\/Cute-corn-shaped-thumb-drive-768x768.jpg 768w, https:\/\/www.yousanusb.com\/wp-content\/uploads\/2025\/12\/Cute-corn-shaped-thumb-drive-12x12.jpg 12w, https:\/\/www.yousanusb.com\/wp-content\/uploads\/2025\/12\/Cute-corn-shaped-thumb-drive-600x600.jpg 600w, https:\/\/www.yousanusb.com\/wp-content\/uploads\/2025\/12\/Cute-corn-shaped-thumb-drive-100x100.jpg 100w\" sizes=\"(max-width: 800px) 100vw, 800px\" \/><\/figure>\n<\/div>\n<\/div>\n\n\n\n<p><strong>Exposition de semences de ma\u00efs et de produits agricoles Cadeaux<\/strong><br>Compilez des guides de culture, des pr\u00e9sentations promotionnelles et des \u00e9tudes de cas de partenariats r\u00e9ussis pour vos vari\u00e9t\u00e9s de ma\u00efs, puis pr\u00e9chargez-les sur des cl\u00e9s USB portant votre marque. Ces cl\u00e9s \u00e0 logo sont distribu\u00e9es gratuitement aux clients lors du salon. En accord avec le th\u00e8me du ma\u00efs et de l'industrie agricole, elles transmettent efficacement le message de votre marque et laissent une impression durable sur les destinataires apr\u00e8s l'\u00e9v\u00e9nement.<\/p>\n\n\n\n<div class=\"wp-block-columns is-layout-flex wp-container-core-columns-is-layout-3 wp-block-columns-is-layout-flex\">\n<div class=\"wp-block-column is-layout-flow wp-block-column-is-layout-flow\">\n<figure class=\"wp-block-image size-full\"><img loading=\"lazy\" decoding=\"async\" width=\"800\" height=\"800\" src=\"https:\/\/www.yousanusb.com\/wp-content\/uploads\/2025\/12\/Corn-patterned-USB-memory-drive.jpg\" alt=\"\" class=\"wp-image-25099\" srcset=\"https:\/\/www.yousanusb.com\/wp-content\/uploads\/2025\/12\/Corn-patterned-USB-memory-drive.jpg 800w, https:\/\/www.yousanusb.com\/wp-content\/uploads\/2025\/12\/Corn-patterned-USB-memory-drive-300x300.jpg 300w, https:\/\/www.yousanusb.com\/wp-content\/uploads\/2025\/12\/Corn-patterned-USB-memory-drive-150x150.jpg 150w, https:\/\/www.yousanusb.com\/wp-content\/uploads\/2025\/12\/Corn-patterned-USB-memory-drive-768x768.jpg 768w, https:\/\/www.yousanusb.com\/wp-content\/uploads\/2025\/12\/Corn-patterned-USB-memory-drive-12x12.jpg 12w, https:\/\/www.yousanusb.com\/wp-content\/uploads\/2025\/12\/Corn-patterned-USB-memory-drive-600x600.jpg 600w, https:\/\/www.yousanusb.com\/wp-content\/uploads\/2025\/12\/Corn-patterned-USB-memory-drive-100x100.jpg 100w\" sizes=\"(max-width: 800px) 100vw, 800px\" \/><\/figure>\n<\/div>\n\n\n\n<div class=\"wp-block-column is-layout-flow wp-block-column-is-layout-flow\">\n<figure class=\"wp-block-image size-full\"><img loading=\"lazy\" decoding=\"async\" width=\"800\" height=\"800\" src=\"https:\/\/www.yousanusb.com\/wp-content\/uploads\/2025\/12\/Corn-themed-USB-drive.jpg\" alt=\"\" class=\"wp-image-25101\" srcset=\"https:\/\/www.yousanusb.com\/wp-content\/uploads\/2025\/12\/Corn-themed-USB-drive.jpg 800w, https:\/\/www.yousanusb.com\/wp-content\/uploads\/2025\/12\/Corn-themed-USB-drive-300x300.jpg 300w, https:\/\/www.yousanusb.com\/wp-content\/uploads\/2025\/12\/Corn-themed-USB-drive-150x150.jpg 150w, https:\/\/www.yousanusb.com\/wp-content\/uploads\/2025\/12\/Corn-themed-USB-drive-768x768.jpg 768w, https:\/\/www.yousanusb.com\/wp-content\/uploads\/2025\/12\/Corn-themed-USB-drive-12x12.jpg 12w, https:\/\/www.yousanusb.com\/wp-content\/uploads\/2025\/12\/Corn-themed-USB-drive-600x600.jpg 600w, https:\/\/www.yousanusb.com\/wp-content\/uploads\/2025\/12\/Corn-themed-USB-drive-100x100.jpg 100w\" sizes=\"(max-width: 800px) 100vw, 800px\" \/><\/figure>\n<\/div>\n<\/div>\n\n\n\n<p><\/p>","protected":false},"excerpt":{"rendered":"<ul>\n<li>mat\u00e9riau pvc<\/li>\n<li>cl\u00e9 USB en forme de ma\u00efs<\/li>\n<li>couleur jaune et verte<\/li>\n<li>logo personnalis\u00e9<\/li>\n<li>MOQ:100pcs<\/li>\n<\/ul>","protected":false},"featured_media":25103,"comment_status":"open","ping_status":"closed","template":"","meta":{"_seopress_robots_primary_cat":"none","_seopress_titles_title":"Corn-shaped USB flash drive","_seopress_titles_desc":"This corn-shaped USB drive features a realistic design centered around a fresh corn cob: its main body is crafted from vibrant yellow PVC soft rubber, replicating the distinctive grid pattern of corn kernels.","_seopress_robots_index":""},"class_list":["post-25095","product","type-product","status-publish","has-post-thumbnail","hentry","product_cat-custom-usb-drive","product_tag-vegetables-usb-flash-drive"],"_links":{"self":[{"href":"https:\/\/www.yousanusb.com\/fr\/wp-json\/wp\/v2\/product\/25095"}],"collection":[{"href":"https:\/\/www.yousanusb.com\/fr\/wp-json\/wp\/v2\/product"}],"about":[{"href":"https:\/\/www.yousanusb.com\/fr\/wp-json\/wp\/v2\/types\/product"}],"replies":[{"embeddable":true,"href":"https:\/\/www.yousanusb.com\/fr\/wp-json\/wp\/v2\/comments?post=25095"}],"wp:featuredmedia":[{"embeddable":true,"href":"https:\/\/www.yousanusb.com\/fr\/wp-json\/wp\/v2\/media\/25103"}],"wp:attachment":[{"href":"https:\/\/www.yousanusb.com\/fr\/wp-json\/wp\/v2\/media?parent=25095"}],"curies":[{"name":"wp","href":"https:\/\/api.w.org\/{rel}","templated":true}]}}