{"id":25232,"date":"2025-12-08T11:03:38","date_gmt":"2025-12-08T11:03:38","guid":{"rendered":"https:\/\/www.yousanusb.com\/?post_type=product&#038;p=25232"},"modified":"2025-12-27T01:52:40","modified_gmt":"2025-12-27T01:52:40","slug":"pvc-eggplant-usb-flash-drive","status":"publish","type":"product","link":"https:\/\/www.yousanusb.com\/fr\/produit\/pvc-eggplant-usb-flash-drive\/","title":{"rendered":"Cl\u00e9 USB en PVC aubergine"},"content":{"rendered":"<p>Cette cl\u00e9 USB a la forme d'une aubergine. La cl\u00e9 USB a un corps fendu et un trou sur le dessus pour que vous puissiez l'attacher et la transporter facilement. Elle est disponible en diff\u00e9rentes tailles de stockage, de 4 Go \u00e0 128 Go, et peut \u00eatre connect\u00e9e \u00e0 un ordinateur via USB 2.0 ou USB 3.0, selon l'utilisation que vous souhaitez en faire.<\/p>\n\n\n\n<div class=\"wp-block-columns is-layout-flex wp-container-core-columns-is-layout-1 wp-block-columns-is-layout-flex\">\n<div class=\"wp-block-column is-layout-flow wp-block-column-is-layout-flow\">\n<figure class=\"wp-block-image size-full\"><img fetchpriority=\"high\" decoding=\"async\" width=\"800\" height=\"800\" src=\"https:\/\/www.yousanusb.com\/wp-content\/uploads\/2025\/12\/Vegetables-USB-Flash-Drive-2.jpg\" alt=\"\" class=\"wp-image-25243\" srcset=\"https:\/\/www.yousanusb.com\/wp-content\/uploads\/2025\/12\/Vegetables-USB-Flash-Drive-2.jpg 800w, https:\/\/www.yousanusb.com\/wp-content\/uploads\/2025\/12\/Vegetables-USB-Flash-Drive-2-300x300.jpg 300w, https:\/\/www.yousanusb.com\/wp-content\/uploads\/2025\/12\/Vegetables-USB-Flash-Drive-2-150x150.jpg 150w, https:\/\/www.yousanusb.com\/wp-content\/uploads\/2025\/12\/Vegetables-USB-Flash-Drive-2-768x768.jpg 768w, https:\/\/www.yousanusb.com\/wp-content\/uploads\/2025\/12\/Vegetables-USB-Flash-Drive-2-12x12.jpg 12w, https:\/\/www.yousanusb.com\/wp-content\/uploads\/2025\/12\/Vegetables-USB-Flash-Drive-2-600x600.jpg 600w, https:\/\/www.yousanusb.com\/wp-content\/uploads\/2025\/12\/Vegetables-USB-Flash-Drive-2-100x100.jpg 100w\" sizes=\"(max-width: 800px) 100vw, 800px\" \/><\/figure>\n<\/div>\n\n\n\n<div class=\"wp-block-column is-vertically-aligned-center is-layout-flow wp-block-column-is-layout-flow\">\n<p>En tant que cadeau, il convient \u00e0 :<\/p>\n\n\n\n<ul class=\"wp-block-list\">\n<li>Marques de produits agricoles et de commerce \u00e9lectronique de produits frais : Utilis\u00e9 comme cadeau de r\u00e9compense pour les membres, avec un design qui s'aligne sur les attributs agricoles de la marque.<\/li>\n\n\n\n<li>Restaurants sp\u00e9cialis\u00e9s dans la cuisine fermi\u00e8re : En cadeau pour avoir atteint un certain seuil de d\u00e9penses.<\/li>\n<\/ul>\n<\/div>\n<\/div>\n\n\n\n<div class=\"wp-block-columns is-layout-flex wp-container-core-columns-is-layout-2 wp-block-columns-is-layout-flex\">\n<div class=\"wp-block-column is-vertically-aligned-center is-layout-flow wp-block-column-is-layout-flow\">\n<p><strong>Institutions agricoles<\/strong>: Les \u00e9tablissements d'enseignement sup\u00e9rieur agricole sp\u00e9cialis\u00e9s et les universit\u00e9s utilisent ces cl\u00e9s USB comme cadeaux de bienvenue significatifs pour les nouveaux \u00e9tudiants et comme souvenirs lors d'\u00e9v\u00e9nements organisationnels ou d'\u00e9changes universitaires li\u00e9s \u00e0 l'agriculture.<\/p>\n\n\n\n<p><strong>Usines de transformation des aliments<\/strong>: Les entreprises de transformation des fruits et l\u00e9gumes (y compris les fabricants de produits marin\u00e9s et en conserve) distribuent des cl\u00e9s USB aux employ\u00e9s qui passent commande lors des r\u00e9unions avec les nouveaux distributeurs.<\/p>\n\n\n\n<p><strong>Contenu USB et impact commercial<\/strong>: Chaque cl\u00e9 contient trois \u00e9l\u00e9ments cl\u00e9s : un menu saisonnier de la ferme \u00e0 la table, un coupon de r\u00e9duction 25% pour les achats futurs et un lien d'abonnement \u00e0 la lettre d'information \u00e9lectronique. L'exposition r\u00e9guli\u00e8re \u00e0 ce contenu lors de l'utilisation de l'USB permet \u00e0 l'usine de transformation de renouveler son chiffre d'affaires.<\/p>\n<\/div>\n\n\n\n<div class=\"wp-block-column is-layout-flow wp-block-column-is-layout-flow\">\n<figure class=\"wp-block-image size-full\"><img decoding=\"async\" width=\"800\" height=\"800\" src=\"https:\/\/www.yousanusb.com\/wp-content\/uploads\/2025\/12\/custom-Eggplant-USB-Flash-Drive.jpg\" alt=\"\" class=\"wp-image-25238\" srcset=\"https:\/\/www.yousanusb.com\/wp-content\/uploads\/2025\/12\/custom-Eggplant-USB-Flash-Drive.jpg 800w, https:\/\/www.yousanusb.com\/wp-content\/uploads\/2025\/12\/custom-Eggplant-USB-Flash-Drive-300x300.jpg 300w, https:\/\/www.yousanusb.com\/wp-content\/uploads\/2025\/12\/custom-Eggplant-USB-Flash-Drive-150x150.jpg 150w, https:\/\/www.yousanusb.com\/wp-content\/uploads\/2025\/12\/custom-Eggplant-USB-Flash-Drive-768x768.jpg 768w, https:\/\/www.yousanusb.com\/wp-content\/uploads\/2025\/12\/custom-Eggplant-USB-Flash-Drive-12x12.jpg 12w, https:\/\/www.yousanusb.com\/wp-content\/uploads\/2025\/12\/custom-Eggplant-USB-Flash-Drive-600x600.jpg 600w, https:\/\/www.yousanusb.com\/wp-content\/uploads\/2025\/12\/custom-Eggplant-USB-Flash-Drive-100x100.jpg 100w\" sizes=\"(max-width: 800px) 100vw, 800px\" \/><\/figure>\n<\/div>\n<\/div>","protected":false},"excerpt":{"rendered":"<ul>\n<li>Avec porte-cl\u00e9s, facile \u00e0 transporter<\/li>\n<li>Options de capacit\u00e9 de 4 \u00e0 128 Go<\/li>\n<li>Prise en charge de l'USB 2.0\/3.0<\/li>\n<li>Logo personnalisable<\/li>\n<li>MOQ:100pcs<\/li>\n<\/ul>","protected":false},"featured_media":25239,"comment_status":"open","ping_status":"closed","template":"","meta":{"_seopress_robots_primary_cat":"none","_seopress_titles_title":"","_seopress_titles_desc":"","_seopress_robots_index":""},"class_list":["post-25232","product","type-product","status-publish","has-post-thumbnail","hentry","product_cat-custom-usb-drive","product_tag-vegetables-usb-flash-drive"],"_links":{"self":[{"href":"https:\/\/www.yousanusb.com\/fr\/wp-json\/wp\/v2\/product\/25232"}],"collection":[{"href":"https:\/\/www.yousanusb.com\/fr\/wp-json\/wp\/v2\/product"}],"about":[{"href":"https:\/\/www.yousanusb.com\/fr\/wp-json\/wp\/v2\/types\/product"}],"replies":[{"embeddable":true,"href":"https:\/\/www.yousanusb.com\/fr\/wp-json\/wp\/v2\/comments?post=25232"}],"wp:featuredmedia":[{"embeddable":true,"href":"https:\/\/www.yousanusb.com\/fr\/wp-json\/wp\/v2\/media\/25239"}],"wp:attachment":[{"href":"https:\/\/www.yousanusb.com\/fr\/wp-json\/wp\/v2\/media?parent=25232"}],"curies":[{"name":"wp","href":"https:\/\/api.w.org\/{rel}","templated":true}]}}