{"id":25312,"date":"2025-12-09T02:02:27","date_gmt":"2025-12-09T02:02:27","guid":{"rendered":"https:\/\/www.yousanusb.com\/?post_type=product&#038;p=25312"},"modified":"2025-12-27T01:50:33","modified_gmt":"2025-12-27T01:50:33","slug":"kiwi-usb-flash-drive","status":"publish","type":"product","link":"https:\/\/www.yousanusb.com\/fr\/produit\/kiwi-usb-flash-drive\/","title":{"rendered":"Cl\u00e9 USB Kiwi"},"content":{"rendered":"<p>La cl\u00e9 USB a la forme d'un kiwi et reproduit la texture r\u00e9aliste d'un v\u00e9ritable kiwi ainsi que le logo Zespri. La cl\u00e9 USB en forme de kiwi est tr\u00e8s utile et constitue \u00e9galement un excellent cadeau promotionnel puisqu'elle offre \u00e0 vos clients une solution de stockage pratique et fait la promotion de votre marque.<\/p>\n\n\n\n<div class=\"wp-block-columns is-layout-flex wp-container-core-columns-is-layout-1 wp-block-columns-is-layout-flex\">\n<div class=\"wp-block-column is-layout-flow wp-block-column-is-layout-flow\">\n<figure class=\"wp-block-image size-full\"><img fetchpriority=\"high\" decoding=\"async\" width=\"800\" height=\"800\" src=\"https:\/\/www.yousanusb.com\/wp-content\/uploads\/2025\/12\/Kiwi-U-Disk.jpg\" alt=\"\" class=\"wp-image-25316\" srcset=\"https:\/\/www.yousanusb.com\/wp-content\/uploads\/2025\/12\/Kiwi-U-Disk.jpg 800w, https:\/\/www.yousanusb.com\/wp-content\/uploads\/2025\/12\/Kiwi-U-Disk-300x300.jpg 300w, https:\/\/www.yousanusb.com\/wp-content\/uploads\/2025\/12\/Kiwi-U-Disk-150x150.jpg 150w, https:\/\/www.yousanusb.com\/wp-content\/uploads\/2025\/12\/Kiwi-U-Disk-768x768.jpg 768w, https:\/\/www.yousanusb.com\/wp-content\/uploads\/2025\/12\/Kiwi-U-Disk-12x12.jpg 12w, https:\/\/www.yousanusb.com\/wp-content\/uploads\/2025\/12\/Kiwi-U-Disk-600x600.jpg 600w, https:\/\/www.yousanusb.com\/wp-content\/uploads\/2025\/12\/Kiwi-U-Disk-100x100.jpg 100w\" sizes=\"(max-width: 800px) 100vw, 800px\" \/><\/figure>\n<\/div>\n\n\n\n<div class=\"wp-block-column is-vertically-aligned-center is-layout-flow wp-block-column-is-layout-flow\">\n<h2 class=\"wp-block-heading\">En tant que cadeau, il convient aux entreprises suivantes :<\/h2>\n\n\n\n<ul class=\"wp-block-list\">\n<li><strong>Zespri<\/strong>: Utilis\u00e9 lors de conf\u00e9rences de distributeurs mondiaux et d'\u00e9v\u00e9nements d'engagement des consommateurs pour renforcer la pr\u00e9sence de la marque ;<\/li>\n\n\n\n<li><strong>G\u00e9ants du commerce de d\u00e9tail<\/strong> (par exemple, <strong>Walmart, Tesco<\/strong>) : Sert de cadeau d'achat pour les cat\u00e9gories de produits frais ou les avantages li\u00e9s \u00e0 l'adh\u00e9sion ;<\/li>\n\n\n\n<li><strong>Entreprises agro-technologiques<\/strong> (par exemple, New Zealand Agri-Tech) : Utilis\u00e9s comme cadeaux de r\u00e9seautage industriel li\u00e9s \u00e0 des sc\u00e9narios d'affaires agricoles.<\/li>\n<\/ul>\n\n\n\n<p>Convient \u00e9galement pour : Expositions alimentaires internationales (par exemple, Food Expo Cologne, Allemagne), secteurs de l'importation et de l'exportation de produits agricoles et industries agroalimentaires, o\u00f9 le cadeau s'aligne fortement sur les th\u00e8mes de l'\u00e9v\u00e9nement.<\/p>\n<\/div>\n<\/div>\n\n\n\n<div class=\"wp-block-columns is-layout-flex wp-container-core-columns-is-layout-2 wp-block-columns-is-layout-flex\">\n<div class=\"wp-block-column is-vertically-aligned-center is-layout-flow wp-block-column-is-layout-flow\">\n<p>Pour les partenaires commerciaux (par exemple, les fournisseurs de produits frais\/alimentaires) :<\/p>\n\n\n\n<ul class=\"wp-block-list\">\n<li><strong>Cadeaux pour les \u00e9v\u00e9nements<\/strong>: Distribuer des cl\u00e9s USB personnalis\u00e9es comme cadeaux promotionnels lors des conf\u00e9rences annuelles des fournisseurs et des r\u00e9unions de collaboration sur les nouveaux produits.\n<ul class=\"wp-block-list\">\n<li><strong>Contenu personnalis\u00e9<\/strong>: Pr\u00e9charg\u00e9 avec les \u00e9tudes de cas de collaboration de la cha\u00eene d'approvisionnement en produits frais de Walmart et les exigences d'approvisionnement du prochain trimestre, avec un logo commun de Walmart, Zespri et du partenaire.<\/li>\n\n\n\n<li><strong>Messages th\u00e9matiques<\/strong>: Lors de la remise du cadeau, expliquez :\u00a0<em>Cette cl\u00e9 USB sur le th\u00e8me du kiwi symbolise notre collaboration dans le domaine des produits frais et repr\u00e9sente une \"transmission efficace des donn\u00e9es\" dans la cha\u00eene d'approvisionnement.<\/em>\u00a0aligner le cadeau sur les objectifs de l'entreprise.<\/li>\n<\/ul>\n<\/li>\n<\/ul>\n<\/div>\n\n\n\n<div class=\"wp-block-column is-layout-flow wp-block-column-is-layout-flow\">\n<figure class=\"wp-block-image size-full\"><img decoding=\"async\" width=\"800\" height=\"800\" src=\"https:\/\/www.yousanusb.com\/wp-content\/uploads\/2025\/12\/custom-Kiwi-USB-Flash-Drive.jpg\" alt=\"\" class=\"wp-image-25315\" srcset=\"https:\/\/www.yousanusb.com\/wp-content\/uploads\/2025\/12\/custom-Kiwi-USB-Flash-Drive.jpg 800w, https:\/\/www.yousanusb.com\/wp-content\/uploads\/2025\/12\/custom-Kiwi-USB-Flash-Drive-300x300.jpg 300w, https:\/\/www.yousanusb.com\/wp-content\/uploads\/2025\/12\/custom-Kiwi-USB-Flash-Drive-150x150.jpg 150w, https:\/\/www.yousanusb.com\/wp-content\/uploads\/2025\/12\/custom-Kiwi-USB-Flash-Drive-768x768.jpg 768w, https:\/\/www.yousanusb.com\/wp-content\/uploads\/2025\/12\/custom-Kiwi-USB-Flash-Drive-12x12.jpg 12w, https:\/\/www.yousanusb.com\/wp-content\/uploads\/2025\/12\/custom-Kiwi-USB-Flash-Drive-600x600.jpg 600w, https:\/\/www.yousanusb.com\/wp-content\/uploads\/2025\/12\/custom-Kiwi-USB-Flash-Drive-100x100.jpg 100w\" sizes=\"(max-width: 800px) 100vw, 800px\" \/><\/figure>\n<\/div>\n<\/div>\n\n\n\n<p>Afin de clarifier les r\u00e8gles d'attribution des cadeaux pour les achats de produits frais, nous avons \u00e9tabli des r\u00e8gles adapt\u00e9es \u00e0 diff\u00e9rents sc\u00e9narios d'achat :<\/p>\n\n\n\n<ol class=\"wp-block-list\">\n<li><strong>Promotion \"D\u00e9pensez et recevez<\/strong>: Les clients re\u00e7oivent la cl\u00e9 USB pour tout achat de $50 de kiwis Zespri, disponible dans les magasins Walmart et en ligne.<\/li>\n\n\n\n<li><strong>R\u00e9compenses pour les membres<\/strong>: Les membres Walmart Plus ont droit \u00e0 la cl\u00e9 USB en tant que cadeau trimestriel exclusif. Les membres peuvent \u00e9galement \u00e9changer 5 000 points via le Walmart Rewards Mall pour obtenir la cl\u00e9 USB.<\/li>\n\n\n\n<li><strong>Promotions pr\u00e9charg\u00e9es<\/strong>: La cl\u00e9 USB contient des coupons num\u00e9riques pour le rayon des produits frais de Walmart (par exemple, des r\u00e9ductions sur les fruits) et comporte le slogan suivant\u00a0<em>\"Savourez les kiwis Zespri, sauvez des vies\".<\/em>\u00a0pour renforcer la m\u00e9morisation de la marque.<\/li>\n<\/ol>\n\n\n\n<p><\/p>","protected":false},"excerpt":{"rendered":"<ul>\n<li data-hveid=\"CAMQAA\" data-processed=\"true\"><span class=\"T286Pc\" data-sfc-cp=\"\" data-processed=\"true\">USB 3.0 pour des transferts de fichiers rapides.<\/span><\/li>\n<li data-hveid=\"CAMQAg\" data-processed=\"true\"><span class=\"T286Pc\" data-sfc-cp=\"\" data-processed=\"true\">Disponible en 32GB, 64GB, 128GB, etc.<\/span><\/li>\n<li data-hveid=\"CAMQBA\" data-processed=\"true\"><span class=\"T286Pc\" data-sfc-cp=\"\" data-processed=\"true\">Fonctionne avec Windows, macOS, Linux, les t\u00e9l\u00e9viseurs et les autoradios.<\/span><\/li>\n<li data-hveid=\"CAMQBg\" data-processed=\"true\"><span class=\"T286Pc\" data-sfc-cp=\"\" data-processed=\"true\">\u00a0Compact, l\u00e9ger, facile \u00e0 transporter.<\/span><\/li>\n<li data-hveid=\"CAMQCA\" data-processed=\"true\"><span class=\"T286Pc\" data-sfc-cp=\"\" data-processed=\"true\">Plug-and-play ; aucun pilote n'est n\u00e9cessaire<\/span><\/li>\n<li>MOQ:100pcs<\/li>\n<\/ul>","protected":false},"featured_media":25317,"comment_status":"open","ping_status":"closed","template":"","meta":{"_seopress_robots_primary_cat":"none","_seopress_titles_title":"","_seopress_titles_desc":"","_seopress_robots_index":""},"class_list":["post-25312","product","type-product","status-publish","has-post-thumbnail","hentry","product_cat-custom-usb-drive","product_tag-food-usb-flash-drive","product_tag-fruit-usb-flash-drive"],"_links":{"self":[{"href":"https:\/\/www.yousanusb.com\/fr\/wp-json\/wp\/v2\/product\/25312"}],"collection":[{"href":"https:\/\/www.yousanusb.com\/fr\/wp-json\/wp\/v2\/product"}],"about":[{"href":"https:\/\/www.yousanusb.com\/fr\/wp-json\/wp\/v2\/types\/product"}],"replies":[{"embeddable":true,"href":"https:\/\/www.yousanusb.com\/fr\/wp-json\/wp\/v2\/comments?post=25312"}],"wp:featuredmedia":[{"embeddable":true,"href":"https:\/\/www.yousanusb.com\/fr\/wp-json\/wp\/v2\/media\/25317"}],"wp:attachment":[{"href":"https:\/\/www.yousanusb.com\/fr\/wp-json\/wp\/v2\/media?parent=25312"}],"curies":[{"name":"wp","href":"https:\/\/api.w.org\/{rel}","templated":true}]}}