{"id":25319,"date":"2025-12-09T03:45:02","date_gmt":"2025-12-09T03:45:02","guid":{"rendered":"https:\/\/www.yousanusb.com\/?post_type=product&#038;p=25319"},"modified":"2025-12-27T01:47:45","modified_gmt":"2025-12-27T01:47:45","slug":"avocado-usb-flash-drive","status":"publish","type":"product","link":"https:\/\/www.yousanusb.com\/fr\/produit\/avocado-usb-flash-drive\/","title":{"rendered":"Cl\u00e9 USB en forme d'avocat"},"content":{"rendered":"<p>Cette cl\u00e9 USB pr\u00e9sente une tranche d'avocat dans son design ; elle se compose d'une coque ext\u00e9rieure jaune-vert-brun et d'un corps principal dont la couleur et la texture sont assorties. Cela fait de cet article un cadeau unique qui offre \u00e9galement un espace de stockage.<\/p>\n\n\n\n<div class=\"wp-block-columns is-layout-flex wp-container-core-columns-is-layout-1 wp-block-columns-is-layout-flex\">\n<div class=\"wp-block-column is-layout-flow wp-block-column-is-layout-flow\">\n<figure class=\"wp-block-image size-full\"><img fetchpriority=\"high\" decoding=\"async\" width=\"800\" height=\"799\" src=\"https:\/\/www.yousanusb.com\/wp-content\/uploads\/2025\/12\/custom-Avocado-USB-Flash-Drive.jpg\" alt=\"\" class=\"wp-image-25323\" srcset=\"https:\/\/www.yousanusb.com\/wp-content\/uploads\/2025\/12\/custom-Avocado-USB-Flash-Drive.jpg 800w, https:\/\/www.yousanusb.com\/wp-content\/uploads\/2025\/12\/custom-Avocado-USB-Flash-Drive-300x300.jpg 300w, https:\/\/www.yousanusb.com\/wp-content\/uploads\/2025\/12\/custom-Avocado-USB-Flash-Drive-150x150.jpg 150w, https:\/\/www.yousanusb.com\/wp-content\/uploads\/2025\/12\/custom-Avocado-USB-Flash-Drive-768x767.jpg 768w, https:\/\/www.yousanusb.com\/wp-content\/uploads\/2025\/12\/custom-Avocado-USB-Flash-Drive-12x12.jpg 12w, https:\/\/www.yousanusb.com\/wp-content\/uploads\/2025\/12\/custom-Avocado-USB-Flash-Drive-600x599.jpg 600w, https:\/\/www.yousanusb.com\/wp-content\/uploads\/2025\/12\/custom-Avocado-USB-Flash-Drive-100x100.jpg 100w\" sizes=\"(max-width: 800px) 100vw, 800px\" \/><\/figure>\n<\/div>\n\n\n\n<div class=\"wp-block-column is-vertically-aligned-center is-layout-flow wp-block-column-is-layout-flow\">\n<p>Marques d'avocats (par exemple, la soci\u00e9t\u00e9 mexicaine Cortez Avocado Company) : Utilis\u00e9s comme cadeaux de conf\u00e9rence pour les distributeurs mondiaux afin de renforcer l'identit\u00e9 de la marque ;<\/p>\n\n\n\n<p><br>Les g\u00e9ants de la distribution (par exemple, Target) : sert de cadeau d'achat dans le rayon des fruits et l\u00e9gumes et s'aligne sur leur offre d'aliments sains ;<\/p>\n\n\n\n<p><br>Entreprises de produits di\u00e9t\u00e9tiques (par exemple, Whole Foods) : Utilisation d'avantages trimestriels pour les membres premium, en accord avec l'\u00e9thique de la marque.<\/p>\n<\/div>\n<\/div>\n\n\n\n<div class=\"wp-block-columns is-layout-flex wp-container-core-columns-is-layout-2 wp-block-columns-is-layout-flex\">\n<div class=\"wp-block-column is-vertically-aligned-center is-layout-flow wp-block-column-is-layout-flow\">\n<p>Si l'on prend l'exemple de la soci\u00e9t\u00e9 mexicaine Cortez Avocado Company, la m\u00e9thode de distribution des cl\u00e9s USB pour avocats est la suivante :<br><strong>Pour les partenaires (distributeurs, canaux de vente au d\u00e9tail)<\/strong><br>Sc\u00e9narios : Sommet annuel sur la coop\u00e9ration en mati\u00e8re de cha\u00eene d'approvisionnement, c\u00e9r\u00e9monie de signature avec les nouveaux distributeurs<br>Distribution : Distribu\u00e9es comme cadeaux sur place. Les cl\u00e9s USB portent la marque personnalis\u00e9e de Cortez et pr\u00e9chargent les plans d'approvisionnement saisonniers en avocats et les normes de tra\u00e7abilit\u00e9 des produits. Les documents d'accompagnement expliquent qu'il s'agit d'une cl\u00e9 de donn\u00e9es sur les avocats con\u00e7ue pour rationaliser la coordination des partenariats.<\/p>\n\n\n\n<p><strong>Pour les utilisateurs finaux<\/strong><br>Sc\u00e9narios : Zones de promotion de l'avocat Cortez dans les supermarch\u00e9s brick-and-mortar (par exemple, Walmart), campagnes interactives de la marque sur les m\u00e9dias sociaux (Instagram).<br>Distribution :<br>Vente au d\u00e9tail : A utiliser avec le ticket de caisse pour des achats d'avocats Cortez d'un montant \u00e9gal ou sup\u00e9rieur \u00e0 $30.<br>M\u00e9dias sociaux : Les participants qui publieront \"Showcase Your Cortez Avocado Meals\" en utilisant le hashtag d\u00e9sign\u00e9 participeront \u00e0 un tirage au sort pour les cr\u00e9ateurs premium qui recevront la cl\u00e9 USB, pr\u00e9charg\u00e9e avec des recettes d'avocat et des guides de conservation de la fra\u00eecheur.<\/p>\n<\/div>\n\n\n\n<div class=\"wp-block-column is-layout-flow wp-block-column-is-layout-flow\">\n<figure class=\"wp-block-image size-full\"><img decoding=\"async\" width=\"800\" height=\"800\" src=\"https:\/\/www.yousanusb.com\/wp-content\/uploads\/2025\/12\/avocado-usb-drive.jpg\" alt=\"\" class=\"wp-image-25324\" srcset=\"https:\/\/www.yousanusb.com\/wp-content\/uploads\/2025\/12\/avocado-usb-drive.jpg 800w, https:\/\/www.yousanusb.com\/wp-content\/uploads\/2025\/12\/avocado-usb-drive-300x300.jpg 300w, https:\/\/www.yousanusb.com\/wp-content\/uploads\/2025\/12\/avocado-usb-drive-150x150.jpg 150w, https:\/\/www.yousanusb.com\/wp-content\/uploads\/2025\/12\/avocado-usb-drive-768x768.jpg 768w, https:\/\/www.yousanusb.com\/wp-content\/uploads\/2025\/12\/avocado-usb-drive-12x12.jpg 12w, https:\/\/www.yousanusb.com\/wp-content\/uploads\/2025\/12\/avocado-usb-drive-600x600.jpg 600w, https:\/\/www.yousanusb.com\/wp-content\/uploads\/2025\/12\/avocado-usb-drive-100x100.jpg 100w\" sizes=\"(max-width: 800px) 100vw, 800px\" \/><\/figure>\n<\/div>\n<\/div>","protected":false},"excerpt":{"rendered":"<ul>\n<li>Mat\u00e9riau en caoutchouc souple PVC<\/li>\n<li>Personnalisation du logo<\/li>\n<li>Possibilit\u00e9 de pr\u00e9charger des documents li\u00e9s \u00e0 la marque<\/li>\n<li>Convient aux sc\u00e9narios de promotion de l'industrie alimentaire<\/li>\n<li>MOQ\uff1a100pcs<\/li>\n<\/ul>","protected":false},"featured_media":25322,"comment_status":"open","ping_status":"closed","template":"","meta":{"_seopress_robots_primary_cat":"none","_seopress_titles_title":"","_seopress_titles_desc":"","_seopress_robots_index":""},"class_list":["post-25319","product","type-product","status-publish","has-post-thumbnail","hentry","product_cat-custom-usb-drive","product_tag-food-usb-flash-drive","product_tag-fruit-usb-flash-drive"],"_links":{"self":[{"href":"https:\/\/www.yousanusb.com\/fr\/wp-json\/wp\/v2\/product\/25319"}],"collection":[{"href":"https:\/\/www.yousanusb.com\/fr\/wp-json\/wp\/v2\/product"}],"about":[{"href":"https:\/\/www.yousanusb.com\/fr\/wp-json\/wp\/v2\/types\/product"}],"replies":[{"embeddable":true,"href":"https:\/\/www.yousanusb.com\/fr\/wp-json\/wp\/v2\/comments?post=25319"}],"wp:featuredmedia":[{"embeddable":true,"href":"https:\/\/www.yousanusb.com\/fr\/wp-json\/wp\/v2\/media\/25322"}],"wp:attachment":[{"href":"https:\/\/www.yousanusb.com\/fr\/wp-json\/wp\/v2\/media?parent=25319"}],"curies":[{"name":"wp","href":"https:\/\/api.w.org\/{rel}","templated":true}]}}