{"id":25442,"date":"2025-12-10T09:48:31","date_gmt":"2025-12-10T09:48:31","guid":{"rendered":"https:\/\/www.yousanusb.com\/?post_type=product&#038;p=25442"},"modified":"2025-12-27T01:45:58","modified_gmt":"2025-12-27T01:45:58","slug":"lemon-usb-flash-drive","status":"publish","type":"product","link":"https:\/\/www.yousanusb.com\/fr\/produit\/lemon-usb-flash-drive\/","title":{"rendered":"Cl\u00e9 USB Lemon"},"content":{"rendered":"<p>La cl\u00e9 USB Lemon est une nouveaut\u00e9, un cadeau promotionnel ou un accessoire mignon qui stocke vos donn\u00e9es. Ces cl\u00e9s sont fabriqu\u00e9es en PVC et sont disponibles dans les tailles 1GB-128GB+ avec des \u00e9l\u00e9ments \u00e0 la fois amusants et fonctionnels pour stocker vos fichiers, vos images et votre musique.<\/p>\n\n\n\n<div class=\"wp-block-columns is-layout-flex wp-container-core-columns-is-layout-1 wp-block-columns-is-layout-flex\">\n<div class=\"wp-block-column is-layout-flow wp-block-column-is-layout-flow\">\n<figure class=\"wp-block-image size-full\"><img fetchpriority=\"high\" decoding=\"async\" width=\"800\" height=\"800\" src=\"https:\/\/www.yousanusb.com\/wp-content\/uploads\/2025\/12\/PVC-Lemon-USB-Drive.jpg\" alt=\"\" class=\"wp-image-25448\" srcset=\"https:\/\/www.yousanusb.com\/wp-content\/uploads\/2025\/12\/PVC-Lemon-USB-Drive.jpg 800w, https:\/\/www.yousanusb.com\/wp-content\/uploads\/2025\/12\/PVC-Lemon-USB-Drive-300x300.jpg 300w, https:\/\/www.yousanusb.com\/wp-content\/uploads\/2025\/12\/PVC-Lemon-USB-Drive-150x150.jpg 150w, https:\/\/www.yousanusb.com\/wp-content\/uploads\/2025\/12\/PVC-Lemon-USB-Drive-768x768.jpg 768w, https:\/\/www.yousanusb.com\/wp-content\/uploads\/2025\/12\/PVC-Lemon-USB-Drive-12x12.jpg 12w, https:\/\/www.yousanusb.com\/wp-content\/uploads\/2025\/12\/PVC-Lemon-USB-Drive-600x600.jpg 600w, https:\/\/www.yousanusb.com\/wp-content\/uploads\/2025\/12\/PVC-Lemon-USB-Drive-100x100.jpg 100w\" sizes=\"(max-width: 800px) 100vw, 800px\" \/><\/figure>\n<\/div>\n\n\n\n<div class=\"wp-block-column is-vertically-aligned-center is-layout-flow wp-block-column-is-layout-flow\">\n<p>Les utilisations sont vari\u00e9es :<\/p>\n\n\n\n<p>Usage priv\u00e9 : transporter de la musique, des photos, des documents et des vid\u00e9os d'une mani\u00e8re originale.<\/p>\n\n\n\n<p>Articles promotionnels \u00e0 offrir : Personnalisables et modifi\u00e9s avec des logos d'entreprise comme forme de reconnaissance de la marque de l'entreprise.<\/p>\n\n\n\n<p>Cadeau fantaisie : Un cadeau amusant et pratique \u00e0 offrir \u00e0 nos amis, \u00e0 notre famille, \u00e0 nos coll\u00e8gues, etc.<\/p>\n<\/div>\n<\/div>\n\n\n\n<div class=\"wp-block-columns is-layout-flex wp-container-core-columns-is-layout-2 wp-block-columns-is-layout-flex\">\n<div class=\"wp-block-column is-vertically-aligned-center is-layout-flow wp-block-column-is-layout-flow\">\n<p><strong>Tropicana :<\/strong> En tant que premi\u00e8re marque mondiale de jus de fruits, Tropicana centre son identit\u00e9 sur les fruits frais, avec le citron comme ingr\u00e9dient cl\u00e9. Les cl\u00e9s USB en forme de citron sont des cadeaux promotionnels id\u00e9aux pour ses jus de fruits aromatis\u00e9s au citron. Elles sont pr\u00e9charg\u00e9es d'informations sur le d\u00e9veloppement de nouveaux produits qui s'alignent sur l'image de la marque centr\u00e9e sur les fruits et qui renforcent la m\u00e9morisation des produits.<\/p>\n\n\n\n<p><strong>Starbucks :<\/strong> La cha\u00eene mondiale de restauration propose r\u00e9guli\u00e8rement des boissons aromatis\u00e9es au citron telles que Lemon Sparkling Cold Brew. Pour les clients et les membres qui atteignent des seuils de d\u00e9penses, les cl\u00e9s USB en forme de citron permettent de stocker des coupons de boissons saisonni\u00e8res et des invitations \u00e0 des \u00e9v\u00e9nements, renfor\u00e7ant ainsi la fid\u00e9lit\u00e9 \u00e0 la marque.<br><\/p>\n<\/div>\n\n\n\n<div class=\"wp-block-column is-layout-flow wp-block-column-is-layout-flow\">\n<figure class=\"wp-block-image size-full\"><img decoding=\"async\" width=\"800\" height=\"800\" src=\"https:\/\/www.yousanusb.com\/wp-content\/uploads\/2025\/12\/custom-Lemon-USB-Drive.jpg\" alt=\"\" class=\"wp-image-25445\" srcset=\"https:\/\/www.yousanusb.com\/wp-content\/uploads\/2025\/12\/custom-Lemon-USB-Drive.jpg 800w, https:\/\/www.yousanusb.com\/wp-content\/uploads\/2025\/12\/custom-Lemon-USB-Drive-300x300.jpg 300w, https:\/\/www.yousanusb.com\/wp-content\/uploads\/2025\/12\/custom-Lemon-USB-Drive-150x150.jpg 150w, https:\/\/www.yousanusb.com\/wp-content\/uploads\/2025\/12\/custom-Lemon-USB-Drive-768x768.jpg 768w, https:\/\/www.yousanusb.com\/wp-content\/uploads\/2025\/12\/custom-Lemon-USB-Drive-12x12.jpg 12w, https:\/\/www.yousanusb.com\/wp-content\/uploads\/2025\/12\/custom-Lemon-USB-Drive-600x600.jpg 600w, https:\/\/www.yousanusb.com\/wp-content\/uploads\/2025\/12\/custom-Lemon-USB-Drive-100x100.jpg 100w\" sizes=\"(max-width: 800px) 100vw, 800px\" \/><\/figure>\n<\/div>\n<\/div>\n\n\n\n<div class=\"wp-block-columns is-layout-flex wp-container-core-columns-is-layout-3 wp-block-columns-is-layout-flex\">\n<div class=\"wp-block-column is-layout-flow wp-block-column-is-layout-flow\">\n<figure class=\"wp-block-image size-full\"><img decoding=\"async\" width=\"800\" height=\"800\" src=\"https:\/\/www.yousanusb.com\/wp-content\/uploads\/2025\/12\/lemon-usb-flash-drive-1.jpg\" alt=\"\" class=\"wp-image-25447\" srcset=\"https:\/\/www.yousanusb.com\/wp-content\/uploads\/2025\/12\/lemon-usb-flash-drive-1.jpg 800w, https:\/\/www.yousanusb.com\/wp-content\/uploads\/2025\/12\/lemon-usb-flash-drive-1-300x300.jpg 300w, https:\/\/www.yousanusb.com\/wp-content\/uploads\/2025\/12\/lemon-usb-flash-drive-1-150x150.jpg 150w, https:\/\/www.yousanusb.com\/wp-content\/uploads\/2025\/12\/lemon-usb-flash-drive-1-768x768.jpg 768w, https:\/\/www.yousanusb.com\/wp-content\/uploads\/2025\/12\/lemon-usb-flash-drive-1-12x12.jpg 12w, https:\/\/www.yousanusb.com\/wp-content\/uploads\/2025\/12\/lemon-usb-flash-drive-1-600x600.jpg 600w, https:\/\/www.yousanusb.com\/wp-content\/uploads\/2025\/12\/lemon-usb-flash-drive-1-100x100.jpg 100w\" sizes=\"(max-width: 800px) 100vw, 800px\" \/><\/figure>\n<\/div>\n\n\n\n<div class=\"wp-block-column is-vertically-aligned-center is-layout-flow wp-block-column-is-layout-flow\">\n<p><strong>Industrie de la beaut\u00e9 et des soins personnels<\/strong>: La ligne de soins \u00e9claircissants aux p\u00e9pins de citron de Fresh met l'accent sur les ingr\u00e9dients naturels, ce qui correspond parfaitement \u00e0 l'esth\u00e9tique de l'USB citron. En tant que cadeau haut de gamme inclus dans les coffrets de luxe, l'USB stocke les tutoriels des produits, mettant en valeur l'expertise de la marque et \u00e9levant l'exp\u00e9rience des clients haut de gamme.<\/p>\n\n\n\n<p><br><strong>Industrie de la sant\u00e9 et du bien-\u00eatre<\/strong>: GNC, connu pour ses comprim\u00e9s effervescents de vitamine C et de citron, tire parti de l'association symbolique du citron avec la sant\u00e9. Offrir le Lemon USB comme cadeau d'achat avec des guides d'association nutritionnelle s'aligne sur le positionnement de la marque tout en facilitant la diffusion du contenu.<\/p>\n<\/div>\n<\/div>","protected":false},"excerpt":{"rendered":"<ul>\n<li>Cl\u00e9 USB en forme de fruit<\/li>\n<li>Mati\u00e8re PVC<\/li>\n<li>Pr\u00eat \u00e0 l'emploi<\/li>\n<li>Prise en charge de l'USB 2.0\/3.0<\/li>\n<li>MOQ:100pcs<\/li>\n<\/ul>","protected":false},"featured_media":25446,"comment_status":"open","ping_status":"closed","template":"","meta":{"_seopress_robots_primary_cat":"none","_seopress_titles_title":"","_seopress_titles_desc":"","_seopress_robots_index":""},"class_list":["post-25442","product","type-product","status-publish","has-post-thumbnail","hentry","product_cat-custom-usb-drive","product_tag-food-usb-flash-drive","product_tag-fruit-usb-flash-drive"],"_links":{"self":[{"href":"https:\/\/www.yousanusb.com\/fr\/wp-json\/wp\/v2\/product\/25442"}],"collection":[{"href":"https:\/\/www.yousanusb.com\/fr\/wp-json\/wp\/v2\/product"}],"about":[{"href":"https:\/\/www.yousanusb.com\/fr\/wp-json\/wp\/v2\/types\/product"}],"replies":[{"embeddable":true,"href":"https:\/\/www.yousanusb.com\/fr\/wp-json\/wp\/v2\/comments?post=25442"}],"wp:featuredmedia":[{"embeddable":true,"href":"https:\/\/www.yousanusb.com\/fr\/wp-json\/wp\/v2\/media\/25446"}],"wp:attachment":[{"href":"https:\/\/www.yousanusb.com\/fr\/wp-json\/wp\/v2\/media?parent=25442"}],"curies":[{"name":"wp","href":"https:\/\/api.w.org\/{rel}","templated":true}]}}