{"id":25825,"date":"2025-12-12T05:23:24","date_gmt":"2025-12-12T05:23:24","guid":{"rendered":"https:\/\/www.yousanusb.com\/?post_type=product&#038;p=25825"},"modified":"2025-12-27T01:30:51","modified_gmt":"2025-12-27T01:30:51","slug":"pvc-ice-cream-usb-flash-drive","status":"publish","type":"product","link":"https:\/\/www.yousanusb.com\/fr\/produit\/pvc-ice-cream-usb-flash-drive\/","title":{"rendered":"Cl\u00e9 USB en PVC pour cr\u00e8me glac\u00e9e"},"content":{"rendered":"<p>Les quatre motifs de cette cl\u00e9 USB ont \u00e9t\u00e9 cr\u00e9\u00e9s pour ressembler \u00e0 des boules de cr\u00e8me glac\u00e9e en plastique PVC souple. Le corps divis\u00e9 du produit permet de dissimuler le port USB \u00e0 l'int\u00e9rieur, facilitant ainsi l'acc\u00e8s \u00e0 l'utilisateur. <\/p>\n\n\n\n<p>La cl\u00e9 USB peut \u00eatre branch\u00e9e directement sur un ordinateur avec n'importe quel syst\u00e8me d'exploitation pris en charge, de 4 \u00e0 64 Go.<\/p>\n\n\n\n<div class=\"wp-block-columns is-layout-flex wp-container-core-columns-is-layout-3 wp-block-columns-is-layout-flex\">\n<div class=\"wp-block-column is-layout-flow wp-block-column-is-layout-flow\">\n<div class=\"wp-block-columns is-layout-flex wp-container-core-columns-is-layout-1 wp-block-columns-is-layout-flex\">\n<div class=\"wp-block-column is-layout-flow wp-block-column-is-layout-flow\">\n<figure class=\"wp-block-image size-full\"><img fetchpriority=\"high\" decoding=\"async\" width=\"800\" height=\"800\" src=\"https:\/\/www.yousanusb.com\/wp-content\/uploads\/2025\/12\/custom-Ice-cream-USB-flash-drive.jpg\" alt=\"\" class=\"wp-image-25829\" srcset=\"https:\/\/www.yousanusb.com\/wp-content\/uploads\/2025\/12\/custom-Ice-cream-USB-flash-drive.jpg 800w, https:\/\/www.yousanusb.com\/wp-content\/uploads\/2025\/12\/custom-Ice-cream-USB-flash-drive-300x300.jpg 300w, https:\/\/www.yousanusb.com\/wp-content\/uploads\/2025\/12\/custom-Ice-cream-USB-flash-drive-150x150.jpg 150w, https:\/\/www.yousanusb.com\/wp-content\/uploads\/2025\/12\/custom-Ice-cream-USB-flash-drive-768x768.jpg 768w, https:\/\/www.yousanusb.com\/wp-content\/uploads\/2025\/12\/custom-Ice-cream-USB-flash-drive-12x12.jpg 12w, https:\/\/www.yousanusb.com\/wp-content\/uploads\/2025\/12\/custom-Ice-cream-USB-flash-drive-600x600.jpg 600w, https:\/\/www.yousanusb.com\/wp-content\/uploads\/2025\/12\/custom-Ice-cream-USB-flash-drive-100x100.jpg 100w\" sizes=\"(max-width: 800px) 100vw, 800px\" \/><\/figure>\n<\/div>\n\n\n\n<div class=\"wp-block-column is-layout-flow wp-block-column-is-layout-flow\">\n<figure class=\"wp-block-image size-full\"><img decoding=\"async\" width=\"800\" height=\"800\" src=\"https:\/\/www.yousanusb.com\/wp-content\/uploads\/2025\/12\/ice-cream-usb-flash-drive-factory.jpg\" alt=\"\" class=\"wp-image-25830\" srcset=\"https:\/\/www.yousanusb.com\/wp-content\/uploads\/2025\/12\/ice-cream-usb-flash-drive-factory.jpg 800w, https:\/\/www.yousanusb.com\/wp-content\/uploads\/2025\/12\/ice-cream-usb-flash-drive-factory-300x300.jpg 300w, https:\/\/www.yousanusb.com\/wp-content\/uploads\/2025\/12\/ice-cream-usb-flash-drive-factory-150x150.jpg 150w, https:\/\/www.yousanusb.com\/wp-content\/uploads\/2025\/12\/ice-cream-usb-flash-drive-factory-768x768.jpg 768w, https:\/\/www.yousanusb.com\/wp-content\/uploads\/2025\/12\/ice-cream-usb-flash-drive-factory-12x12.jpg 12w, https:\/\/www.yousanusb.com\/wp-content\/uploads\/2025\/12\/ice-cream-usb-flash-drive-factory-600x600.jpg 600w, https:\/\/www.yousanusb.com\/wp-content\/uploads\/2025\/12\/ice-cream-usb-flash-drive-factory-100x100.jpg 100w\" sizes=\"(max-width: 800px) 100vw, 800px\" \/><\/figure>\n<\/div>\n<\/div>\n<\/div>\n\n\n\n<div class=\"wp-block-column is-layout-flow wp-block-column-is-layout-flow\">\n<div class=\"wp-block-columns is-layout-flex wp-container-core-columns-is-layout-2 wp-block-columns-is-layout-flex\">\n<div class=\"wp-block-column is-layout-flow wp-block-column-is-layout-flow\">\n<figure class=\"wp-block-image size-full\"><img decoding=\"async\" width=\"800\" height=\"800\" src=\"https:\/\/www.yousanusb.com\/wp-content\/uploads\/2025\/12\/ice-cream-usb-flash-drive-manufacture.jpg\" alt=\"\" class=\"wp-image-25831\" srcset=\"https:\/\/www.yousanusb.com\/wp-content\/uploads\/2025\/12\/ice-cream-usb-flash-drive-manufacture.jpg 800w, https:\/\/www.yousanusb.com\/wp-content\/uploads\/2025\/12\/ice-cream-usb-flash-drive-manufacture-300x300.jpg 300w, https:\/\/www.yousanusb.com\/wp-content\/uploads\/2025\/12\/ice-cream-usb-flash-drive-manufacture-150x150.jpg 150w, https:\/\/www.yousanusb.com\/wp-content\/uploads\/2025\/12\/ice-cream-usb-flash-drive-manufacture-768x768.jpg 768w, https:\/\/www.yousanusb.com\/wp-content\/uploads\/2025\/12\/ice-cream-usb-flash-drive-manufacture-12x12.jpg 12w, https:\/\/www.yousanusb.com\/wp-content\/uploads\/2025\/12\/ice-cream-usb-flash-drive-manufacture-600x600.jpg 600w, https:\/\/www.yousanusb.com\/wp-content\/uploads\/2025\/12\/ice-cream-usb-flash-drive-manufacture-100x100.jpg 100w\" sizes=\"(max-width: 800px) 100vw, 800px\" \/><\/figure>\n<\/div>\n\n\n\n<div class=\"wp-block-column is-layout-flow wp-block-column-is-layout-flow\">\n<figure class=\"wp-block-image size-full\"><img loading=\"lazy\" decoding=\"async\" width=\"800\" height=\"800\" src=\"https:\/\/www.yousanusb.com\/wp-content\/uploads\/2025\/12\/Ice-cream-USB-flash-drive.jpg\" alt=\"\" class=\"wp-image-25832\" srcset=\"https:\/\/www.yousanusb.com\/wp-content\/uploads\/2025\/12\/Ice-cream-USB-flash-drive.jpg 800w, https:\/\/www.yousanusb.com\/wp-content\/uploads\/2025\/12\/Ice-cream-USB-flash-drive-300x300.jpg 300w, https:\/\/www.yousanusb.com\/wp-content\/uploads\/2025\/12\/Ice-cream-USB-flash-drive-150x150.jpg 150w, https:\/\/www.yousanusb.com\/wp-content\/uploads\/2025\/12\/Ice-cream-USB-flash-drive-768x768.jpg 768w, https:\/\/www.yousanusb.com\/wp-content\/uploads\/2025\/12\/Ice-cream-USB-flash-drive-12x12.jpg 12w, https:\/\/www.yousanusb.com\/wp-content\/uploads\/2025\/12\/Ice-cream-USB-flash-drive-600x600.jpg 600w, https:\/\/www.yousanusb.com\/wp-content\/uploads\/2025\/12\/Ice-cream-USB-flash-drive-100x100.jpg 100w\" sizes=\"(max-width: 800px) 100vw, 800px\" \/><\/figure>\n<\/div>\n<\/div>\n<\/div>\n<\/div>\n\n\n\n<div class=\"wp-block-columns is-layout-flex wp-container-core-columns-is-layout-4 wp-block-columns-is-layout-flex\">\n<div class=\"wp-block-column is-layout-flow wp-block-column-is-layout-flow\">\n<figure class=\"wp-block-image size-full\"><img loading=\"lazy\" decoding=\"async\" width=\"800\" height=\"800\" src=\"https:\/\/www.yousanusb.com\/wp-content\/uploads\/2025\/12\/PVC-Creative-Ice-Cream-USB-drive.jpg\" alt=\"\" class=\"wp-image-25834\" srcset=\"https:\/\/www.yousanusb.com\/wp-content\/uploads\/2025\/12\/PVC-Creative-Ice-Cream-USB-drive.jpg 800w, https:\/\/www.yousanusb.com\/wp-content\/uploads\/2025\/12\/PVC-Creative-Ice-Cream-USB-drive-300x300.jpg 300w, https:\/\/www.yousanusb.com\/wp-content\/uploads\/2025\/12\/PVC-Creative-Ice-Cream-USB-drive-150x150.jpg 150w, https:\/\/www.yousanusb.com\/wp-content\/uploads\/2025\/12\/PVC-Creative-Ice-Cream-USB-drive-768x768.jpg 768w, https:\/\/www.yousanusb.com\/wp-content\/uploads\/2025\/12\/PVC-Creative-Ice-Cream-USB-drive-12x12.jpg 12w, https:\/\/www.yousanusb.com\/wp-content\/uploads\/2025\/12\/PVC-Creative-Ice-Cream-USB-drive-600x600.jpg 600w, https:\/\/www.yousanusb.com\/wp-content\/uploads\/2025\/12\/PVC-Creative-Ice-Cream-USB-drive-100x100.jpg 100w\" sizes=\"(max-width: 800px) 100vw, 800px\" \/><\/figure>\n<\/div>\n\n\n\n<div class=\"wp-block-column is-vertically-aligned-center is-layout-flow wp-block-column-is-layout-flow\">\n<h3 class=\"wp-block-heading\">En tant que cadeau, il convient aux entreprises, aux secteurs et aux \u00e9v\u00e9nements suivants :<\/h3>\n\n\n\n<ol class=\"wp-block-list\">\n<li><strong>Marques de glaces et autres confiseries :<\/strong> Les cadeaux de lancement de nouveaux produits font l'objet d'une promotion crois\u00e9e avec des \u00e9v\u00e9nements d'\u00e9chantillonnage de produits pour une forte association avec la marque.<\/li>\n\n\n\n<li><strong>Cha\u00eene de restaurants de th\u00e9 \u00e0 bulles et de desserts :<\/strong> Cadeaux pour ceux qui d\u00e9pensent une certaine somme d'argent (au moins) et Cadeaux promotionnels d'\u00e9t\u00e9.<\/li>\n\n\n\n<li><strong>Marketing des produits de grande consommation :<\/strong> Cadeaux provenant de promotions de type \"acheter-x-obtenir-x\" sur les plateformes de commerce \u00e9lectronique pour augmenter la valeur moyenne des commandes et conception ludique des articles cadeaux pour encourager le partage par les utilisateurs sur les m\u00e9dias sociaux.<\/li>\n\n\n\n<li><strong>Avantages sociaux des entreprises :<\/strong> Des kits de soins pour les employ\u00e9s en \u00e9t\u00e9 ou des cadeaux de vacances pour les jeunes \u00e9quipes afin de concilier pratique et plaisir.<\/li>\n\n\n\n<li><strong>Salons professionnels : <\/strong>Cadeaux d'inscription aux salons de l'industrie alimentaire pr\u00e9charg\u00e9s avec du mat\u00e9riel d'entreprise pour renforcer la visibilit\u00e9 de la marque.<\/li>\n<\/ol>\n<\/div>\n<\/div>\n\n\n\n<div class=\"wp-block-columns is-layout-flex wp-container-core-columns-is-layout-5 wp-block-columns-is-layout-flex\">\n<div class=\"wp-block-column is-vertically-aligned-center is-layout-flow wp-block-column-is-layout-flow\">\n<h3 class=\"wp-block-heading\">Prenons l'exemple de l'IFT Food Expo et planifions la campagne de la cl\u00e9 USB pour la cr\u00e8me glac\u00e9e :<\/h3>\n\n\n\n<ol class=\"wp-block-list\">\n<li><strong>Engagement sur place<\/strong><\/li>\n\n\n\n<li><strong>Inscription<\/strong>: Scannez un code QR pour vous inscrire et suivez nos comptes de m\u00e9dias sociaux \u00e0 l'\u00e9tranger, puis recevez une cl\u00e9 USB de cr\u00e8me glac\u00e9e pr\u00e9charg\u00e9e avec notre dernier catalogue de produits et un livre blanc technique sur la R&amp;D.<\/li>\n\n\n\n<li><strong>Zone d'exp\u00e9rience de bricolage<\/strong>: Visitez notre stand \"Creative Ice Cream DIY\" pour personnaliser votre bo\u00eetier de cl\u00e9 USB avec des textures inspir\u00e9es des saveurs (par exemple, notre palette de couleurs signature). Partagez votre cr\u00e9ation sur LinkedIn\/Instagram avec\u00a0<strong>#BrandXCoolTreats<\/strong>.<\/li>\n\n\n\n<li>Engagement apr\u00e8s l'\u00e9v\u00e9nement<\/li>\n\n\n\n<li><strong>Concours sur les m\u00e9dias sociaux<\/strong>: Participez \u00e0 notre concours \"Meilleur design de cl\u00e9 USB pour cr\u00e8me glac\u00e9e\" apr\u00e8s le salon ! Soumettez des cas d'utilisation cr\u00e9atifs de votre cl\u00e9 USB associ\u00e9e \u00e0 nos produits (par exemple, le stockage de donn\u00e9es de test de produits). Les gagnants b\u00e9n\u00e9ficieront d'un statut prioritaire en tant que partenaires fournisseurs annuels.<\/li>\n<\/ol>\n<\/div>\n\n\n\n<div class=\"wp-block-column is-layout-flow wp-block-column-is-layout-flow\">\n<figure class=\"wp-block-image size-full\"><img loading=\"lazy\" decoding=\"async\" width=\"800\" height=\"800\" src=\"https:\/\/www.yousanusb.com\/wp-content\/uploads\/2025\/12\/USB-Flash-Drive-2.0-3.0-Cute-ICE-Cream-Memory-Stick.jpg\" alt=\"\" class=\"wp-image-25835\" srcset=\"https:\/\/www.yousanusb.com\/wp-content\/uploads\/2025\/12\/USB-Flash-Drive-2.0-3.0-Cute-ICE-Cream-Memory-Stick.jpg 800w, https:\/\/www.yousanusb.com\/wp-content\/uploads\/2025\/12\/USB-Flash-Drive-2.0-3.0-Cute-ICE-Cream-Memory-Stick-300x300.jpg 300w, https:\/\/www.yousanusb.com\/wp-content\/uploads\/2025\/12\/USB-Flash-Drive-2.0-3.0-Cute-ICE-Cream-Memory-Stick-150x150.jpg 150w, https:\/\/www.yousanusb.com\/wp-content\/uploads\/2025\/12\/USB-Flash-Drive-2.0-3.0-Cute-ICE-Cream-Memory-Stick-768x768.jpg 768w, https:\/\/www.yousanusb.com\/wp-content\/uploads\/2025\/12\/USB-Flash-Drive-2.0-3.0-Cute-ICE-Cream-Memory-Stick-12x12.jpg 12w, https:\/\/www.yousanusb.com\/wp-content\/uploads\/2025\/12\/USB-Flash-Drive-2.0-3.0-Cute-ICE-Cream-Memory-Stick-600x600.jpg 600w, https:\/\/www.yousanusb.com\/wp-content\/uploads\/2025\/12\/USB-Flash-Drive-2.0-3.0-Cute-ICE-Cream-Memory-Stick-100x100.jpg 100w\" sizes=\"(max-width: 800px) 100vw, 800px\" \/><\/figure>\n<\/div>\n<\/div>\n\n\n\n<p>Les clients participants sont invit\u00e9s \u00e0 rejoindre notre \"Communaut\u00e9 mondiale de l'innovation alimentaire\" pour b\u00e9n\u00e9ficier r\u00e9guli\u00e8rement d'informations techniques et d'opportunit\u00e9s de collaboration.<\/p>","protected":false},"excerpt":{"rendered":"<ul>\n<li>Caoutchouc souple en PVC, imperm\u00e9able et r\u00e9sistant aux chocs<\/li>\n<li>Aspect r\u00e9aliste des aliments, livr\u00e9 avec une lani\u00e8re pour un transport facile<\/li>\n<li>Compatible avec Windows\/macOS<\/li>\n<li>Impression de logos et pr\u00e9chargement de contenu possibles<\/li>\n<li>MOQ : 100 pi\u00e8ces<\/li>\n<\/ul>","protected":false},"featured_media":25836,"comment_status":"open","ping_status":"closed","template":"","meta":{"_seopress_robots_primary_cat":"none","_seopress_titles_title":"","_seopress_titles_desc":"","_seopress_robots_index":""},"class_list":["post-25825","product","type-product","status-publish","has-post-thumbnail","hentry","product_cat-custom-usb-drive","product_tag-food-usb-flash-drive"],"_links":{"self":[{"href":"https:\/\/www.yousanusb.com\/fr\/wp-json\/wp\/v2\/product\/25825"}],"collection":[{"href":"https:\/\/www.yousanusb.com\/fr\/wp-json\/wp\/v2\/product"}],"about":[{"href":"https:\/\/www.yousanusb.com\/fr\/wp-json\/wp\/v2\/types\/product"}],"replies":[{"embeddable":true,"href":"https:\/\/www.yousanusb.com\/fr\/wp-json\/wp\/v2\/comments?post=25825"}],"wp:featuredmedia":[{"embeddable":true,"href":"https:\/\/www.yousanusb.com\/fr\/wp-json\/wp\/v2\/media\/25836"}],"wp:attachment":[{"href":"https:\/\/www.yousanusb.com\/fr\/wp-json\/wp\/v2\/media?parent=25825"}],"curies":[{"name":"wp","href":"https:\/\/api.w.org\/{rel}","templated":true}]}}