{"id":26058,"date":"2025-12-15T07:00:25","date_gmt":"2025-12-15T07:00:25","guid":{"rendered":"https:\/\/www.yousanusb.com\/?post_type=product&#038;p=26058"},"modified":"2025-12-27T01:26:39","modified_gmt":"2025-12-27T01:26:39","slug":"chocolate-pvc-usb-flash-drive","status":"publish","type":"product","link":"https:\/\/www.yousanusb.com\/fr\/produit\/chocolate-pvc-usb-flash-drive\/","title":{"rendered":"Cl\u00e9 USB en PVC au chocolat"},"content":{"rendered":"<div class=\"wp-block-columns is-layout-flex wp-container-core-columns-is-layout-1 wp-block-columns-is-layout-flex\">\n<div class=\"wp-block-column is-layout-flow wp-block-column-is-layout-flow\">\n<figure class=\"wp-block-image size-full\"><img fetchpriority=\"high\" decoding=\"async\" width=\"800\" height=\"800\" src=\"https:\/\/www.yousanusb.com\/wp-content\/uploads\/2025\/12\/Chocolate-USB-flash-drive.jpg\" alt=\"\" class=\"wp-image-26115\" srcset=\"https:\/\/www.yousanusb.com\/wp-content\/uploads\/2025\/12\/Chocolate-USB-flash-drive.jpg 800w, https:\/\/www.yousanusb.com\/wp-content\/uploads\/2025\/12\/Chocolate-USB-flash-drive-300x300.jpg 300w, https:\/\/www.yousanusb.com\/wp-content\/uploads\/2025\/12\/Chocolate-USB-flash-drive-150x150.jpg 150w, https:\/\/www.yousanusb.com\/wp-content\/uploads\/2025\/12\/Chocolate-USB-flash-drive-768x768.jpg 768w, https:\/\/www.yousanusb.com\/wp-content\/uploads\/2025\/12\/Chocolate-USB-flash-drive-12x12.jpg 12w, https:\/\/www.yousanusb.com\/wp-content\/uploads\/2025\/12\/Chocolate-USB-flash-drive-600x600.jpg 600w, https:\/\/www.yousanusb.com\/wp-content\/uploads\/2025\/12\/Chocolate-USB-flash-drive-100x100.jpg 100w\" sizes=\"(max-width: 800px) 100vw, 800px\" \/><\/figure>\n<\/div>\n\n\n\n<div class=\"wp-block-column is-vertically-aligned-center is-layout-flow wp-block-column-is-layout-flow\">\n<p><\/p>\n\n\n\n<p>Non seulement cette cl\u00e9 USB en chocolat est belle gr\u00e2ce \u00e0 son caoutchouc PVC souple, mais elle est disponible en trois styles tr\u00e8s mignons : une barre de chocolat classique, l'inscription \"My Sweet\" et un motif en forme de c\u0153ur ! <\/p>\n\n\n\n<p>Chacun de ces lecteurs a \u00e9t\u00e9 fabriqu\u00e9 en PVC souple, non marquant et r\u00e9sistant aux chocs, et dispose d'une interface USB universelle afin de pouvoir \u00eatre utilis\u00e9 pour le transfert fiable de donn\u00e9es tout en s'amusant.<\/p>\n<\/div>\n<\/div>\n\n\n\n<p>Cette cl\u00e9 USB de marque en forme de barre de chocolat convient pour :<\/p>\n\n\n\n<ol class=\"wp-block-list\">\n<li>Industrie alimentaire et des boissons (marques de chocolat et de desserts) : Lors du lancement d'un nouveau produit ou d'un \u00e9v\u00e9nement de remerciement \u00e0 la client\u00e8le, incluez la cl\u00e9 USB en tant que marchandise de marque. Pr\u00e9chargez-la avec des manuels de produits, des recettes et d'autres contenus pour renforcer l'identit\u00e9 \"sucr\u00e9e\" de la marque, en vous alignant sur les march\u00e9s des gourmands en Europe, en Am\u00e9rique, en Asie du Sud-Est et au-del\u00e0.<\/li>\n\n\n\n<li>Saint-Valentin\/\u00e9v\u00e9nements li\u00e9s au mariage : Les organisateurs de mariages et les marques de bijoux peuvent utiliser des cl\u00e9s USB en forme de c\u0153ur contenant des invitations num\u00e9riques et des coupons comme cadeaux publicitaires, en s'alignant sur les th\u00e8mes romantiques.<\/li>\n\n\n\n<li>Industrie de l'\u00e9ducation et de la formation (\u00e9tablissements de cours de boulangerie) : Stocker les supports de cours et les vid\u00e9os p\u00e9dagogiques sur des cl\u00e9s USB comme cadeaux de fin d'\u00e9tudes pour les \u00e9tudiants. Les designs reprennent les th\u00e8mes de la p\u00e2tisserie, r\u00e9pondant ainsi \u00e0 la demande de marchandises des march\u00e9s de formation pratique en Europe, en Am\u00e9rique et ailleurs.<\/li>\n<\/ol>\n\n\n\n<div class=\"wp-block-columns is-layout-flex wp-container-core-columns-is-layout-2 wp-block-columns-is-layout-flex\">\n<div class=\"wp-block-column is-layout-flow wp-block-column-is-layout-flow\">\n<figure class=\"wp-block-image size-full\"><img decoding=\"async\" width=\"800\" height=\"800\" src=\"https:\/\/www.yousanusb.com\/wp-content\/uploads\/2025\/12\/custom-chocolate-usb-pen-drive.jpg\" alt=\"\" class=\"wp-image-26116\" srcset=\"https:\/\/www.yousanusb.com\/wp-content\/uploads\/2025\/12\/custom-chocolate-usb-pen-drive.jpg 800w, https:\/\/www.yousanusb.com\/wp-content\/uploads\/2025\/12\/custom-chocolate-usb-pen-drive-300x300.jpg 300w, https:\/\/www.yousanusb.com\/wp-content\/uploads\/2025\/12\/custom-chocolate-usb-pen-drive-150x150.jpg 150w, https:\/\/www.yousanusb.com\/wp-content\/uploads\/2025\/12\/custom-chocolate-usb-pen-drive-768x768.jpg 768w, https:\/\/www.yousanusb.com\/wp-content\/uploads\/2025\/12\/custom-chocolate-usb-pen-drive-12x12.jpg 12w, https:\/\/www.yousanusb.com\/wp-content\/uploads\/2025\/12\/custom-chocolate-usb-pen-drive-600x600.jpg 600w, https:\/\/www.yousanusb.com\/wp-content\/uploads\/2025\/12\/custom-chocolate-usb-pen-drive-100x100.jpg 100w\" sizes=\"(max-width: 800px) 100vw, 800px\" \/><\/figure>\n<\/div>\n\n\n\n<div class=\"wp-block-column is-layout-flow wp-block-column-is-layout-flow\">\n<figure class=\"wp-block-image size-full\"><img decoding=\"async\" width=\"800\" height=\"800\" src=\"https:\/\/www.yousanusb.com\/wp-content\/uploads\/2025\/12\/chocolate-usb-drive.jpg\" alt=\"\" class=\"wp-image-26114\" srcset=\"https:\/\/www.yousanusb.com\/wp-content\/uploads\/2025\/12\/chocolate-usb-drive.jpg 800w, https:\/\/www.yousanusb.com\/wp-content\/uploads\/2025\/12\/chocolate-usb-drive-300x300.jpg 300w, https:\/\/www.yousanusb.com\/wp-content\/uploads\/2025\/12\/chocolate-usb-drive-150x150.jpg 150w, https:\/\/www.yousanusb.com\/wp-content\/uploads\/2025\/12\/chocolate-usb-drive-768x768.jpg 768w, https:\/\/www.yousanusb.com\/wp-content\/uploads\/2025\/12\/chocolate-usb-drive-12x12.jpg 12w, https:\/\/www.yousanusb.com\/wp-content\/uploads\/2025\/12\/chocolate-usb-drive-600x600.jpg 600w, https:\/\/www.yousanusb.com\/wp-content\/uploads\/2025\/12\/chocolate-usb-drive-100x100.jpg 100w\" sizes=\"(max-width: 800px) 100vw, 800px\" \/><\/figure>\n<\/div>\n\n\n\n<div class=\"wp-block-column is-layout-flow wp-block-column-is-layout-flow\">\n<figure class=\"wp-block-image size-full\"><img loading=\"lazy\" decoding=\"async\" width=\"800\" height=\"800\" src=\"https:\/\/www.yousanusb.com\/wp-content\/uploads\/2025\/12\/heart-chocolate-usb-drive.jpg\" alt=\"\" class=\"wp-image-26117\" srcset=\"https:\/\/www.yousanusb.com\/wp-content\/uploads\/2025\/12\/heart-chocolate-usb-drive.jpg 800w, https:\/\/www.yousanusb.com\/wp-content\/uploads\/2025\/12\/heart-chocolate-usb-drive-300x300.jpg 300w, https:\/\/www.yousanusb.com\/wp-content\/uploads\/2025\/12\/heart-chocolate-usb-drive-150x150.jpg 150w, https:\/\/www.yousanusb.com\/wp-content\/uploads\/2025\/12\/heart-chocolate-usb-drive-768x768.jpg 768w, https:\/\/www.yousanusb.com\/wp-content\/uploads\/2025\/12\/heart-chocolate-usb-drive-12x12.jpg 12w, https:\/\/www.yousanusb.com\/wp-content\/uploads\/2025\/12\/heart-chocolate-usb-drive-600x600.jpg 600w, https:\/\/www.yousanusb.com\/wp-content\/uploads\/2025\/12\/heart-chocolate-usb-drive-100x100.jpg 100w\" sizes=\"(max-width: 800px) 100vw, 800px\" \/><\/figure>\n<\/div>\n<\/div>\n\n\n\n<h2 class=\"wp-block-heading\">Pour les marques de chocolat\/dessert, comment cette cl\u00e9 USB peut-elle favoriser des liens profonds avec les clients ?<\/h2>\n\n\n\n<div class=\"wp-block-columns is-layout-flex wp-container-core-columns-is-layout-3 wp-block-columns-is-layout-flex\">\n<div class=\"wp-block-column is-vertically-aligned-center is-layout-flow wp-block-column-is-layout-flow\">\n<p>Int\u00e9gration de contenu personnalis\u00e9 : Pr\u00e9chargez l'USB avec des recettes de desserts exclusives et limit\u00e9es \u00e0 la marque, des vid\u00e9os des coulisses des ateliers de production de chocolat et des cartes de membre num\u00e9riques personnalis\u00e9es (avec des points suppl\u00e9mentaires pour les achats de la premi\u00e8re commande). Transformez la cl\u00e9 USB en un support d'avantages de premier ordre, et non en un simple cadeau g\u00e9n\u00e9rique.<br><br>Guide de l'engagement UGC : Inclure des instructions pour un \"d\u00e9fi de cr\u00e9ation sucr\u00e9e\". Les clients qui r\u00e9alisent des desserts en utilisant les recettes et qui postent leurs cr\u00e9ations sur Instagram\/Facebook avec les tags et hashtags de la marque (par exemple, #XXChocolateUSBRecipe) peuvent obtenir de nouveaux produits en format d'essai. La marque s\u00e9lectionne et rediffuse du contenu de haute qualit\u00e9 sur les comptes officiels, amplifiant ainsi l'implication des clients et l'affinit\u00e9 avec la marque.<\/p>\n<\/div>\n\n\n\n<div class=\"wp-block-column is-layout-flow wp-block-column-is-layout-flow\">\n<figure class=\"wp-block-image size-full\"><img loading=\"lazy\" decoding=\"async\" width=\"800\" height=\"800\" src=\"https:\/\/www.yousanusb.com\/wp-content\/uploads\/2025\/12\/heart-Chocolate-USB-flash-drive.jpg\" alt=\"\" class=\"wp-image-26118\" srcset=\"https:\/\/www.yousanusb.com\/wp-content\/uploads\/2025\/12\/heart-Chocolate-USB-flash-drive.jpg 800w, https:\/\/www.yousanusb.com\/wp-content\/uploads\/2025\/12\/heart-Chocolate-USB-flash-drive-300x300.jpg 300w, https:\/\/www.yousanusb.com\/wp-content\/uploads\/2025\/12\/heart-Chocolate-USB-flash-drive-150x150.jpg 150w, https:\/\/www.yousanusb.com\/wp-content\/uploads\/2025\/12\/heart-Chocolate-USB-flash-drive-768x768.jpg 768w, https:\/\/www.yousanusb.com\/wp-content\/uploads\/2025\/12\/heart-Chocolate-USB-flash-drive-12x12.jpg 12w, https:\/\/www.yousanusb.com\/wp-content\/uploads\/2025\/12\/heart-Chocolate-USB-flash-drive-600x600.jpg 600w, https:\/\/www.yousanusb.com\/wp-content\/uploads\/2025\/12\/heart-Chocolate-USB-flash-drive-100x100.jpg 100w\" sizes=\"(max-width: 800px) 100vw, 800px\" \/><\/figure>\n<\/div>\n<\/div>\n\n\n\n<div class=\"wp-block-columns is-layout-flex wp-container-core-columns-is-layout-4 wp-block-columns-is-layout-flex\">\n<div class=\"wp-block-column is-layout-flow wp-block-column-is-layout-flow\">\n<figure class=\"wp-block-image size-full\"><img loading=\"lazy\" decoding=\"async\" width=\"800\" height=\"800\" src=\"https:\/\/www.yousanusb.com\/wp-content\/uploads\/2025\/12\/Chocolate-stick-usb-flash-drive.jpg\" alt=\"\" class=\"wp-image-26113\" srcset=\"https:\/\/www.yousanusb.com\/wp-content\/uploads\/2025\/12\/Chocolate-stick-usb-flash-drive.jpg 800w, https:\/\/www.yousanusb.com\/wp-content\/uploads\/2025\/12\/Chocolate-stick-usb-flash-drive-300x300.jpg 300w, https:\/\/www.yousanusb.com\/wp-content\/uploads\/2025\/12\/Chocolate-stick-usb-flash-drive-150x150.jpg 150w, https:\/\/www.yousanusb.com\/wp-content\/uploads\/2025\/12\/Chocolate-stick-usb-flash-drive-768x768.jpg 768w, https:\/\/www.yousanusb.com\/wp-content\/uploads\/2025\/12\/Chocolate-stick-usb-flash-drive-12x12.jpg 12w, https:\/\/www.yousanusb.com\/wp-content\/uploads\/2025\/12\/Chocolate-stick-usb-flash-drive-600x600.jpg 600w, https:\/\/www.yousanusb.com\/wp-content\/uploads\/2025\/12\/Chocolate-stick-usb-flash-drive-100x100.jpg 100w\" sizes=\"(max-width: 800px) 100vw, 800px\" \/><\/figure>\n<\/div>\n\n\n\n<div class=\"wp-block-column is-vertically-aligned-center is-layout-flow wp-block-column-is-layout-flow\">\n<p><strong>Renforcer la fid\u00e9lit\u00e9 \u00e0 la marque gr\u00e2ce \u00e0 l'engagement de domaines priv\u00e9s pilot\u00e9s par USB<\/strong><\/p>\n\n\n\n<p>Scannez le code QR sur votre USB pour rejoindre notre communaut\u00e9 WhatsApp et recevoir des recettes mensuelles et des alertes de contenu saisonnier en \u00e9dition limit\u00e9e.<\/p>\n\n\n\n<p>Profitez d'une remise exclusive sur l'USB 10% lors de votre prochain achat gr\u00e2ce au code unique inclus.<\/p>\n\n\n\n<p>Associez la remise \u00e0 votre num\u00e9ro d'adh\u00e9rent pour \u00e9changer des points contre des articles de marque.<\/p>\n\n\n\n<p>Transformez chaque USB en une connexion directe avec votre marque, en cr\u00e9ant un cycle d'engagement transparent qui favorise les achats r\u00e9p\u00e9t\u00e9s.<\/p>\n<\/div>\n<\/div>\n\n\n\n<p><\/p>","protected":false},"excerpt":{"rendered":"<ul>\n<li>Forme cr\u00e9ative en chocolat<\/li>\n<li>PVC caoutchouc souple<\/li>\n<li>3 formes de style<\/li>\n<li>Contenu\/logo personnalisable<\/li>\n<li>MOQ\uff1a100pcs<\/li>\n<\/ul>","protected":false},"featured_media":26116,"comment_status":"open","ping_status":"closed","template":"","meta":{"_seopress_robots_primary_cat":"none","_seopress_titles_title":"","_seopress_titles_desc":"","_seopress_robots_index":""},"class_list":["post-26058","product","type-product","status-publish","has-post-thumbnail","hentry","product_cat-custom-usb-drive","product_tag-food-usb-flash-drive"],"_links":{"self":[{"href":"https:\/\/www.yousanusb.com\/fr\/wp-json\/wp\/v2\/product\/26058"}],"collection":[{"href":"https:\/\/www.yousanusb.com\/fr\/wp-json\/wp\/v2\/product"}],"about":[{"href":"https:\/\/www.yousanusb.com\/fr\/wp-json\/wp\/v2\/types\/product"}],"replies":[{"embeddable":true,"href":"https:\/\/www.yousanusb.com\/fr\/wp-json\/wp\/v2\/comments?post=26058"}],"wp:featuredmedia":[{"embeddable":true,"href":"https:\/\/www.yousanusb.com\/fr\/wp-json\/wp\/v2\/media\/26116"}],"wp:attachment":[{"href":"https:\/\/www.yousanusb.com\/fr\/wp-json\/wp\/v2\/media?parent=26058"}],"curies":[{"name":"wp","href":"https:\/\/api.w.org\/{rel}","templated":true}]}}