{"id":26195,"date":"2025-12-16T07:38:26","date_gmt":"2025-12-16T07:38:26","guid":{"rendered":"https:\/\/www.yousanusb.com\/?post_type=product&#038;p=26195"},"modified":"2025-12-16T08:06:24","modified_gmt":"2025-12-16T08:06:24","slug":"custom-sushi-usb-flash-drive","status":"publish","type":"product","link":"https:\/\/www.yousanusb.com\/fr\/produit\/custom-sushi-usb-flash-drive\/","title":{"rendered":"Cl\u00e9 USB Sushi personnalis\u00e9e"},"content":{"rendered":"<p>Cette s\u00e9rie de cl\u00e9s USB en forme de sushi comprend quatre mod\u00e8les : sushi au caviar, sushi nigiri aux crevettes, sushi nigiri au saumon et sushi maki. Chaque motif reproduit la forme du sushi correspondant et reproduit la texture et les d\u00e9tails des ingr\u00e9dients. La capacit\u00e9 de stockage va de 8 Go \u00e0 128 Go (en option). <\/p>\n\n\n\n<div class=\"wp-block-columns is-layout-flex wp-container-core-columns-is-layout-1 wp-block-columns-is-layout-flex\">\n<div class=\"wp-block-column is-layout-flow wp-block-column-is-layout-flow\"><div class=\"wp-block-image\">\n<figure class=\"aligncenter size-full\"><img fetchpriority=\"high\" decoding=\"async\" width=\"800\" height=\"800\" src=\"https:\/\/www.yousanusb.com\/wp-content\/uploads\/2025\/12\/Caviar-Sushi-usb-flash-drive.jpg\" alt=\"\" class=\"wp-image-26212\" srcset=\"https:\/\/www.yousanusb.com\/wp-content\/uploads\/2025\/12\/Caviar-Sushi-usb-flash-drive.jpg 800w, https:\/\/www.yousanusb.com\/wp-content\/uploads\/2025\/12\/Caviar-Sushi-usb-flash-drive-300x300.jpg 300w, https:\/\/www.yousanusb.com\/wp-content\/uploads\/2025\/12\/Caviar-Sushi-usb-flash-drive-150x150.jpg 150w, https:\/\/www.yousanusb.com\/wp-content\/uploads\/2025\/12\/Caviar-Sushi-usb-flash-drive-768x768.jpg 768w, https:\/\/www.yousanusb.com\/wp-content\/uploads\/2025\/12\/Caviar-Sushi-usb-flash-drive-12x12.jpg 12w, https:\/\/www.yousanusb.com\/wp-content\/uploads\/2025\/12\/Caviar-Sushi-usb-flash-drive-600x600.jpg 600w, https:\/\/www.yousanusb.com\/wp-content\/uploads\/2025\/12\/Caviar-Sushi-usb-flash-drive-100x100.jpg 100w\" sizes=\"(max-width: 800px) 100vw, 800px\" \/><figcaption class=\"wp-element-caption\">Cl\u00e9 USB Caviar Sushi<\/figcaption><\/figure><\/div>\n\n\n<p>Reproduit l'aspect des sushis au caviar, avec des grains d'\u0153ufs rouges et des d\u00e9corations en concombre, et pr\u00e9sente un design r\u00e9aliste.<\/p>\n<\/div>\n\n\n\n<div class=\"wp-block-column is-layout-flow wp-block-column-is-layout-flow\"><div class=\"wp-block-image\">\n<figure class=\"aligncenter size-full\"><img decoding=\"async\" width=\"800\" height=\"800\" src=\"https:\/\/www.yousanusb.com\/wp-content\/uploads\/2025\/12\/Prawn-Sushi-usb-flash-drive.jpg\" alt=\"\" class=\"wp-image-26214\" srcset=\"https:\/\/www.yousanusb.com\/wp-content\/uploads\/2025\/12\/Prawn-Sushi-usb-flash-drive.jpg 800w, https:\/\/www.yousanusb.com\/wp-content\/uploads\/2025\/12\/Prawn-Sushi-usb-flash-drive-300x300.jpg 300w, https:\/\/www.yousanusb.com\/wp-content\/uploads\/2025\/12\/Prawn-Sushi-usb-flash-drive-150x150.jpg 150w, https:\/\/www.yousanusb.com\/wp-content\/uploads\/2025\/12\/Prawn-Sushi-usb-flash-drive-768x768.jpg 768w, https:\/\/www.yousanusb.com\/wp-content\/uploads\/2025\/12\/Prawn-Sushi-usb-flash-drive-12x12.jpg 12w, https:\/\/www.yousanusb.com\/wp-content\/uploads\/2025\/12\/Prawn-Sushi-usb-flash-drive-600x600.jpg 600w, https:\/\/www.yousanusb.com\/wp-content\/uploads\/2025\/12\/Prawn-Sushi-usb-flash-drive-100x100.jpg 100w\" sizes=\"(max-width: 800px) 100vw, 800px\" \/><figcaption class=\"wp-element-caption\">Cl\u00e9 USB Prawn Sushi<\/figcaption><\/figure><\/div>\n\n\n<p>Reproduit la forme du sushi nigiri aux crevettes, reproduit la texture des crevettes et la base du riz, et pr\u00e9sente un design r\u00e9aliste.<\/p>\n<\/div>\n<\/div>\n\n\n\n<div class=\"wp-block-columns is-layout-flex wp-container-core-columns-is-layout-2 wp-block-columns-is-layout-flex\">\n<div class=\"wp-block-column is-layout-flow wp-block-column-is-layout-flow\"><div class=\"wp-block-image\">\n<figure class=\"aligncenter size-full\"><img decoding=\"async\" width=\"800\" height=\"800\" src=\"https:\/\/www.yousanusb.com\/wp-content\/uploads\/2025\/12\/Salmon-Sushi-usb-flash-drive.jpg\" alt=\"\" class=\"wp-image-26215\" srcset=\"https:\/\/www.yousanusb.com\/wp-content\/uploads\/2025\/12\/Salmon-Sushi-usb-flash-drive.jpg 800w, https:\/\/www.yousanusb.com\/wp-content\/uploads\/2025\/12\/Salmon-Sushi-usb-flash-drive-300x300.jpg 300w, https:\/\/www.yousanusb.com\/wp-content\/uploads\/2025\/12\/Salmon-Sushi-usb-flash-drive-150x150.jpg 150w, https:\/\/www.yousanusb.com\/wp-content\/uploads\/2025\/12\/Salmon-Sushi-usb-flash-drive-768x768.jpg 768w, https:\/\/www.yousanusb.com\/wp-content\/uploads\/2025\/12\/Salmon-Sushi-usb-flash-drive-12x12.jpg 12w, https:\/\/www.yousanusb.com\/wp-content\/uploads\/2025\/12\/Salmon-Sushi-usb-flash-drive-600x600.jpg 600w, https:\/\/www.yousanusb.com\/wp-content\/uploads\/2025\/12\/Salmon-Sushi-usb-flash-drive-100x100.jpg 100w\" sizes=\"(max-width: 800px) 100vw, 800px\" \/><figcaption class=\"wp-element-caption\">Cl\u00e9 USB Salmon Sushi<\/figcaption><\/figure><\/div>\n\n\n<p>Simule l'apparence du nigiri sushi au saumon, reproduit la texture du saumon et la portion de riz, et a un design qui ressemble beaucoup \u00e0 l'article r\u00e9el.<\/p>\n<\/div>\n\n\n\n<div class=\"wp-block-column is-layout-flow wp-block-column-is-layout-flow\"><div class=\"wp-block-image\">\n<figure class=\"aligncenter size-full\"><img loading=\"lazy\" decoding=\"async\" width=\"800\" height=\"800\" src=\"https:\/\/www.yousanusb.com\/wp-content\/uploads\/2025\/12\/custom-Sushi-USB-flash-drive.jpg\" alt=\"\" class=\"wp-image-26217\" srcset=\"https:\/\/www.yousanusb.com\/wp-content\/uploads\/2025\/12\/custom-Sushi-USB-flash-drive.jpg 800w, https:\/\/www.yousanusb.com\/wp-content\/uploads\/2025\/12\/custom-Sushi-USB-flash-drive-300x300.jpg 300w, https:\/\/www.yousanusb.com\/wp-content\/uploads\/2025\/12\/custom-Sushi-USB-flash-drive-150x150.jpg 150w, https:\/\/www.yousanusb.com\/wp-content\/uploads\/2025\/12\/custom-Sushi-USB-flash-drive-768x768.jpg 768w, https:\/\/www.yousanusb.com\/wp-content\/uploads\/2025\/12\/custom-Sushi-USB-flash-drive-12x12.jpg 12w, https:\/\/www.yousanusb.com\/wp-content\/uploads\/2025\/12\/custom-Sushi-USB-flash-drive-600x600.jpg 600w, https:\/\/www.yousanusb.com\/wp-content\/uploads\/2025\/12\/custom-Sushi-USB-flash-drive-100x100.jpg 100w\" sizes=\"(max-width: 800px) 100vw, 800px\" \/><figcaption class=\"wp-element-caption\">Cl\u00e9 USB personnalis\u00e9e Sushi<\/figcaption><\/figure><\/div>\n\n\n<p>Adopte la forme transversale des makis sushi et pr\u00e9sente un style r\u00e9aliste de riz et de garnitures multicolores.<\/p>\n<\/div>\n<\/div>\n\n\n\n<p><\/p>","protected":false},"excerpt":{"rendered":"<ul>\n<li>4 motifs en forme de sushi<\/li>\n<li>\u00c9quip\u00e9 de puces Flash de qualit\u00e9 A<\/li>\n<li>Capacit\u00e9 de stockage : 8GB-128GB<\/li>\n<li>Plus - Play<\/li>\n<li>MOQ : 100 pi\u00e8ces<\/li>\n<\/ul>","protected":false},"featured_media":26207,"comment_status":"open","ping_status":"closed","template":"","meta":{"_seopress_robots_primary_cat":"","_seopress_titles_title":"","_seopress_titles_desc":"","_seopress_robots_index":""},"class_list":["post-26195","product","type-product","status-publish","has-post-thumbnail","hentry","product_cat-custom-usb-drive","product_tag-food-usb-flash-drive"],"_links":{"self":[{"href":"https:\/\/www.yousanusb.com\/fr\/wp-json\/wp\/v2\/product\/26195"}],"collection":[{"href":"https:\/\/www.yousanusb.com\/fr\/wp-json\/wp\/v2\/product"}],"about":[{"href":"https:\/\/www.yousanusb.com\/fr\/wp-json\/wp\/v2\/types\/product"}],"replies":[{"embeddable":true,"href":"https:\/\/www.yousanusb.com\/fr\/wp-json\/wp\/v2\/comments?post=26195"}],"wp:featuredmedia":[{"embeddable":true,"href":"https:\/\/www.yousanusb.com\/fr\/wp-json\/wp\/v2\/media\/26207"}],"wp:attachment":[{"href":"https:\/\/www.yousanusb.com\/fr\/wp-json\/wp\/v2\/media?parent=26195"}],"curies":[{"name":"wp","href":"https:\/\/api.w.org\/{rel}","templated":true}]}}