{"id":26365,"date":"2025-12-23T13:10:33","date_gmt":"2025-12-23T13:10:33","guid":{"rendered":"https:\/\/www.yousanusb.com\/?post_type=product&#038;p=26365"},"modified":"2025-12-24T14:50:06","modified_gmt":"2025-12-24T14:50:06","slug":"sweet-candy-shape-usb-flash-drive","status":"publish","type":"product","link":"https:\/\/www.yousanusb.com\/fr\/produit\/sweet-candy-shape-usb-flash-drive\/","title":{"rendered":"Cl\u00e9 USB en forme de bonbon"},"content":{"rendered":"<div class=\"wp-block-columns is-layout-flex wp-container-core-columns-is-layout-1 wp-block-columns-is-layout-flex\">\n<div class=\"wp-block-column is-vertically-aligned-center is-layout-flow wp-block-column-is-layout-flow\">\n<p>Le document suivant est une cl\u00e9 USB ayant la forme d'un aliment, en l'occurrence un snack (Cookie), qui entre dans la cat\u00e9gorie des cl\u00e9s USB cr\u00e9atives et promotionnelles. <\/p>\n\n\n\n<p>Les cl\u00e9s USB elles-m\u00eames sont fabriqu\u00e9es en PVC et, en tant que telles, peuvent \u00eatre personnalis\u00e9es en fonction de leur capacit\u00e9 de stockage (4 Go, 8 Go, etc.) et de leur logo. Les entreprises cr\u00e9ent souvent des cl\u00e9s USB promotionnelles qu'elles utilisent comme outil de publicit\u00e9 pour leur marque ou leur produit.<\/p>\n<\/div>\n\n\n\n<div class=\"wp-block-column is-layout-flow wp-block-column-is-layout-flow\">\n<figure class=\"wp-block-image size-full\"><img fetchpriority=\"high\" decoding=\"async\" width=\"800\" height=\"800\" src=\"https:\/\/www.yousanusb.com\/wp-content\/uploads\/2025\/12\/Hero-Muesly-Bar-USB-Flash-Drive.jpg\" alt=\"\" class=\"wp-image-26370\" srcset=\"https:\/\/www.yousanusb.com\/wp-content\/uploads\/2025\/12\/Hero-Muesly-Bar-USB-Flash-Drive.jpg 800w, https:\/\/www.yousanusb.com\/wp-content\/uploads\/2025\/12\/Hero-Muesly-Bar-USB-Flash-Drive-300x300.jpg 300w, https:\/\/www.yousanusb.com\/wp-content\/uploads\/2025\/12\/Hero-Muesly-Bar-USB-Flash-Drive-150x150.jpg 150w, https:\/\/www.yousanusb.com\/wp-content\/uploads\/2025\/12\/Hero-Muesly-Bar-USB-Flash-Drive-768x768.jpg 768w, https:\/\/www.yousanusb.com\/wp-content\/uploads\/2025\/12\/Hero-Muesly-Bar-USB-Flash-Drive-12x12.jpg 12w, https:\/\/www.yousanusb.com\/wp-content\/uploads\/2025\/12\/Hero-Muesly-Bar-USB-Flash-Drive-600x600.jpg 600w, https:\/\/www.yousanusb.com\/wp-content\/uploads\/2025\/12\/Hero-Muesly-Bar-USB-Flash-Drive-100x100.jpg 100w\" sizes=\"(max-width: 800px) 100vw, 800px\" \/><\/figure>\n<\/div>\n<\/div>\n\n\n\n<div class=\"wp-block-columns is-layout-flex wp-container-core-columns-is-layout-2 wp-block-columns-is-layout-flex\">\n<div class=\"wp-block-column is-layout-flow wp-block-column-is-layout-flow\">\n<figure class=\"wp-block-image size-full\"><img decoding=\"async\" width=\"800\" height=\"800\" src=\"https:\/\/www.yousanusb.com\/wp-content\/uploads\/2025\/12\/Sweet-Candy-Shape-USB-drive.jpg\" alt=\"\" class=\"wp-image-26371\" srcset=\"https:\/\/www.yousanusb.com\/wp-content\/uploads\/2025\/12\/Sweet-Candy-Shape-USB-drive.jpg 800w, https:\/\/www.yousanusb.com\/wp-content\/uploads\/2025\/12\/Sweet-Candy-Shape-USB-drive-300x300.jpg 300w, https:\/\/www.yousanusb.com\/wp-content\/uploads\/2025\/12\/Sweet-Candy-Shape-USB-drive-150x150.jpg 150w, https:\/\/www.yousanusb.com\/wp-content\/uploads\/2025\/12\/Sweet-Candy-Shape-USB-drive-768x768.jpg 768w, https:\/\/www.yousanusb.com\/wp-content\/uploads\/2025\/12\/Sweet-Candy-Shape-USB-drive-12x12.jpg 12w, https:\/\/www.yousanusb.com\/wp-content\/uploads\/2025\/12\/Sweet-Candy-Shape-USB-drive-600x600.jpg 600w, https:\/\/www.yousanusb.com\/wp-content\/uploads\/2025\/12\/Sweet-Candy-Shape-USB-drive-100x100.jpg 100w\" sizes=\"(max-width: 800px) 100vw, 800px\" \/><\/figure>\n<\/div>\n\n\n\n<div class=\"wp-block-column is-vertically-aligned-center is-layout-flow wp-block-column-is-layout-flow\">\n<h2 class=\"wp-block-heading\">Secteurs d'activit\u00e9 adapt\u00e9s aux cadeaux promotionnels<\/h2>\n\n\n\n<ul class=\"wp-block-list\">\n<li>Biens de consommation \u00e0 rotation rapide (FMCG) Industrie alimentaire : Les marques de snacks (par exemple, Snickers, marques de c\u00e9r\u00e9ales) peuvent \u00eatre propos\u00e9es en tant que \"produits p\u00e9riph\u00e9riques\" group\u00e9s avec les produits principaux afin de renforcer l'association marque-produit ;<\/li>\n\n\n\n<li>Secteur de la restauration : Cha\u00eenes de restauration rapide, boulangeries, etc., en tant que \"cadeaux d'achat avec d\u00e9pense minimale\" ;<\/li>\n\n\n\n<li>Avantages pour l'entreprise \/ Appr\u00e9ciation de l'entreprise : Les entreprises de tous secteurs (en particulier les secteurs des services et de la vente au d\u00e9tail) peuvent les utiliser comme avantages pour leurs employ\u00e9s ou comme cadeaux de remerciement pour leurs clients ;<\/li>\n\n\n\n<li>Canaux de vente au d\u00e9tail : Les supermarch\u00e9s, les magasins de proximit\u00e9, etc., peuvent les utiliser comme cadeaux promotionnels en magasin.<\/li>\n<\/ul>\n<\/div>\n<\/div>\n\n\n\n<div class=\"wp-block-columns is-layout-flex wp-container-core-columns-is-layout-3 wp-block-columns-is-layout-flex\">\n<div class=\"wp-block-column is-vertically-aligned-center is-layout-flow wp-block-column-is-layout-flow\">\n<p>Mars Foods (la soci\u00e9t\u00e9 m\u00e8re de Snickers) a lanc\u00e9 une cl\u00e9 USB en forme de Snickers comme cadeau \"achetez 3 produits Snickers et obtenez-en un gratuit\" pendant sa promotion \"Snickers Energy Boost Season\" sur le march\u00e9 de l'Asie du Sud-Est :<\/p>\n\n\n\n<p><br>La cl\u00e9 USB contient plusieurs types de mat\u00e9riel promotionnel pour la marque Snickers, notamment plusieurs courts clips vid\u00e9o qui constituent le \"d\u00e9fi de la faim au bureau\" de Snickers, des coupons de r\u00e9duction uniquement disponibles dans le cadre de la promotion et un livret d'histoire sur le d\u00e9veloppement de la marque.<\/p>\n\n\n\n<p>Les ventes de Just One Store ont augment\u00e9 de 28% au cours de la p\u00e9riode de promotion, cons\u00e9quence directe de l'envoi des cl\u00e9s USB (le message et le \"design cr\u00e9atif\" des cl\u00e9s USB ont suscit\u00e9 un grand nombre de conversations, puis de partages sur les m\u00e9dias sociaux).<\/p>\n\n\n\n<p>La strat\u00e9gie utilis\u00e9e dans le cadre de cette campagne promotionnelle consistait \u00e0 distribuer des cl\u00e9s USB et \u00e0 relier la cl\u00e9 au produit de la marque Snickers en fournissant des liens vers d'autres types de m\u00e9dias pertinents (par exemple, le message de la marque Snickers).<\/p>\n\n\n\n<p>Par exemple, les cl\u00e9s USB ont \u00e9t\u00e9 grav\u00e9es sur mesure avec le nom et le logo de l'entreprise. Cela a cr\u00e9\u00e9 un niveau d'exclusivit\u00e9 encore plus \u00e9lev\u00e9 pour nos clients qui les ont re\u00e7ues.<\/p>\n<\/div>\n\n\n\n<div class=\"wp-block-column is-layout-flow wp-block-column-is-layout-flow\">\n<figure class=\"wp-block-image size-full\"><img decoding=\"async\" width=\"800\" height=\"800\" src=\"https:\/\/www.yousanusb.com\/wp-content\/uploads\/2025\/12\/Chocolate-Bar-USB-Flash-Drive-1.jpg\" alt=\"\" class=\"wp-image-26368\" srcset=\"https:\/\/www.yousanusb.com\/wp-content\/uploads\/2025\/12\/Chocolate-Bar-USB-Flash-Drive-1.jpg 800w, https:\/\/www.yousanusb.com\/wp-content\/uploads\/2025\/12\/Chocolate-Bar-USB-Flash-Drive-1-300x300.jpg 300w, https:\/\/www.yousanusb.com\/wp-content\/uploads\/2025\/12\/Chocolate-Bar-USB-Flash-Drive-1-150x150.jpg 150w, https:\/\/www.yousanusb.com\/wp-content\/uploads\/2025\/12\/Chocolate-Bar-USB-Flash-Drive-1-768x768.jpg 768w, https:\/\/www.yousanusb.com\/wp-content\/uploads\/2025\/12\/Chocolate-Bar-USB-Flash-Drive-1-12x12.jpg 12w, https:\/\/www.yousanusb.com\/wp-content\/uploads\/2025\/12\/Chocolate-Bar-USB-Flash-Drive-1-600x600.jpg 600w, https:\/\/www.yousanusb.com\/wp-content\/uploads\/2025\/12\/Chocolate-Bar-USB-Flash-Drive-1-100x100.jpg 100w\" sizes=\"(max-width: 800px) 100vw, 800px\" \/><\/figure>\n<\/div>\n<\/div>\n\n\n\n<p>Enfin, il \u00e9tait possible de maintenir l'engagement des clients envers la marque en incluant des codes QR qui reliaient les clients \u00e0 un groupe de membres exclusif o\u00f9 ils pouvaient recevoir des avantages suppl\u00e9mentaires \u00e0 long terme (par exemple, des \u00e9chantillons). Dans le cadre de la campagne, les abonn\u00e9s ont \u00e9t\u00e9 encourag\u00e9s \u00e0 partager le design de la cl\u00e9 USB sur les plateformes de m\u00e9dias sociaux afin de cr\u00e9er un effet de marketing viral, encourageant ainsi d'autres clients potentiels \u00e0 partager avec leurs amis et leur famille.<\/p>","protected":false},"excerpt":{"rendered":"<ul>\n<li>En forme d'amuse-gueule<\/li>\n<li>Logo personnalisable<\/li>\n<li>Stockage pratique<\/li>\n<li>Mati\u00e8re PVC<\/li>\n<li>Convient aux entreprises de snacks comme cadeaux promotionnels<\/li>\n<li>MOQ:100pcs<\/li>\n<\/ul>","protected":false},"featured_media":26368,"comment_status":"open","ping_status":"closed","template":"","meta":[],"class_list":["post-26365","product","type-product","status-publish","has-post-thumbnail","hentry","product_cat-custom-usb-drive","product_tag-food-usb-flash-drive"],"_links":{"self":[{"href":"https:\/\/www.yousanusb.com\/fr\/wp-json\/wp\/v2\/product\/26365"}],"collection":[{"href":"https:\/\/www.yousanusb.com\/fr\/wp-json\/wp\/v2\/product"}],"about":[{"href":"https:\/\/www.yousanusb.com\/fr\/wp-json\/wp\/v2\/types\/product"}],"replies":[{"embeddable":true,"href":"https:\/\/www.yousanusb.com\/fr\/wp-json\/wp\/v2\/comments?post=26365"}],"wp:featuredmedia":[{"embeddable":true,"href":"https:\/\/www.yousanusb.com\/fr\/wp-json\/wp\/v2\/media\/26368"}],"wp:attachment":[{"href":"https:\/\/www.yousanusb.com\/fr\/wp-json\/wp\/v2\/media?parent=26365"}],"curies":[{"name":"wp","href":"https:\/\/api.w.org\/{rel}","templated":true}]}}