{"id":26417,"date":"2025-12-24T08:09:02","date_gmt":"2025-12-24T08:09:02","guid":{"rendered":"https:\/\/www.yousanusb.com\/?post_type=product&#038;p=26417"},"modified":"2025-12-24T13:11:36","modified_gmt":"2025-12-24T13:11:36","slug":"custom-mooncake-usb-flash-drive","status":"publish","type":"product","link":"https:\/\/www.yousanusb.com\/fr\/produit\/custom-mooncake-usb-flash-drive\/","title":{"rendered":"Cl\u00e9 USB Mooncake personnalis\u00e9e"},"content":{"rendered":"<div class=\"wp-block-columns is-layout-flex wp-container-core-columns-is-layout-1 wp-block-columns-is-layout-flex\">\n<div class=\"wp-block-column is-layout-flow wp-block-column-is-layout-flow\">\n<figure class=\"wp-block-image size-full\"><img fetchpriority=\"high\" decoding=\"async\" width=\"800\" height=\"800\" src=\"https:\/\/www.yousanusb.com\/wp-content\/uploads\/2025\/12\/colorful-Mooncake-USB-Flash-Drive.jpg\" alt=\"\" class=\"wp-image-26420\" srcset=\"https:\/\/www.yousanusb.com\/wp-content\/uploads\/2025\/12\/colorful-Mooncake-USB-Flash-Drive.jpg 800w, https:\/\/www.yousanusb.com\/wp-content\/uploads\/2025\/12\/colorful-Mooncake-USB-Flash-Drive-300x300.jpg 300w, https:\/\/www.yousanusb.com\/wp-content\/uploads\/2025\/12\/colorful-Mooncake-USB-Flash-Drive-150x150.jpg 150w, https:\/\/www.yousanusb.com\/wp-content\/uploads\/2025\/12\/colorful-Mooncake-USB-Flash-Drive-768x768.jpg 768w, https:\/\/www.yousanusb.com\/wp-content\/uploads\/2025\/12\/colorful-Mooncake-USB-Flash-Drive-12x12.jpg 12w, https:\/\/www.yousanusb.com\/wp-content\/uploads\/2025\/12\/colorful-Mooncake-USB-Flash-Drive-600x600.jpg 600w, https:\/\/www.yousanusb.com\/wp-content\/uploads\/2025\/12\/colorful-Mooncake-USB-Flash-Drive-100x100.jpg 100w\" sizes=\"(max-width: 800px) 100vw, 800px\" \/><\/figure>\n<\/div>\n\n\n\n<div class=\"wp-block-column is-vertically-aligned-center is-layout-flow wp-block-column-is-layout-flow\">\n<h2 class=\"wp-block-heading\">Introduction \u00e0 la cl\u00e9 USB<\/h2>\n\n\n\n<p>Con\u00e7u pour ressembler \u00e0 un g\u00e2teau de lune traditionnel de la f\u00eate de la mi-automne, il comporte des caract\u00e8res grav\u00e9s pour \"Lune parfaite\" et des motifs classiques (fleurs\/nuages augustes) qui \u00e9voquent l'esth\u00e9tique chinoise ;<\/p>\n\n\n\n<p><br>Structure coulissante\/d\u00e9tachable (la cl\u00e9 USB est stock\u00e9e \u00e0 l'int\u00e9rieur du g\u00e2teau de lune), avec un porte-cl\u00e9s qui sert \u00e0 la fois d'outil de rangement et d'accessoire portable ;<\/p>\n\n\n\n<p><br>Disponible dans des couleurs douces personnalisables telles que le jaune, le vert, l'orange et le violet ;<br>La coque en PVC souple offre une protection \u00e9tanche, r\u00e9sistante aux rayures et aux chutes.<\/p>\n<\/div>\n<\/div>\n\n\n\n<h2 class=\"wp-block-heading\">Quelles entreprises peuvent utiliser cette cl\u00e9 USB comme cadeau promotionnel ?<\/h2>\n\n\n\n<ul class=\"wp-block-list\">\n<li>Mooncake \/ marques de produits alimentaires chinois : En tant qu'insert de bo\u00eete cadeau, permettant aux clients d'associer de mani\u00e8re r\u00e9p\u00e9t\u00e9e la marque lors de l'utilisation de la cl\u00e9 USB ;<\/li>\n\n\n\n<li>Agences culturelles, cr\u00e9atives et de design : Pour mettre en valeur les capacit\u00e9s cr\u00e9atives et renforcer la notori\u00e9t\u00e9 de la marque ;<\/li>\n\n\n\n<li>Commerce \u00e9lectronique transfrontalier \/ entreprises de commerce international : Cadeau culturel chinois pour les march\u00e9s d'outre-mer, utilisant le symbole du g\u00e2teau de lune pour transmettre l'h\u00e9ritage oriental de la marque.<\/li>\n<\/ul>\n\n\n\n<div class=\"wp-block-columns is-layout-flex wp-container-core-columns-is-layout-2 wp-block-columns-is-layout-flex\">\n<div class=\"wp-block-column is-layout-flow wp-block-column-is-layout-flow\">\n<figure class=\"wp-block-image size-full\"><img decoding=\"async\" width=\"800\" height=\"800\" src=\"https:\/\/www.yousanusb.com\/wp-content\/uploads\/2025\/12\/custom-Mooncake-USB-Flash-Drive.jpg\" alt=\"\" class=\"wp-image-26421\" srcset=\"https:\/\/www.yousanusb.com\/wp-content\/uploads\/2025\/12\/custom-Mooncake-USB-Flash-Drive.jpg 800w, https:\/\/www.yousanusb.com\/wp-content\/uploads\/2025\/12\/custom-Mooncake-USB-Flash-Drive-300x300.jpg 300w, https:\/\/www.yousanusb.com\/wp-content\/uploads\/2025\/12\/custom-Mooncake-USB-Flash-Drive-150x150.jpg 150w, https:\/\/www.yousanusb.com\/wp-content\/uploads\/2025\/12\/custom-Mooncake-USB-Flash-Drive-768x768.jpg 768w, https:\/\/www.yousanusb.com\/wp-content\/uploads\/2025\/12\/custom-Mooncake-USB-Flash-Drive-12x12.jpg 12w, https:\/\/www.yousanusb.com\/wp-content\/uploads\/2025\/12\/custom-Mooncake-USB-Flash-Drive-600x600.jpg 600w, https:\/\/www.yousanusb.com\/wp-content\/uploads\/2025\/12\/custom-Mooncake-USB-Flash-Drive-100x100.jpg 100w\" sizes=\"(max-width: 800px) 100vw, 800px\" \/><\/figure>\n<\/div>\n\n\n\n<div class=\"wp-block-column is-layout-flow wp-block-column-is-layout-flow\">\n<figure class=\"wp-block-image size-full\"><img decoding=\"async\" width=\"800\" height=\"800\" src=\"https:\/\/www.yousanusb.com\/wp-content\/uploads\/2025\/12\/Mooncake-USB-Flash-Drive-1.jpg\" alt=\"\" class=\"wp-image-26422\" srcset=\"https:\/\/www.yousanusb.com\/wp-content\/uploads\/2025\/12\/Mooncake-USB-Flash-Drive-1.jpg 800w, https:\/\/www.yousanusb.com\/wp-content\/uploads\/2025\/12\/Mooncake-USB-Flash-Drive-1-300x300.jpg 300w, https:\/\/www.yousanusb.com\/wp-content\/uploads\/2025\/12\/Mooncake-USB-Flash-Drive-1-150x150.jpg 150w, https:\/\/www.yousanusb.com\/wp-content\/uploads\/2025\/12\/Mooncake-USB-Flash-Drive-1-768x768.jpg 768w, https:\/\/www.yousanusb.com\/wp-content\/uploads\/2025\/12\/Mooncake-USB-Flash-Drive-1-12x12.jpg 12w, https:\/\/www.yousanusb.com\/wp-content\/uploads\/2025\/12\/Mooncake-USB-Flash-Drive-1-600x600.jpg 600w, https:\/\/www.yousanusb.com\/wp-content\/uploads\/2025\/12\/Mooncake-USB-Flash-Drive-1-100x100.jpg 100w\" sizes=\"(max-width: 800px) 100vw, 800px\" \/><\/figure>\n<\/div>\n<\/div>\n\n\n\n<p><\/p>","protected":false},"excerpt":{"rendered":"<ul>\n<li>Forme traditionnelle du g\u00e2teau de lune + motifs de style chinois<\/li>\n<li>Plusieurs options de couleurs disponibles<\/li>\n<li>Mat\u00e9riau en caoutchouc souple PVC<\/li>\n<li>2-en-1 : cl\u00e9 USB + porte-cl\u00e9s<\/li>\n<li>Possibilit\u00e9 de personnaliser le logo<\/li>\n<li>MOQ : 100 pi\u00e8ces<\/li>\n<\/ul>","protected":false},"featured_media":26421,"comment_status":"open","ping_status":"closed","template":"","meta":[],"class_list":["post-26417","product","type-product","status-publish","has-post-thumbnail","hentry","product_cat-custom-usb-drive","product_tag-food-usb-flash-drive"],"_links":{"self":[{"href":"https:\/\/www.yousanusb.com\/fr\/wp-json\/wp\/v2\/product\/26417"}],"collection":[{"href":"https:\/\/www.yousanusb.com\/fr\/wp-json\/wp\/v2\/product"}],"about":[{"href":"https:\/\/www.yousanusb.com\/fr\/wp-json\/wp\/v2\/types\/product"}],"replies":[{"embeddable":true,"href":"https:\/\/www.yousanusb.com\/fr\/wp-json\/wp\/v2\/comments?post=26417"}],"wp:featuredmedia":[{"embeddable":true,"href":"https:\/\/www.yousanusb.com\/fr\/wp-json\/wp\/v2\/media\/26421"}],"wp:attachment":[{"href":"https:\/\/www.yousanusb.com\/fr\/wp-json\/wp\/v2\/media?parent=26417"}],"curies":[{"name":"wp","href":"https:\/\/api.w.org\/{rel}","templated":true}]}}