{"id":26423,"date":"2025-12-24T12:59:45","date_gmt":"2025-12-24T12:59:45","guid":{"rendered":"https:\/\/www.yousanusb.com\/?post_type=product&#038;p=26423"},"modified":"2025-12-26T11:32:03","modified_gmt":"2025-12-26T11:32:03","slug":"white-rabbit-candy-usb-flash-drive","status":"publish","type":"product","link":"https:\/\/www.yousanusb.com\/fr\/produit\/white-rabbit-candy-usb-flash-drive\/","title":{"rendered":"Cl\u00e9 USB White Rabbit Candy"},"content":{"rendered":"<p>Recr\u00e9e fid\u00e8lement l'emballage classique du Grand Lapin Blanc : couleurs bleu, blanc et rouge + design embl\u00e9matique du lapin blanc, avec une forme de bonbon au lait qui \u00e9voque instantan\u00e9ment les souvenirs d'enfance. La cl\u00e9 USB est cach\u00e9e \u00e0 l'int\u00e9rieur du bonbon (il suffit de la retirer pour l'utiliser) et est accompagn\u00e9e d'un porte-cl\u00e9s pour la transporter facilement. Elle sert \u00e0 la fois d'outil de stockage et d'accessoire nostalgique.<\/p>\n\n\n\n<p>Le bo\u00eetier en PVC souple de qualit\u00e9 alimentaire offre une protection \u00e9tanche, r\u00e9sistante aux rayures et aux chocs pour une utilisation quotidienne. Disponible en plusieurs capacit\u00e9s (8GB\/16GB\/32GB) avec une compatibilit\u00e9 USB universelle pour une utilisation plug-and-play sur tous les appareils courants. Prise en charge de l'impression de logos personnalis\u00e9s pour une exposition fr\u00e9quente de la marque lors de l'utilisation quotidienne.<\/p>\n\n\n\n<div class=\"wp-block-columns is-layout-flex wp-container-core-columns-is-layout-1 wp-block-columns-is-layout-flex\">\n<div class=\"wp-block-column is-layout-flow wp-block-column-is-layout-flow\">\n<figure class=\"wp-block-image size-full\"><img fetchpriority=\"high\" decoding=\"async\" width=\"800\" height=\"800\" src=\"https:\/\/www.yousanusb.com\/wp-content\/uploads\/2025\/12\/Custom-White-Rabbit-Co-branded-USB-Flash-Drive.jpg\" alt=\"\" class=\"wp-image-26426\" srcset=\"https:\/\/www.yousanusb.com\/wp-content\/uploads\/2025\/12\/Custom-White-Rabbit-Co-branded-USB-Flash-Drive.jpg 800w, https:\/\/www.yousanusb.com\/wp-content\/uploads\/2025\/12\/Custom-White-Rabbit-Co-branded-USB-Flash-Drive-300x300.jpg 300w, https:\/\/www.yousanusb.com\/wp-content\/uploads\/2025\/12\/Custom-White-Rabbit-Co-branded-USB-Flash-Drive-150x150.jpg 150w, https:\/\/www.yousanusb.com\/wp-content\/uploads\/2025\/12\/Custom-White-Rabbit-Co-branded-USB-Flash-Drive-768x768.jpg 768w, https:\/\/www.yousanusb.com\/wp-content\/uploads\/2025\/12\/Custom-White-Rabbit-Co-branded-USB-Flash-Drive-12x12.jpg 12w, https:\/\/www.yousanusb.com\/wp-content\/uploads\/2025\/12\/Custom-White-Rabbit-Co-branded-USB-Flash-Drive-600x600.jpg 600w, https:\/\/www.yousanusb.com\/wp-content\/uploads\/2025\/12\/Custom-White-Rabbit-Co-branded-USB-Flash-Drive-100x100.jpg 100w\" sizes=\"(max-width: 800px) 100vw, 800px\" \/><\/figure>\n<\/div>\n\n\n\n<div class=\"wp-block-column is-layout-flow wp-block-column-is-layout-flow\">\n<figure class=\"wp-block-image size-full\"><img decoding=\"async\" width=\"800\" height=\"800\" src=\"https:\/\/www.yousanusb.com\/wp-content\/uploads\/2025\/12\/PVC-White-Rabbit-Creamy-Candy-USB-Flash-Drive.jpg\" alt=\"\" class=\"wp-image-26428\" srcset=\"https:\/\/www.yousanusb.com\/wp-content\/uploads\/2025\/12\/PVC-White-Rabbit-Creamy-Candy-USB-Flash-Drive.jpg 800w, https:\/\/www.yousanusb.com\/wp-content\/uploads\/2025\/12\/PVC-White-Rabbit-Creamy-Candy-USB-Flash-Drive-300x300.jpg 300w, https:\/\/www.yousanusb.com\/wp-content\/uploads\/2025\/12\/PVC-White-Rabbit-Creamy-Candy-USB-Flash-Drive-150x150.jpg 150w, https:\/\/www.yousanusb.com\/wp-content\/uploads\/2025\/12\/PVC-White-Rabbit-Creamy-Candy-USB-Flash-Drive-768x768.jpg 768w, https:\/\/www.yousanusb.com\/wp-content\/uploads\/2025\/12\/PVC-White-Rabbit-Creamy-Candy-USB-Flash-Drive-12x12.jpg 12w, https:\/\/www.yousanusb.com\/wp-content\/uploads\/2025\/12\/PVC-White-Rabbit-Creamy-Candy-USB-Flash-Drive-600x600.jpg 600w, https:\/\/www.yousanusb.com\/wp-content\/uploads\/2025\/12\/PVC-White-Rabbit-Creamy-Candy-USB-Flash-Drive-100x100.jpg 100w\" sizes=\"(max-width: 800px) 100vw, 800px\" \/><\/figure>\n<\/div>\n<\/div>\n\n\n\n<p><\/p>\n\n\n\n<h3 class=\"wp-block-heading\">Si l'on prend l'exemple de Hershey's, la marque am\u00e9ricaine de snacks, nous avons engag\u00e9 les clients par le biais d'une cl\u00e9 USB de bonbons au lait Da Bai Tu.<\/h3>\n\n\n\n<div class=\"wp-block-columns is-layout-flex wp-container-core-columns-is-layout-2 wp-block-columns-is-layout-flex\">\n<div class=\"wp-block-column is-vertically-aligned-center is-layout-flow wp-block-column-is-layout-flow\">\n<p><\/p>\n\n\n\n<ul class=\"wp-block-list\">\n<li>Nous avons cr\u00e9\u00e9 un design \u00e0 double marque pour le snack IP : l'\u00e9tui de la cl\u00e9 USB Da Bai Tu porte le logo du chocolat Hershey's et est pr\u00e9sent\u00e9 sous la forme d'un \"Double-Flavored Sweet Gift Set\" (cl\u00e9 USB + 1 mini chocolat Hershey's).<\/li>\n\n\n\n<li>Cette cl\u00e9 USB a servi de cadeau de remerciement lors de la conf\u00e9rence r\u00e9gionale des distributeurs de Hershey. Le contenu pr\u00e9charg\u00e9 comprenait : un catalogue de produits pour les nouvelles saveurs chocolat\u00e9es \u00e0 venir de Hershey ; des codes d'\u00e9change pour les s\u00e9ances de d\u00e9gustation r\u00e9serv\u00e9es aux distributeurs.<\/li>\n\n\n\n<li>Une note \u00e0 l'int\u00e9rieur de l'emballage indique : \"Utilisez le code de d\u00e9gustation sur la cl\u00e9 USB dans un d\u00e9lai d'une semaine. Apr\u00e8s l'\u00e9change, enregistrez vos commentaires de d\u00e9gustation sur la cl\u00e9 USB et renvoyez-la-nous pour recevoir un coffret cadeau Hershey's trimestriel suppl\u00e9mentaire\".<\/li>\n\n\n\n<li>Une semaine plus tard, lors du suivi des clients, demandez-leur simplement : \"Avez-vous enregistr\u00e9 vos commentaires de d\u00e9gustation sur la cl\u00e9 USB et l'avez-vous renvoy\u00e9e ? Les nouvelles saveurs ont-elles \u00e9t\u00e9 appr\u00e9ci\u00e9es ?\" Utilisez la cl\u00e9 USB pour engager naturellement la conversation sur les collaborations en mati\u00e8re de produits.<\/li>\n<\/ul>\n<\/div>\n\n\n\n<div class=\"wp-block-column is-layout-flow wp-block-column-is-layout-flow\">\n<figure class=\"wp-block-image size-full\"><img decoding=\"async\" width=\"800\" height=\"800\" src=\"https:\/\/www.yousanusb.com\/wp-content\/uploads\/2025\/12\/White-Rabbit-Creamy-Candy-USB-Flash-Drive-factory.jpg\" alt=\"\" class=\"wp-image-26430\" srcset=\"https:\/\/www.yousanusb.com\/wp-content\/uploads\/2025\/12\/White-Rabbit-Creamy-Candy-USB-Flash-Drive-factory.jpg 800w, https:\/\/www.yousanusb.com\/wp-content\/uploads\/2025\/12\/White-Rabbit-Creamy-Candy-USB-Flash-Drive-factory-300x300.jpg 300w, https:\/\/www.yousanusb.com\/wp-content\/uploads\/2025\/12\/White-Rabbit-Creamy-Candy-USB-Flash-Drive-factory-150x150.jpg 150w, https:\/\/www.yousanusb.com\/wp-content\/uploads\/2025\/12\/White-Rabbit-Creamy-Candy-USB-Flash-Drive-factory-768x768.jpg 768w, https:\/\/www.yousanusb.com\/wp-content\/uploads\/2025\/12\/White-Rabbit-Creamy-Candy-USB-Flash-Drive-factory-12x12.jpg 12w, https:\/\/www.yousanusb.com\/wp-content\/uploads\/2025\/12\/White-Rabbit-Creamy-Candy-USB-Flash-Drive-factory-600x600.jpg 600w, https:\/\/www.yousanusb.com\/wp-content\/uploads\/2025\/12\/White-Rabbit-Creamy-Candy-USB-Flash-Drive-factory-100x100.jpg 100w\" sizes=\"(max-width: 800px) 100vw, 800px\" \/><\/figure>\n<\/div>\n<\/div>","protected":false},"excerpt":{"rendered":"<ul>\n<li>White Rabbit Creamy Candy IP r\u00e9plique design<\/li>\n<li>Prise en charge de la personnalisation du logo de deux marques<\/li>\n<li>PVC caoutchouc souple<\/li>\n<li>Porte-cl\u00e9s<\/li>\n<li>Convient au pr\u00e9chargement du contenu des cadeaux<\/li>\n<li>MOQ:100pcs<\/li>\n<\/ul>","protected":false},"featured_media":26431,"comment_status":"open","ping_status":"closed","template":"","meta":[],"class_list":["post-26423","product","type-product","status-publish","has-post-thumbnail","hentry","product_cat-custom-usb-drive","product_tag-custom-3d-usb-flash-drive","product_tag-food-usb-flash-drive"],"_links":{"self":[{"href":"https:\/\/www.yousanusb.com\/fr\/wp-json\/wp\/v2\/product\/26423"}],"collection":[{"href":"https:\/\/www.yousanusb.com\/fr\/wp-json\/wp\/v2\/product"}],"about":[{"href":"https:\/\/www.yousanusb.com\/fr\/wp-json\/wp\/v2\/types\/product"}],"replies":[{"embeddable":true,"href":"https:\/\/www.yousanusb.com\/fr\/wp-json\/wp\/v2\/comments?post=26423"}],"wp:featuredmedia":[{"embeddable":true,"href":"https:\/\/www.yousanusb.com\/fr\/wp-json\/wp\/v2\/media\/26431"}],"wp:attachment":[{"href":"https:\/\/www.yousanusb.com\/fr\/wp-json\/wp\/v2\/media?parent=26423"}],"curies":[{"name":"wp","href":"https:\/\/api.w.org\/{rel}","templated":true}]}}