{"id":9066,"date":"2024-09-09T14:40:42","date_gmt":"2024-09-09T14:40:42","guid":{"rendered":"https:\/\/yousanusb.com\/?post_type=product&#038;p=9066"},"modified":"2025-11-11T07:26:45","modified_gmt":"2025-11-11T07:26:45","slug":"metal-flash-drive-usb-thumb-drives-with-lighter-rotatable-memory-stick","status":"publish","type":"product","link":"https:\/\/www.yousanusb.com\/fr\/produit\/metal-flash-drive-usb-thumb-drives-with-lighter-rotatable-memory-stick\/","title":{"rendered":"Cl\u00e9 USB en ABS avec briquet"},"content":{"rendered":"<p>Vous vous souvenez du design classique qui a \u00e9t\u00e9 si populaire pendant un certain temps ? Aujourd'hui, il est de retour dans toute sa gloire sous une forme plus puissante !<\/p>\n\n\n\n<div class=\"wp-block-columns is-layout-flex wp-container-core-columns-is-layout-1 wp-block-columns-is-layout-flex\">\n<div class=\"wp-block-column is-layout-flow wp-block-column-is-layout-flow\">\n<figure class=\"wp-block-image size-full\"><img fetchpriority=\"high\" decoding=\"async\" width=\"1000\" height=\"1000\" src=\"https:\/\/www.yousanusb.com\/wp-content\/uploads\/2024\/09\/all-metal-usb-flash-drive.jpg\" alt=\"cl\u00e9 usb tout m\u00e9tal\" class=\"wp-image-9068\" srcset=\"https:\/\/www.yousanusb.com\/wp-content\/uploads\/2024\/09\/all-metal-usb-flash-drive.jpg 1000w, https:\/\/www.yousanusb.com\/wp-content\/uploads\/2024\/09\/all-metal-usb-flash-drive-300x300.jpg 300w, https:\/\/www.yousanusb.com\/wp-content\/uploads\/2024\/09\/all-metal-usb-flash-drive-150x150.jpg 150w, https:\/\/www.yousanusb.com\/wp-content\/uploads\/2024\/09\/all-metal-usb-flash-drive-768x768.jpg 768w, https:\/\/www.yousanusb.com\/wp-content\/uploads\/2024\/09\/all-metal-usb-flash-drive-600x600.jpg 600w, https:\/\/www.yousanusb.com\/wp-content\/uploads\/2024\/09\/all-metal-usb-flash-drive-100x100.jpg 100w\" sizes=\"(max-width: 1000px) 100vw, 1000px\" \/><\/figure>\n<\/div>\n\n\n\n<div class=\"wp-block-column is-vertically-aligned-center is-layout-flow wp-block-column-is-layout-flow\">\n<p>Cette cl\u00e9 USB en forme de briquet est fabriqu\u00e9e en plastique ABS, reproduisant parfaitement la forme d'un briquet, avec un toucher agr\u00e9able et une texture complexe. <\/p>\n\n\n\n<p>Cette cl\u00e9 USB mesure 69 mm x 20 mm x 7 mm et p\u00e8se environ 15 grammes.<\/p>\n\n\n\n<p>Disponible en plusieurs couleurs (rouge, bleu, vert, blanc, noir, etc.), il y en a forc\u00e9ment un qui \u00e9veille vos souvenirs et devient votre unique accessoire de mode.<\/p>\n\n\n\n<p>Vous pouvez \u00e9galement personnaliser votre couleur pr\u00e9f\u00e9r\u00e9e en la s\u00e9lectionnant dans le nuancier Pantone.<\/p>\n<\/div>\n<\/div>\n\n\n\n<div class=\"wp-block-columns is-layout-flex wp-container-core-columns-is-layout-2 wp-block-columns-is-layout-flex\">\n<div class=\"wp-block-column is-vertically-aligned-center is-layout-flow wp-block-column-is-layout-flow\">\n<p>Offrant des options d'interface USB 2.0 et USB 3.0 pour r\u00e9pondre \u00e0 vos diff\u00e9rentes exigences en mati\u00e8re de vitesse. <\/p>\n\n\n\n<p>Qu'il s'agisse de t\u00e2ches bureautiques quotidiennes ou de transferts de fichiers volumineux, il s'acquitte de toutes les t\u00e2ches avec facilit\u00e9 et confiance.<\/p>\n\n\n\n<p><br>Son design \u00e9l\u00e9gant et compact est l\u00e9ger et portable, et se glisse sans effort dans votre poche ou votre portefeuille. Profitez de la libert\u00e9 de stockage \u00e0 tout moment et en tout lieu.<\/p>\n<\/div>\n\n\n\n<div class=\"wp-block-column is-layout-flow wp-block-column-is-layout-flow\">\n<figure class=\"wp-block-image size-full\"><img decoding=\"async\" width=\"1000\" height=\"1000\" src=\"https:\/\/www.yousanusb.com\/wp-content\/uploads\/2024\/09\/custom-mini-metal-usb-flash-drive.jpg\" alt=\"cl\u00e9 USB miniature en m\u00e9tal personnalis\u00e9e\" class=\"wp-image-9070\" srcset=\"https:\/\/www.yousanusb.com\/wp-content\/uploads\/2024\/09\/custom-mini-metal-usb-flash-drive.jpg 1000w, https:\/\/www.yousanusb.com\/wp-content\/uploads\/2024\/09\/custom-mini-metal-usb-flash-drive-300x300.jpg 300w, https:\/\/www.yousanusb.com\/wp-content\/uploads\/2024\/09\/custom-mini-metal-usb-flash-drive-150x150.jpg 150w, https:\/\/www.yousanusb.com\/wp-content\/uploads\/2024\/09\/custom-mini-metal-usb-flash-drive-768x768.jpg 768w, https:\/\/www.yousanusb.com\/wp-content\/uploads\/2024\/09\/custom-mini-metal-usb-flash-drive-600x600.jpg 600w, https:\/\/www.yousanusb.com\/wp-content\/uploads\/2024\/09\/custom-mini-metal-usb-flash-drive-100x100.jpg 100w\" sizes=\"(max-width: 1000px) 100vw, 1000px\" \/><\/figure>\n<\/div>\n<\/div>\n\n\n\n<div class=\"wp-block-columns is-layout-flex wp-container-core-columns-is-layout-3 wp-block-columns-is-layout-flex\">\n<div class=\"wp-block-column is-layout-flow wp-block-column-is-layout-flow\">\n<figure class=\"wp-block-image size-full\"><img decoding=\"async\" width=\"1000\" height=\"1000\" src=\"https:\/\/www.yousanusb.com\/wp-content\/uploads\/2024\/09\/metal-case-usb-flash-drive.jpg\" alt=\"\u00e9tui m\u00e9tallique cl\u00e9 usb\" class=\"wp-image-9072\" srcset=\"https:\/\/www.yousanusb.com\/wp-content\/uploads\/2024\/09\/metal-case-usb-flash-drive.jpg 1000w, https:\/\/www.yousanusb.com\/wp-content\/uploads\/2024\/09\/metal-case-usb-flash-drive-300x300.jpg 300w, https:\/\/www.yousanusb.com\/wp-content\/uploads\/2024\/09\/metal-case-usb-flash-drive-150x150.jpg 150w, https:\/\/www.yousanusb.com\/wp-content\/uploads\/2024\/09\/metal-case-usb-flash-drive-768x768.jpg 768w, https:\/\/www.yousanusb.com\/wp-content\/uploads\/2024\/09\/metal-case-usb-flash-drive-600x600.jpg 600w, https:\/\/www.yousanusb.com\/wp-content\/uploads\/2024\/09\/metal-case-usb-flash-drive-100x100.jpg 100w\" sizes=\"(max-width: 1000px) 100vw, 1000px\" \/><\/figure>\n<\/div>\n\n\n\n<div class=\"wp-block-column is-vertically-aligned-center is-layout-flow wp-block-column-is-layout-flow\">\n<p>Cette cl\u00e9 USB permet de personnaliser le logo, qui peut \u00eatre imprim\u00e9 sur les faces avant et arri\u00e8re. <\/p>\n\n\n\n<p>Les options de personnalisation comprennent la s\u00e9rigraphie ou la gravure au laser :<\/p>\n\n\n\n<ul class=\"wp-block-list\">\n<li>La s\u00e9rigraphie compl\u00e8te son enveloppe color\u00e9e avec une grande pr\u00e9cision des couleurs, en accord avec les tons de la coquille ; <\/li>\n\n\n\n<li>La gravure au laser cr\u00e9e une marque d\u00e9licate sur la surface, r\u00e9sistante \u00e0 l'usure et \u00e0 la d\u00e9coloration.<\/li>\n<\/ul>\n\n\n\n<p>Le contenu personnalis\u00e9 peut inclure des logos d'entreprise ou des symboles exclusifs, pour r\u00e9pondre aux besoins d'image de marque des entreprises ou d'identification personnelle. Le processus est m\u00fbr et donne des r\u00e9sultats exquis.<\/p>\n<\/div>\n<\/div>","protected":false},"excerpt":{"rendered":"<ul>\n<li>Conception plus l\u00e9g\u00e8re<\/li>\n<li>Mat\u00e9riau ABS<\/li>\n<li>Imperm\u00e9able et durable<\/li>\n<li>Vitesse plus rapide et haute qualit\u00e9<\/li>\n<li>Fiabilit\u00e9 et s\u00e9curit\u00e9<\/li>\n<li>Id\u00e9al pour tous les usages<\/li>\n<li>MOQ:100pcs<\/li>\n<\/ul>","protected":false},"featured_media":9070,"comment_status":"open","ping_status":"closed","template":"","meta":{"_seopress_robots_primary_cat":"none","_seopress_titles_title":"ABS Flash Drive USB Thumb Drives with Lighter","_seopress_titles_desc":"Our USB flash drives are not only novel and beautiful in appearance, but also a great chip inside. With a key design, you can attach the thumb drive to key-rings, bags, or belt loops, ensuring it's always within reach.","_seopress_robots_index":""},"class_list":["post-9066","product","type-product","status-publish","has-post-thumbnail","hentry","product_cat-usb-flash-drive","product_tag-lighter-usb-3-0-flash-drive-metal"],"_links":{"self":[{"href":"https:\/\/www.yousanusb.com\/fr\/wp-json\/wp\/v2\/product\/9066"}],"collection":[{"href":"https:\/\/www.yousanusb.com\/fr\/wp-json\/wp\/v2\/product"}],"about":[{"href":"https:\/\/www.yousanusb.com\/fr\/wp-json\/wp\/v2\/types\/product"}],"replies":[{"embeddable":true,"href":"https:\/\/www.yousanusb.com\/fr\/wp-json\/wp\/v2\/comments?post=9066"}],"wp:featuredmedia":[{"embeddable":true,"href":"https:\/\/www.yousanusb.com\/fr\/wp-json\/wp\/v2\/media\/9070"}],"wp:attachment":[{"href":"https:\/\/www.yousanusb.com\/fr\/wp-json\/wp\/v2\/media?parent=9066"}],"curies":[{"name":"wp","href":"https:\/\/api.w.org\/{rel}","templated":true}]}}