{"id":9076,"date":"2024-09-09T15:08:56","date_gmt":"2024-09-09T15:08:56","guid":{"rendered":"https:\/\/yousanusb.com\/?post_type=product&#038;p=9076"},"modified":"2025-11-13T04:05:22","modified_gmt":"2025-11-13T04:05:22","slug":"brain-shaped-usb-flash-drive-memory-stick-high-speed","status":"publish","type":"product","link":"https:\/\/www.yousanusb.com\/fr\/produit\/brain-shaped-usb-flash-drive-memory-stick-high-speed\/","title":{"rendered":"Cl\u00e9 USB en forme de cerveau Memory Stick High Speed"},"content":{"rendered":"<div class=\"wp-block-columns is-layout-flex wp-container-core-columns-is-layout-1 wp-block-columns-is-layout-flex\">\n<div class=\"wp-block-column is-layout-flow wp-block-column-is-layout-flow\">\n<figure class=\"wp-block-image size-full\"><img fetchpriority=\"high\" decoding=\"async\" width=\"1000\" height=\"1000\" src=\"https:\/\/www.yousanusb.com\/wp-content\/uploads\/2024\/09\/usb-flash-drive-custom-printing.jpg\" alt=\"impression personnalis\u00e9e de cl\u00e9s usb\" class=\"wp-image-9084\" srcset=\"https:\/\/www.yousanusb.com\/wp-content\/uploads\/2024\/09\/usb-flash-drive-custom-printing.jpg 1000w, https:\/\/www.yousanusb.com\/wp-content\/uploads\/2024\/09\/usb-flash-drive-custom-printing-300x300.jpg 300w, https:\/\/www.yousanusb.com\/wp-content\/uploads\/2024\/09\/usb-flash-drive-custom-printing-150x150.jpg 150w, https:\/\/www.yousanusb.com\/wp-content\/uploads\/2024\/09\/usb-flash-drive-custom-printing-768x768.jpg 768w, https:\/\/www.yousanusb.com\/wp-content\/uploads\/2024\/09\/usb-flash-drive-custom-printing-600x600.jpg 600w, https:\/\/www.yousanusb.com\/wp-content\/uploads\/2024\/09\/usb-flash-drive-custom-printing-100x100.jpg 100w\" sizes=\"(max-width: 1000px) 100vw, 1000px\" \/><\/figure>\n<\/div>\n\n\n\n<div class=\"wp-block-column is-vertically-aligned-center is-layout-flow wp-block-column-is-layout-flow\">\n<p>Design ext\u00e9rieur int\u00e9ressant, l\u00e9ger et portable. Compatible avec tous les appareils dot\u00e9s d'un port USB-A, tels que les ordinateurs de bureau, les ordinateurs portables, les tablettes, les t\u00e9l\u00e9viseurs et les haut-parleurs. Compacte et robuste, sa coque en silicone garantit sa r\u00e9sistance aux chocs et \u00e0 la poussi\u00e8re, et la puce de classe A assure une transmission stable et rapide des donn\u00e9es.<\/p>\n\n\n\n<p>Il s'agit d'une cl\u00e9 USB en silicone en forme de cerveau. Avec son design inspir\u00e9 du cerveau et ses options de couleur (rose, blanc et jaune), sa coque en silicone souple offre une sensation de confort tout en r\u00e9sistant aux chutes et aux rayures. Un capuchon transparent prot\u00e8ge le port USB, et sa forme ludique et distinctive permet de la reconna\u00eetre facilement. De taille compacte, il est parfait pour \u00eatre transport\u00e9 partout.<\/p>\n<\/div>\n<\/div>\n\n\n\n<p>Des options de couleurs personnalis\u00e9es sont disponibles sur demande - contactez-nous pour plus de d\u00e9tails. Dot\u00e9 d'une interface USB standard pour une utilisation professionnelle, compatible avec les syst\u00e8mes courants tels que Windows et Mac. La fonctionnalit\u00e9 \"plug-and-play\" ne n\u00e9cessite aucun pilote suppl\u00e9mentaire. Stocke des documents, des images, des vid\u00e9os et d'autres types de donn\u00e9es. Les capacit\u00e9s standard couvrent les besoins quotidiens de stockage au bureau et dans les \u00e9tudes. Les vitesses de lecture et d'\u00e9criture stables conviennent aux transferts de fichiers courants.<\/p>\n\n\n\n<div class=\"wp-block-columns is-layout-flex wp-container-core-columns-is-layout-2 wp-block-columns-is-layout-flex\">\n<div class=\"wp-block-column is-layout-flow wp-block-column-is-layout-flow\">\n<figure class=\"wp-block-image size-full\"><img decoding=\"async\" width=\"1000\" height=\"1000\" src=\"https:\/\/www.yousanusb.com\/wp-content\/uploads\/2024\/09\/custom-logo-usb-brain-drive.jpg\" alt=\"logo personnalis\u00e9 lecteur de cerveau usb\" class=\"wp-image-9081\" srcset=\"https:\/\/www.yousanusb.com\/wp-content\/uploads\/2024\/09\/custom-logo-usb-brain-drive.jpg 1000w, https:\/\/www.yousanusb.com\/wp-content\/uploads\/2024\/09\/custom-logo-usb-brain-drive-300x300.jpg 300w, https:\/\/www.yousanusb.com\/wp-content\/uploads\/2024\/09\/custom-logo-usb-brain-drive-150x150.jpg 150w, https:\/\/www.yousanusb.com\/wp-content\/uploads\/2024\/09\/custom-logo-usb-brain-drive-768x768.jpg 768w, https:\/\/www.yousanusb.com\/wp-content\/uploads\/2024\/09\/custom-logo-usb-brain-drive-600x600.jpg 600w, https:\/\/www.yousanusb.com\/wp-content\/uploads\/2024\/09\/custom-logo-usb-brain-drive-100x100.jpg 100w\" sizes=\"(max-width: 1000px) 100vw, 1000px\" \/><\/figure>\n<\/div>\n\n\n\n<div class=\"wp-block-column is-layout-flow wp-block-column-is-layout-flow\">\n<figure class=\"wp-block-image size-full\"><img decoding=\"async\" width=\"1000\" height=\"1000\" src=\"https:\/\/www.yousanusb.com\/wp-content\/uploads\/2024\/09\/custom-branded-usb-drive.jpg\" alt=\"lecteur usb personnalis\u00e9\" class=\"wp-image-9080\" srcset=\"https:\/\/www.yousanusb.com\/wp-content\/uploads\/2024\/09\/custom-branded-usb-drive.jpg 1000w, https:\/\/www.yousanusb.com\/wp-content\/uploads\/2024\/09\/custom-branded-usb-drive-300x300.jpg 300w, https:\/\/www.yousanusb.com\/wp-content\/uploads\/2024\/09\/custom-branded-usb-drive-150x150.jpg 150w, https:\/\/www.yousanusb.com\/wp-content\/uploads\/2024\/09\/custom-branded-usb-drive-768x768.jpg 768w, https:\/\/www.yousanusb.com\/wp-content\/uploads\/2024\/09\/custom-branded-usb-drive-600x600.jpg 600w, https:\/\/www.yousanusb.com\/wp-content\/uploads\/2024\/09\/custom-branded-usb-drive-100x100.jpg 100w\" sizes=\"(max-width: 1000px) 100vw, 1000px\" \/><\/figure>\n<\/div>\n<\/div>","protected":false},"excerpt":{"rendered":"<ul>\n<li>Design ext\u00e9rieur int\u00e9ressant<\/li>\n<li>Mat\u00e9riau en silicone<\/li>\n<li>MOQ\uff1a100pcs<\/li>\n<li>Imperm\u00e9able et durable<\/li>\n<li>Vitesse plus rapide et haute qualit\u00e9<\/li>\n<li>Fiabilit\u00e9 et s\u00e9curit\u00e9<\/li>\n<li>Id\u00e9al pour tous les usages<\/li>\n<\/ul>","protected":false},"featured_media":9078,"comment_status":"open","ping_status":"closed","template":"","meta":{"_seopress_robots_primary_cat":"none","_seopress_titles_title":"","_seopress_titles_desc":"","_seopress_robots_index":""},"class_list":["post-9076","product","type-product","status-publish","has-post-thumbnail","hentry","product_cat-custom-usb-drive","product_tag-brain-shape-usb-flash-driver"],"_links":{"self":[{"href":"https:\/\/www.yousanusb.com\/fr\/wp-json\/wp\/v2\/product\/9076"}],"collection":[{"href":"https:\/\/www.yousanusb.com\/fr\/wp-json\/wp\/v2\/product"}],"about":[{"href":"https:\/\/www.yousanusb.com\/fr\/wp-json\/wp\/v2\/types\/product"}],"replies":[{"embeddable":true,"href":"https:\/\/www.yousanusb.com\/fr\/wp-json\/wp\/v2\/comments?post=9076"}],"wp:featuredmedia":[{"embeddable":true,"href":"https:\/\/www.yousanusb.com\/fr\/wp-json\/wp\/v2\/media\/9078"}],"wp:attachment":[{"href":"https:\/\/www.yousanusb.com\/fr\/wp-json\/wp\/v2\/media?parent=9076"}],"curies":[{"name":"wp","href":"https:\/\/api.w.org\/{rel}","templated":true}]}}