{"id":9146,"date":"2024-09-10T03:22:09","date_gmt":"2024-09-10T03:22:09","guid":{"rendered":"https:\/\/yousanusb.com\/?post_type=product&#038;p=9146"},"modified":"2025-10-06T00:28:38","modified_gmt":"2025-10-06T00:28:38","slug":"paper-clip-shape-usb-drive-flash-drive-waterproof-metal-usb-memory-stick","status":"publish","type":"product","link":"https:\/\/www.yousanusb.com\/fr\/produit\/paper-clip-shape-usb-drive-flash-drive-waterproof-metal-usb-memory-stick\/","title":{"rendered":"Cl\u00e9 USB \u00e9tanche en forme de trombone Cl\u00e9 USB \u00e9tanche"},"content":{"rendered":"<p>Le lecteur est si petit et si pratique que vous pouvez le mettre dans votre poche. Son design en forme de trombone vous permet de l'attacher \u00e0 votre sac \u00e0 dos ou \u00e0 votre portefeuille sans craindre qu'il ne se d\u00e9tache, transportant ainsi vos donn\u00e9es o\u00f9 que vous alliez.<\/p>","protected":false},"excerpt":{"rendered":"<ul>\n<li>Design en forme de trombone<\/li>\n<li>Mat\u00e9riau m\u00e9tallique<\/li>\n<li>Imperm\u00e9able et durable<\/li>\n<li>Vitesse plus rapide et haute qualit\u00e9<\/li>\n<li>Fiabilit\u00e9 et s\u00e9curit\u00e9<\/li>\n<li>Id\u00e9al pour tous les usages<\/li>\n<\/ul>","protected":false},"featured_media":9150,"comment_status":"open","ping_status":"closed","template":"","meta":{"_seopress_robots_primary_cat":"none","_seopress_titles_title":"","_seopress_titles_desc":"","_seopress_robots_index":""},"class_list":["post-9146","product","type-product","status-publish","has-post-thumbnail","hentry","product_cat-metal-usb-flash-drive","product_tag-rose-gold-usb-flash-drive","product_tag-custom-metal-keychain-usb-flash-drive","product_tag-buy-metal-leather-usb-flash-drive"],"_links":{"self":[{"href":"https:\/\/www.yousanusb.com\/fr\/wp-json\/wp\/v2\/product\/9146"}],"collection":[{"href":"https:\/\/www.yousanusb.com\/fr\/wp-json\/wp\/v2\/product"}],"about":[{"href":"https:\/\/www.yousanusb.com\/fr\/wp-json\/wp\/v2\/types\/product"}],"replies":[{"embeddable":true,"href":"https:\/\/www.yousanusb.com\/fr\/wp-json\/wp\/v2\/comments?post=9146"}],"wp:featuredmedia":[{"embeddable":true,"href":"https:\/\/www.yousanusb.com\/fr\/wp-json\/wp\/v2\/media\/9150"}],"wp:attachment":[{"href":"https:\/\/www.yousanusb.com\/fr\/wp-json\/wp\/v2\/media?parent=9146"}],"curies":[{"name":"wp","href":"https:\/\/api.w.org\/{rel}","templated":true}]}}