{"id":9185,"date":"2024-09-10T07:15:18","date_gmt":"2024-09-10T07:15:18","guid":{"rendered":"https:\/\/yousanusb.com\/?post_type=product&#038;p=9185"},"modified":"2025-10-16T06:45:15","modified_gmt":"2025-10-16T06:45:15","slug":"cute-music-man-shaped-usb-drive-memory-stick-date-storage-pendrive-thumb-drives","status":"publish","type":"product","link":"https:\/\/www.yousanusb.com\/fr\/produit\/cute-music-man-shaped-usb-drive-memory-stick-date-storage-pendrive-thumb-drives\/","title":{"rendered":"Cl\u00e9 USB en forme de bonhomme de musique mignon Pendrive"},"content":{"rendered":"<p>Nous effectuons un test professionnel sur chaque cl\u00e9 USB avant de l'exp\u00e9dier afin de vous garantir une cl\u00e9 USB de qualit\u00e9 et nous vous offrons une garantie d'un an.<\/p>\n<p><img fetchpriority=\"high\" decoding=\"async\" class=\"size-full wp-image-9192 aligncenter\" src=\"https:\/\/yousanusb.com\/wp-content\/uploads\/2024\/09\/bulk-metal-case-usb-flash-drive.jpg\" alt=\"bulk metal case usb flash drive\" width=\"1000\" height=\"1000\" srcset=\"https:\/\/www.yousanusb.com\/wp-content\/uploads\/2024\/09\/bulk-metal-case-usb-flash-drive.jpg 1000w, https:\/\/www.yousanusb.com\/wp-content\/uploads\/2024\/09\/bulk-metal-case-usb-flash-drive-300x300.jpg 300w, https:\/\/www.yousanusb.com\/wp-content\/uploads\/2024\/09\/bulk-metal-case-usb-flash-drive-150x150.jpg 150w, https:\/\/www.yousanusb.com\/wp-content\/uploads\/2024\/09\/bulk-metal-case-usb-flash-drive-768x768.jpg 768w, https:\/\/www.yousanusb.com\/wp-content\/uploads\/2024\/09\/bulk-metal-case-usb-flash-drive-600x600.jpg 600w, https:\/\/www.yousanusb.com\/wp-content\/uploads\/2024\/09\/bulk-metal-case-usb-flash-drive-100x100.jpg 100w\" sizes=\"(max-width: 1000px) 100vw, 1000px\" \/> <img decoding=\"async\" class=\"size-full wp-image-9194 aligncenter\" src=\"https:\/\/yousanusb.com\/wp-content\/uploads\/2024\/09\/cheap-small-metal-usb-flash-drive.jpg\" alt=\"cheap small metal usb flash drive\" width=\"1000\" height=\"1000\" srcset=\"https:\/\/www.yousanusb.com\/wp-content\/uploads\/2024\/09\/cheap-small-metal-usb-flash-drive.jpg 1000w, https:\/\/www.yousanusb.com\/wp-content\/uploads\/2024\/09\/cheap-small-metal-usb-flash-drive-300x300.jpg 300w, https:\/\/www.yousanusb.com\/wp-content\/uploads\/2024\/09\/cheap-small-metal-usb-flash-drive-150x150.jpg 150w, https:\/\/www.yousanusb.com\/wp-content\/uploads\/2024\/09\/cheap-small-metal-usb-flash-drive-768x768.jpg 768w, https:\/\/www.yousanusb.com\/wp-content\/uploads\/2024\/09\/cheap-small-metal-usb-flash-drive-600x600.jpg 600w, https:\/\/www.yousanusb.com\/wp-content\/uploads\/2024\/09\/cheap-small-metal-usb-flash-drive-100x100.jpg 100w\" sizes=\"(max-width: 1000px) 100vw, 1000px\" \/> <img decoding=\"async\" class=\"size-full wp-image-9193 aligncenter\" src=\"https:\/\/yousanusb.com\/wp-content\/uploads\/2024\/09\/bulk-usb-3.0-flash-drives-metall.jpg\" alt=\"bulk usb 3.0 flash drives metall\" width=\"1000\" height=\"1000\" srcset=\"https:\/\/www.yousanusb.com\/wp-content\/uploads\/2024\/09\/bulk-usb-3.0-flash-drives-metall.jpg 1000w, https:\/\/www.yousanusb.com\/wp-content\/uploads\/2024\/09\/bulk-usb-3.0-flash-drives-metall-300x300.jpg 300w, https:\/\/www.yousanusb.com\/wp-content\/uploads\/2024\/09\/bulk-usb-3.0-flash-drives-metall-150x150.jpg 150w, https:\/\/www.yousanusb.com\/wp-content\/uploads\/2024\/09\/bulk-usb-3.0-flash-drives-metall-768x768.jpg 768w, https:\/\/www.yousanusb.com\/wp-content\/uploads\/2024\/09\/bulk-usb-3.0-flash-drives-metall-600x600.jpg 600w, https:\/\/www.yousanusb.com\/wp-content\/uploads\/2024\/09\/bulk-usb-3.0-flash-drives-metall-100x100.jpg 100w\" sizes=\"(max-width: 1000px) 100vw, 1000px\" \/> <img loading=\"lazy\" decoding=\"async\" class=\"size-full wp-image-9189 aligncenter\" src=\"https:\/\/yousanusb.com\/wp-content\/uploads\/2024\/09\/32gb-samsung-bar-plus-metal-usb-3.1-flash-drive.jpg\" alt=\"32gb samsung bar plus metal usb 3.1 flash drive\" width=\"1000\" height=\"1000\" srcset=\"https:\/\/www.yousanusb.com\/wp-content\/uploads\/2024\/09\/32gb-samsung-bar-plus-metal-usb-3.1-flash-drive.jpg 1000w, https:\/\/www.yousanusb.com\/wp-content\/uploads\/2024\/09\/32gb-samsung-bar-plus-metal-usb-3.1-flash-drive-300x300.jpg 300w, https:\/\/www.yousanusb.com\/wp-content\/uploads\/2024\/09\/32gb-samsung-bar-plus-metal-usb-3.1-flash-drive-150x150.jpg 150w, https:\/\/www.yousanusb.com\/wp-content\/uploads\/2024\/09\/32gb-samsung-bar-plus-metal-usb-3.1-flash-drive-768x768.jpg 768w, https:\/\/www.yousanusb.com\/wp-content\/uploads\/2024\/09\/32gb-samsung-bar-plus-metal-usb-3.1-flash-drive-600x600.jpg 600w, https:\/\/www.yousanusb.com\/wp-content\/uploads\/2024\/09\/32gb-samsung-bar-plus-metal-usb-3.1-flash-drive-100x100.jpg 100w\" sizes=\"(max-width: 1000px) 100vw, 1000px\" \/><\/p>","protected":false},"excerpt":{"rendered":"<ul>\n<li>Forme du musicien<\/li>\n<li>Mat\u00e9riau m\u00e9tallique<\/li>\n<li>MOQ\uff1a100pcs<\/li>\n<li>Convient pour les cadeaux<\/li>\n<li>Fiabilit\u00e9 et s\u00e9curit\u00e9<\/li>\n<li>Id\u00e9al pour tous les usages<\/li>\n<\/ul>","protected":false},"featured_media":9188,"comment_status":"open","ping_status":"closed","template":"","meta":{"_seopress_robots_primary_cat":"none","_seopress_titles_title":"","_seopress_titles_desc":"","_seopress_robots_index":""},"class_list":["post-9185","product","type-product","status-publish","has-post-thumbnail","hentry","product_cat-metal-usb-flash-drive","product_tag-rose-gold-usb-flash-drive","product_tag-custom-metal-keychain-usb-flash-drive","product_tag-buy-metal-leather-usb-flash-drive"],"_links":{"self":[{"href":"https:\/\/www.yousanusb.com\/fr\/wp-json\/wp\/v2\/product\/9185"}],"collection":[{"href":"https:\/\/www.yousanusb.com\/fr\/wp-json\/wp\/v2\/product"}],"about":[{"href":"https:\/\/www.yousanusb.com\/fr\/wp-json\/wp\/v2\/types\/product"}],"replies":[{"embeddable":true,"href":"https:\/\/www.yousanusb.com\/fr\/wp-json\/wp\/v2\/comments?post=9185"}],"wp:featuredmedia":[{"embeddable":true,"href":"https:\/\/www.yousanusb.com\/fr\/wp-json\/wp\/v2\/media\/9188"}],"wp:attachment":[{"href":"https:\/\/www.yousanusb.com\/fr\/wp-json\/wp\/v2\/media?parent=9185"}],"curies":[{"name":"wp","href":"https:\/\/api.w.org\/{rel}","templated":true}]}}