{"id":9214,"date":"2024-09-10T08:03:49","date_gmt":"2024-09-10T08:03:49","guid":{"rendered":"https:\/\/yousanusb.com\/?post_type=product&#038;p=9214"},"modified":"2025-10-06T00:28:23","modified_gmt":"2025-10-06T00:28:23","slug":"carved-usb-flash-drive-with-hollowed-out-high-speed-up-memory-stick","status":"publish","type":"product","link":"https:\/\/www.yousanusb.com\/fr\/produit\/carved-usb-flash-drive-with-hollowed-out-high-speed-up-memory-stick\/","title":{"rendered":"Cl\u00e9 USB sculpt\u00e9e et \u00e9vid\u00e9e"},"content":{"rendered":"<p>Il est compatible avec tous les appareils dot\u00e9s de ports USB classiques - ordinateur de bureau, ordinateur portable, tablette, t\u00e9l\u00e9viseur, haut-parleurs, etc. Il utilise l'USB 3.0 mais est compatible avec les ports USB 3.0\/3.1\/3.2 et USB 2.0 et fonctionne sur Win2000\/XP\/Vista\/7\/8\/10\/11\/Server, Mac OS et Linux.<\/p>\n<p><img fetchpriority=\"high\" decoding=\"async\" class=\"alignnone size-full wp-image-9217\" src=\"https:\/\/yousanusb.com\/wp-content\/uploads\/2024\/09\/china-all-metal-usb-flash-drive-customized.jpg\" alt=\"cl\u00e9 usb en m\u00e9tal de chine personnalis\u00e9e\" width=\"1000\" height=\"1000\" srcset=\"https:\/\/www.yousanusb.com\/wp-content\/uploads\/2024\/09\/china-all-metal-usb-flash-drive-customized.jpg 1000w, https:\/\/www.yousanusb.com\/wp-content\/uploads\/2024\/09\/china-all-metal-usb-flash-drive-customized-300x300.jpg 300w, https:\/\/www.yousanusb.com\/wp-content\/uploads\/2024\/09\/china-all-metal-usb-flash-drive-customized-150x150.jpg 150w, https:\/\/www.yousanusb.com\/wp-content\/uploads\/2024\/09\/china-all-metal-usb-flash-drive-customized-768x768.jpg 768w, https:\/\/www.yousanusb.com\/wp-content\/uploads\/2024\/09\/china-all-metal-usb-flash-drive-customized-600x600.jpg 600w, https:\/\/www.yousanusb.com\/wp-content\/uploads\/2024\/09\/china-all-metal-usb-flash-drive-customized-100x100.jpg 100w\" sizes=\"(max-width: 1000px) 100vw, 1000px\" \/> <img decoding=\"async\" class=\"alignnone size-full wp-image-9219\" src=\"https:\/\/yousanusb.com\/wp-content\/uploads\/2024\/09\/china-all-metal-usb-flash-drive-wholesale.jpg\" alt=\"cl\u00e9 usb en m\u00e9tal de chine vente en gros\" width=\"800\" height=\"800\" srcset=\"https:\/\/www.yousanusb.com\/wp-content\/uploads\/2024\/09\/china-all-metal-usb-flash-drive-wholesale.jpg 800w, https:\/\/www.yousanusb.com\/wp-content\/uploads\/2024\/09\/china-all-metal-usb-flash-drive-wholesale-300x300.jpg 300w, https:\/\/www.yousanusb.com\/wp-content\/uploads\/2024\/09\/china-all-metal-usb-flash-drive-wholesale-150x150.jpg 150w, https:\/\/www.yousanusb.com\/wp-content\/uploads\/2024\/09\/china-all-metal-usb-flash-drive-wholesale-768x768.jpg 768w, https:\/\/www.yousanusb.com\/wp-content\/uploads\/2024\/09\/china-all-metal-usb-flash-drive-wholesale-600x600.jpg 600w, https:\/\/www.yousanusb.com\/wp-content\/uploads\/2024\/09\/china-all-metal-usb-flash-drive-wholesale-100x100.jpg 100w\" sizes=\"(max-width: 800px) 100vw, 800px\" \/> <img decoding=\"async\" class=\"alignnone size-full wp-image-9218\" src=\"https:\/\/yousanusb.com\/wp-content\/uploads\/2024\/09\/china-all-metal-usb-flash-drive-factory.jpg\" alt=\"china all metal usb flash drive factory\" width=\"1000\" height=\"1000\" srcset=\"https:\/\/www.yousanusb.com\/wp-content\/uploads\/2024\/09\/china-all-metal-usb-flash-drive-factory.jpg 1000w, https:\/\/www.yousanusb.com\/wp-content\/uploads\/2024\/09\/china-all-metal-usb-flash-drive-factory-300x300.jpg 300w, https:\/\/www.yousanusb.com\/wp-content\/uploads\/2024\/09\/china-all-metal-usb-flash-drive-factory-150x150.jpg 150w, https:\/\/www.yousanusb.com\/wp-content\/uploads\/2024\/09\/china-all-metal-usb-flash-drive-factory-768x768.jpg 768w, https:\/\/www.yousanusb.com\/wp-content\/uploads\/2024\/09\/china-all-metal-usb-flash-drive-factory-600x600.jpg 600w, https:\/\/www.yousanusb.com\/wp-content\/uploads\/2024\/09\/china-all-metal-usb-flash-drive-factory-100x100.jpg 100w\" sizes=\"(max-width: 1000px) 100vw, 1000px\" \/><\/p>","protected":false},"excerpt":{"rendered":"<ul>\n<li>Conception \u00e9vid\u00e9e<\/li>\n<li>Mat\u00e9riau m\u00e9tallique<\/li>\n<li>Imperm\u00e9able et durable<\/li>\n<li>Vitesse plus rapide et haute qualit\u00e9<\/li>\n<li>Fiabilit\u00e9 et s\u00e9curit\u00e9<\/li>\n<li>Id\u00e9al pour tous les usages<\/li>\n<\/ul>","protected":false},"featured_media":9216,"comment_status":"open","ping_status":"closed","template":"","meta":{"_seopress_robots_primary_cat":"none","_seopress_titles_title":"","_seopress_titles_desc":"","_seopress_robots_index":""},"class_list":["post-9214","product","type-product","status-publish","has-post-thumbnail","hentry","product_cat-metal-usb-flash-drive","product_tag-custom-metal-keychain-usb-flash-drive","product_tag-buy-metal-leather-usb-flash-drive"],"_links":{"self":[{"href":"https:\/\/www.yousanusb.com\/fr\/wp-json\/wp\/v2\/product\/9214"}],"collection":[{"href":"https:\/\/www.yousanusb.com\/fr\/wp-json\/wp\/v2\/product"}],"about":[{"href":"https:\/\/www.yousanusb.com\/fr\/wp-json\/wp\/v2\/types\/product"}],"replies":[{"embeddable":true,"href":"https:\/\/www.yousanusb.com\/fr\/wp-json\/wp\/v2\/comments?post=9214"}],"wp:featuredmedia":[{"embeddable":true,"href":"https:\/\/www.yousanusb.com\/fr\/wp-json\/wp\/v2\/media\/9216"}],"wp:attachment":[{"href":"https:\/\/www.yousanusb.com\/fr\/wp-json\/wp\/v2\/media?parent=9214"}],"curies":[{"name":"wp","href":"https:\/\/api.w.org\/{rel}","templated":true}]}}