{"id":9245,"date":"2024-09-10T08:50:46","date_gmt":"2024-09-10T08:50:46","guid":{"rendered":"https:\/\/yousanusb.com\/?post_type=product&#038;p=9245"},"modified":"2025-11-13T12:17:25","modified_gmt":"2025-11-13T12:17:25","slug":"mini-fit-metal-waterproof-compact-usb-drive-metal-thumb-drives-memory-stick","status":"publish","type":"product","link":"https:\/\/www.yousanusb.com\/fr\/produit\/mini-fit-metal-waterproof-compact-usb-drive-metal-thumb-drives-memory-stick\/","title":{"rendered":"Mini cl\u00e9 USB compacte en m\u00e9tal \u00e9tanche"},"content":{"rendered":"<p>Mini Memory Stick USB 3 \u00e0 profil bas, durable et m\u00e9tallique. Parfaite pour les ordinateurs de bureau, les ordinateurs portables, les consoles de jeu, les appareils audio et bien plus encore. Sauvegardez et partagez vos photos, vid\u00e9os, musiques et films en un clin d'\u0153il.<\/p>\n\n\n\n<div class=\"wp-block-columns is-layout-flex wp-container-core-columns-is-layout-1 wp-block-columns-is-layout-flex\">\n<div class=\"wp-block-column is-layout-flow wp-block-column-is-layout-flow\">\n<figure class=\"wp-block-image size-full\"><img fetchpriority=\"high\" decoding=\"async\" width=\"1000\" height=\"1000\" src=\"https:\/\/www.yousanusb.com\/wp-content\/uploads\/2024\/09\/custom-metal-usb-flash-drive-32gb.jpg\" alt=\"cl\u00e9 usb m\u00e9tal personnalis\u00e9e 32gb\" class=\"wp-image-9249\" srcset=\"https:\/\/www.yousanusb.com\/wp-content\/uploads\/2024\/09\/custom-metal-usb-flash-drive-32gb.jpg 1000w, https:\/\/www.yousanusb.com\/wp-content\/uploads\/2024\/09\/custom-metal-usb-flash-drive-32gb-300x300.jpg 300w, https:\/\/www.yousanusb.com\/wp-content\/uploads\/2024\/09\/custom-metal-usb-flash-drive-32gb-150x150.jpg 150w, https:\/\/www.yousanusb.com\/wp-content\/uploads\/2024\/09\/custom-metal-usb-flash-drive-32gb-768x768.jpg 768w, https:\/\/www.yousanusb.com\/wp-content\/uploads\/2024\/09\/custom-metal-usb-flash-drive-32gb-600x600.jpg 600w, https:\/\/www.yousanusb.com\/wp-content\/uploads\/2024\/09\/custom-metal-usb-flash-drive-32gb-100x100.jpg 100w\" sizes=\"(max-width: 1000px) 100vw, 1000px\" \/><\/figure>\n<\/div>\n\n\n\n<div class=\"wp-block-column is-vertically-aligned-center is-layout-flow wp-block-column-is-layout-flow\">\n<h2 class=\"wp-block-heading\">Caract\u00e9ristiques de la conception<\/h2>\n\n\n\n<p>Ce produit est une cl\u00e9 USB de type anneau avec une structure d'anneau int\u00e9gr\u00e9e qui s'attache directement aux cl\u00e9s, aux sacs ou \u00e0 d'autres objets personnels, r\u00e9duisant ainsi efficacement le risque de perte lors d'une utilisation quotidienne. Son bo\u00eetier permet au port USB de se r\u00e9tracter dans la coque, le prot\u00e9geant ainsi de la poussi\u00e8re et des rayures tout en s'adaptant \u00e0 une utilisation quotidienne tr\u00e8s fr\u00e9quente.<\/p>\n\n\n\n<h2 class=\"wp-block-heading\">Options de couleur<\/h2>\n\n\n\n<p>Disponible en rose, or, noir et argent pour r\u00e9pondre \u00e0 diverses esth\u00e9tiques personnelles. Ces options r\u00e9pondent \u00e0 diverses exigences visuelles pour un usage personnel, la distribution de cadeaux d'entreprise et d'autres sc\u00e9narios.<\/p>\n<\/div>\n<\/div>\n\n\n\n<div class=\"wp-block-columns is-layout-flex wp-container-core-columns-is-layout-2 wp-block-columns-is-layout-flex\">\n<div class=\"wp-block-column is-vertically-aligned-center is-layout-flow wp-block-column-is-layout-flow\">\n<h2 class=\"wp-block-heading\">Performance du stockage professionnel<\/h2>\n\n\n\n<p>\u00c9quip\u00e9 d'une interface USB 3.0 \u00e0 grande vitesse pour un transfert efficace des petits fichiers. Utilise des puces de stockage authentiques pour des performances de donn\u00e9es stables, prend en charge plusieurs formats de fichiers et est compatible avec les principaux syst\u00e8mes d'exploitation, y compris Windows et Mac OS. <\/p>\n\n\n\n<p>Fonctionnalit\u00e9 \"plug-and-play\" sans pilote suppl\u00e9mentaire, permettant un stockage fiable des documents, images, vid\u00e9os et autres donn\u00e9es. Id\u00e9al pour les t\u00e2ches quotidiennes des particuliers et le stockage de mat\u00e9riel universitaire.<\/p>\n\n\n\n<h2 class=\"wp-block-heading\">Service de personnalisation du logo<\/h2>\n\n\n\n<p>La personnalisation des logos OEM\/ODM permet d'imprimer des logos de marque, du texte ou d'autres contenus sur le bo\u00eetier ext\u00e9rieur. Id\u00e9al pour les achats en gros tels que les campagnes d'image de marque des entreprises et la distribution de cadeaux personnalis\u00e9s.<\/p>\n<\/div>\n\n\n\n<div class=\"wp-block-column is-layout-flow wp-block-column-is-layout-flow\">\n<figure class=\"wp-block-image size-full\"><img decoding=\"async\" width=\"1000\" height=\"1000\" src=\"https:\/\/www.yousanusb.com\/wp-content\/uploads\/2024\/09\/custom-mini-metal-usb-flash-drives-with-hook.jpg\" alt=\"mini cl\u00e9s usb m\u00e9talliques personnalis\u00e9es avec crochet\" class=\"wp-image-9251\" srcset=\"https:\/\/www.yousanusb.com\/wp-content\/uploads\/2024\/09\/custom-mini-metal-usb-flash-drives-with-hook.jpg 1000w, https:\/\/www.yousanusb.com\/wp-content\/uploads\/2024\/09\/custom-mini-metal-usb-flash-drives-with-hook-300x300.jpg 300w, https:\/\/www.yousanusb.com\/wp-content\/uploads\/2024\/09\/custom-mini-metal-usb-flash-drives-with-hook-150x150.jpg 150w, https:\/\/www.yousanusb.com\/wp-content\/uploads\/2024\/09\/custom-mini-metal-usb-flash-drives-with-hook-768x768.jpg 768w, https:\/\/www.yousanusb.com\/wp-content\/uploads\/2024\/09\/custom-mini-metal-usb-flash-drives-with-hook-600x600.jpg 600w, https:\/\/www.yousanusb.com\/wp-content\/uploads\/2024\/09\/custom-mini-metal-usb-flash-drives-with-hook-100x100.jpg 100w\" sizes=\"(max-width: 1000px) 100vw, 1000px\" \/><\/figure>\n<\/div>\n<\/div>\n\n\n\n<div class=\"wp-block-columns is-layout-flex wp-container-core-columns-is-layout-3 wp-block-columns-is-layout-flex\">\n<div class=\"wp-block-column is-layout-flow wp-block-column-is-layout-flow\">\n<figure class=\"wp-block-image size-full\"><img decoding=\"async\" width=\"1000\" height=\"1000\" src=\"https:\/\/www.yousanusb.com\/wp-content\/uploads\/2024\/09\/custom-small-metal-usb-flash-drive.jpg\" alt=\"petite cl\u00e9 usb m\u00e9tallique personnalis\u00e9e\" class=\"wp-image-9252\" srcset=\"https:\/\/www.yousanusb.com\/wp-content\/uploads\/2024\/09\/custom-small-metal-usb-flash-drive.jpg 1000w, https:\/\/www.yousanusb.com\/wp-content\/uploads\/2024\/09\/custom-small-metal-usb-flash-drive-300x300.jpg 300w, https:\/\/www.yousanusb.com\/wp-content\/uploads\/2024\/09\/custom-small-metal-usb-flash-drive-150x150.jpg 150w, https:\/\/www.yousanusb.com\/wp-content\/uploads\/2024\/09\/custom-small-metal-usb-flash-drive-768x768.jpg 768w, https:\/\/www.yousanusb.com\/wp-content\/uploads\/2024\/09\/custom-small-metal-usb-flash-drive-600x600.jpg 600w, https:\/\/www.yousanusb.com\/wp-content\/uploads\/2024\/09\/custom-small-metal-usb-flash-drive-100x100.jpg 100w\" sizes=\"(max-width: 1000px) 100vw, 1000px\" \/><\/figure>\n<\/div>\n\n\n\n<div class=\"wp-block-column is-vertically-aligned-center is-layout-flow wp-block-column-is-layout-flow\">\n<h2 class=\"wp-block-heading\">Propri\u00e9t\u00e9s des mat\u00e9riaux<\/h2>\n\n\n\n<p>Le bo\u00eetier m\u00e9tallique allie esth\u00e9tique et protection pratique, offrant une r\u00e9sistance de base aux chocs et aux rayures. Il r\u00e9siste aux chocs mineurs quotidiens, assurant un fonctionnement stable des modules de stockage internes et prolongeant la dur\u00e9e de vie du produit.<\/p>\n\n\n\n<h2 class=\"wp-block-heading\">Facteur de forme et portabilit\u00e9<\/h2>\n\n\n\n<p>Le produit pr\u00e9sente un design compact et miniaturis\u00e9 qui occupe un minimum d'espace. Il se glisse directement dans les poches, les portefeuilles ou autres supports personnels, \u00e9liminant ainsi le besoin d'outils de stockage suppl\u00e9mentaires. Id\u00e9al pour les d\u00e9placements quotidiens, le travail de bureau mobile et d'autres sc\u00e9narios de d\u00e9placement, il r\u00e9pond au besoin d'acc\u00e8s instantan\u00e9 aux donn\u00e9es et de capacit\u00e9s de lecture\/\u00e9criture.<\/p>\n<\/div>\n<\/div>","protected":false},"excerpt":{"rendered":"<ul>\n<li>Mini Fit Design<\/li>\n<li>Mat\u00e9riau m\u00e9tallique<\/li>\n<li>Imperm\u00e9able et durable<\/li>\n<li>Vitesse plus rapide et haute qualit\u00e9<\/li>\n<li>Fiabilit\u00e9 et s\u00e9curit\u00e9<\/li>\n<li>Id\u00e9al pour tous les usages<\/li>\n<li>MOQ:100pcs<\/li>\n<\/ul>","protected":false},"featured_media":9247,"comment_status":"open","ping_status":"closed","template":"","meta":{"_seopress_robots_primary_cat":"none","_seopress_titles_title":"","_seopress_titles_desc":"","_seopress_robots_index":""},"class_list":["post-9245","product","type-product","status-publish","has-post-thumbnail","hentry","product_cat-metal-usb-flash-drive","product_cat-mini-usb-flash-drive","product_tag-rose-gold-usb-flash-drive","product_tag-custom-metal-keychain-usb-flash-drive","product_tag-buy-metal-leather-usb-flash-drive"],"_links":{"self":[{"href":"https:\/\/www.yousanusb.com\/fr\/wp-json\/wp\/v2\/product\/9245"}],"collection":[{"href":"https:\/\/www.yousanusb.com\/fr\/wp-json\/wp\/v2\/product"}],"about":[{"href":"https:\/\/www.yousanusb.com\/fr\/wp-json\/wp\/v2\/types\/product"}],"replies":[{"embeddable":true,"href":"https:\/\/www.yousanusb.com\/fr\/wp-json\/wp\/v2\/comments?post=9245"}],"wp:featuredmedia":[{"embeddable":true,"href":"https:\/\/www.yousanusb.com\/fr\/wp-json\/wp\/v2\/media\/9247"}],"wp:attachment":[{"href":"https:\/\/www.yousanusb.com\/fr\/wp-json\/wp\/v2\/media?parent=9245"}],"curies":[{"name":"wp","href":"https:\/\/api.w.org\/{rel}","templated":true}]}}