{"id":9271,"date":"2024-09-10T13:43:16","date_gmt":"2024-09-10T13:43:16","guid":{"rendered":"https:\/\/yousanusb.com\/?post_type=product&#038;p=9271"},"modified":"2025-11-10T09:09:20","modified_gmt":"2025-11-10T09:09:20","slug":"wooden-baseball-bat-model-usb-flash-drive-flash-disk-memory-stick","status":"publish","type":"product","link":"https:\/\/www.yousanusb.com\/fr\/produit\/wooden-baseball-bat-model-usb-flash-drive-flash-disk-memory-stick\/","title":{"rendered":"Mod\u00e8le de batte de baseball en bois Cl\u00e9 USB"},"content":{"rendered":"<p>B\u00e2ton de baseball en bois, cl\u00e9 USB : Infuser la passion dans la vie de tous les jours avec praticit\u00e9 et personnalit\u00e9<\/p>\n\n\n\n<p>Fabriqu\u00e9 en bois massif naturel en forme de mini-batte de baseball, il capture l'esprit du sport. Chaque grain de bois pr\u00e9sente une texture naturelle. Compacte et portable, elle est douce et confortable dans la main. C'est \u00e0 la fois un outil de rangement pratique et un accessoire qui alimente les conversations.<\/p>\n\n\n\n<div class=\"wp-block-columns is-layout-flex wp-container-core-columns-is-layout-1 wp-block-columns-is-layout-flex\">\n<div class=\"wp-block-column is-layout-flow wp-block-column-is-layout-flow\">\n<figure class=\"wp-block-image size-full\"><img fetchpriority=\"high\" decoding=\"async\" width=\"1000\" height=\"1000\" src=\"https:\/\/www.yousanusb.com\/wp-content\/uploads\/2024\/09\/bulk-64gb-usb-wooden-flash-drive.jpg\" alt=\"Cl\u00e9 USB en bois 64gb en vrac\" class=\"wp-image-9274\" srcset=\"https:\/\/www.yousanusb.com\/wp-content\/uploads\/2024\/09\/bulk-64gb-usb-wooden-flash-drive.jpg 1000w, https:\/\/www.yousanusb.com\/wp-content\/uploads\/2024\/09\/bulk-64gb-usb-wooden-flash-drive-300x300.jpg 300w, https:\/\/www.yousanusb.com\/wp-content\/uploads\/2024\/09\/bulk-64gb-usb-wooden-flash-drive-150x150.jpg 150w, https:\/\/www.yousanusb.com\/wp-content\/uploads\/2024\/09\/bulk-64gb-usb-wooden-flash-drive-768x768.jpg 768w, https:\/\/www.yousanusb.com\/wp-content\/uploads\/2024\/09\/bulk-64gb-usb-wooden-flash-drive-600x600.jpg 600w, https:\/\/www.yousanusb.com\/wp-content\/uploads\/2024\/09\/bulk-64gb-usb-wooden-flash-drive-100x100.jpg 100w\" sizes=\"(max-width: 1000px) 100vw, 1000px\" \/><\/figure>\n<\/div>\n\n\n\n<div class=\"wp-block-column is-layout-flow wp-block-column-is-layout-flow\">\n<figure class=\"wp-block-image size-full\"><img decoding=\"async\" width=\"1000\" height=\"1000\" src=\"https:\/\/www.yousanusb.com\/wp-content\/uploads\/2024\/09\/bulk-engraved-wooden-usb-flash-drive.jpg\" alt=\"cl\u00e9 usb en bois grav\u00e9e en vrac\" class=\"wp-image-9276\" srcset=\"https:\/\/www.yousanusb.com\/wp-content\/uploads\/2024\/09\/bulk-engraved-wooden-usb-flash-drive.jpg 1000w, https:\/\/www.yousanusb.com\/wp-content\/uploads\/2024\/09\/bulk-engraved-wooden-usb-flash-drive-300x300.jpg 300w, https:\/\/www.yousanusb.com\/wp-content\/uploads\/2024\/09\/bulk-engraved-wooden-usb-flash-drive-150x150.jpg 150w, https:\/\/www.yousanusb.com\/wp-content\/uploads\/2024\/09\/bulk-engraved-wooden-usb-flash-drive-768x768.jpg 768w, https:\/\/www.yousanusb.com\/wp-content\/uploads\/2024\/09\/bulk-engraved-wooden-usb-flash-drive-600x600.jpg 600w, https:\/\/www.yousanusb.com\/wp-content\/uploads\/2024\/09\/bulk-engraved-wooden-usb-flash-drive-100x100.jpg 100w\" sizes=\"(max-width: 1000px) 100vw, 1000px\" \/><\/figure>\n<\/div>\n<\/div>\n\n\n\n<p><strong>Faits marquants<\/strong><\/p>\n\n\n\n<p>Design accrocheur : Style r\u00e9aliste de batte de baseball avec un grain de bois distinct et textur\u00e9. Dites adieu aux cl\u00e9s USB g\u00e9n\u00e9riques en plastique : celle-ci rayonne de fra\u00eecheur et d'\u00e9nergie.<\/p>\n\n\n\n<p>Mat\u00e9riaux fiables : Fabriqu\u00e9 en bois massif de premi\u00e8re qualit\u00e9 pour la durabilit\u00e9 et la r\u00e9sistance aux rayures. Les connecteurs, con\u00e7us avec pr\u00e9cision, \u00e9quilibrent le confort tactile et la fonctionnalit\u00e9.<\/p>\n\n\n\n<div class=\"wp-block-columns is-layout-flex wp-container-core-columns-is-layout-2 wp-block-columns-is-layout-flex\">\n<div class=\"wp-block-column is-layout-flow wp-block-column-is-layout-flow\">\n<figure class=\"wp-block-image size-full\"><img decoding=\"async\" width=\"1000\" height=\"1000\" src=\"https:\/\/www.yousanusb.com\/wp-content\/uploads\/2024\/09\/bulk-promotional-wooden-usb-flash-drive.jpg\" alt=\"cl\u00e9 USB en bois promotionnelle en vrac\" class=\"wp-image-9277\" srcset=\"https:\/\/www.yousanusb.com\/wp-content\/uploads\/2024\/09\/bulk-promotional-wooden-usb-flash-drive.jpg 1000w, https:\/\/www.yousanusb.com\/wp-content\/uploads\/2024\/09\/bulk-promotional-wooden-usb-flash-drive-300x300.jpg 300w, https:\/\/www.yousanusb.com\/wp-content\/uploads\/2024\/09\/bulk-promotional-wooden-usb-flash-drive-150x150.jpg 150w, https:\/\/www.yousanusb.com\/wp-content\/uploads\/2024\/09\/bulk-promotional-wooden-usb-flash-drive-768x768.jpg 768w, https:\/\/www.yousanusb.com\/wp-content\/uploads\/2024\/09\/bulk-promotional-wooden-usb-flash-drive-600x600.jpg 600w, https:\/\/www.yousanusb.com\/wp-content\/uploads\/2024\/09\/bulk-promotional-wooden-usb-flash-drive-100x100.jpg 100w\" sizes=\"(max-width: 1000px) 100vw, 1000px\" \/><\/figure>\n<\/div>\n\n\n\n<div class=\"wp-block-column is-vertically-aligned-center is-layout-flow wp-block-column-is-layout-flow\">\n<p>Des performances solides : Le transfert USB \u00e0 grande vitesse garantit des vitesses de lecture et d'\u00e9criture fluides et sans d\u00e9calage. Compatible avec les PC, les tablettes et bien plus encore, elle permet de stocker quotidiennement des fichiers, des photos et des vid\u00e9os en toute transparence.<\/p>\n\n\n\n<p>Sc\u00e9narios polyvalents : Id\u00e9al pour le rangement de documents au bureau ou \u00e0 l'\u00e9cole, pour les besoins des amateurs d'activit\u00e9s de plein air, ou comme cadeau cr\u00e9atif pour les fans de baseball - pratique et m\u00e9morable.<\/p>\n<\/div>\n<\/div>\n\n\n\n<p><\/p>","protected":false},"excerpt":{"rendered":"<ul>\n<li>Design en forme de chauve-souris de baseball<\/li>\n<li>Mat\u00e9riau en bois<\/li>\n<li>Convient pour un cadeau<\/li>\n<li>Vitesse plus rapide et haute qualit\u00e9<\/li>\n<li>Fiabilit\u00e9 et s\u00e9curit\u00e9<\/li>\n<li>Id\u00e9al pour tous les usages<\/li>\n<\/ul>","protected":false},"featured_media":9273,"comment_status":"open","ping_status":"closed","template":"","meta":{"_seopress_robots_primary_cat":"none","_seopress_titles_title":"","_seopress_titles_desc":"","_seopress_robots_index":""},"class_list":["post-9271","product","type-product","status-publish","has-post-thumbnail","hentry","product_cat-wooden-usb-flash-drive","product_tag-baseball-bat-shape-wood-usb-flash-drives"],"_links":{"self":[{"href":"https:\/\/www.yousanusb.com\/fr\/wp-json\/wp\/v2\/product\/9271"}],"collection":[{"href":"https:\/\/www.yousanusb.com\/fr\/wp-json\/wp\/v2\/product"}],"about":[{"href":"https:\/\/www.yousanusb.com\/fr\/wp-json\/wp\/v2\/types\/product"}],"replies":[{"embeddable":true,"href":"https:\/\/www.yousanusb.com\/fr\/wp-json\/wp\/v2\/comments?post=9271"}],"wp:featuredmedia":[{"embeddable":true,"href":"https:\/\/www.yousanusb.com\/fr\/wp-json\/wp\/v2\/media\/9273"}],"wp:attachment":[{"href":"https:\/\/www.yousanusb.com\/fr\/wp-json\/wp\/v2\/media?parent=9271"}],"curies":[{"name":"wp","href":"https:\/\/api.w.org\/{rel}","templated":true}]}}