{"id":9300,"date":"2024-09-10T14:25:19","date_gmt":"2024-09-10T14:25:19","guid":{"rendered":"https:\/\/yousanusb.com\/?post_type=product&#038;p=9300"},"modified":"2024-09-11T08:10:06","modified_gmt":"2024-09-11T08:10:06","slug":"usb-3-0-flash-drive-metal-keychain-zip-drive-waterproof-usb-stick-high-speed-memory-stick","status":"publish","type":"product","link":"https:\/\/www.yousanusb.com\/fr\/produit\/usb-3-0-flash-drive-metal-keychain-zip-drive-waterproof-usb-stick-high-speed-memory-stick\/","title":{"rendered":"Porte-cl\u00e9s en m\u00e9tal Cl\u00e9 USB 3.0"},"content":{"rendered":"<p>Con\u00e7ue de mani\u00e8re pratique, la cl\u00e9 USB est \u00e9l\u00e9gante et plus petite que les autres cl\u00e9s USB. Gr\u00e2ce aux derni\u00e8res technologies de fabrication de puces et de coques m\u00e9talliques, la cl\u00e9 USB est \u00e9tanche \u00e0 l'eau, aux chocs, \u00e0 la poussi\u00e8re, \u00e0 la tension et aux rayons X.<\/p>\n<p><img fetchpriority=\"high\" decoding=\"async\" class=\"size-full wp-image-9307 aligncenter\" src=\"https:\/\/yousanusb.com\/wp-content\/uploads\/2024\/09\/custom-metal-usb-flash-drive.png\" alt=\"cl\u00e9 usb en m\u00e9tal personnalis\u00e9e\" width=\"1000\" height=\"1000\" srcset=\"https:\/\/www.yousanusb.com\/wp-content\/uploads\/2024\/09\/custom-metal-usb-flash-drive.png 1000w, https:\/\/www.yousanusb.com\/wp-content\/uploads\/2024\/09\/custom-metal-usb-flash-drive-300x300.png 300w, https:\/\/www.yousanusb.com\/wp-content\/uploads\/2024\/09\/custom-metal-usb-flash-drive-150x150.png 150w, https:\/\/www.yousanusb.com\/wp-content\/uploads\/2024\/09\/custom-metal-usb-flash-drive-768x768.png 768w, https:\/\/www.yousanusb.com\/wp-content\/uploads\/2024\/09\/custom-metal-usb-flash-drive-600x600.png 600w, https:\/\/www.yousanusb.com\/wp-content\/uploads\/2024\/09\/custom-metal-usb-flash-drive-100x100.png 100w\" sizes=\"(max-width: 1000px) 100vw, 1000px\" \/> <img decoding=\"async\" class=\"size-full wp-image-9306 aligncenter\" src=\"https:\/\/yousanusb.com\/wp-content\/uploads\/2024\/09\/custom-metal-usb-3.0-flash-drive.png\" alt=\"custom metal usb 3.0 flash drive\" width=\"1000\" height=\"1000\" srcset=\"https:\/\/www.yousanusb.com\/wp-content\/uploads\/2024\/09\/custom-metal-usb-3.0-flash-drive.png 1000w, https:\/\/www.yousanusb.com\/wp-content\/uploads\/2024\/09\/custom-metal-usb-3.0-flash-drive-300x300.png 300w, https:\/\/www.yousanusb.com\/wp-content\/uploads\/2024\/09\/custom-metal-usb-3.0-flash-drive-150x150.png 150w, https:\/\/www.yousanusb.com\/wp-content\/uploads\/2024\/09\/custom-metal-usb-3.0-flash-drive-768x768.png 768w, https:\/\/www.yousanusb.com\/wp-content\/uploads\/2024\/09\/custom-metal-usb-3.0-flash-drive-600x600.png 600w, https:\/\/www.yousanusb.com\/wp-content\/uploads\/2024\/09\/custom-metal-usb-3.0-flash-drive-100x100.png 100w\" sizes=\"(max-width: 1000px) 100vw, 1000px\" \/> <img decoding=\"async\" class=\"size-full wp-image-9304 aligncenter\" src=\"https:\/\/yousanusb.com\/wp-content\/uploads\/2024\/09\/custom-metal-key-chain-shaped-usb-flash-drive.png\" alt=\"custom metal key chain shaped usb flash drive\" width=\"1000\" height=\"1000\" srcset=\"https:\/\/www.yousanusb.com\/wp-content\/uploads\/2024\/09\/custom-metal-key-chain-shaped-usb-flash-drive.png 1000w, https:\/\/www.yousanusb.com\/wp-content\/uploads\/2024\/09\/custom-metal-key-chain-shaped-usb-flash-drive-300x300.png 300w, https:\/\/www.yousanusb.com\/wp-content\/uploads\/2024\/09\/custom-metal-key-chain-shaped-usb-flash-drive-150x150.png 150w, https:\/\/www.yousanusb.com\/wp-content\/uploads\/2024\/09\/custom-metal-key-chain-shaped-usb-flash-drive-768x768.png 768w, https:\/\/www.yousanusb.com\/wp-content\/uploads\/2024\/09\/custom-metal-key-chain-shaped-usb-flash-drive-600x600.png 600w, https:\/\/www.yousanusb.com\/wp-content\/uploads\/2024\/09\/custom-metal-key-chain-shaped-usb-flash-drive-100x100.png 100w\" sizes=\"(max-width: 1000px) 100vw, 1000px\" \/><\/p>","protected":false},"excerpt":{"rendered":"<ul>\n<li>Porte-cl\u00e9s<\/li>\n<li>Mat\u00e9riau m\u00e9tallique<\/li>\n<li>Imperm\u00e9able et durable<\/li>\n<li>Vitesse plus rapide et haute qualit\u00e9<\/li>\n<li>Fiabilit\u00e9 et s\u00e9curit\u00e9<\/li>\n<li>Id\u00e9al pour tous les usages<\/li>\n<\/ul>","protected":false},"featured_media":9305,"comment_status":"open","ping_status":"closed","template":"","meta":{"_seopress_robots_primary_cat":"none","_seopress_titles_title":"","_seopress_titles_desc":"","_seopress_robots_index":""},"class_list":["post-9300","product","type-product","status-publish","has-post-thumbnail","hentry","product_cat-metal-usb-flash-drive","product_tag-custom-metal-keychain-usb-flash-drive"],"_links":{"self":[{"href":"https:\/\/www.yousanusb.com\/fr\/wp-json\/wp\/v2\/product\/9300"}],"collection":[{"href":"https:\/\/www.yousanusb.com\/fr\/wp-json\/wp\/v2\/product"}],"about":[{"href":"https:\/\/www.yousanusb.com\/fr\/wp-json\/wp\/v2\/types\/product"}],"replies":[{"embeddable":true,"href":"https:\/\/www.yousanusb.com\/fr\/wp-json\/wp\/v2\/comments?post=9300"}],"wp:featuredmedia":[{"embeddable":true,"href":"https:\/\/www.yousanusb.com\/fr\/wp-json\/wp\/v2\/media\/9305"}],"wp:attachment":[{"href":"https:\/\/www.yousanusb.com\/fr\/wp-json\/wp\/v2\/media?parent=9300"}],"curies":[{"name":"wp","href":"https:\/\/api.w.org\/{rel}","templated":true}]}}