{"id":9316,"date":"2024-09-10T14:52:05","date_gmt":"2024-09-10T14:52:05","guid":{"rendered":"https:\/\/yousanusb.com\/?post_type=product&#038;p=9316"},"modified":"2025-10-06T00:27:56","modified_gmt":"2025-10-06T00:27:56","slug":"usb-flash-drive-with-keychains-sleek-metal-usb-thumb-drives-memory-stick","status":"publish","type":"product","link":"https:\/\/www.yousanusb.com\/fr\/produit\/usb-flash-drive-with-keychains-sleek-metal-usb-thumb-drives-memory-stick\/","title":{"rendered":"Cl\u00e9 USB Triangle en m\u00e9tal"},"content":{"rendered":"<h2 class=\"wp-block-heading\">Qu'est-ce qu'une cl\u00e9 USB \u00e0 triangle m\u00e9tallique ? <\/h2>\n\n\n\n<div class=\"wp-block-columns is-layout-flex wp-container-core-columns-is-layout-1 wp-block-columns-is-layout-flex\">\n<div class=\"wp-block-column is-layout-flow wp-block-column-is-layout-flow\"><div class=\"wp-block-image\">\n<figure class=\"aligncenter size-full is-resized\"><img fetchpriority=\"high\" decoding=\"async\" width=\"790\" height=\"790\" src=\"https:\/\/yousanusb.com\/wp-content\/uploads\/2024\/09\/Triangular-Metal-USB-Drive.jpg\" alt=\"Triangular Metal USB Drive\" class=\"wp-image-17338\" style=\"width:450px\" srcset=\"https:\/\/www.yousanusb.com\/wp-content\/uploads\/2024\/09\/Triangular-Metal-USB-Drive.jpg 790w, https:\/\/www.yousanusb.com\/wp-content\/uploads\/2024\/09\/Triangular-Metal-USB-Drive-300x300.jpg 300w, https:\/\/www.yousanusb.com\/wp-content\/uploads\/2024\/09\/Triangular-Metal-USB-Drive-150x150.jpg 150w, https:\/\/www.yousanusb.com\/wp-content\/uploads\/2024\/09\/Triangular-Metal-USB-Drive-768x768.jpg 768w, https:\/\/www.yousanusb.com\/wp-content\/uploads\/2024\/09\/Triangular-Metal-USB-Drive-12x12.jpg 12w, https:\/\/www.yousanusb.com\/wp-content\/uploads\/2024\/09\/Triangular-Metal-USB-Drive-600x600.jpg 600w, https:\/\/www.yousanusb.com\/wp-content\/uploads\/2024\/09\/Triangular-Metal-USB-Drive-100x100.jpg 100w\" sizes=\"(max-width: 790px) 100vw, 790px\" \/><\/figure><\/div><\/div>\n\n\n\n<div class=\"wp-block-column is-vertically-aligned-center is-layout-flow wp-block-column-is-layout-flow\">\n<p>La cl\u00e9 USB Metal Triangle est un dispositif de stockage portable compos\u00e9 d'un corps principal rectangulaire long et d'une extr\u00e9mit\u00e9 creuse triangulaire innovante, enti\u00e8rement recouverte de m\u00e9tal lisse.<\/p>\n\n\n\n<p>Rompant avec les formes USB conventionnelles, il fusionne l'esth\u00e9tique g\u00e9om\u00e9trique et les fonctions pratiques, r\u00e9pondant aux besoins de stockage de donn\u00e9es tout en se distinguant en tant qu'accessoire \u00e9l\u00e9gant dans les sc\u00e9narios professionnels et quotidiens.<\/p>\n<\/div>\n<\/div>\n\n\n\n<h2 class=\"wp-block-heading\">Quel est le style de la cl\u00e9 USB Triangle en m\u00e9tal ? <\/h2>\n\n\n\n<p>Cette cl\u00e9 USB adh\u00e8re \u00e0 un concept de design m\u00e9tallique minimaliste : utilisant un cadre rectangulaire long et droit, elle abandonne les d\u00e9corations \u00e9labor\u00e9es, soulignant une silhouette lisse et dure avec des lignes g\u00e9om\u00e9triques pures, incarnant l'\u00e9thique du \"moins c'est plus\" du design moderne. Le mat\u00e9riau m\u00e9tallique conf\u00e8re une texture froide mais d\u00e9licate, avec une surface brillante refl\u00e9tant une ambiance l\u00e9g\u00e8re et luxueuse qui rehausse la sensation de qualit\u00e9 sup\u00e9rieure des produits technologiques.<\/p>\n\n\n\n<p>Le point culminant est le dessin triangulaire en creux au sommet - le contour du triangle n'est pas brutalement coup\u00e9 mais transite naturellement avec des bords courbes, formant un \u00e9cho visuel de \"lignes rigides\" et d'\"arcs doux\" avec le corps rectangulaire. D'un point de vue g\u00e9om\u00e9trique, la collision du triangle et du rectangle rompt la monotonie de la longue bande tout en cr\u00e9ant un \u00e9quilibre visuel gr\u00e2ce \u00e0 des proportions pr\u00e9cises, servant de point de m\u00e9moire central au design.<\/p>\n\n\n\n<div class=\"wp-block-columns is-layout-flex wp-container-core-columns-is-layout-2 wp-block-columns-is-layout-flex\">\n<div class=\"wp-block-column is-layout-flow wp-block-column-is-layout-flow\"><div class=\"wp-block-image\">\n<figure class=\"aligncenter size-full is-resized\"><img decoding=\"async\" width=\"800\" height=\"800\" src=\"https:\/\/yousanusb.com\/wp-content\/uploads\/2024\/09\/O1CN014XQ84a28nWOS3LSDR_2215366637977-0-cib.jpg_.webp.jpg\" alt=\"Metal USB Flash Drive with Triangular Design1\" class=\"wp-image-17332\" style=\"width:450px\" srcset=\"https:\/\/www.yousanusb.com\/wp-content\/uploads\/2024\/09\/O1CN014XQ84a28nWOS3LSDR_2215366637977-0-cib.jpg_.webp.jpg 800w, https:\/\/www.yousanusb.com\/wp-content\/uploads\/2024\/09\/O1CN014XQ84a28nWOS3LSDR_2215366637977-0-cib.jpg_.webp-300x300.jpg 300w, https:\/\/www.yousanusb.com\/wp-content\/uploads\/2024\/09\/O1CN014XQ84a28nWOS3LSDR_2215366637977-0-cib.jpg_.webp-150x150.jpg 150w, https:\/\/www.yousanusb.com\/wp-content\/uploads\/2024\/09\/O1CN014XQ84a28nWOS3LSDR_2215366637977-0-cib.jpg_.webp-768x768.jpg 768w, https:\/\/www.yousanusb.com\/wp-content\/uploads\/2024\/09\/O1CN014XQ84a28nWOS3LSDR_2215366637977-0-cib.jpg_.webp-12x12.jpg 12w, https:\/\/www.yousanusb.com\/wp-content\/uploads\/2024\/09\/O1CN014XQ84a28nWOS3LSDR_2215366637977-0-cib.jpg_.webp-600x600.jpg 600w, https:\/\/www.yousanusb.com\/wp-content\/uploads\/2024\/09\/O1CN014XQ84a28nWOS3LSDR_2215366637977-0-cib.jpg_.webp-100x100.jpg 100w\" sizes=\"(max-width: 800px) 100vw, 800px\" \/><\/figure><\/div><\/div>\n\n\n\n<div class=\"wp-block-column is-layout-flow wp-block-column-is-layout-flow\"><div class=\"wp-block-image\">\n<figure class=\"aligncenter size-full is-resized\"><img decoding=\"async\" width=\"650\" height=\"650\" src=\"https:\/\/yousanusb.com\/wp-content\/uploads\/2024\/09\/Metal-USB-Flash-Drive-with-Triangular-Design.jpg\" alt=\"Metal USB Flash Drive with Triangular Design\" class=\"wp-image-17330\" style=\"width:400px\" srcset=\"https:\/\/www.yousanusb.com\/wp-content\/uploads\/2024\/09\/Metal-USB-Flash-Drive-with-Triangular-Design.jpg 650w, https:\/\/www.yousanusb.com\/wp-content\/uploads\/2024\/09\/Metal-USB-Flash-Drive-with-Triangular-Design-300x300.jpg 300w, https:\/\/www.yousanusb.com\/wp-content\/uploads\/2024\/09\/Metal-USB-Flash-Drive-with-Triangular-Design-150x150.jpg 150w, https:\/\/www.yousanusb.com\/wp-content\/uploads\/2024\/09\/Metal-USB-Flash-Drive-with-Triangular-Design-12x12.jpg 12w, https:\/\/www.yousanusb.com\/wp-content\/uploads\/2024\/09\/Metal-USB-Flash-Drive-with-Triangular-Design-600x600.jpg 600w, https:\/\/www.yousanusb.com\/wp-content\/uploads\/2024\/09\/Metal-USB-Flash-Drive-with-Triangular-Design-100x100.jpg 100w\" sizes=\"(max-width: 650px) 100vw, 650px\" \/><\/figure><\/div><\/div>\n<\/div>\n\n\n\n<h2 class=\"wp-block-heading\">Interfaces et param\u00e8tres de la cl\u00e9 USB Metal Triangle <\/h2>\n\n\n\n<figure class=\"wp-block-table\"><table class=\"has-fixed-layout\"><tbody><tr><td>Param\u00e8tres<\/td><td>USB 2.0<\/td><td>USB 3.0<\/td><td>Sc\u00e9narios d'application<\/td><\/tr><tr><td>Capacit\u00e9<\/td><td>8G\/16G\/32G<\/td><td>32G\/64G\/128G<\/td><td>Documents quotidiens \/ transfert de petits fichiers<\/td><\/tr><tr><td>Dimensions \/ Poids<\/td><td>39\u00d712\u00d74,5mm \/ 15g<\/td><td>39\u00d712\u00d74,5mm \/ 15g<\/td><td>Universel pour tous les sc\u00e9narios, l\u00e9ger et sans fardeau<\/td><\/tr><tr><td>Vitesse de lecture<\/td><td>15-25MB\/s<\/td><td>80-150MB\/s<\/td><td>Convient au traitement des documents de bureau<\/td><\/tr><tr><td>Vitesse d'\u00e9criture<\/td><td>8-15MB\/s<\/td><td>20-40MB\/s<\/td><td>Stockage des devoirs des \u00e9l\u00e8ves<\/td><\/tr><\/tbody><\/table><\/figure>\n\n\n\n<div style=\"height:50px\" aria-hidden=\"true\" class=\"wp-block-spacer\"><\/div>\n\n\n\n<h2 class=\"wp-block-heading\">Quelles sont les couleurs de la cl\u00e9 USB Metal Triangle ?<\/h2>\n\n\n\n<div class=\"wp-block-columns is-layout-flex wp-container-core-columns-is-layout-3 wp-block-columns-is-layout-flex\">\n<div class=\"wp-block-column is-layout-flow wp-block-column-is-layout-flow\"><div class=\"wp-block-image\">\n<figure class=\"aligncenter size-full is-resized\"><img loading=\"lazy\" decoding=\"async\" width=\"800\" height=\"800\" src=\"https:\/\/yousanusb.com\/wp-content\/uploads\/2024\/09\/Gold-Triangle-Metal-USB-Flash-Drive.jpg\" alt=\"Gold Triangle Metal USB Flash Drive\" class=\"wp-image-17328\" style=\"width:450px\" srcset=\"https:\/\/www.yousanusb.com\/wp-content\/uploads\/2024\/09\/Gold-Triangle-Metal-USB-Flash-Drive.jpg 800w, https:\/\/www.yousanusb.com\/wp-content\/uploads\/2024\/09\/Gold-Triangle-Metal-USB-Flash-Drive-300x300.jpg 300w, https:\/\/www.yousanusb.com\/wp-content\/uploads\/2024\/09\/Gold-Triangle-Metal-USB-Flash-Drive-150x150.jpg 150w, https:\/\/www.yousanusb.com\/wp-content\/uploads\/2024\/09\/Gold-Triangle-Metal-USB-Flash-Drive-768x768.jpg 768w, https:\/\/www.yousanusb.com\/wp-content\/uploads\/2024\/09\/Gold-Triangle-Metal-USB-Flash-Drive-12x12.jpg 12w, https:\/\/www.yousanusb.com\/wp-content\/uploads\/2024\/09\/Gold-Triangle-Metal-USB-Flash-Drive-600x600.jpg 600w, https:\/\/www.yousanusb.com\/wp-content\/uploads\/2024\/09\/Gold-Triangle-Metal-USB-Flash-Drive-100x100.jpg 100w\" sizes=\"(max-width: 800px) 100vw, 800px\" \/><\/figure><\/div><\/div>\n\n\n\n<div class=\"wp-block-column is-vertically-aligned-center is-layout-flow wp-block-column-is-layout-flow\">\n<h3 class=\"wp-block-heading\">L'or : <\/h3>\n\n\n\n<p>Gr\u00e2ce \u00e0 la technologie de placage sous vide de niveau nanom\u00e9trique, il brille comme un lever de soleil dor\u00e9 dans la lumi\u00e8re forte et appara\u00eet r\u00e9serv\u00e9 comme un halo d'antan dans la lumi\u00e8re faible. <\/p>\n\n\n\n<p>Le grain unique du m\u00e9tal permet \u00e0 l'or de ne pas \u00eatre criard, mais de d\u00e9gager un \"luxe discret\". <\/p>\n\n\n\n<p>Cette couleur est particuli\u00e8rement adapt\u00e9e aux secteurs de la finance, du luxe et \u00e0 d'autres secteurs, car elle permet de v\u00e9hiculer la stabilit\u00e9 et le style de la marque par le biais de la couleur.<\/p>\n<\/div>\n<\/div>\n\n\n\n<h3 class=\"wp-block-heading\"><\/h3>\n\n\n\n<div class=\"wp-block-columns is-layout-flex wp-container-core-columns-is-layout-4 wp-block-columns-is-layout-flex\">\n<div class=\"wp-block-column is-vertically-aligned-center is-layout-flow wp-block-column-is-layout-flow\">\n<h3 class=\"wp-block-heading\">Argent : <\/h3>\n\n\n\n<p>Apr\u00e8s un traitement d'anodisation de 24 heures, il pr\u00e9sente une coque en argent sabl\u00e9 mat dont la texture, aussi d\u00e9licate que du sable fin sous le doigt, est \u00e9tonnamment r\u00e9sistante aux empreintes digitales. <\/p>\n\n\n\n<p>Le ton argent\u00e9 froid v\u00e9hicule une \"ambiance technologique futuriste\", s'alignant visuellement sur les \u00e9diteurs de code et les interfaces de logiciels de conception, ce qui en fait un \"partenaire de bureau\" pour les programmeurs et les concepteurs.<\/p>\n<\/div>\n\n\n\n<div class=\"wp-block-column is-layout-flow wp-block-column-is-layout-flow\"><div class=\"wp-block-image\">\n<figure class=\"aligncenter size-full is-resized\"><img loading=\"lazy\" decoding=\"async\" width=\"800\" height=\"800\" src=\"https:\/\/yousanusb.com\/wp-content\/uploads\/2024\/09\/Silver-Triangle-Metal-USB-Flash-Drive.jpg\" alt=\"Silver Triangle Metal USB Flash Drive\" class=\"wp-image-17334\" style=\"width:450px\" srcset=\"https:\/\/www.yousanusb.com\/wp-content\/uploads\/2024\/09\/Silver-Triangle-Metal-USB-Flash-Drive.jpg 800w, https:\/\/www.yousanusb.com\/wp-content\/uploads\/2024\/09\/Silver-Triangle-Metal-USB-Flash-Drive-300x300.jpg 300w, https:\/\/www.yousanusb.com\/wp-content\/uploads\/2024\/09\/Silver-Triangle-Metal-USB-Flash-Drive-150x150.jpg 150w, https:\/\/www.yousanusb.com\/wp-content\/uploads\/2024\/09\/Silver-Triangle-Metal-USB-Flash-Drive-768x768.jpg 768w, https:\/\/www.yousanusb.com\/wp-content\/uploads\/2024\/09\/Silver-Triangle-Metal-USB-Flash-Drive-12x12.jpg 12w, https:\/\/www.yousanusb.com\/wp-content\/uploads\/2024\/09\/Silver-Triangle-Metal-USB-Flash-Drive-600x600.jpg 600w, https:\/\/www.yousanusb.com\/wp-content\/uploads\/2024\/09\/Silver-Triangle-Metal-USB-Flash-Drive-100x100.jpg 100w\" sizes=\"(max-width: 800px) 100vw, 800px\" \/><\/figure><\/div><\/div>\n<\/div>\n\n\n\n<h3 class=\"wp-block-heading\"><\/h3>\n\n\n\n<div class=\"wp-block-columns is-layout-flex wp-container-core-columns-is-layout-6 wp-block-columns-is-layout-flex\">\n<div class=\"wp-block-column is-layout-flow wp-block-column-is-layout-flow\">\n<div class=\"wp-block-columns is-layout-flex wp-container-core-columns-is-layout-5 wp-block-columns-is-layout-flex\">\n<div class=\"wp-block-column is-layout-flow wp-block-column-is-layout-flow\"><div class=\"wp-block-image\">\n<figure class=\"aligncenter size-full is-resized\"><img loading=\"lazy\" decoding=\"async\" width=\"800\" height=\"800\" src=\"https:\/\/yousanusb.com\/wp-content\/uploads\/2024\/09\/Pink-Triangle-Metal-USB-Flash-Drive.png\" alt=\"Pink Triangle Metal USB Flash Drive\" class=\"wp-image-17333\" style=\"width:450px\" srcset=\"https:\/\/www.yousanusb.com\/wp-content\/uploads\/2024\/09\/Pink-Triangle-Metal-USB-Flash-Drive.png 800w, https:\/\/www.yousanusb.com\/wp-content\/uploads\/2024\/09\/Pink-Triangle-Metal-USB-Flash-Drive-300x300.png 300w, https:\/\/www.yousanusb.com\/wp-content\/uploads\/2024\/09\/Pink-Triangle-Metal-USB-Flash-Drive-150x150.png 150w, https:\/\/www.yousanusb.com\/wp-content\/uploads\/2024\/09\/Pink-Triangle-Metal-USB-Flash-Drive-768x768.png 768w, https:\/\/www.yousanusb.com\/wp-content\/uploads\/2024\/09\/Pink-Triangle-Metal-USB-Flash-Drive-12x12.png 12w, https:\/\/www.yousanusb.com\/wp-content\/uploads\/2024\/09\/Pink-Triangle-Metal-USB-Flash-Drive-600x600.png 600w, https:\/\/www.yousanusb.com\/wp-content\/uploads\/2024\/09\/Pink-Triangle-Metal-USB-Flash-Drive-100x100.png 100w\" sizes=\"(max-width: 800px) 100vw, 800px\" \/><\/figure><\/div><\/div>\n<\/div>\n<\/div>\n\n\n\n<div class=\"wp-block-column is-vertically-aligned-center is-layout-flow wp-block-column-is-layout-flow\">\n<h3 class=\"wp-block-heading\">Rose : <\/h3>\n\n\n\n<p>Brisant la rigidit\u00e9 des couleurs m\u00e9talliques, il m\u00e9lange la chaleur de l'or rose et la douceur du rose cerisier dans un rapport 3:7, pr\u00e9sentant une texture nacr\u00e9e translucide sur la base en alliage d'aluminium. <\/p>\n\n\n\n<p>Ce \"rose m\u00e9tallique\" \u00e9quilibre habilement douceur et sophistication : associ\u00e9 \u00e0 un porte-cl\u00e9s, il ajoute une touche de vivacit\u00e9 \u00e0 un sac de voyage ; comme cadeau de fin d'\u00e9tudes pour une meilleure amie, le coquillage rose grav\u00e9 des noms de chacune est \u00e0 la fois pratique et plein de souvenirs.<\/p>\n<\/div>\n<\/div>\n\n\n\n<h3 class=\"wp-block-heading\"><\/h3>\n\n\n\n<h2 class=\"wp-block-heading\">La cl\u00e9 USB Triangle en m\u00e9tal peut-elle \u00eatre personnalis\u00e9e avec un logo ? <\/h2>\n\n\n\n<p>Il permet une personnalisation compl\u00e8te des liens afin de cr\u00e9er des points de m\u00e9moire exclusifs pour le produit et l'emballage :<\/p>\n\n\n\n<div class=\"wp-block-columns is-layout-flex wp-container-core-columns-is-layout-7 wp-block-columns-is-layout-flex\">\n<div class=\"wp-block-column is-vertically-aligned-center is-layout-flow wp-block-column-is-layout-flow\">\n<p>- Personnalisation du corps : L'avant et l'arri\u00e8re peuvent \u00eatre personnalis\u00e9s :<\/p>\n\n\n\n<p>Gravure au laser : Un laser \u00e0 fibre de 30 W permet de graver des lignes d\u00e9licates d'une profondeur de 0,1 mm sur la surface m\u00e9tallique, ce qui convient pour les logos, les signatures, les dates comm\u00e9moratives, etc., avec une r\u00e9sistance \u00e0 l'usure au niveau des rayures qui ne s'estompe pas apr\u00e8s 5 ans d'utilisation.<\/p>\n\n\n\n<p>Impression sur soie : Utilisant des encres \u00e9cologiques import\u00e9es, elle peut pr\u00e9senter toute la gamme de couleurs Pantone, prendre en charge les d\u00e9grad\u00e9s et les motifs multicolores pour un impact visuel fort.<\/p>\n\n\n\n<p>Gaufrage en couleur : Un proc\u00e9d\u00e9 haut de gamme permettant d'obtenir des effets st\u00e9r\u00e9o 3D, avec des bords sur\u00e9lev\u00e9s de 0,3 mm sur le logo, permettant de ressentir la \"temp\u00e9rature\" de la marque au toucher - id\u00e9al pour la personnalisation de cadeaux haut de gamme.<\/p>\n<\/div>\n\n\n\n<div class=\"wp-block-column is-layout-flow wp-block-column-is-layout-flow\"><div class=\"wp-block-image\">\n<figure class=\"aligncenter size-full is-resized\"><img loading=\"lazy\" decoding=\"async\" width=\"790\" height=\"788\" src=\"https:\/\/yousanusb.com\/wp-content\/uploads\/2024\/09\/Triangle-Metal-USB-Flash-Drive-with-logo.jpg\" alt=\"Triangle Metal USB Flash Drive with logo\" class=\"wp-image-17335\" style=\"width:450px\" srcset=\"https:\/\/www.yousanusb.com\/wp-content\/uploads\/2024\/09\/Triangle-Metal-USB-Flash-Drive-with-logo.jpg 790w, https:\/\/www.yousanusb.com\/wp-content\/uploads\/2024\/09\/Triangle-Metal-USB-Flash-Drive-with-logo-300x300.jpg 300w, https:\/\/www.yousanusb.com\/wp-content\/uploads\/2024\/09\/Triangle-Metal-USB-Flash-Drive-with-logo-150x150.jpg 150w, https:\/\/www.yousanusb.com\/wp-content\/uploads\/2024\/09\/Triangle-Metal-USB-Flash-Drive-with-logo-768x766.jpg 768w, https:\/\/www.yousanusb.com\/wp-content\/uploads\/2024\/09\/Triangle-Metal-USB-Flash-Drive-with-logo-12x12.jpg 12w, https:\/\/www.yousanusb.com\/wp-content\/uploads\/2024\/09\/Triangle-Metal-USB-Flash-Drive-with-logo-600x598.jpg 600w, https:\/\/www.yousanusb.com\/wp-content\/uploads\/2024\/09\/Triangle-Metal-USB-Flash-Drive-with-logo-100x100.jpg 100w\" sizes=\"(max-width: 790px) 100vw, 790px\" \/><\/figure><\/div><\/div>\n<\/div>\n\n\n\n<div class=\"wp-block-columns is-layout-flex wp-container-core-columns-is-layout-8 wp-block-columns-is-layout-flex\">\n<div class=\"wp-block-column is-layout-flow wp-block-column-is-layout-flow\"><div class=\"wp-block-image\">\n<figure class=\"aligncenter size-full is-resized\"><img loading=\"lazy\" decoding=\"async\" width=\"800\" height=\"800\" src=\"https:\/\/yousanusb.com\/wp-content\/uploads\/2024\/09\/Triangle-Metal-USB-Flash-Drive-with-Package-box.jpg\" alt=\"Triangle Metal USB Flash Drive with Package box\" class=\"wp-image-17336\" style=\"width:450px\" srcset=\"https:\/\/www.yousanusb.com\/wp-content\/uploads\/2024\/09\/Triangle-Metal-USB-Flash-Drive-with-Package-box.jpg 800w, https:\/\/www.yousanusb.com\/wp-content\/uploads\/2024\/09\/Triangle-Metal-USB-Flash-Drive-with-Package-box-300x300.jpg 300w, https:\/\/www.yousanusb.com\/wp-content\/uploads\/2024\/09\/Triangle-Metal-USB-Flash-Drive-with-Package-box-150x150.jpg 150w, https:\/\/www.yousanusb.com\/wp-content\/uploads\/2024\/09\/Triangle-Metal-USB-Flash-Drive-with-Package-box-768x768.jpg 768w, https:\/\/www.yousanusb.com\/wp-content\/uploads\/2024\/09\/Triangle-Metal-USB-Flash-Drive-with-Package-box-12x12.jpg 12w, https:\/\/www.yousanusb.com\/wp-content\/uploads\/2024\/09\/Triangle-Metal-USB-Flash-Drive-with-Package-box-600x600.jpg 600w, https:\/\/www.yousanusb.com\/wp-content\/uploads\/2024\/09\/Triangle-Metal-USB-Flash-Drive-with-Package-box-100x100.jpg 100w\" sizes=\"(max-width: 800px) 100vw, 800px\" \/><\/figure><\/div><\/div>\n\n\n\n<div class=\"wp-block-column is-vertically-aligned-center is-layout-flow wp-block-column-is-layout-flow\">\n<p>- Am\u00e9liorations de l'emballage :<\/p>\n\n\n\n<p>Base : sac PP transparent (simple et \u00e9cologique, adapt\u00e9 au commerce \u00e9lectronique de d\u00e9tail).<\/p>\n\n\n\n<p>Bo\u00eete en fer-blanc : Bo\u00eete en fer-blanc (le rev\u00eatement int\u00e9rieur floqu\u00e9 prot\u00e8ge la cl\u00e9 USB, avec personnalisation du logo estampill\u00e9 en or sur la surface de la bo\u00eete - \u00e0 privil\u00e9gier pour les achats d'entreprise).<\/p>\n\n\n\n<p>Bo\u00eete cadeau : Bo\u00eete en papier \u00e0 couverture c\u00e9leste et terrestre (avec un coussin en tissu de soie \u00e0 l'int\u00e9rieur, permettant l'impression en quadrichromie de l'histoire de la marque\/des param\u00e8tres du produit - convient pour les bo\u00eetes-cadeaux des festivals et les cadeaux d'accompagnement des conf\u00e9rences).<\/p>\n<\/div>\n<\/div>\n\n\n\n<h3 class=\"wp-block-heading\">Q1 : Les donn\u00e9es seront-elles perdues si la cl\u00e9 USB tombe dans l'eau un jour de pluie ? <\/h3>\n\n\n\n<p>A1 : Pas d'inqui\u00e9tude \u00e0 avoir ! La coque m\u00e9tallique est \u00e9tanche selon la norme IPX4 (r\u00e9sistance aux \u00e9claboussures et \u00e0 l'immersion de courte dur\u00e9e), et le circuit imprim\u00e9 interne est recouvert d'un rev\u00eatement nano \u00e9tanche.<\/p>\n\n\n\n<p>M\u00eame s'il tombe accidentellement dans une tasse d'eau ou s'il est mouill\u00e9 par la pluie, il peut encore \u00eatre utilis\u00e9 normalement apr\u00e8s s\u00e9chage. Gr\u00e2ce \u00e0 sa structure antichoc, il n'est pas facilement endommag\u00e9 lorsqu'il tombe d'une hauteur de 1,5 m\u00e8tre sur un sol en marbre, ce qui permet de travailler et de voyager en toute tranquillit\u00e9 d'esprit.<\/p>\n\n\n\n<h3 class=\"wp-block-heading\">Q2 : Le creux triangulaire se d\u00e9formera-t-il apr\u00e8s avoir \u00e9t\u00e9 accroch\u00e9 au porte-cl\u00e9s pendant une longue p\u00e9riode ? <\/h3>\n\n\n\n<p>A2 : Non ! La zone creuse triangulaire a subi 5 000 tests de charge (suspension d'un poids de 1 kg pour des tractions r\u00e9p\u00e9t\u00e9es), avec un degr\u00e9 de fatigue du m\u00e9tal de seulement 0,05%, ce qui \u00e9quivaut \u00e0 suspendre des cl\u00e9s 10 fois par jour pendant 10 ans sans d\u00e9formation.<\/p>\n\n\n\n<p>Le bord creux est \u00e9pais de 1,2 mm, soit trois fois plus r\u00e9sistant que les trous de suspension USB ordinaires, ce qui permet d'obtenir \"\u00e0 la fois l'apparence et la durabilit\u00e9\".<\/p>\n\n\n\n<p><\/p>","protected":false},"excerpt":{"rendered":"<ul>\n<li>Triangle Design<\/li>\n<li>Mat\u00e9riau m\u00e9tallique<\/li>\n<li>Imperm\u00e9able et durable<\/li>\n<li>Vitesse plus rapide et haute qualit\u00e9<\/li>\n<li>Fiabilit\u00e9 et s\u00e9curit\u00e9<\/li>\n<li>Id\u00e9al pour tous les usages<\/li>\n<\/ul>","protected":false},"featured_media":17337,"comment_status":"open","ping_status":"closed","template":"","meta":{"_seopress_robots_primary_cat":"none","_seopress_titles_title":"Metal Triangle USB Flash Drive","_seopress_titles_desc":"Metal Triangle USB Flash Drive","_seopress_robots_index":""},"class_list":["post-9316","product","type-product","status-publish","has-post-thumbnail","hentry","product_cat-usb30-flash-drive","product_cat-metal-usb-flash-drive","product_tag-rose-gold-usb-flash-drive","product_tag-custom-metal-keychain-usb-flash-drive","product_tag-buy-metal-leather-usb-flash-drive"],"_links":{"self":[{"href":"https:\/\/www.yousanusb.com\/fr\/wp-json\/wp\/v2\/product\/9316"}],"collection":[{"href":"https:\/\/www.yousanusb.com\/fr\/wp-json\/wp\/v2\/product"}],"about":[{"href":"https:\/\/www.yousanusb.com\/fr\/wp-json\/wp\/v2\/types\/product"}],"replies":[{"embeddable":true,"href":"https:\/\/www.yousanusb.com\/fr\/wp-json\/wp\/v2\/comments?post=9316"}],"wp:featuredmedia":[{"embeddable":true,"href":"https:\/\/www.yousanusb.com\/fr\/wp-json\/wp\/v2\/media\/17337"}],"wp:attachment":[{"href":"https:\/\/www.yousanusb.com\/fr\/wp-json\/wp\/v2\/media?parent=9316"}],"curies":[{"name":"wp","href":"https:\/\/api.w.org\/{rel}","templated":true}]}}