{"id":9324,"date":"2024-09-10T15:05:20","date_gmt":"2024-09-10T15:05:20","guid":{"rendered":"https:\/\/yousanusb.com\/?post_type=product&#038;p=9324"},"modified":"2025-11-10T08:42:13","modified_gmt":"2025-11-10T08:42:13","slug":"jewelry-crystal-lipstick-usb-flash-drive-high-speed-memory-stick-pendrive-thumb-drives","status":"publish","type":"product","link":"https:\/\/www.yousanusb.com\/fr\/produit\/jewelry-crystal-lipstick-usb-flash-drive-high-speed-memory-stick-pendrive-thumb-drives\/","title":{"rendered":"Bijoux B\u00e2ton de rouge \u00e0 l\u00e8vres en cristal Cl\u00e9 USB"},"content":{"rendered":"<p>Classique de la collection de cl\u00e9s USB en cristal de Swarovski, ce mod\u00e8le est la repr\u00e9sentation la plus embl\u00e9matique de la s\u00e9rie. Avec son design distinctif et sa qualit\u00e9 exceptionnelle, elle est devenue l'un des mod\u00e8les de cl\u00e9s USB les plus recherch\u00e9s dans le secteur des cadeaux promotionnels.<\/p>\n\n\n\n<div class=\"wp-block-columns is-layout-flex wp-container-core-columns-is-layout-1 wp-block-columns-is-layout-flex\">\n<div class=\"wp-block-column is-layout-flow wp-block-column-is-layout-flow\">\n<figure class=\"wp-block-image size-full\"><img fetchpriority=\"high\" decoding=\"async\" width=\"1000\" height=\"1000\" src=\"https:\/\/www.yousanusb.com\/wp-content\/uploads\/2024\/09\/crystal-usb-flash-drive.jpg\" alt=\"cl\u00e9 USB en cristal\" class=\"wp-image-9333\" srcset=\"https:\/\/www.yousanusb.com\/wp-content\/uploads\/2024\/09\/crystal-usb-flash-drive.jpg 1000w, https:\/\/www.yousanusb.com\/wp-content\/uploads\/2024\/09\/crystal-usb-flash-drive-300x300.jpg 300w, https:\/\/www.yousanusb.com\/wp-content\/uploads\/2024\/09\/crystal-usb-flash-drive-150x150.jpg 150w, https:\/\/www.yousanusb.com\/wp-content\/uploads\/2024\/09\/crystal-usb-flash-drive-768x768.jpg 768w, https:\/\/www.yousanusb.com\/wp-content\/uploads\/2024\/09\/crystal-usb-flash-drive-600x600.jpg 600w, https:\/\/www.yousanusb.com\/wp-content\/uploads\/2024\/09\/crystal-usb-flash-drive-100x100.jpg 100w\" sizes=\"(max-width: 1000px) 100vw, 1000px\" \/><\/figure>\n<\/div>\n\n\n\n<div class=\"wp-block-column is-vertically-aligned-center is-layout-flow wp-block-column-is-layout-flow\">\n<p>Il allie harmonieusement l'\u00e9clat des cristaux Swarovski \u00e0 la fonctionnalit\u00e9 pratique d'une cl\u00e9 USB. Qu'il s'agisse d'un usage personnel ou d'un cadeau attentionn\u00e9, il incarne un style sophistiqu\u00e9 et une valeur de premier ordre.<\/p>\n\n\n\n<p>Le bo\u00eetier de la cl\u00e9 USB est fabriqu\u00e9 en acrylique transparent de haute qualit\u00e9. L'usine contr\u00f4le rigoureusement le processus de production afin de garantir la transparence et la durabilit\u00e9 du mat\u00e9riau. <\/p>\n\n\n\n<p>L'int\u00e9rieur est rempli de cristaux Swarovski multicolores, m\u00e9ticuleusement s\u00e9lectionn\u00e9s pour leur \u00e9clat brillant et leur texture sup\u00e9rieure. L'interface pr\u00e9sente une finition m\u00e9tallique brillante. <\/p>\n\n\n\n<p>Une large gamme d'options de couleurs r\u00e9pond aux divers besoins des clients, permettant aux utilisateurs de trouver la combinaison de couleurs parfaite, que ce soit pour la personnalisation d'un cadeau promotionnel d'entreprise ou pour un usage personnel.<\/p>\n<\/div>\n<\/div>\n\n\n\n<p>Les cristaux Swarovski offrent une large gamme d'options de couleurs, toutes dans les derni\u00e8res nuances \u00e0 la mode. Des logos personnalis\u00e9s peuvent \u00eatre grav\u00e9s sur les surfaces m\u00e9talliques, am\u00e9liorant ainsi la visibilit\u00e9 de la marque gr\u00e2ce \u00e0 une exposition r\u00e9p\u00e9t\u00e9e. <\/p>\n\n\n\n<div class=\"wp-block-columns is-layout-flex wp-container-core-columns-is-layout-2 wp-block-columns-is-layout-flex\">\n<div class=\"wp-block-column is-layout-flow wp-block-column-is-layout-flow\">\n<figure class=\"wp-block-image size-full\"><img decoding=\"async\" width=\"1000\" height=\"1000\" src=\"https:\/\/www.yousanusb.com\/wp-content\/uploads\/2024\/09\/buy-swarovski-crystal-usb-flash-drive.jpg\" alt=\"acheter cl\u00e9 usb en cristal swarovski\" class=\"wp-image-9326\" srcset=\"https:\/\/www.yousanusb.com\/wp-content\/uploads\/2024\/09\/buy-swarovski-crystal-usb-flash-drive.jpg 1000w, https:\/\/www.yousanusb.com\/wp-content\/uploads\/2024\/09\/buy-swarovski-crystal-usb-flash-drive-300x300.jpg 300w, https:\/\/www.yousanusb.com\/wp-content\/uploads\/2024\/09\/buy-swarovski-crystal-usb-flash-drive-150x150.jpg 150w, https:\/\/www.yousanusb.com\/wp-content\/uploads\/2024\/09\/buy-swarovski-crystal-usb-flash-drive-768x768.jpg 768w, https:\/\/www.yousanusb.com\/wp-content\/uploads\/2024\/09\/buy-swarovski-crystal-usb-flash-drive-600x600.jpg 600w, https:\/\/www.yousanusb.com\/wp-content\/uploads\/2024\/09\/buy-swarovski-crystal-usb-flash-drive-100x100.jpg 100w\" sizes=\"(max-width: 1000px) 100vw, 1000px\" \/><\/figure>\n<\/div>\n\n\n\n<div class=\"wp-block-column is-layout-flow wp-block-column-is-layout-flow\">\n<figure class=\"wp-block-image size-full\"><img decoding=\"async\" width=\"1000\" height=\"1000\" src=\"https:\/\/www.yousanusb.com\/wp-content\/uploads\/2024\/09\/crystal-usb-flash-drive-bulk.jpg\" alt=\"cl\u00e9 usb cristal en vrac\" class=\"wp-image-9334\" srcset=\"https:\/\/www.yousanusb.com\/wp-content\/uploads\/2024\/09\/crystal-usb-flash-drive-bulk.jpg 1000w, https:\/\/www.yousanusb.com\/wp-content\/uploads\/2024\/09\/crystal-usb-flash-drive-bulk-300x300.jpg 300w, https:\/\/www.yousanusb.com\/wp-content\/uploads\/2024\/09\/crystal-usb-flash-drive-bulk-150x150.jpg 150w, https:\/\/www.yousanusb.com\/wp-content\/uploads\/2024\/09\/crystal-usb-flash-drive-bulk-768x768.jpg 768w, https:\/\/www.yousanusb.com\/wp-content\/uploads\/2024\/09\/crystal-usb-flash-drive-bulk-600x600.jpg 600w, https:\/\/www.yousanusb.com\/wp-content\/uploads\/2024\/09\/crystal-usb-flash-drive-bulk-100x100.jpg 100w\" sizes=\"(max-width: 1000px) 100vw, 1000px\" \/><\/figure>\n<\/div>\n\n\n\n<div class=\"wp-block-column is-layout-flow wp-block-column-is-layout-flow\">\n<figure class=\"wp-block-image size-full\"><img loading=\"lazy\" decoding=\"async\" width=\"1000\" height=\"1000\" src=\"https:\/\/www.yousanusb.com\/wp-content\/uploads\/2024\/09\/crystal-oscillator-usb-flash-drive.jpg\" alt=\"oscillateur \u00e0 cristal lecteur flash usb\" class=\"wp-image-9332\" srcset=\"https:\/\/www.yousanusb.com\/wp-content\/uploads\/2024\/09\/crystal-oscillator-usb-flash-drive.jpg 1000w, https:\/\/www.yousanusb.com\/wp-content\/uploads\/2024\/09\/crystal-oscillator-usb-flash-drive-300x300.jpg 300w, https:\/\/www.yousanusb.com\/wp-content\/uploads\/2024\/09\/crystal-oscillator-usb-flash-drive-150x150.jpg 150w, https:\/\/www.yousanusb.com\/wp-content\/uploads\/2024\/09\/crystal-oscillator-usb-flash-drive-768x768.jpg 768w, https:\/\/www.yousanusb.com\/wp-content\/uploads\/2024\/09\/crystal-oscillator-usb-flash-drive-600x600.jpg 600w, https:\/\/www.yousanusb.com\/wp-content\/uploads\/2024\/09\/crystal-oscillator-usb-flash-drive-100x100.jpg 100w\" sizes=\"(max-width: 1000px) 100vw, 1000px\" \/><\/figure>\n<\/div>\n<\/div>\n\n\n\n<div class=\"wp-block-columns is-layout-flex wp-container-core-columns-is-layout-3 wp-block-columns-is-layout-flex\">\n<div class=\"wp-block-column is-layout-flow wp-block-column-is-layout-flow\">\n<figure class=\"wp-block-image size-full\"><img loading=\"lazy\" decoding=\"async\" width=\"1000\" height=\"1000\" src=\"https:\/\/www.yousanusb.com\/wp-content\/uploads\/2024\/09\/crystal-led-usb-flash-drive.jpg\" alt=\"cl\u00e9 usb \u00e0 led cristal\" class=\"wp-image-9331\" srcset=\"https:\/\/www.yousanusb.com\/wp-content\/uploads\/2024\/09\/crystal-led-usb-flash-drive.jpg 1000w, https:\/\/www.yousanusb.com\/wp-content\/uploads\/2024\/09\/crystal-led-usb-flash-drive-300x300.jpg 300w, https:\/\/www.yousanusb.com\/wp-content\/uploads\/2024\/09\/crystal-led-usb-flash-drive-150x150.jpg 150w, https:\/\/www.yousanusb.com\/wp-content\/uploads\/2024\/09\/crystal-led-usb-flash-drive-768x768.jpg 768w, https:\/\/www.yousanusb.com\/wp-content\/uploads\/2024\/09\/crystal-led-usb-flash-drive-600x600.jpg 600w, https:\/\/www.yousanusb.com\/wp-content\/uploads\/2024\/09\/crystal-led-usb-flash-drive-100x100.jpg 100w\" sizes=\"(max-width: 1000px) 100vw, 1000px\" \/><\/figure>\n<\/div>\n\n\n\n<div class=\"wp-block-column is-layout-flow wp-block-column-is-layout-flow\">\n<figure class=\"wp-block-image size-full\"><img loading=\"lazy\" decoding=\"async\" width=\"1000\" height=\"1000\" src=\"https:\/\/www.yousanusb.com\/wp-content\/uploads\/2024\/09\/crystal-glass-usb-flash-drive-and-pen-drives.jpg\" alt=\"cl\u00e9s usb et stylos en verre de cristal\" class=\"wp-image-9330\" srcset=\"https:\/\/www.yousanusb.com\/wp-content\/uploads\/2024\/09\/crystal-glass-usb-flash-drive-and-pen-drives.jpg 1000w, https:\/\/www.yousanusb.com\/wp-content\/uploads\/2024\/09\/crystal-glass-usb-flash-drive-and-pen-drives-300x300.jpg 300w, https:\/\/www.yousanusb.com\/wp-content\/uploads\/2024\/09\/crystal-glass-usb-flash-drive-and-pen-drives-150x150.jpg 150w, https:\/\/www.yousanusb.com\/wp-content\/uploads\/2024\/09\/crystal-glass-usb-flash-drive-and-pen-drives-768x768.jpg 768w, https:\/\/www.yousanusb.com\/wp-content\/uploads\/2024\/09\/crystal-glass-usb-flash-drive-and-pen-drives-600x600.jpg 600w, https:\/\/www.yousanusb.com\/wp-content\/uploads\/2024\/09\/crystal-glass-usb-flash-drive-and-pen-drives-100x100.jpg 100w\" sizes=\"(max-width: 1000px) 100vw, 1000px\" \/><\/figure>\n<\/div>\n\n\n\n<div class=\"wp-block-column is-layout-flow wp-block-column-is-layout-flow\">\n<figure class=\"wp-block-image size-full\"><img loading=\"lazy\" decoding=\"async\" width=\"1000\" height=\"1000\" src=\"https:\/\/www.yousanusb.com\/wp-content\/uploads\/2024\/09\/crystal-glass-usb-flash-drive.jpg\" alt=\"cl\u00e9 usb en verre de cristal\" class=\"wp-image-9329\" srcset=\"https:\/\/www.yousanusb.com\/wp-content\/uploads\/2024\/09\/crystal-glass-usb-flash-drive.jpg 1000w, https:\/\/www.yousanusb.com\/wp-content\/uploads\/2024\/09\/crystal-glass-usb-flash-drive-300x300.jpg 300w, https:\/\/www.yousanusb.com\/wp-content\/uploads\/2024\/09\/crystal-glass-usb-flash-drive-150x150.jpg 150w, https:\/\/www.yousanusb.com\/wp-content\/uploads\/2024\/09\/crystal-glass-usb-flash-drive-768x768.jpg 768w, https:\/\/www.yousanusb.com\/wp-content\/uploads\/2024\/09\/crystal-glass-usb-flash-drive-600x600.jpg 600w, https:\/\/www.yousanusb.com\/wp-content\/uploads\/2024\/09\/crystal-glass-usb-flash-drive-100x100.jpg 100w\" sizes=\"(max-width: 1000px) 100vw, 1000px\" \/><\/figure>\n<\/div>\n<\/div>\n\n\n\n<div class=\"wp-block-columns is-layout-flex wp-container-core-columns-is-layout-4 wp-block-columns-is-layout-flex\">\n<div class=\"wp-block-column is-layout-flow wp-block-column-is-layout-flow\">\n<figure class=\"wp-block-image size-full\"><img decoding=\"async\" width=\"1000\" height=\"1000\" src=\"https:\/\/www.yousanusb.com\/wp-content\/uploads\/2024\/09\/buy-swarovski-crystal-usb-flash-drive.jpg\" alt=\"acheter cl\u00e9 usb en cristal swarovski\" class=\"wp-image-9326\" srcset=\"https:\/\/www.yousanusb.com\/wp-content\/uploads\/2024\/09\/buy-swarovski-crystal-usb-flash-drive.jpg 1000w, https:\/\/www.yousanusb.com\/wp-content\/uploads\/2024\/09\/buy-swarovski-crystal-usb-flash-drive-300x300.jpg 300w, https:\/\/www.yousanusb.com\/wp-content\/uploads\/2024\/09\/buy-swarovski-crystal-usb-flash-drive-150x150.jpg 150w, https:\/\/www.yousanusb.com\/wp-content\/uploads\/2024\/09\/buy-swarovski-crystal-usb-flash-drive-768x768.jpg 768w, https:\/\/www.yousanusb.com\/wp-content\/uploads\/2024\/09\/buy-swarovski-crystal-usb-flash-drive-600x600.jpg 600w, https:\/\/www.yousanusb.com\/wp-content\/uploads\/2024\/09\/buy-swarovski-crystal-usb-flash-drive-100x100.jpg 100w\" sizes=\"(max-width: 1000px) 100vw, 1000px\" \/><\/figure>\n<\/div>\n\n\n\n<div class=\"wp-block-column is-layout-flow wp-block-column-is-layout-flow\">\n<figure class=\"wp-block-image size-full\"><img loading=\"lazy\" decoding=\"async\" width=\"1000\" height=\"1000\" src=\"https:\/\/www.yousanusb.com\/wp-content\/uploads\/2024\/09\/crystal-and-wood-usb-flash-drive.jpg\" alt=\"cl\u00e9 usb en cristal et bois\" class=\"wp-image-9327\" srcset=\"https:\/\/www.yousanusb.com\/wp-content\/uploads\/2024\/09\/crystal-and-wood-usb-flash-drive.jpg 1000w, https:\/\/www.yousanusb.com\/wp-content\/uploads\/2024\/09\/crystal-and-wood-usb-flash-drive-300x300.jpg 300w, https:\/\/www.yousanusb.com\/wp-content\/uploads\/2024\/09\/crystal-and-wood-usb-flash-drive-150x150.jpg 150w, https:\/\/www.yousanusb.com\/wp-content\/uploads\/2024\/09\/crystal-and-wood-usb-flash-drive-768x768.jpg 768w, https:\/\/www.yousanusb.com\/wp-content\/uploads\/2024\/09\/crystal-and-wood-usb-flash-drive-600x600.jpg 600w, https:\/\/www.yousanusb.com\/wp-content\/uploads\/2024\/09\/crystal-and-wood-usb-flash-drive-100x100.jpg 100w\" sizes=\"(max-width: 1000px) 100vw, 1000px\" \/><\/figure>\n<\/div>\n\n\n\n<div class=\"wp-block-column is-layout-flow wp-block-column-is-layout-flow\">\n<figure class=\"wp-block-image size-full\"><img loading=\"lazy\" decoding=\"async\" width=\"1000\" height=\"1000\" src=\"https:\/\/www.yousanusb.com\/wp-content\/uploads\/2024\/09\/crystal-flash-usb-flash-drive.jpg\" alt=\"cl\u00e9 usb crystal flash\" class=\"wp-image-9328\" srcset=\"https:\/\/www.yousanusb.com\/wp-content\/uploads\/2024\/09\/crystal-flash-usb-flash-drive.jpg 1000w, https:\/\/www.yousanusb.com\/wp-content\/uploads\/2024\/09\/crystal-flash-usb-flash-drive-300x300.jpg 300w, https:\/\/www.yousanusb.com\/wp-content\/uploads\/2024\/09\/crystal-flash-usb-flash-drive-150x150.jpg 150w, https:\/\/www.yousanusb.com\/wp-content\/uploads\/2024\/09\/crystal-flash-usb-flash-drive-768x768.jpg 768w, https:\/\/www.yousanusb.com\/wp-content\/uploads\/2024\/09\/crystal-flash-usb-flash-drive-600x600.jpg 600w, https:\/\/www.yousanusb.com\/wp-content\/uploads\/2024\/09\/crystal-flash-usb-flash-drive-100x100.jpg 100w\" sizes=\"(max-width: 1000px) 100vw, 1000px\" \/><\/figure>\n<\/div>\n<\/div>\n\n\n\n<p>Qu'il s'agisse de faveurs de mariage pour les invit\u00e9s ou de cadeaux promotionnels lors d'\u00e9v\u00e9nements de mode ou d'expositions de bijoux, ils mettent en valeur une qualit\u00e9 sup\u00e9rieure et un style distinctif. L'usine peut concevoir un emballage personnalis\u00e9 pour cet ensemble en fonction des besoins du client, ce qui renforce encore l'attrait du produit.<\/p>","protected":false},"excerpt":{"rendered":"<ul>\n<li>Conception portable<\/li>\n<li>Mati\u00e8re cristal<\/li>\n<li>Vitesse plus rapide et haute qualit\u00e9<\/li>\n<li>Imperm\u00e9able et durable<\/li>\n<li>Fiabilit\u00e9 et s\u00e9curit\u00e9<\/li>\n<li>Id\u00e9al pour tous les usages<\/li>\n<li>MOQ:100pcs<\/li>\n<\/ul>","protected":false},"featured_media":9333,"comment_status":"open","ping_status":"closed","template":"","meta":{"_seopress_robots_primary_cat":"none","_seopress_titles_title":"","_seopress_titles_desc":"","_seopress_robots_index":""},"class_list":["post-9324","product","type-product","status-publish","has-post-thumbnail","hentry","product_cat-crystal-led-usb-flash-drive","product_tag-acrylic-usb-flash-drive"],"_links":{"self":[{"href":"https:\/\/www.yousanusb.com\/fr\/wp-json\/wp\/v2\/product\/9324"}],"collection":[{"href":"https:\/\/www.yousanusb.com\/fr\/wp-json\/wp\/v2\/product"}],"about":[{"href":"https:\/\/www.yousanusb.com\/fr\/wp-json\/wp\/v2\/types\/product"}],"replies":[{"embeddable":true,"href":"https:\/\/www.yousanusb.com\/fr\/wp-json\/wp\/v2\/comments?post=9324"}],"wp:featuredmedia":[{"embeddable":true,"href":"https:\/\/www.yousanusb.com\/fr\/wp-json\/wp\/v2\/media\/9333"}],"wp:attachment":[{"href":"https:\/\/www.yousanusb.com\/fr\/wp-json\/wp\/v2\/media?parent=9324"}],"curies":[{"name":"wp","href":"https:\/\/api.w.org\/{rel}","templated":true}]}}