{"id":9338,"date":"2024-09-11T00:03:51","date_gmt":"2024-09-11T00:03:51","guid":{"rendered":"https:\/\/yousanusb.com\/?post_type=product&#038;p=9338"},"modified":"2025-11-13T04:29:10","modified_gmt":"2025-11-13T04:29:10","slug":"tank-thumb-drive-vehicle-usb-flash-drive-military-tank-pattern-usb-flash-drive","status":"publish","type":"product","link":"https:\/\/www.yousanusb.com\/fr\/produit\/tank-thumb-drive-vehicle-usb-flash-drive-military-tank-pattern-usb-flash-drive\/","title":{"rendered":"Cl\u00e9 USB \u00e0 motif de char d'assaut militaire"},"content":{"rendered":"<p>La cl\u00e9 USB Tank pour jeunes adultes en forme de v\u00e9hicules de transport amusants pour le retour \u00e0 l'\u00e9cole est un dispositif de stockage portable parfait pour votre jeune \u00e9colier. C'est une cl\u00e9 USB super mignonne, color\u00e9e et \u00e9l\u00e9gante pour les jeunes \u00e9tudiants.<\/p>\n\n\n\n<div class=\"wp-block-columns is-layout-flex wp-container-core-columns-is-layout-1 wp-block-columns-is-layout-flex\">\n<div class=\"wp-block-column is-layout-flow wp-block-column-is-layout-flow\">\n<figure class=\"wp-block-image size-full\"><img fetchpriority=\"high\" decoding=\"async\" width=\"1000\" height=\"1000\" src=\"https:\/\/www.yousanusb.com\/wp-content\/uploads\/2024\/09\/custom-best-mini-usb-drive.jpg\" alt=\"meilleur lecteur mini usb personnalis\u00e9\" class=\"wp-image-9343\" srcset=\"https:\/\/www.yousanusb.com\/wp-content\/uploads\/2024\/09\/custom-best-mini-usb-drive.jpg 1000w, https:\/\/www.yousanusb.com\/wp-content\/uploads\/2024\/09\/custom-best-mini-usb-drive-300x300.jpg 300w, https:\/\/www.yousanusb.com\/wp-content\/uploads\/2024\/09\/custom-best-mini-usb-drive-150x150.jpg 150w, https:\/\/www.yousanusb.com\/wp-content\/uploads\/2024\/09\/custom-best-mini-usb-drive-768x768.jpg 768w, https:\/\/www.yousanusb.com\/wp-content\/uploads\/2024\/09\/custom-best-mini-usb-drive-600x600.jpg 600w, https:\/\/www.yousanusb.com\/wp-content\/uploads\/2024\/09\/custom-best-mini-usb-drive-100x100.jpg 100w\" sizes=\"(max-width: 1000px) 100vw, 1000px\" \/><\/figure>\n<\/div>\n\n\n\n<div class=\"wp-block-column is-vertically-aligned-center is-layout-flow wp-block-column-is-layout-flow\">\n<p>Il s'agit d'une cl\u00e9 USB en silicone en forme de r\u00e9servoir. Son design est inspir\u00e9 d'un r\u00e9servoir, et plusieurs styles de r\u00e9servoirs sont disponibles. La forme recr\u00e9e fid\u00e8lement les d\u00e9tails structurels du r\u00e9servoir, ce qui renforce l'attrait visuel.<\/p>\n\n\n\n<p> Le corps principal est fabriqu\u00e9 en silicone vert militaire, offrant un toucher doux tout en combinant flexibilit\u00e9 et propri\u00e9t\u00e9s protectrices. Il peut r\u00e9sister aux petits chocs quotidiens, aux chutes et aux rayures.<\/p>\n\n\n\n<p>La cl\u00e9 USB est livr\u00e9e avec un capuchon en silicone assorti pour prot\u00e9ger le port USB. Sa taille compacte permet de la ranger facilement dans une poche ou de l'attacher \u00e0 un sac. La surface permet un marquage personnalis\u00e9, ce qui la rend id\u00e9ale pour la personnalisation de cadeaux ou les campagnes promotionnelles.<\/p>\n<\/div>\n<\/div>\n\n\n\n<div class=\"wp-block-columns is-layout-flex wp-container-core-columns-is-layout-2 wp-block-columns-is-layout-flex\">\n<div class=\"wp-block-column is-vertically-aligned-center is-layout-flow wp-block-column-is-layout-flow\">\n<p>En termes de fonctionnalit\u00e9s, il est dot\u00e9 d'une interface USB standard compatible avec les syst\u00e8mes courants tels que Windows et Mac, permettant un fonctionnement plug-and-play sans n\u00e9cessiter de pilotes suppl\u00e9mentaires. I<\/p>\n\n\n\n<p>t peut stocker diff\u00e9rents types de donn\u00e9es, y compris des documents, des images et des vid\u00e9os, avec des options de capacit\u00e9 standard disponibles pour r\u00e9pondre aux besoins quotidiens de stockage au bureau et dans les \u00e9tudes.<\/p>\n\n\n\n<p> Offrant des vitesses de lecture et d'\u00e9criture stables, il g\u00e8re efficacement les transferts de fichiers quotidiens, ce qui le rend adapt\u00e9 \u00e0 une utilisation personnelle quotidienne, au stockage de donn\u00e9es par les \u00e9tudiants ou \u00e0 une distribution personnalis\u00e9e par l'entreprise en tant que marchandise de marque.<\/p>\n<\/div>\n\n\n\n<div class=\"wp-block-column is-layout-flow wp-block-column-is-layout-flow\">\n<figure class=\"wp-block-image size-full\"><img decoding=\"async\" width=\"1000\" height=\"1000\" src=\"https:\/\/www.yousanusb.com\/wp-content\/uploads\/2024\/09\/custom-best-durable-usb-flash-drive.jpg\" alt=\"cl\u00e9 usb personnalis\u00e9e et durable\" class=\"wp-image-9342\" srcset=\"https:\/\/www.yousanusb.com\/wp-content\/uploads\/2024\/09\/custom-best-durable-usb-flash-drive.jpg 1000w, https:\/\/www.yousanusb.com\/wp-content\/uploads\/2024\/09\/custom-best-durable-usb-flash-drive-300x300.jpg 300w, https:\/\/www.yousanusb.com\/wp-content\/uploads\/2024\/09\/custom-best-durable-usb-flash-drive-150x150.jpg 150w, https:\/\/www.yousanusb.com\/wp-content\/uploads\/2024\/09\/custom-best-durable-usb-flash-drive-768x768.jpg 768w, https:\/\/www.yousanusb.com\/wp-content\/uploads\/2024\/09\/custom-best-durable-usb-flash-drive-600x600.jpg 600w, https:\/\/www.yousanusb.com\/wp-content\/uploads\/2024\/09\/custom-best-durable-usb-flash-drive-100x100.jpg 100w\" sizes=\"(max-width: 1000px) 100vw, 1000px\" \/><\/figure>\n<\/div>\n<\/div>","protected":false},"excerpt":{"rendered":"<ul>\n<li>Mati\u00e8re PVC<\/li>\n<li>Conception d'une manette de jeu<\/li>\n<li>MOQ\uff1a100pcs<\/li>\n<li>Convient pour les cadeaux<\/li>\n<li>Fiabilit\u00e9 et s\u00e9curit\u00e9<\/li>\n<li>Id\u00e9al pour tous les usages<\/li>\n<\/ul>","protected":false},"featured_media":9340,"comment_status":"open","ping_status":"closed","template":"","meta":{"_seopress_robots_primary_cat":"none","_seopress_titles_title":"","_seopress_titles_desc":"","_seopress_robots_index":""},"class_list":["post-9338","product","type-product","status-publish","has-post-thumbnail","hentry","product_cat-custom-usb-drive","product_tag-custom-best-cheap-silicon-usb-drive"],"_links":{"self":[{"href":"https:\/\/www.yousanusb.com\/fr\/wp-json\/wp\/v2\/product\/9338"}],"collection":[{"href":"https:\/\/www.yousanusb.com\/fr\/wp-json\/wp\/v2\/product"}],"about":[{"href":"https:\/\/www.yousanusb.com\/fr\/wp-json\/wp\/v2\/types\/product"}],"replies":[{"embeddable":true,"href":"https:\/\/www.yousanusb.com\/fr\/wp-json\/wp\/v2\/comments?post=9338"}],"wp:featuredmedia":[{"embeddable":true,"href":"https:\/\/www.yousanusb.com\/fr\/wp-json\/wp\/v2\/media\/9340"}],"wp:attachment":[{"href":"https:\/\/www.yousanusb.com\/fr\/wp-json\/wp\/v2\/media?parent=9338"}],"curies":[{"name":"wp","href":"https:\/\/api.w.org\/{rel}","templated":true}]}}