{"id":9396,"date":"2024-09-11T01:29:27","date_gmt":"2024-09-11T01:29:27","guid":{"rendered":"https:\/\/yousanusb.com\/?post_type=product&#038;p=9396"},"modified":"2025-10-06T00:27:48","modified_gmt":"2025-10-06T00:27:48","slug":"usb-flash-drive-waterproof-usb-stick-high-speed-memory-stick-with-keychain","status":"publish","type":"product","link":"https:\/\/www.yousanusb.com\/fr\/produit\/usb-flash-drive-waterproof-usb-stick-high-speed-memory-stick-with-keychain\/","title":{"rendered":"SAMSUNG BAR Plus Cl\u00e9 USB en m\u00e9tal"},"content":{"rendered":"<h2 class=\"wp-block-heading\">Qu'est-ce que la cl\u00e9 USB SAMSUNG BAR Plus Metal ?<strong> <\/strong><\/h2>\n\n\n\n<div class=\"wp-block-columns is-layout-flex wp-container-core-columns-is-layout-2 wp-block-columns-is-layout-flex\">\n<div class=\"wp-block-column is-layout-flow wp-block-column-is-layout-flow\" style=\"flex-basis:100%\">\n<div class=\"wp-block-columns is-layout-flex wp-container-core-columns-is-layout-1 wp-block-columns-is-layout-flex\">\n<div class=\"wp-block-column is-layout-flow wp-block-column-is-layout-flow\">\n<figure class=\"wp-block-image size-full\"><img fetchpriority=\"high\" decoding=\"async\" width=\"800\" height=\"800\" src=\"https:\/\/yousanusb.com\/wp-content\/uploads\/2024\/09\/SAMSUNG-BAR-Plus-Metal-USB-Flash-Drive.jpg\" alt=\"SAMSUNG BAR Plus Cl\u00e9 USB en m\u00e9tal\" class=\"wp-image-17111\" srcset=\"https:\/\/www.yousanusb.com\/wp-content\/uploads\/2024\/09\/SAMSUNG-BAR-Plus-Metal-USB-Flash-Drive.jpg 800w, https:\/\/www.yousanusb.com\/wp-content\/uploads\/2024\/09\/SAMSUNG-BAR-Plus-Metal-USB-Flash-Drive-300x300.jpg 300w, https:\/\/www.yousanusb.com\/wp-content\/uploads\/2024\/09\/SAMSUNG-BAR-Plus-Metal-USB-Flash-Drive-150x150.jpg 150w, https:\/\/www.yousanusb.com\/wp-content\/uploads\/2024\/09\/SAMSUNG-BAR-Plus-Metal-USB-Flash-Drive-768x768.jpg 768w, https:\/\/www.yousanusb.com\/wp-content\/uploads\/2024\/09\/SAMSUNG-BAR-Plus-Metal-USB-Flash-Drive-12x12.jpg 12w, https:\/\/www.yousanusb.com\/wp-content\/uploads\/2024\/09\/SAMSUNG-BAR-Plus-Metal-USB-Flash-Drive-600x600.jpg 600w, https:\/\/www.yousanusb.com\/wp-content\/uploads\/2024\/09\/SAMSUNG-BAR-Plus-Metal-USB-Flash-Drive-100x100.jpg 100w\" sizes=\"(max-width: 800px) 100vw, 800px\" \/><\/figure>\n<\/div>\n\n\n\n<div class=\"wp-block-column is-vertically-aligned-center is-layout-flow wp-block-column-is-layout-flow\">\n<p>La cl\u00e9 USB SAMSUNG BAR Plus Metal est un dispositif de stockage haut de gamme con\u00e7u par Samsung pour les utilisateurs qui recherchent \u00e0 la fois l'esth\u00e9tique et la performance. Elle se caract\u00e9rise par un design a\u00e9rodynamique irr\u00e9gulier en une seule pi\u00e8ce, le corps \u00e9tant forg\u00e9 \u00e0 partir d'une pi\u00e8ce enti\u00e8re d'alliage d'aluminium gr\u00e2ce \u00e0 un travail de pr\u00e9cision.<\/p>\n\n\n\n<p>Les lignes douces et naturelles s'adaptent \u00e0 l'arc de la paume, assurant une prise en main confortable et antid\u00e9rapante. La surface est recouverte d'une d\u00e9licate couche de m\u00e9tal mat, offrant un toucher lisse comme du satin, tout en \u00e9tant r\u00e9sistante aux traces de doigts et \u00e0 l'usure.<\/p>\n<\/div>\n<\/div>\n<\/div>\n<\/div>\n\n\n\n<p><\/p>\n\n\n\n<h2 class=\"wp-block-heading\">Interfaces et param\u00e8tres de la cl\u00e9 USB SAMSUNG Metal<\/h2>\n\n\n\n<figure class=\"wp-block-table\"><table class=\"has-fixed-layout\"><tbody><tr><td>Objet<\/td><td>Configuration<\/td><\/tr><tr><td>Type d'interface<\/td><td>Interface USB 3.0 \u00e0 haut d\u00e9bit (compatibilit\u00e9 descendante avec USB 2.0)<\/td><\/tr><tr><td>Capacit\u00e9<\/td><td>32GB\/64GB\/128GB\/256GB\/512GB<\/td><\/tr><tr><td>Vitesse de lecture<\/td><td>Jusqu'\u00e0 200 Mo\/s (sous interface USB 3.0)<\/td><\/tr><tr><td>Taille\/Poids<\/td><td>40\u00d712\u00d715,46mm \/ 10g<\/td><\/tr><tr><td>Temp\u00e9rature de fonctionnement<\/td><td>-25\u2103~85\u2103<\/td><\/tr><\/tbody><\/table><\/figure>\n\n\n\n<div style=\"height:50px\" aria-hidden=\"true\" class=\"wp-block-spacer\"><\/div>\n\n\n\n<h2 class=\"wp-block-heading\">Quelles sont les couleurs des cl\u00e9s USB SAMSUNG BAR Plus Metal ? <\/h2>\n\n\n\n<div class=\"wp-block-columns is-layout-flex wp-container-core-columns-is-layout-3 wp-block-columns-is-layout-flex\">\n<div class=\"wp-block-column is-layout-flow wp-block-column-is-layout-flow\">\n<figure class=\"wp-block-image size-full is-resized\"><img decoding=\"async\" width=\"800\" height=\"800\" src=\"https:\/\/yousanusb.com\/wp-content\/uploads\/2024\/09\/Black-SAMSUNG-BAR-Plus-Metal-USB-Flash-Drive.jpg\" alt=\"Cl\u00e9 USB SAMSUNG BAR Plus m\u00e9tal noir\" class=\"wp-image-17109\" style=\"width:450px\" srcset=\"https:\/\/www.yousanusb.com\/wp-content\/uploads\/2024\/09\/Black-SAMSUNG-BAR-Plus-Metal-USB-Flash-Drive.jpg 800w, https:\/\/www.yousanusb.com\/wp-content\/uploads\/2024\/09\/Black-SAMSUNG-BAR-Plus-Metal-USB-Flash-Drive-300x300.jpg 300w, https:\/\/www.yousanusb.com\/wp-content\/uploads\/2024\/09\/Black-SAMSUNG-BAR-Plus-Metal-USB-Flash-Drive-150x150.jpg 150w, https:\/\/www.yousanusb.com\/wp-content\/uploads\/2024\/09\/Black-SAMSUNG-BAR-Plus-Metal-USB-Flash-Drive-768x768.jpg 768w, https:\/\/www.yousanusb.com\/wp-content\/uploads\/2024\/09\/Black-SAMSUNG-BAR-Plus-Metal-USB-Flash-Drive-12x12.jpg 12w, https:\/\/www.yousanusb.com\/wp-content\/uploads\/2024\/09\/Black-SAMSUNG-BAR-Plus-Metal-USB-Flash-Drive-600x600.jpg 600w, https:\/\/www.yousanusb.com\/wp-content\/uploads\/2024\/09\/Black-SAMSUNG-BAR-Plus-Metal-USB-Flash-Drive-100x100.jpg 100w\" sizes=\"(max-width: 800px) 100vw, 800px\" \/><\/figure>\n<\/div>\n\n\n\n<div class=\"wp-block-column is-vertically-aligned-center is-layout-flow wp-block-column-is-layout-flow\">\n<h3 class=\"wp-block-heading\">Noir classique<\/h3>\n\n\n\n<p>Cette couleur utilise la technologie d'anodisation en huit \u00e9tapes pour former une couche protectrice dense sur la surface m\u00e9tallique, pr\u00e9sentant une texture de sable \u00e9toil\u00e9 aussi profonde que la nuit. Sous la lumi\u00e8re, de subtiles particules de m\u00e9tal apparaissent faiblement, r\u00e9v\u00e9lant le luxe dans une \u00e9l\u00e9gance discr\u00e8te.<\/p>\n\n\n\n<p>Le corps noir s'accorde parfaitement avec les sc\u00e9narios professionnels. Qu'il s'agisse de le connecter \u00e0 un ordinateur pour une pr\u00e9sentation en r\u00e9union ou de l'offrir \u00e0 des clients comme souvenir d'entreprise, la gravure d'un LOGO estampill\u00e9 en or renforce instantan\u00e9ment le professionnalisme, ce qui en fait le premier choix pour les secteurs rigoureux tels que la finance et le droit, en conf\u00e9rant du style \u00e0 chaque \u00e9change de donn\u00e9es.<\/p>\n<\/div>\n<\/div>\n\n\n\n<h3 class=\"wp-block-heading\"><\/h3>\n\n\n\n<div class=\"wp-block-columns is-layout-flex wp-container-core-columns-is-layout-4 wp-block-columns-is-layout-flex\">\n<div class=\"wp-block-column is-vertically-aligned-center is-layout-flow wp-block-column-is-layout-flow\">\n<h3 class=\"wp-block-heading\">Argent tendance<\/h3>\n\n\n\n<p>Cette couleur subit un traitement de sablage \u00e0 l'\u00e9chelle nanom\u00e9trique, avec une surface aussi douce que le clair de lune, pr\u00e9sentant une touche velout\u00e9e d'argent de l'aube. Le toucher d\u00e9licat et lisse pr\u00e9sente diff\u00e9rents reflets \u00e0 la lumi\u00e8re naturelle, \u00e9quilibrant la froideur des produits techniques avec un temp\u00e9rament doux.<\/p>\n\n\n\n<p>Les jeunes utilisateurs peuvent graver des motifs personnalis\u00e9s sur la surface, l'associer \u00e0 des cartables ou \u00e0 des porte-cl\u00e9s et en faire instantan\u00e9ment un objet \u00e0 la mode. Les designers qui l'emportent pour des propositions en plein air font preuve d'un go\u00fbt prononc\u00e9 pour la mode, car le corps argent\u00e9 s'harmonise avec les appareils num\u00e9riques.<\/p>\n<\/div>\n\n\n\n<div class=\"wp-block-column is-layout-flow wp-block-column-is-layout-flow\">\n<figure class=\"wp-block-image size-full is-resized\"><img decoding=\"async\" width=\"800\" height=\"800\" src=\"https:\/\/yousanusb.com\/wp-content\/uploads\/2024\/09\/SAMSUNG-BAR-Plus-Metallic-USB-Flash-Drive.jpg\" alt=\"SAMSUNG BAR Plus Cl\u00e9 USB m\u00e9tallis\u00e9e\" class=\"wp-image-17112\" style=\"width:450px\" srcset=\"https:\/\/www.yousanusb.com\/wp-content\/uploads\/2024\/09\/SAMSUNG-BAR-Plus-Metallic-USB-Flash-Drive.jpg 800w, https:\/\/www.yousanusb.com\/wp-content\/uploads\/2024\/09\/SAMSUNG-BAR-Plus-Metallic-USB-Flash-Drive-300x300.jpg 300w, https:\/\/www.yousanusb.com\/wp-content\/uploads\/2024\/09\/SAMSUNG-BAR-Plus-Metallic-USB-Flash-Drive-150x150.jpg 150w, https:\/\/www.yousanusb.com\/wp-content\/uploads\/2024\/09\/SAMSUNG-BAR-Plus-Metallic-USB-Flash-Drive-768x768.jpg 768w, https:\/\/www.yousanusb.com\/wp-content\/uploads\/2024\/09\/SAMSUNG-BAR-Plus-Metallic-USB-Flash-Drive-12x12.jpg 12w, https:\/\/www.yousanusb.com\/wp-content\/uploads\/2024\/09\/SAMSUNG-BAR-Plus-Metallic-USB-Flash-Drive-600x600.jpg 600w, https:\/\/www.yousanusb.com\/wp-content\/uploads\/2024\/09\/SAMSUNG-BAR-Plus-Metallic-USB-Flash-Drive-100x100.jpg 100w\" sizes=\"(max-width: 800px) 100vw, 800px\" \/><\/figure>\n<\/div>\n<\/div>\n\n\n\n<h2 class=\"wp-block-heading\">La cl\u00e9 USB SAMSUNG BAR Plus Metal peut-elle \u00eatre personnalis\u00e9e avec un logo ? <\/h2>\n\n\n\n<p>Oui ! La cl\u00e9 USB SAMSUNG BAR Plus Metal permet de personnaliser le logo au recto et au verso gr\u00e2ce \u00e0 la technologie de gravure laser. Les lasers de haute pr\u00e9cision gravent des motifs clairs d'une profondeur de 0,05 mm sur la surface m\u00e9tallique, avec des bords lisses sans bavures qui ne s'effaceront pas apr\u00e8s une utilisation prolong\u00e9e.<\/p>\n\n\n\n<p>Qu'il s'agisse du logo d'une entreprise ou d'un symbole personnel exclusif, il peut \u00eatre pr\u00e9serv\u00e9 de fa\u00e7on permanente. Outre la personnalisation du corps, l'emballage peut \u00e9galement \u00eatre choisi avec souplesse : la configuration standard est un simple sac en PP, adapt\u00e9 aux achats en vrac ; pour une qualit\u00e9 sup\u00e9rieure, des bo\u00eetes en fer ou en papier sont disponibles en option, la surface de la bo\u00eete permettant \u00e9galement de personnaliser le logo.<\/p>\n\n\n\n<div class=\"wp-block-columns is-layout-flex wp-container-core-columns-is-layout-5 wp-block-columns-is-layout-flex\">\n<div class=\"wp-block-column is-layout-flow wp-block-column-is-layout-flow\"><div class=\"wp-block-image\">\n<figure class=\"aligncenter size-full is-resized\"><img loading=\"lazy\" decoding=\"async\" width=\"800\" height=\"800\" src=\"https:\/\/yousanusb.com\/wp-content\/uploads\/2024\/09\/Silver-SAMSUNG-BAR-Plus-Metal-USB-Flash-Drive.jpg\" alt=\"Cl\u00e9 USB en m\u00e9tal SAMSUNG BAR Plus Argent\" class=\"wp-image-17113\" style=\"width:450px\" srcset=\"https:\/\/www.yousanusb.com\/wp-content\/uploads\/2024\/09\/Silver-SAMSUNG-BAR-Plus-Metal-USB-Flash-Drive.jpg 800w, https:\/\/www.yousanusb.com\/wp-content\/uploads\/2024\/09\/Silver-SAMSUNG-BAR-Plus-Metal-USB-Flash-Drive-300x300.jpg 300w, https:\/\/www.yousanusb.com\/wp-content\/uploads\/2024\/09\/Silver-SAMSUNG-BAR-Plus-Metal-USB-Flash-Drive-150x150.jpg 150w, https:\/\/www.yousanusb.com\/wp-content\/uploads\/2024\/09\/Silver-SAMSUNG-BAR-Plus-Metal-USB-Flash-Drive-768x768.jpg 768w, https:\/\/www.yousanusb.com\/wp-content\/uploads\/2024\/09\/Silver-SAMSUNG-BAR-Plus-Metal-USB-Flash-Drive-12x12.jpg 12w, https:\/\/www.yousanusb.com\/wp-content\/uploads\/2024\/09\/Silver-SAMSUNG-BAR-Plus-Metal-USB-Flash-Drive-600x600.jpg 600w, https:\/\/www.yousanusb.com\/wp-content\/uploads\/2024\/09\/Silver-SAMSUNG-BAR-Plus-Metal-USB-Flash-Drive-100x100.jpg 100w\" sizes=\"(max-width: 800px) 100vw, 800px\" \/><\/figure><\/div><\/div>\n\n\n\n<div class=\"wp-block-column is-layout-flow wp-block-column-is-layout-flow\"><div class=\"wp-block-image\">\n<figure class=\"aligncenter size-full is-resized\"><img loading=\"lazy\" decoding=\"async\" width=\"705\" height=\"705\" src=\"https:\/\/yousanusb.com\/wp-content\/uploads\/2024\/09\/111111111111111111111.jpg\" alt=\"Cl\u00e9 USB en m\u00e9tal noir et argent\" class=\"wp-image-17108\" style=\"width:450px\" srcset=\"https:\/\/www.yousanusb.com\/wp-content\/uploads\/2024\/09\/111111111111111111111.jpg 705w, https:\/\/www.yousanusb.com\/wp-content\/uploads\/2024\/09\/111111111111111111111-300x300.jpg 300w, https:\/\/www.yousanusb.com\/wp-content\/uploads\/2024\/09\/111111111111111111111-150x150.jpg 150w, https:\/\/www.yousanusb.com\/wp-content\/uploads\/2024\/09\/111111111111111111111-12x12.jpg 12w, https:\/\/www.yousanusb.com\/wp-content\/uploads\/2024\/09\/111111111111111111111-600x600.jpg 600w, https:\/\/www.yousanusb.com\/wp-content\/uploads\/2024\/09\/111111111111111111111-100x100.jpg 100w\" sizes=\"(max-width: 705px) 100vw, 705px\" \/><\/figure><\/div><\/div>\n<\/div>\n\n\n\n<h2 class=\"wp-block-heading\">Pourquoi la cl\u00e9 USB SAMSUNG BAR Plus Metal est-elle un cadeau id\u00e9al ? <\/h2>\n\n\n\n<ul class=\"wp-block-list\">\n<li>Marque reconnue<strong>: <\/strong>En tant que g\u00e9ant dans le domaine du stockage, Samsung a accumul\u00e9 plus de 30 ans d'exp\u00e9rience technique. Les particules de m\u00e9moire flash 3D NAND d\u00e9velopp\u00e9es par Samsung offrent une dur\u00e9e de vie cinq fois sup\u00e9rieure \u00e0 celle des produits ordinaires et sont assorties d'un service de garantie de cinq ans, ce qui t\u00e9moigne de la sinc\u00e9rit\u00e9 et de la garantie du cadeau.<\/li>\n\n\n\n<li>Apparence exquise : Le corps m\u00e9tallique d'une seule pi\u00e8ce, associ\u00e9 \u00e0 un trou de serrure triangulaire, cr\u00e9e non seulement une esth\u00e9tique \u00e9pur\u00e9e gr\u00e2ce \u00e0 la technologie CNC, mais r\u00e9sout \u00e9galement le probl\u00e8me de la perte facile. L'accrochage au porte-cl\u00e9s garantit la portabilit\u00e9 et l'absence de perte, tandis que la surface mate r\u00e9siste aux empreintes digitales, ce qui convient aussi bien au monde des affaires qu'aux sc\u00e9narios branch\u00e9s.<\/li>\n\n\n\n<li>Personnalisation exclusive : Les logos grav\u00e9s au laser sur les deux faces permettent aux cadeaux d'int\u00e9grer la communication de la marque et la valeur \u00e9motionnelle. Les entreprises peuvent imprimer le logo de leur marque, tandis que les particuliers peuvent graver leur nom ou leur anniversaire, conf\u00e9rant ainsi une signification particuli\u00e8re aux outils de rangement.<\/li>\n\n\n\n<li>Emballage flexible : Des sacs PP abordables aux bo\u00eetes en fer haut de gamme, l'emballage peut \u00eatre personnalis\u00e9 en fonction du budget et de l'occasion - qu'il s'agisse d'avantages pour les employ\u00e9s, de cadeaux d'exposition ou de r\u00e9compenses importantes pour les clients, la pr\u00e9venance peut \u00eatre transmise gr\u00e2ce \u00e0 une conception d\u00e9taill\u00e9e.<\/li>\n<\/ul>\n\n\n\n<h3 class=\"wp-block-heading\">Q1 : Le bo\u00eetier de la cl\u00e9 USB SAMSUNG BAR Plus Metal est-il \u00e9tanche et r\u00e9sistant aux chocs ? <\/h3>\n\n\n\n<p>R : Il pr\u00e9sente d'excellentes performances en mati\u00e8re d'\u00e9tanch\u00e9it\u00e9 et de r\u00e9sistance aux chocs ! Le corps utilise un mat\u00e9riau en alliage d'aluminium dur, passant un test de chute de 1,5 m (sur un sol en ciment) sans d\u00e9formation. Il prend en charge l'\u00e9tanch\u00e9it\u00e9 de niveau IPX5 (anti-\u00e9claboussures), tout en r\u00e9sistant \u00e0 des temp\u00e9ratures \u00e9lev\u00e9es et basses de -25\u2103~85\u2103, \u00e0 l'antimagn\u00e9tisme et \u00e0 l'anti-rayons X. La s\u00e9curit\u00e9 des donn\u00e9es est assur\u00e9e m\u00eame en cas de chutes accidentelles, d'\u00e9claboussures ou d'environnements extr\u00eames.<\/p>\n\n\n\n<h3 class=\"wp-block-heading\">Q2 : La cl\u00e9 USB SAMSUNG BAR Plus Metal peut-elle \u00eatre accroch\u00e9e \u00e0 un porte-cl\u00e9s ? <\/h3>\n\n\n\n<p>R : Oui ! L'une des extr\u00e9mit\u00e9s de la cl\u00e9 USB est dot\u00e9e d'un anneau triangulaire en alliage tr\u00e8s r\u00e9sistant, qui peut \u00eatre facilement accroch\u00e9 \u00e0 un porte-cl\u00e9s ou \u00e0 la sangle d'un sac \u00e0 dos. Il convient tout particuli\u00e8rement aux employ\u00e9s de bureau et aux \u00e9tudiants en d\u00e9placement, \u00e9liminant ainsi le probl\u00e8me de l'absence d'outils de stockage.<\/p>\n\n\n\n<p><\/p>","protected":false},"excerpt":{"rendered":"<ul>\n<li>Porte-cl\u00e9s<\/li>\n<li>Mat\u00e9riau m\u00e9tallique<\/li>\n<li>Imperm\u00e9able et durable<\/li>\n<li>Vitesse plus rapide et haute qualit\u00e9<\/li>\n<li>Fiabilit\u00e9 et s\u00e9curit\u00e9<\/li>\n<li>Id\u00e9al pour tous les usages<\/li>\n<\/ul>","protected":false},"featured_media":17116,"comment_status":"open","ping_status":"closed","template":"","meta":{"_seopress_robots_primary_cat":"none","_seopress_titles_title":"","_seopress_titles_desc":"","_seopress_robots_index":""},"class_list":["post-9396","product","type-product","status-publish","has-post-thumbnail","hentry","product_cat-usb30-flash-drive","product_cat-metal-usb-flash-drive","product_tag-custom-metal-keychain-usb-flash-drive","product_tag-buy-metal-leather-usb-flash-drive"],"_links":{"self":[{"href":"https:\/\/www.yousanusb.com\/fr\/wp-json\/wp\/v2\/product\/9396"}],"collection":[{"href":"https:\/\/www.yousanusb.com\/fr\/wp-json\/wp\/v2\/product"}],"about":[{"href":"https:\/\/www.yousanusb.com\/fr\/wp-json\/wp\/v2\/types\/product"}],"replies":[{"embeddable":true,"href":"https:\/\/www.yousanusb.com\/fr\/wp-json\/wp\/v2\/comments?post=9396"}],"wp:featuredmedia":[{"embeddable":true,"href":"https:\/\/www.yousanusb.com\/fr\/wp-json\/wp\/v2\/media\/17116"}],"wp:attachment":[{"href":"https:\/\/www.yousanusb.com\/fr\/wp-json\/wp\/v2\/media?parent=9396"}],"curies":[{"name":"wp","href":"https:\/\/api.w.org\/{rel}","templated":true}]}}