{"id":1011,"date":"2021-06-02T01:27:13","date_gmt":"2021-06-02T01:27:13","guid":{"rendered":"https:\/\/yousanusb.com\/?post_type=product&#038;p=1011"},"modified":"2025-11-04T06:24:58","modified_gmt":"2025-11-04T06:24:58","slug":"most-popluar-swivel-usb-flash-drive","status":"publish","type":"product","link":"https:\/\/www.yousanusb.com\/it\/prodotto\/most-popluar-swivel-usb-flash-drive\/","title":{"rendered":"L'unit\u00e0 flash Usb girevole pi\u00f9 diffusa"},"content":{"rendered":"<p>La classica unit\u00e0 USB rotante a clip \u00e8 stato il modello USB pi\u00f9 frequentemente ordinato nelle nostre esportazioni e rimane il design pi\u00f9 popolare. Fin dall'inizio dell'USB, questo stile \u00e8 stato scelto dall'80% dei nostri clienti.<\/p>\n\n\n\n<div class=\"wp-block-columns is-layout-flex wp-container-core-columns-is-layout-1 wp-block-columns-is-layout-flex\">\n<div class=\"wp-block-column is-layout-flow wp-block-column-is-layout-flow\">\n<figure class=\"wp-block-image size-full\"><img fetchpriority=\"high\" decoding=\"async\" width=\"800\" height=\"800\" src=\"https:\/\/www.yousanusb.com\/wp-content\/uploads\/2021\/06\/China-swivel-usb-flash-drive.webp\" alt=\"\" class=\"wp-image-23394\" srcset=\"https:\/\/www.yousanusb.com\/wp-content\/uploads\/2021\/06\/China-swivel-usb-flash-drive.webp 800w, https:\/\/www.yousanusb.com\/wp-content\/uploads\/2021\/06\/China-swivel-usb-flash-drive-300x300.webp 300w, https:\/\/www.yousanusb.com\/wp-content\/uploads\/2021\/06\/China-swivel-usb-flash-drive-150x150.webp 150w, https:\/\/www.yousanusb.com\/wp-content\/uploads\/2021\/06\/China-swivel-usb-flash-drive-768x768.webp 768w, https:\/\/www.yousanusb.com\/wp-content\/uploads\/2021\/06\/China-swivel-usb-flash-drive-12x12.webp 12w, https:\/\/www.yousanusb.com\/wp-content\/uploads\/2021\/06\/China-swivel-usb-flash-drive-600x600.webp 600w, https:\/\/www.yousanusb.com\/wp-content\/uploads\/2021\/06\/China-swivel-usb-flash-drive-100x100.webp 100w\" sizes=\"(max-width: 800px) 100vw, 800px\" \/><\/figure>\n<\/div>\n\n\n\n<div class=\"wp-block-column is-vertically-aligned-center is-layout-flow wp-block-column-is-layout-flow\">\n<p>Il&nbsp;<strong>Unit\u00e0 flash USB girevole<\/strong>&nbsp;\u00e8 costituito da un&nbsp;<strong>Corpo in plastica ABS<\/strong>&nbsp;e un&nbsp;<strong>guscio in lega di alluminio spazzolato<\/strong>.<\/p>\n\n\n\n<p>Il corpo in plastica ABS adotta un materiale ABS con un'eccellente resistenza agli urti, leggero e resistente. Non si danneggia facilmente in caso di cadute o schiacciamenti quotidiani, riducendo il peso complessivo e migliorando la portabilit\u00e0.<\/p>\n\n\n\n<p>Guscio spazzolato in lega di alluminio: Il guscio \u00e8 realizzato in lega di alluminio attraverso un processo di spazzolatura, in grado di ridurre i residui di impronte digitali e di mantenere l'aspetto pulito anche dopo un uso prolungato.<\/p>\n<\/div>\n<\/div>\n\n\n\n<p>L'esclusivo design con rotazione a 360\u00b0 consente di ruotare l'interfaccia USB per inserirla direttamente nei dispositivi per il trasferimento dei dati quando \u00e8 in uso; quando non \u00e8 in uso, pu\u00f2 essere ruotata all'interno del guscio per isolare polvere e graffi, proteggendo l'interfaccia da eventuali danni e migliorando notevolmente la stabilit\u00e0 del trasferimento dei dati.<\/p>\n\n\n\n<p>Il prodotto \u00e8 dotato di un foro per chiavi integrato sul lato, che supporta portachiavi e cordini. Pu\u00f2 essere attaccato direttamente ai portachiavi, alle cerniere degli zaini e cos\u00ec via, risolvendo completamente il problema della facilit\u00e0 di smarrimento delle unit\u00e0 USB tradizionali.<\/p>\n\n\n\n<p>Sono disponibili diversi colori (nero, viola, blu, rosso, ecc.) per soddisfare le preferenze estetiche di utenti individuali e aziendali.<\/p>\n\n\n\n<div class=\"wp-block-columns is-layout-flex wp-container-core-columns-is-layout-2 wp-block-columns-is-layout-flex\">\n<div class=\"wp-block-column is-layout-flow wp-block-column-is-layout-flow\">\n<figure class=\"wp-block-image size-full\"><img decoding=\"async\" width=\"800\" height=\"800\" src=\"https:\/\/www.yousanusb.com\/wp-content\/uploads\/2021\/06\/bulk-metal-rotating-usb-flash-drive.webp\" alt=\"\" class=\"wp-image-23392\" srcset=\"https:\/\/www.yousanusb.com\/wp-content\/uploads\/2021\/06\/bulk-metal-rotating-usb-flash-drive.webp 800w, https:\/\/www.yousanusb.com\/wp-content\/uploads\/2021\/06\/bulk-metal-rotating-usb-flash-drive-300x300.webp 300w, https:\/\/www.yousanusb.com\/wp-content\/uploads\/2021\/06\/bulk-metal-rotating-usb-flash-drive-150x150.webp 150w, https:\/\/www.yousanusb.com\/wp-content\/uploads\/2021\/06\/bulk-metal-rotating-usb-flash-drive-768x768.webp 768w, https:\/\/www.yousanusb.com\/wp-content\/uploads\/2021\/06\/bulk-metal-rotating-usb-flash-drive-12x12.webp 12w, https:\/\/www.yousanusb.com\/wp-content\/uploads\/2021\/06\/bulk-metal-rotating-usb-flash-drive-600x600.webp 600w, https:\/\/www.yousanusb.com\/wp-content\/uploads\/2021\/06\/bulk-metal-rotating-usb-flash-drive-100x100.webp 100w\" sizes=\"(max-width: 800px) 100vw, 800px\" \/><\/figure>\n<\/div>\n\n\n\n<div class=\"wp-block-column is-layout-flow wp-block-column-is-layout-flow\">\n<figure class=\"wp-block-image size-full\"><img decoding=\"async\" width=\"800\" height=\"800\" src=\"https:\/\/www.yousanusb.com\/wp-content\/uploads\/2021\/06\/bulk-rotating-plastic-usb-flash-drive.webp\" alt=\"\" class=\"wp-image-23393\" srcset=\"https:\/\/www.yousanusb.com\/wp-content\/uploads\/2021\/06\/bulk-rotating-plastic-usb-flash-drive.webp 800w, https:\/\/www.yousanusb.com\/wp-content\/uploads\/2021\/06\/bulk-rotating-plastic-usb-flash-drive-300x300.webp 300w, https:\/\/www.yousanusb.com\/wp-content\/uploads\/2021\/06\/bulk-rotating-plastic-usb-flash-drive-150x150.webp 150w, https:\/\/www.yousanusb.com\/wp-content\/uploads\/2021\/06\/bulk-rotating-plastic-usb-flash-drive-768x768.webp 768w, https:\/\/www.yousanusb.com\/wp-content\/uploads\/2021\/06\/bulk-rotating-plastic-usb-flash-drive-12x12.webp 12w, https:\/\/www.yousanusb.com\/wp-content\/uploads\/2021\/06\/bulk-rotating-plastic-usb-flash-drive-600x600.webp 600w, https:\/\/www.yousanusb.com\/wp-content\/uploads\/2021\/06\/bulk-rotating-plastic-usb-flash-drive-100x100.webp 100w\" sizes=\"(max-width: 800px) 100vw, 800px\" \/><\/figure>\n<\/div>\n\n\n\n<div class=\"wp-block-column is-layout-flow wp-block-column-is-layout-flow\">\n<figure class=\"wp-block-image size-full\"><img loading=\"lazy\" decoding=\"async\" width=\"800\" height=\"800\" src=\"https:\/\/www.yousanusb.com\/wp-content\/uploads\/2021\/06\/custom-rotating-usb-drives.webp\" alt=\"\" class=\"wp-image-23395\" srcset=\"https:\/\/www.yousanusb.com\/wp-content\/uploads\/2021\/06\/custom-rotating-usb-drives.webp 800w, https:\/\/www.yousanusb.com\/wp-content\/uploads\/2021\/06\/custom-rotating-usb-drives-300x300.webp 300w, https:\/\/www.yousanusb.com\/wp-content\/uploads\/2021\/06\/custom-rotating-usb-drives-150x150.webp 150w, https:\/\/www.yousanusb.com\/wp-content\/uploads\/2021\/06\/custom-rotating-usb-drives-768x768.webp 768w, https:\/\/www.yousanusb.com\/wp-content\/uploads\/2021\/06\/custom-rotating-usb-drives-12x12.webp 12w, https:\/\/www.yousanusb.com\/wp-content\/uploads\/2021\/06\/custom-rotating-usb-drives-600x600.webp 600w, https:\/\/www.yousanusb.com\/wp-content\/uploads\/2021\/06\/custom-rotating-usb-drives-100x100.webp 100w\" sizes=\"(max-width: 800px) 100vw, 800px\" \/><\/figure>\n<\/div>\n<\/div>\n\n\n\n<div class=\"wp-block-columns is-layout-flex wp-container-core-columns-is-layout-3 wp-block-columns-is-layout-flex\">\n<div class=\"wp-block-column is-layout-flow wp-block-column-is-layout-flow\">\n<figure class=\"wp-block-image size-full\"><img loading=\"lazy\" decoding=\"async\" width=\"800\" height=\"800\" src=\"https:\/\/www.yousanusb.com\/wp-content\/uploads\/2021\/06\/custom-rotating-usb-flash-drive.webp\" alt=\"\" class=\"wp-image-23396\" srcset=\"https:\/\/www.yousanusb.com\/wp-content\/uploads\/2021\/06\/custom-rotating-usb-flash-drive.webp 800w, https:\/\/www.yousanusb.com\/wp-content\/uploads\/2021\/06\/custom-rotating-usb-flash-drive-300x300.webp 300w, https:\/\/www.yousanusb.com\/wp-content\/uploads\/2021\/06\/custom-rotating-usb-flash-drive-150x150.webp 150w, https:\/\/www.yousanusb.com\/wp-content\/uploads\/2021\/06\/custom-rotating-usb-flash-drive-768x768.webp 768w, https:\/\/www.yousanusb.com\/wp-content\/uploads\/2021\/06\/custom-rotating-usb-flash-drive-12x12.webp 12w, https:\/\/www.yousanusb.com\/wp-content\/uploads\/2021\/06\/custom-rotating-usb-flash-drive-600x600.webp 600w, https:\/\/www.yousanusb.com\/wp-content\/uploads\/2021\/06\/custom-rotating-usb-flash-drive-100x100.webp 100w\" sizes=\"(max-width: 800px) 100vw, 800px\" \/><\/figure>\n<\/div>\n\n\n\n<div class=\"wp-block-column is-layout-flow wp-block-column-is-layout-flow\">\n<figure class=\"wp-block-image size-full\"><img loading=\"lazy\" decoding=\"async\" width=\"800\" height=\"800\" src=\"https:\/\/www.yousanusb.com\/wp-content\/uploads\/2021\/06\/rotating-usb-drive.webp\" alt=\"\" class=\"wp-image-23397\" srcset=\"https:\/\/www.yousanusb.com\/wp-content\/uploads\/2021\/06\/rotating-usb-drive.webp 800w, https:\/\/www.yousanusb.com\/wp-content\/uploads\/2021\/06\/rotating-usb-drive-300x300.webp 300w, https:\/\/www.yousanusb.com\/wp-content\/uploads\/2021\/06\/rotating-usb-drive-150x150.webp 150w, https:\/\/www.yousanusb.com\/wp-content\/uploads\/2021\/06\/rotating-usb-drive-768x768.webp 768w, https:\/\/www.yousanusb.com\/wp-content\/uploads\/2021\/06\/rotating-usb-drive-12x12.webp 12w, https:\/\/www.yousanusb.com\/wp-content\/uploads\/2021\/06\/rotating-usb-drive-600x600.webp 600w, https:\/\/www.yousanusb.com\/wp-content\/uploads\/2021\/06\/rotating-usb-drive-100x100.webp 100w\" sizes=\"(max-width: 800px) 100vw, 800px\" \/><\/figure>\n<\/div>\n\n\n\n<div class=\"wp-block-column is-layout-flow wp-block-column-is-layout-flow\">\n<figure class=\"wp-block-image size-full\"><img loading=\"lazy\" decoding=\"async\" width=\"800\" height=\"800\" src=\"https:\/\/www.yousanusb.com\/wp-content\/uploads\/2021\/06\/rotating-usb-drives-cheapest.webp\" alt=\"\" class=\"wp-image-23398\" srcset=\"https:\/\/www.yousanusb.com\/wp-content\/uploads\/2021\/06\/rotating-usb-drives-cheapest.webp 800w, https:\/\/www.yousanusb.com\/wp-content\/uploads\/2021\/06\/rotating-usb-drives-cheapest-300x300.webp 300w, https:\/\/www.yousanusb.com\/wp-content\/uploads\/2021\/06\/rotating-usb-drives-cheapest-150x150.webp 150w, https:\/\/www.yousanusb.com\/wp-content\/uploads\/2021\/06\/rotating-usb-drives-cheapest-768x768.webp 768w, https:\/\/www.yousanusb.com\/wp-content\/uploads\/2021\/06\/rotating-usb-drives-cheapest-12x12.webp 12w, https:\/\/www.yousanusb.com\/wp-content\/uploads\/2021\/06\/rotating-usb-drives-cheapest-600x600.webp 600w, https:\/\/www.yousanusb.com\/wp-content\/uploads\/2021\/06\/rotating-usb-drives-cheapest-100x100.webp 100w\" sizes=\"(max-width: 800px) 100vw, 800px\" \/><\/figure>\n<\/div>\n<\/div>\n\n\n\n<div class=\"wp-block-columns is-layout-flex wp-container-core-columns-is-layout-4 wp-block-columns-is-layout-flex\">\n<div class=\"wp-block-column is-layout-flow wp-block-column-is-layout-flow\">\n<figure class=\"wp-block-image size-full\"><img loading=\"lazy\" decoding=\"async\" width=\"800\" height=\"800\" src=\"https:\/\/www.yousanusb.com\/wp-content\/uploads\/2021\/06\/swivel-usb-flash-drive.webp\" alt=\"\" class=\"wp-image-23399\" srcset=\"https:\/\/www.yousanusb.com\/wp-content\/uploads\/2021\/06\/swivel-usb-flash-drive.webp 800w, https:\/\/www.yousanusb.com\/wp-content\/uploads\/2021\/06\/swivel-usb-flash-drive-300x300.webp 300w, https:\/\/www.yousanusb.com\/wp-content\/uploads\/2021\/06\/swivel-usb-flash-drive-150x150.webp 150w, https:\/\/www.yousanusb.com\/wp-content\/uploads\/2021\/06\/swivel-usb-flash-drive-768x768.webp 768w, https:\/\/www.yousanusb.com\/wp-content\/uploads\/2021\/06\/swivel-usb-flash-drive-12x12.webp 12w, https:\/\/www.yousanusb.com\/wp-content\/uploads\/2021\/06\/swivel-usb-flash-drive-600x600.webp 600w, https:\/\/www.yousanusb.com\/wp-content\/uploads\/2021\/06\/swivel-usb-flash-drive-100x100.webp 100w\" sizes=\"(max-width: 800px) 100vw, 800px\" \/><\/figure>\n<\/div>\n\n\n\n<div class=\"wp-block-column is-layout-flow wp-block-column-is-layout-flow\">\n<figure class=\"wp-block-image size-full\"><img loading=\"lazy\" decoding=\"async\" width=\"800\" height=\"800\" src=\"https:\/\/www.yousanusb.com\/wp-content\/uploads\/2021\/06\/swivel-usb-flash-drives.webp\" alt=\"\" class=\"wp-image-23400\" srcset=\"https:\/\/www.yousanusb.com\/wp-content\/uploads\/2021\/06\/swivel-usb-flash-drives.webp 800w, https:\/\/www.yousanusb.com\/wp-content\/uploads\/2021\/06\/swivel-usb-flash-drives-300x300.webp 300w, https:\/\/www.yousanusb.com\/wp-content\/uploads\/2021\/06\/swivel-usb-flash-drives-150x150.webp 150w, https:\/\/www.yousanusb.com\/wp-content\/uploads\/2021\/06\/swivel-usb-flash-drives-768x768.webp 768w, https:\/\/www.yousanusb.com\/wp-content\/uploads\/2021\/06\/swivel-usb-flash-drives-12x12.webp 12w, https:\/\/www.yousanusb.com\/wp-content\/uploads\/2021\/06\/swivel-usb-flash-drives-600x600.webp 600w, https:\/\/www.yousanusb.com\/wp-content\/uploads\/2021\/06\/swivel-usb-flash-drives-100x100.webp 100w\" sizes=\"(max-width: 800px) 100vw, 800px\" \/><\/figure>\n<\/div>\n\n\n\n<div class=\"wp-block-column is-layout-flow wp-block-column-is-layout-flow\">\n<figure class=\"wp-block-image size-full\"><img loading=\"lazy\" decoding=\"async\" width=\"800\" height=\"800\" src=\"https:\/\/www.yousanusb.com\/wp-content\/uploads\/2021\/06\/swivel-usb-pen-drive.webp\" alt=\"\" class=\"wp-image-23401\" srcset=\"https:\/\/www.yousanusb.com\/wp-content\/uploads\/2021\/06\/swivel-usb-pen-drive.webp 800w, https:\/\/www.yousanusb.com\/wp-content\/uploads\/2021\/06\/swivel-usb-pen-drive-300x300.webp 300w, https:\/\/www.yousanusb.com\/wp-content\/uploads\/2021\/06\/swivel-usb-pen-drive-150x150.webp 150w, https:\/\/www.yousanusb.com\/wp-content\/uploads\/2021\/06\/swivel-usb-pen-drive-768x768.webp 768w, https:\/\/www.yousanusb.com\/wp-content\/uploads\/2021\/06\/swivel-usb-pen-drive-12x12.webp 12w, https:\/\/www.yousanusb.com\/wp-content\/uploads\/2021\/06\/swivel-usb-pen-drive-600x600.webp 600w, https:\/\/www.yousanusb.com\/wp-content\/uploads\/2021\/06\/swivel-usb-pen-drive-100x100.webp 100w\" sizes=\"(max-width: 800px) 100vw, 800px\" \/><\/figure>\n<\/div>\n<\/div>\n\n\n\n<ul class=\"wp-block-list\">\n<li>Incisione laser: Per loghi monocromatici sul guscio in lega di alluminio. \u00c8 resistente all'usura, durevole e non facile da staccare, con una texture di alto livello, particolarmente adatta alle imprese che devono riflettere professionalit\u00e0 e loghi permanenti.<\/li>\n\n\n\n<li>Stampa digitale: Supporta la stampa a colori (ad esempio colori sfumati, loghi di marca completi, motivi a tema).<\/li>\n<\/ul>\n\n\n\n<p>Entrambi i processi sono in grado di ottenere un posizionamento preciso, adattandosi a scenari diversi come regali aziendali, promozioni di eventi e periferiche culturali e creative.<\/p>","protected":false},"excerpt":{"rendered":"<ul>\n<li>Inciso al laser<\/li>\n<li>Stampa digitale<\/li>\n<li>Materiali: corpo in ABS, scocca in alluminio<\/li>\n<li>Colori:<br \/>Nero\/bianco, nero\/argento, nero\/arancio, nero\/rosso, nero\/viola, nero\/verde, nero\/blu chiaro, nero\/blu scuro, nero\/nero<\/li>\n<li>MOQ: 100pcs<\/li>\n<\/ul>","protected":false},"featured_media":23394,"comment_status":"open","ping_status":"closed","template":"","meta":{"_seopress_robots_primary_cat":"none","_seopress_titles_title":"","_seopress_titles_desc":"","_seopress_robots_index":""},"class_list":["post-1011","product","type-product","status-publish","has-post-thumbnail","hentry","product_cat-usb30-flash-drive","product_cat-rotating-usb-flash-drive","product_tag-aluminum-flash-drive","product_tag-twist-usb-flash-drive"],"_links":{"self":[{"href":"https:\/\/www.yousanusb.com\/it\/wp-json\/wp\/v2\/product\/1011"}],"collection":[{"href":"https:\/\/www.yousanusb.com\/it\/wp-json\/wp\/v2\/product"}],"about":[{"href":"https:\/\/www.yousanusb.com\/it\/wp-json\/wp\/v2\/types\/product"}],"replies":[{"embeddable":true,"href":"https:\/\/www.yousanusb.com\/it\/wp-json\/wp\/v2\/comments?post=1011"}],"wp:featuredmedia":[{"embeddable":true,"href":"https:\/\/www.yousanusb.com\/it\/wp-json\/wp\/v2\/media\/23394"}],"wp:attachment":[{"href":"https:\/\/www.yousanusb.com\/it\/wp-json\/wp\/v2\/media?parent=1011"}],"curies":[{"name":"wp","href":"https:\/\/api.w.org\/{rel}","templated":true}]}}