{"id":10329,"date":"2024-11-11T11:20:11","date_gmt":"2024-11-11T11:20:11","guid":{"rendered":"https:\/\/yousanusb.com\/?post_type=product&#038;p=10329"},"modified":"2025-11-13T04:38:31","modified_gmt":"2025-11-13T04:38:31","slug":"camel-shape-usb-flash-drive","status":"publish","type":"product","link":"https:\/\/www.yousanusb.com\/it\/prodotto\/camel-shape-usb-flash-drive\/","title":{"rendered":"Unit\u00e0 flash USB a forma di cammello"},"content":{"rendered":"<div class=\"wp-block-columns is-layout-flex wp-container-core-columns-is-layout-1 wp-block-columns-is-layout-flex\">\n<div class=\"wp-block-column is-layout-flow wp-block-column-is-layout-flow\">\n<figure class=\"wp-block-image size-full\"><img fetchpriority=\"high\" decoding=\"async\" width=\"800\" height=\"800\" src=\"https:\/\/www.yousanusb.com\/wp-content\/uploads\/2024\/11\/Camel-Shape-USB-Flash-Disk.jpg\" alt=\"Disco flash USB a forma di cammello\" class=\"wp-image-10332\" srcset=\"https:\/\/www.yousanusb.com\/wp-content\/uploads\/2024\/11\/Camel-Shape-USB-Flash-Disk.jpg 800w, https:\/\/www.yousanusb.com\/wp-content\/uploads\/2024\/11\/Camel-Shape-USB-Flash-Disk-300x300.jpg 300w, https:\/\/www.yousanusb.com\/wp-content\/uploads\/2024\/11\/Camel-Shape-USB-Flash-Disk-150x150.jpg 150w, https:\/\/www.yousanusb.com\/wp-content\/uploads\/2024\/11\/Camel-Shape-USB-Flash-Disk-768x768.jpg 768w, https:\/\/www.yousanusb.com\/wp-content\/uploads\/2024\/11\/Camel-Shape-USB-Flash-Disk-600x600.jpg 600w, https:\/\/www.yousanusb.com\/wp-content\/uploads\/2024\/11\/Camel-Shape-USB-Flash-Disk-100x100.jpg 100w\" sizes=\"(max-width: 800px) 100vw, 800px\" \/><\/figure>\n<\/div>\n\n\n\n<div class=\"wp-block-column is-vertically-aligned-center is-layout-flow wp-block-column-is-layout-flow\">\n<p>Chiavetta USB Camel in PVC con caratteristiche uniche:<\/p>\n\n\n\n<p><strong>Forma creativa:<\/strong>Modellato come un cammello, il materiale in PVC \u00e8 accuratamente modellato, e il design 2D piatto \u00e8 semplice e interessante. Il suo aspetto unico a forma di animale, come se la barca del deserto saltasse davanti agli occhi, unico, molto accattivante.<\/p>\n\n\n\n<p><strong>Connotazione culturale:<\/strong>Il cammello simboleggia la resilienza, la resistenza e la responsabilit\u00e0 in molte culture. Il cammello \u00e8 in grado di trasportare carichi pesanti in ambienti desertici difficili, rappresentando lo spirito indomito, e questa chiavetta USB porta con s\u00e9 questo profondo significato.<\/p>\n<\/div>\n<\/div>\n\n\n\n<div class=\"wp-block-columns is-layout-flex wp-container-core-columns-is-layout-2 wp-block-columns-is-layout-flex\">\n<div class=\"wp-block-column is-vertically-aligned-center is-layout-flow wp-block-column-is-layout-flow\">\n<p><strong>Uso multifunzionale:<\/strong>\u00c8 sia una pratica chiavetta USB che un regalo significativo, adatto a molte occasioni e a trasmettere buoni sentimenti.<\/p>\n\n\n\n<p><strong>Servizio personalizzato:<\/strong>Possiamo personalizzare il logo esclusivo secondo le vostre esigenze, in modo che l'unit\u00e0 flash USB \u00e8 pi\u00f9 personalizzato, sia per la promozione aziendale o ricordo personale pu\u00f2 essere presentato perfettamente. E materiale di alta qualit\u00e0, prestazioni di archiviazione dati stabile e affidabile, \u00e8 sia creativo e pratico buoni prodotti.<\/p>\n<\/div>\n\n\n\n<div class=\"wp-block-column is-layout-flow wp-block-column-is-layout-flow\">\n<figure class=\"wp-block-image size-full\"><img decoding=\"async\" width=\"800\" height=\"800\" src=\"https:\/\/www.yousanusb.com\/wp-content\/uploads\/2024\/11\/Camel-Shape-USB-Flash-Drive.jpg\" alt=\"Unit\u00e0 flash USB a forma di cammello\" class=\"wp-image-10333\" srcset=\"https:\/\/www.yousanusb.com\/wp-content\/uploads\/2024\/11\/Camel-Shape-USB-Flash-Drive.jpg 800w, https:\/\/www.yousanusb.com\/wp-content\/uploads\/2024\/11\/Camel-Shape-USB-Flash-Drive-300x300.jpg 300w, https:\/\/www.yousanusb.com\/wp-content\/uploads\/2024\/11\/Camel-Shape-USB-Flash-Drive-150x150.jpg 150w, https:\/\/www.yousanusb.com\/wp-content\/uploads\/2024\/11\/Camel-Shape-USB-Flash-Drive-768x768.jpg 768w, https:\/\/www.yousanusb.com\/wp-content\/uploads\/2024\/11\/Camel-Shape-USB-Flash-Drive-600x600.jpg 600w, https:\/\/www.yousanusb.com\/wp-content\/uploads\/2024\/11\/Camel-Shape-USB-Flash-Drive-100x100.jpg 100w\" sizes=\"(max-width: 800px) 100vw, 800px\" \/><\/figure>\n<\/div>\n<\/div>","protected":false},"excerpt":{"rendered":"<ul>\n<li>Design a forma di cammello<\/li>\n<li>MOQ: 100pcs<\/li>\n<li>Guscio in PVC<\/li>\n<li>Necessit\u00e0 di muffa<\/li>\n<li>Logo personalizzato<\/li>\n<\/ul>","protected":false},"featured_media":10334,"comment_status":"open","ping_status":"closed","template":"","meta":{"_seopress_robots_primary_cat":"none","_seopress_titles_title":"PVC Camel Shape USB Flash Drive","_seopress_titles_desc":"Creative shape:Modeled after a camel,the PVC material is carefully shaped,and the flat 2D design is simple and interesting.Its unique animal shape appearance,as if the desert boat jumped in front of the eyes,unique,very eye-catching.","_seopress_robots_index":""},"class_list":["post-10329","product","type-product","status-publish","has-post-thumbnail","hentry","product_cat-custom-usb-drive","product_tag-2d-design-usb-flash-drive","product_tag-animal-usb-flash-drive","product_tag-camel-shape-usb-flash-drive"],"_links":{"self":[{"href":"https:\/\/www.yousanusb.com\/it\/wp-json\/wp\/v2\/product\/10329"}],"collection":[{"href":"https:\/\/www.yousanusb.com\/it\/wp-json\/wp\/v2\/product"}],"about":[{"href":"https:\/\/www.yousanusb.com\/it\/wp-json\/wp\/v2\/types\/product"}],"replies":[{"embeddable":true,"href":"https:\/\/www.yousanusb.com\/it\/wp-json\/wp\/v2\/comments?post=10329"}],"wp:featuredmedia":[{"embeddable":true,"href":"https:\/\/www.yousanusb.com\/it\/wp-json\/wp\/v2\/media\/10334"}],"wp:attachment":[{"href":"https:\/\/www.yousanusb.com\/it\/wp-json\/wp\/v2\/media?parent=10329"}],"curies":[{"name":"wp","href":"https:\/\/api.w.org\/{rel}","templated":true}]}}