{"id":10402,"date":"2024-11-14T14:02:37","date_gmt":"2024-11-14T14:02:37","guid":{"rendered":"https:\/\/yousanusb.com\/?post_type=product&#038;p=10402"},"modified":"2025-10-05T07:59:29","modified_gmt":"2025-10-05T07:59:29","slug":"gold-metal-tower-usb-pendrive","status":"publish","type":"product","link":"https:\/\/www.yousanusb.com\/it\/prodotto\/gold-metal-tower-usb-pendrive\/","title":{"rendered":"Pendrive USB a torre in metallo dorato"},"content":{"rendered":"<p><strong>Materiale metallico di alta qualit\u00e0<\/strong><\/p>\n<p>La pendrive USB Gold Metal Tower \u00e8 realizzata in materiale metallico di prima qualit\u00e0 e offre una sensazione di solidit\u00e0 e consistenza con un forte senso di texture.<\/p>\n<p>Questo materiale metallico non solo \u00e8 robusto e durevole, ma protegge efficacemente i componenti interni e conferisce al prodotto una qualit\u00e0 elegante e di alto livello.<\/p>\n<p><strong>Stile di design della pagoda in metallo<\/strong><\/p>\n<p>Il design unico della pagoda in metallo \u00e8 caratterizzato da una forma squisita e distintiva, simile a un'opera d'arte e altamente ornamentale.<\/p>\n<p>Ispirandosi agli elementi della pagoda, si distingue tra le numerose unit\u00e0 flash USB, offrendo un'esperienza visiva unica.<\/p>\n<p><strong>Design della superficie lucido e brillante<\/strong><\/p>\n<p>La superficie del prodotto adotta un design lucido e brillante, liscio come uno specchio e con una lucentezza che cattura immediatamente l'attenzione.<\/p>\n<p>L'effetto lucido gli permette di brillare in modo attraente in diverse condizioni di illuminazione, ed \u00e8 anche comodo per la pulizia quotidiana.<\/p>\n<p><strong>Opzione logo personalizzabile<\/strong><\/p>\n<p>Offriamo un servizio di personalizzazione del logo: potete far stampare il vostro logo o modello esclusivo sulla pendrive USB per mostrare la vostra individualit\u00e0.<\/p>\n<p>Che si tratti di uso aziendale o personale, la personalizzazione del logo pu\u00f2 rendere questa pendrive pi\u00f9 adatta alle vostre esigenze specifiche.<\/p>","protected":false},"excerpt":{"rendered":"<ul>\n<li>Materiale metallico di alta qualit\u00e0<\/li>\n<li>Design della superficie lucido e brillante<\/li>\n<li>Stile di design della pagoda in metallo<\/li>\n<li>MOQ: 100PCS<\/li>\n<li>Opzione logo personalizzabile<\/li>\n<\/ul>","protected":false},"featured_media":10405,"comment_status":"open","ping_status":"closed","template":"","meta":{"_seopress_robots_primary_cat":"none","_seopress_titles_title":"Gold Metal Tower USB pendrive-Custom Tower Shaped USB drive","_seopress_titles_desc":"Gold Metal Tower USB pendrive from China manufacturer! Ideal for wholesale & bulk orders. Custom options available. High-quality, stylish design. Your perfect storage choice!","_seopress_robots_index":""},"class_list":["post-10402","product","type-product","status-publish","has-post-thumbnail","hentry","product_cat-metal-usb-flash-drive","product_tag-rose-gold-usb-flash-drive","product_tag-tower-usb-pendrive"],"_links":{"self":[{"href":"https:\/\/www.yousanusb.com\/it\/wp-json\/wp\/v2\/product\/10402"}],"collection":[{"href":"https:\/\/www.yousanusb.com\/it\/wp-json\/wp\/v2\/product"}],"about":[{"href":"https:\/\/www.yousanusb.com\/it\/wp-json\/wp\/v2\/types\/product"}],"replies":[{"embeddable":true,"href":"https:\/\/www.yousanusb.com\/it\/wp-json\/wp\/v2\/comments?post=10402"}],"wp:featuredmedia":[{"embeddable":true,"href":"https:\/\/www.yousanusb.com\/it\/wp-json\/wp\/v2\/media\/10405"}],"wp:attachment":[{"href":"https:\/\/www.yousanusb.com\/it\/wp-json\/wp\/v2\/media?parent=10402"}],"curies":[{"name":"wp","href":"https:\/\/api.w.org\/{rel}","templated":true}]}}