{"id":10663,"date":"2024-11-18T13:04:19","date_gmt":"2024-11-18T13:04:19","guid":{"rendered":"https:\/\/yousanusb.com\/?post_type=product&#038;p=10663"},"modified":"2025-11-10T08:48:53","modified_gmt":"2025-11-10T08:48:53","slug":"mini-rotating-cell-phone-crystal-usb-flash-drive","status":"publish","type":"product","link":"https:\/\/www.yousanusb.com\/it\/prodotto\/mini-rotating-cell-phone-crystal-usb-flash-drive\/","title":{"rendered":"Mini unit\u00e0 flash USB rotante OTG LED Crystal"},"content":{"rendered":"<p>Questa mini chiavetta USB OTG rotante in cristallo \u00e8 estremamente piccola e facile da trasportare. Pu\u00f2 essere facilmente riposta in tasca o nel portafoglio, oppure pu\u00f2 essere appesa al portachiavi. Dopo aver collegato il dispositivo, l'unit\u00e0 USB di cristallo si illumina. Il suo design rotante e la funzione di illuminazione rendono chiaramente visibile lo stato di utilizzo, conferendogli un aspetto high-tech.<\/p>\n\n\n\n<p>La sua caratteristica principale \u00e8 il bellissimo materiale in cristallo trasparente, che gli conferisce un aspetto elegante e raffinato e lo rende un accessorio unico e accattivante. Vi piacer\u00e0 sfoggiarlo.<\/p>\n\n\n\n<div class=\"wp-block-columns is-layout-flex wp-container-core-columns-is-layout-1 wp-block-columns-is-layout-flex\">\n<div class=\"wp-block-column is-layout-flow wp-block-column-is-layout-flow\">\n<figure class=\"wp-block-image size-full\"><img fetchpriority=\"high\" decoding=\"async\" width=\"800\" height=\"800\" src=\"https:\/\/www.yousanusb.com\/wp-content\/uploads\/2024\/11\/mini-rotating-usb-flash-drive.jpg\" alt=\"\" class=\"wp-image-19011\" srcset=\"https:\/\/www.yousanusb.com\/wp-content\/uploads\/2024\/11\/mini-rotating-usb-flash-drive.jpg 800w, https:\/\/www.yousanusb.com\/wp-content\/uploads\/2024\/11\/mini-rotating-usb-flash-drive-300x300.jpg 300w, https:\/\/www.yousanusb.com\/wp-content\/uploads\/2024\/11\/mini-rotating-usb-flash-drive-150x150.jpg 150w, https:\/\/www.yousanusb.com\/wp-content\/uploads\/2024\/11\/mini-rotating-usb-flash-drive-768x768.jpg 768w, https:\/\/www.yousanusb.com\/wp-content\/uploads\/2024\/11\/mini-rotating-usb-flash-drive-12x12.jpg 12w, https:\/\/www.yousanusb.com\/wp-content\/uploads\/2024\/11\/mini-rotating-usb-flash-drive-600x600.jpg 600w, https:\/\/www.yousanusb.com\/wp-content\/uploads\/2024\/11\/mini-rotating-usb-flash-drive-100x100.jpg 100w\" sizes=\"(max-width: 800px) 100vw, 800px\" \/><\/figure>\n<\/div>\n\n\n\n<div class=\"wp-block-column is-layout-flow wp-block-column-is-layout-flow\">\n<figure class=\"wp-block-image size-full\"><img decoding=\"async\" width=\"800\" height=\"800\" src=\"https:\/\/www.yousanusb.com\/wp-content\/uploads\/2024\/11\/rotating-usb-flash-drive.jpg\" alt=\"\" class=\"wp-image-19013\" srcset=\"https:\/\/www.yousanusb.com\/wp-content\/uploads\/2024\/11\/rotating-usb-flash-drive.jpg 800w, https:\/\/www.yousanusb.com\/wp-content\/uploads\/2024\/11\/rotating-usb-flash-drive-300x300.jpg 300w, https:\/\/www.yousanusb.com\/wp-content\/uploads\/2024\/11\/rotating-usb-flash-drive-150x150.jpg 150w, https:\/\/www.yousanusb.com\/wp-content\/uploads\/2024\/11\/rotating-usb-flash-drive-768x768.jpg 768w, https:\/\/www.yousanusb.com\/wp-content\/uploads\/2024\/11\/rotating-usb-flash-drive-12x12.jpg 12w, https:\/\/www.yousanusb.com\/wp-content\/uploads\/2024\/11\/rotating-usb-flash-drive-600x600.jpg 600w, https:\/\/www.yousanusb.com\/wp-content\/uploads\/2024\/11\/rotating-usb-flash-drive-100x100.jpg 100w\" sizes=\"(max-width: 800px) 100vw, 800px\" \/><\/figure>\n<\/div>\n<\/div>\n\n\n\n<p>Il meccanismo di rotazione aggiunge un tocco divertente e pratico. \u00c8 possibile ruotare senza sforzo l'unit\u00e0 per accedere al connettore USB. In questo modo si protegge il connettore quando non \u00e8 in uso e si facilita l'inserimento e lo scollegamento. \u00c8 un design intelligente che migliora l'usabilit\u00e0.<\/p>","protected":false},"excerpt":{"rendered":"<ul>\n<li>Miniatura e portatile<\/li>\n<li>Design in cristallo trasparente<\/li>\n<li>Funzionalit\u00e0 rotante<\/li>\n<li>Unit\u00e0 flash USB rotante con luce LED<\/li>\n<li>MOQ: 100PCS<\/li>\n<\/ul>","protected":false},"featured_media":10664,"comment_status":"open","ping_status":"closed","template":"","meta":{"_seopress_robots_primary_cat":"none","_seopress_titles_title":"Mini Rotating Crystal USB Flash Drive For Iphone","_seopress_titles_desc":"","_seopress_robots_index":""},"class_list":["post-10663","product","type-product","status-publish","has-post-thumbnail","hentry","product_cat-crystal-led-usb-flash-drive","product_cat-luminescent-usb-flash-drive","product_cat-mini-usb-flash-drive","product_cat-rotating-usb-flash-drive","product_cat-otg-usb-flash-drive","product_tag-acrylic-usb-flash-drive","product_tag-type-c-flash-drive-for-android","product_tag-mini-usb-flash-drive","product_tag-rotating-usb-flash-drive"],"_links":{"self":[{"href":"https:\/\/www.yousanusb.com\/it\/wp-json\/wp\/v2\/product\/10663"}],"collection":[{"href":"https:\/\/www.yousanusb.com\/it\/wp-json\/wp\/v2\/product"}],"about":[{"href":"https:\/\/www.yousanusb.com\/it\/wp-json\/wp\/v2\/types\/product"}],"replies":[{"embeddable":true,"href":"https:\/\/www.yousanusb.com\/it\/wp-json\/wp\/v2\/comments?post=10663"}],"wp:featuredmedia":[{"embeddable":true,"href":"https:\/\/www.yousanusb.com\/it\/wp-json\/wp\/v2\/media\/10664"}],"wp:attachment":[{"href":"https:\/\/www.yousanusb.com\/it\/wp-json\/wp\/v2\/media?parent=10663"}],"curies":[{"name":"wp","href":"https:\/\/api.w.org\/{rel}","templated":true}]}}