{"id":10669,"date":"2024-11-18T13:23:19","date_gmt":"2024-11-18T13:23:19","guid":{"rendered":"https:\/\/yousanusb.com\/?post_type=product&#038;p=10669"},"modified":"2025-10-04T01:35:45","modified_gmt":"2025-10-04T01:35:45","slug":"degradable-rotating-otg-usb-flash-drive","status":"publish","type":"product","link":"https:\/\/www.yousanusb.com\/it\/prodotto\/degradable-rotating-otg-usb-flash-drive\/","title":{"rendered":"Unit\u00e0 flash USB OTG rotante biodegradabile"},"content":{"rendered":"<p>Questa chiavetta USB rotante biodegradabile \u00e8 una soluzione di archiviazione innovativa che unisce design creativo e principi eco-consapevoli. Caratterizzata da un design senza tappo rotante a 360\u00b0, da un materiale biodegradabile in fibra di paglia e dalla funzionalit\u00e0 plug-and-play per smartphone e computer, \u00e8 diventata una scelta popolare per la personalizzazione di regali aziendali e per l'archiviazione portatile personale. Sia che venga utilizzata per regali aziendali o per uso quotidiano, questa chiavetta USB ridefinir\u00e0 la percezione di una \"chiavetta USB ecologica\".<\/p>\n\n\n\n<h2 class=\"wp-block-heading\">Quali sono le caratteristiche principali dell'unit\u00e0 USB per telefono con rotazione a 360\u00b0?<\/h2>\n\n\n\n<div class=\"wp-block-columns is-layout-flex wp-container-core-columns-is-layout-1 wp-block-columns-is-layout-flex\">\n<div class=\"wp-block-column is-vertically-aligned-center is-layout-flow wp-block-column-is-layout-flow\">\n<figure class=\"wp-block-image size-full\"><img fetchpriority=\"high\" decoding=\"async\" width=\"800\" height=\"600\" src=\"https:\/\/yousanusb.com\/wp-content\/uploads\/2024\/11\/Wheat-Straw-Color-Degradable-Rotating-Phone-USB-Flash-Drive.jpg\" alt=\"Paglia di grano Colore Degradabile Telefono Rotante Unit\u00e0 Flash USB\" class=\"wp-image-16982\" srcset=\"https:\/\/www.yousanusb.com\/wp-content\/uploads\/2024\/11\/Wheat-Straw-Color-Degradable-Rotating-Phone-USB-Flash-Drive.jpg 800w, https:\/\/www.yousanusb.com\/wp-content\/uploads\/2024\/11\/Wheat-Straw-Color-Degradable-Rotating-Phone-USB-Flash-Drive-300x225.jpg 300w, https:\/\/www.yousanusb.com\/wp-content\/uploads\/2024\/11\/Wheat-Straw-Color-Degradable-Rotating-Phone-USB-Flash-Drive-768x576.jpg 768w, https:\/\/www.yousanusb.com\/wp-content\/uploads\/2024\/11\/Wheat-Straw-Color-Degradable-Rotating-Phone-USB-Flash-Drive-16x12.jpg 16w, https:\/\/www.yousanusb.com\/wp-content\/uploads\/2024\/11\/Wheat-Straw-Color-Degradable-Rotating-Phone-USB-Flash-Drive-600x450.jpg 600w\" sizes=\"(max-width: 800px) 100vw, 800px\" \/><\/figure>\n<\/div>\n\n\n\n<div class=\"wp-block-column is-layout-flow wp-block-column-is-layout-flow\">\n<h3 class=\"wp-block-heading\">\u2776 Design rotante a 360\u00b0 senza coperchio<\/h3>\n\n\n\n<p>L'unit\u00e0 flash USB OTG rotante \u00e8 dotata di un albero rotante ammortizzato che consente di muoversi liberamente senza bisogno di un cappuccio protettivo aggiuntivo. Quando viene riposta, la porta USB si ritrae automaticamente, prevenendo efficacemente l'ossidazione o l'usura dei contatti metallici e migliorando la durata di 40%.<\/p>\n\n\n\n<h3 class=\"wp-block-heading\">\u2777 Materiale biodegradabile in fibra di paglia<\/h3>\n\n\n\n<p>L'involucro \u00e8 realizzato in materiale composito di fibra di paglia certificato FSC (contenente 30% fibre vegetali naturali), che si degrada naturalmente nel terreno dopo lo smaltimento, riducendo l'inquinamento bianco alla fonte. La superficie del materiale conserva la consistenza naturale della paglia, offrendo una sensazione calda, liscia e unicamente naturale.<\/p>\n\n\n\n<p>\u2778 Compatibilit\u00e0 Dual-End Plug-and-Play <\/p>\n\n\n\n<p>Supporta la funzione OTG e non richiede driver o applicazioni. Si collega direttamente ai telefoni Android (Micro-USB), ai dispositivi Type-C, ai computer Windows e Mac per trasferire i file in un solo passaggio.<\/p>\n<\/div>\n<\/div>\n\n\n\n<h2 class=\"wp-block-heading\">Interfacce e parametri dell'unit\u00e0 USB OTG rotante a 360\u00b0<\/h2>\n\n\n\n<h3 class=\"wp-block-heading\">\u2776 Versioni multiple dell'interfaccia per soddisfare diverse esigenze<\/h3>\n\n\n\n<figure class=\"wp-block-table\"><table class=\"has-fixed-layout\"><thead><tr><th>Tipo di interfaccia<\/th><th>Velocit\u00e0 di trasmissione (lettura)<\/th><th>Dispositivi compatibili<\/th><th>Scenari di utilizzo tipici<\/th><\/tr><\/thead><tbody><tr><td>USB 2.0<\/td><td>Fino a 480 Mbps<\/td><td>Vecchi computer\/telefoni Android di livello base<\/td><td>Archiviazione di documenti\/foto\/piccoli file<\/td><\/tr><tr><td>USB 3.0<\/td><td>Fino a 5Gbps<\/td><td>Computer tradizionali\/telefoni di tipo C<\/td><td>Trasferimento veloce di video HD e pacchetti compressi di grandi dimensioni<\/td><\/tr><tr><td>USB 3.1<\/td><td>Fino a 10Gbps<\/td><td>Nuovi computer portatili\/dispositivi a stato solido ad alta velocit\u00e0<\/td><td>Montaggio video 4K\/trasferimento ultraveloce di file di gioco<\/td><\/tr><\/tbody><\/table><\/figure>\n\n\n\n<h3 class=\"wp-block-heading\">\u2777 Parametri tecnici del nucleo (prendendo come esempio il modello da 64 GB)<\/h3>\n\n\n\n<figure class=\"wp-block-table\"><table class=\"has-fixed-layout\"><thead><tr><th>Categoria di parametri<\/th><th>Indicatori specifici<\/th><\/tr><\/thead><tbody><tr><td>Dimensione<\/td><td>63mm\u00d715mm\u00d78mm (L\u00d7L\u00d7H)<\/td><\/tr><tr><td>Peso<\/td><td>20 g (35% pi\u00f9 leggero delle tradizionali unit\u00e0 USB in plastica)<\/td><\/tr><tr><td>Temperatura di esercizio<\/td><td>-10\u2103~60\u2103<\/td><\/tr><tr><td>Temperatura di stoccaggio<\/td><td>-20\u2103~85\u2103<\/td><\/tr><tr><td>Tipo di interfaccia<\/td><td>Doppia interfaccia (lato telefono + lato computer)<\/td><\/tr><tr><td>Standard di certificazione<\/td><td>Certificazione forestale FSC, certificazione ambientale RoHS<\/td><\/tr><tr><td>Tempo di conservazione dei dati<\/td><td>Almeno 10 anni<\/td><\/tr><\/tbody><\/table><\/figure>\n\n\n\n<h2 class=\"wp-block-heading\">Quali sono i colori disponibili per l'unit\u00e0 USB OTG rotante a 360\u00b0?<\/h2>\n\n\n\n<h3 class=\"wp-block-heading\">Cinque opzioni di colore per diversi scenari<\/h3>\n\n\n\n<div class=\"wp-block-columns is-layout-flex wp-container-core-columns-is-layout-2 wp-block-columns-is-layout-flex\">\n<div class=\"wp-block-column is-layout-flow wp-block-column-is-layout-flow\"><div class=\"wp-block-image\">\n<figure class=\"aligncenter size-full\"><img fetchpriority=\"high\" decoding=\"async\" width=\"800\" height=\"600\" src=\"https:\/\/yousanusb.com\/wp-content\/uploads\/2024\/11\/Wheat-Straw-Color-Degradable-Rotating-Phone-USB-Flash-Drive.jpg\" alt=\"Paglia di grano Colore Degradabile Telefono Rotante Unit\u00e0 Flash USB\" class=\"wp-image-16982\" srcset=\"https:\/\/www.yousanusb.com\/wp-content\/uploads\/2024\/11\/Wheat-Straw-Color-Degradable-Rotating-Phone-USB-Flash-Drive.jpg 800w, https:\/\/www.yousanusb.com\/wp-content\/uploads\/2024\/11\/Wheat-Straw-Color-Degradable-Rotating-Phone-USB-Flash-Drive-300x225.jpg 300w, https:\/\/www.yousanusb.com\/wp-content\/uploads\/2024\/11\/Wheat-Straw-Color-Degradable-Rotating-Phone-USB-Flash-Drive-768x576.jpg 768w, https:\/\/www.yousanusb.com\/wp-content\/uploads\/2024\/11\/Wheat-Straw-Color-Degradable-Rotating-Phone-USB-Flash-Drive-16x12.jpg 16w, https:\/\/www.yousanusb.com\/wp-content\/uploads\/2024\/11\/Wheat-Straw-Color-Degradable-Rotating-Phone-USB-Flash-Drive-600x450.jpg 600w\" sizes=\"(max-width: 800px) 100vw, 800px\" \/><figcaption class=\"wp-element-caption\">Colore paglia di grano<\/figcaption><\/figure><\/div>\n\n\n<p>Colore originale della fibra di paglia naturale, che mantiene la consistenza della pianta, piena di senso ambientale rustico. Preferito da 80% di utenti, adatto alla personalizzazione del marchio a tema ambientale.<\/p>\n<\/div>\n\n\n\n<div class=\"wp-block-column is-layout-flow wp-block-column-is-layout-flow\"><div class=\"wp-block-image\">\n<figure class=\"aligncenter size-full\"><img decoding=\"async\" width=\"800\" height=\"600\" src=\"https:\/\/yousanusb.com\/wp-content\/uploads\/2024\/11\/White-Degradable-Rotating-Phone-USB-Flash-Drive.jpg\" alt=\"Unit\u00e0 flash USB del telefono rotante degradabile di colore bianco\" class=\"wp-image-16983\" srcset=\"https:\/\/www.yousanusb.com\/wp-content\/uploads\/2024\/11\/White-Degradable-Rotating-Phone-USB-Flash-Drive.jpg 800w, https:\/\/www.yousanusb.com\/wp-content\/uploads\/2024\/11\/White-Degradable-Rotating-Phone-USB-Flash-Drive-300x225.jpg 300w, https:\/\/www.yousanusb.com\/wp-content\/uploads\/2024\/11\/White-Degradable-Rotating-Phone-USB-Flash-Drive-768x576.jpg 768w, https:\/\/www.yousanusb.com\/wp-content\/uploads\/2024\/11\/White-Degradable-Rotating-Phone-USB-Flash-Drive-16x12.jpg 16w, https:\/\/www.yousanusb.com\/wp-content\/uploads\/2024\/11\/White-Degradable-Rotating-Phone-USB-Flash-Drive-600x450.jpg 600w\" sizes=\"(max-width: 800px) 100vw, 800px\" \/><figcaption class=\"wp-element-caption\">Bianco <\/figcaption><\/figure><\/div>\n\n\n<p>Bianco perla minimalista, versatile e neutro, preferito per la personalizzazione del marchio tecnologico.<\/p>\n<\/div>\n\n\n\n<div class=\"wp-block-column is-layout-flow wp-block-column-is-layout-flow\"><div class=\"wp-block-image\">\n<figure class=\"aligncenter size-full\"><img decoding=\"async\" width=\"800\" height=\"600\" src=\"https:\/\/yousanusb.com\/wp-content\/uploads\/2024\/11\/Green-Degradable-Rotating-Phone-USB-Flash-Drive.jpg\" alt=\"Chiavetta USB verde degradabile per telefono rotante\" class=\"wp-image-16978\" srcset=\"https:\/\/www.yousanusb.com\/wp-content\/uploads\/2024\/11\/Green-Degradable-Rotating-Phone-USB-Flash-Drive.jpg 800w, https:\/\/www.yousanusb.com\/wp-content\/uploads\/2024\/11\/Green-Degradable-Rotating-Phone-USB-Flash-Drive-300x225.jpg 300w, https:\/\/www.yousanusb.com\/wp-content\/uploads\/2024\/11\/Green-Degradable-Rotating-Phone-USB-Flash-Drive-768x576.jpg 768w, https:\/\/www.yousanusb.com\/wp-content\/uploads\/2024\/11\/Green-Degradable-Rotating-Phone-USB-Flash-Drive-16x12.jpg 16w, https:\/\/www.yousanusb.com\/wp-content\/uploads\/2024\/11\/Green-Degradable-Rotating-Phone-USB-Flash-Drive-600x450.jpg 600w\" sizes=\"(max-width: 800px) 100vw, 800px\" \/><figcaption class=\"wp-element-caption\">Verde<\/figcaption><\/figure><\/div>\n\n\n<p>Verde tenue, preferito dagli utenti che sostengono un'estetica naturale, sana e tranquilla, adatto per la cura della pelle naturale, la maternit\u00e0 e il bambino biologici e i marchi per la casa ecologica.<\/p>\n<\/div>\n\n\n\n<div class=\"wp-block-column is-layout-flow wp-block-column-is-layout-flow\"><div class=\"wp-block-image\">\n<figure class=\"aligncenter size-full\"><img loading=\"lazy\" decoding=\"async\" width=\"800\" height=\"600\" src=\"https:\/\/yousanusb.com\/wp-content\/uploads\/2024\/11\/Blue-Degradable-Rotating-Phone-USB-Flash-Drive.jpg\" alt=\"Unit\u00e0 flash USB rotante del telefono blu e degradabile\" class=\"wp-image-16975\" srcset=\"https:\/\/www.yousanusb.com\/wp-content\/uploads\/2024\/11\/Blue-Degradable-Rotating-Phone-USB-Flash-Drive.jpg 800w, https:\/\/www.yousanusb.com\/wp-content\/uploads\/2024\/11\/Blue-Degradable-Rotating-Phone-USB-Flash-Drive-300x225.jpg 300w, https:\/\/www.yousanusb.com\/wp-content\/uploads\/2024\/11\/Blue-Degradable-Rotating-Phone-USB-Flash-Drive-768x576.jpg 768w, https:\/\/www.yousanusb.com\/wp-content\/uploads\/2024\/11\/Blue-Degradable-Rotating-Phone-USB-Flash-Drive-16x12.jpg 16w, https:\/\/www.yousanusb.com\/wp-content\/uploads\/2024\/11\/Blue-Degradable-Rotating-Phone-USB-Flash-Drive-600x450.jpg 600w\" sizes=\"(max-width: 800px) 100vw, 800px\" \/><figcaption class=\"wp-element-caption\">Blu<\/figcaption><\/figure><\/div>\n\n\n<p>Business blu profondo del mare, calmo e<strong> <\/strong>elegante\uff0cpreferito per la personalizzazione del logo aziendale<\/p>\n<\/div>\n\n\n\n<div class=\"wp-block-column is-layout-flow wp-block-column-is-layout-flow\"><div class=\"wp-block-image\">\n<figure class=\"aligncenter size-full\"><img loading=\"lazy\" decoding=\"async\" width=\"800\" height=\"600\" src=\"https:\/\/yousanusb.com\/wp-content\/uploads\/2024\/11\/Pink-Degradable-Rotating-Phone-USB-Flash-Drive.jpg\" alt=\"Chiavetta USB rosa Degradabile per telefono rotante\" class=\"wp-image-16979\" srcset=\"https:\/\/www.yousanusb.com\/wp-content\/uploads\/2024\/11\/Pink-Degradable-Rotating-Phone-USB-Flash-Drive.jpg 800w, https:\/\/www.yousanusb.com\/wp-content\/uploads\/2024\/11\/Pink-Degradable-Rotating-Phone-USB-Flash-Drive-300x225.jpg 300w, https:\/\/www.yousanusb.com\/wp-content\/uploads\/2024\/11\/Pink-Degradable-Rotating-Phone-USB-Flash-Drive-768x576.jpg 768w, https:\/\/www.yousanusb.com\/wp-content\/uploads\/2024\/11\/Pink-Degradable-Rotating-Phone-USB-Flash-Drive-16x12.jpg 16w, https:\/\/www.yousanusb.com\/wp-content\/uploads\/2024\/11\/Pink-Degradable-Rotating-Phone-USB-Flash-Drive-600x450.jpg 600w\" sizes=\"(max-width: 800px) 100vw, 800px\" \/><figcaption class=\"wp-element-caption\">Rosa<\/figcaption><\/figure><\/div>\n\n\n<p>Rosa fiore di ciliegio delicato, preferito dalle donne, adatto per i marchi di bellezza\/maternit\u00e0 e per i bambini.<\/p>\n<\/div>\n<\/div>\n\n\n\n<h3 class=\"wp-block-heading\">\u2777 Opzioni di capacit\u00e0 comuni<\/h3>\n\n\n\n<p>Disponibile in capacit\u00e0 standard: 8GB\/16GB\/32GB\/64GB\/128GB. \u00c8 supportata la personalizzazione di 256 GB e oltre (\u00e8 necessaria la prenotazione anticipata). Che si tratti di archiviare centinaia di foto (8 GB), pi\u00f9 filmati HD (64 GB) o file di design professionali (128 GB), \u00e8 possibile scegliere in base alle proprie esigenze.<\/p>\n\n\n\n<h2 class=\"wp-block-heading\">Logo personalizzato per l'unit\u00e0 USB OTG rotante a 360\u00b0<\/h2>\n\n\n\n<h3 class=\"wp-block-heading\">\u2776 Personalizzazione del logo: Stampabile su entrambi i lati<\/h3>\n\n\n\n<p>- Processo di serigrafia: Stampa monocromatica precisa, adatta a loghi o slogan semplici, quantit\u00e0 minima ordinabile 50 pezzi, basso costo e forte durata.Nota: la dimensione dell'area del logo \u00e8 di 30mm\u00d715mm, opzionale per la parte anteriore centrale\/posteriore dell'angolo, con servizio di prova di progettazione gratuito fornito.<\/p>\n\n\n\n<p>- Processo di stampa a colori: Modelli a colori\/effetti sfumati, che supportano disegni complessi (come immagini IP del marchio, illustrazioni a tema ambientale), quantit\u00e0 minima ordinabile 100 pezzi, con un forte impatto visivo.<\/p>\n\n\n\n<div class=\"wp-block-columns is-layout-flex wp-container-core-columns-is-layout-3 wp-block-columns-is-layout-flex\">\n<div class=\"wp-block-column is-layout-flow wp-block-column-is-layout-flow\">\n<figure class=\"wp-block-image size-full\"><img loading=\"lazy\" decoding=\"async\" width=\"800\" height=\"600\" src=\"https:\/\/yousanusb.com\/wp-content\/uploads\/2024\/11\/Custom-Logo-for-White-OTG-USB-Drive.jpg\" alt=\"Logo personalizzato per unit\u00e0 USB OTG bianca\" class=\"wp-image-16977\" srcset=\"https:\/\/www.yousanusb.com\/wp-content\/uploads\/2024\/11\/Custom-Logo-for-White-OTG-USB-Drive.jpg 800w, https:\/\/www.yousanusb.com\/wp-content\/uploads\/2024\/11\/Custom-Logo-for-White-OTG-USB-Drive-300x225.jpg 300w, https:\/\/www.yousanusb.com\/wp-content\/uploads\/2024\/11\/Custom-Logo-for-White-OTG-USB-Drive-768x576.jpg 768w, https:\/\/www.yousanusb.com\/wp-content\/uploads\/2024\/11\/Custom-Logo-for-White-OTG-USB-Drive-16x12.jpg 16w, https:\/\/www.yousanusb.com\/wp-content\/uploads\/2024\/11\/Custom-Logo-for-White-OTG-USB-Drive-600x450.jpg 600w\" sizes=\"(max-width: 800px) 100vw, 800px\" \/><\/figure>\n<\/div>\n\n\n\n<div class=\"wp-block-column is-layout-flow wp-block-column-is-layout-flow\">\n<figure class=\"wp-block-image size-full\"><img loading=\"lazy\" decoding=\"async\" width=\"800\" height=\"600\" src=\"https:\/\/www.yousanusb.com\/wp-content\/uploads\/2024\/11\/Standard-Degradable-Rotating-USB-Flash-Drive.webp\" alt=\"\" class=\"wp-image-19109\" srcset=\"https:\/\/www.yousanusb.com\/wp-content\/uploads\/2024\/11\/Standard-Degradable-Rotating-USB-Flash-Drive.webp 800w, https:\/\/www.yousanusb.com\/wp-content\/uploads\/2024\/11\/Standard-Degradable-Rotating-USB-Flash-Drive-300x225.webp 300w, https:\/\/www.yousanusb.com\/wp-content\/uploads\/2024\/11\/Standard-Degradable-Rotating-USB-Flash-Drive-768x576.webp 768w, https:\/\/www.yousanusb.com\/wp-content\/uploads\/2024\/11\/Standard-Degradable-Rotating-USB-Flash-Drive-16x12.webp 16w, https:\/\/www.yousanusb.com\/wp-content\/uploads\/2024\/11\/Standard-Degradable-Rotating-USB-Flash-Drive-600x450.webp 600w\" sizes=\"(max-width: 800px) 100vw, 800px\" \/><\/figure>\n<\/div>\n<\/div>\n\n\n\n<h3 class=\"wp-block-heading\">\u2777 Personalizzazione degli imballaggi: Concetto ambientale in tutto e per tutto<\/h3>\n\n\n\n<p>- Imballaggio standard: Sacchetto in PP biodegradabile (stile economico) o confezione regalo in fibra di paglia (stile aggiornato, che riprende il materiale dell'unit\u00e0 USB per evidenziare il tono ambientale);<\/p>\n\n\n\n<p>- Imballaggio personalizzato: Supporta scatole regalo con stampa a caldo in oro\/argento, design di apertura e chiusura magnetico e pu\u00f2 stampare slogan del marchio (come \"Riduci la plastica per la terra, inizia dallo stoccaggio\") per migliorare il grado del regalo.<\/p>\n\n\n\n<div class=\"wp-block-columns is-layout-flex wp-container-core-columns-is-layout-4 wp-block-columns-is-layout-flex\">\n<div class=\"wp-block-column is-layout-flow wp-block-column-is-layout-flow\">\n<figure class=\"wp-block-image size-full\"><img loading=\"lazy\" decoding=\"async\" width=\"800\" height=\"800\" src=\"https:\/\/www.yousanusb.com\/wp-content\/uploads\/2024\/11\/Rotating-Degradable-USB-Flash-Drive-with-Logo.webp\" alt=\"\" class=\"wp-image-19110\" srcset=\"https:\/\/www.yousanusb.com\/wp-content\/uploads\/2024\/11\/Rotating-Degradable-USB-Flash-Drive-with-Logo.webp 800w, https:\/\/www.yousanusb.com\/wp-content\/uploads\/2024\/11\/Rotating-Degradable-USB-Flash-Drive-with-Logo-300x300.webp 300w, https:\/\/www.yousanusb.com\/wp-content\/uploads\/2024\/11\/Rotating-Degradable-USB-Flash-Drive-with-Logo-150x150.webp 150w, https:\/\/www.yousanusb.com\/wp-content\/uploads\/2024\/11\/Rotating-Degradable-USB-Flash-Drive-with-Logo-768x768.webp 768w, https:\/\/www.yousanusb.com\/wp-content\/uploads\/2024\/11\/Rotating-Degradable-USB-Flash-Drive-with-Logo-12x12.webp 12w, https:\/\/www.yousanusb.com\/wp-content\/uploads\/2024\/11\/Rotating-Degradable-USB-Flash-Drive-with-Logo-600x600.webp 600w, https:\/\/www.yousanusb.com\/wp-content\/uploads\/2024\/11\/Rotating-Degradable-USB-Flash-Drive-with-Logo-100x100.webp 100w\" sizes=\"(max-width: 800px) 100vw, 800px\" \/><\/figure>\n<\/div>\n\n\n\n<div class=\"wp-block-column is-layout-flow wp-block-column-is-layout-flow\">\n<figure class=\"wp-block-image size-full\"><img loading=\"lazy\" decoding=\"async\" width=\"800\" height=\"600\" src=\"https:\/\/yousanusb.com\/wp-content\/uploads\/2024\/11\/Straw-Fiber-Gift-Box-with-Custom-logo.jpg\" alt=\"Scatola regalo in fibra di paglia con logo personalizzato\" class=\"wp-image-16980\" srcset=\"https:\/\/www.yousanusb.com\/wp-content\/uploads\/2024\/11\/Straw-Fiber-Gift-Box-with-Custom-logo.jpg 800w, https:\/\/www.yousanusb.com\/wp-content\/uploads\/2024\/11\/Straw-Fiber-Gift-Box-with-Custom-logo-300x225.jpg 300w, https:\/\/www.yousanusb.com\/wp-content\/uploads\/2024\/11\/Straw-Fiber-Gift-Box-with-Custom-logo-768x576.jpg 768w, https:\/\/www.yousanusb.com\/wp-content\/uploads\/2024\/11\/Straw-Fiber-Gift-Box-with-Custom-logo-16x12.jpg 16w, https:\/\/www.yousanusb.com\/wp-content\/uploads\/2024\/11\/Straw-Fiber-Gift-Box-with-Custom-logo-600x450.jpg 600w\" sizes=\"(max-width: 800px) 100vw, 800px\" \/><\/figure>\n<\/div>\n<\/div>\n\n\n\n<h2 class=\"wp-block-heading\">FAQ:<\/h2>\n\n\n\n<h2 class=\"wp-block-heading\">D1: Quali interfacce sono adatte al supporto di unit\u00e0 USB? \u00c8 necessario distinguere?<\/h2>\n\n\n\n<p><strong>A:<\/strong>\u00a0Supporta due interfacce telefoniche mainstream:<br>- Interfaccia Android (Micro-USB): Compatibile con i vecchi dispositivi Android come Huawei\/Xiaomi\/Samsung;<br>- Interfaccia Type-C: Compatibile con il nuovo iPhone (necessita di convertitore), la serie Huawei Mate, il MacBook e altri dispositivi Type-C.<br>Promemoria speciale: L'interfaccia del telefono adotta il \"design a spina cieca\", senza bisogno di distinguere tra la parte anteriore e quella posteriore, plug-and-play, pi\u00f9 conveniente rispetto alle unit\u00e0 USB tradizionali.<\/p>\n\n\n\n<h2 class=\"wp-block-heading\">D2: Quali certificazioni ambientali sono state ottenute?<\/h2>\n\n\n\n<p><strong>A:<\/strong>\u00a0Il materiale biodegradabile influisce sulla durata delle chiavette USB? No. L'involucro utilizza un processo composito di \"fibra di paglia + resina ad alta resistenza\", che offre una resistenza superiore alle cadute rispetto alle tradizionali chiavette USB in plastica (resiste a cadute da 1,5 metri senza subire danni). Le credenziali di certificazione sono le seguenti:<br>Certificazione RoHS: Privo di sei sostanze pericolose, tra cui piombo, mercurio e bifenili polibromurati, conforme agli standard ambientali dell'UE, sicuro per l'uso da parte di donne in gravidanza e bambini.<br>Certificazione FSC: Le materie prime provengono da foreste gestite in modo sostenibile, garantendo la tracciabilit\u00e0 delle origini delle fibre di paglia;<\/p>\n\n\n\n<p>Questa chiavetta USB rotante biodegradabile si distingue per i suoi vantaggi principali: design rotante senza tappo, materiale biodegradabile derivato dalla paglia e trasferimento dati ad alta velocit\u00e0 a due estremit\u00e0. \u00c8 una scelta eccellente per la personalizzazione di grandi quantit\u00e0 di prodotti aziendali per promuovere i marchi, ma offre anche ai singoli una soluzione di archiviazione dedicata per abbracciare uno stile di vita a basse emissioni di carbonio. Fate clic sul pulsante sottostante per richiedere un campione gratuito di colore paglierino o per personalizzare online il vostro logo esclusivo.<\/p>","protected":false},"excerpt":{"rendered":"<ul>\n<li>Materiale biodegradabile<\/li>\n<li>Rotazione a 360\u00b0 senza coperchio<\/li>\n<li>Unit\u00e0 flash USB ecologica<\/li>\n<li>Plug-and-play<\/li>\n<li>Disponibili pi\u00f9 colori<\/li>\n<li>MOQ: 100pcs<\/li>\n<\/ul>","protected":false},"featured_media":16975,"comment_status":"open","ping_status":"closed","template":"","meta":{"_seopress_robots_primary_cat":"none","_seopress_titles_title":"Degradable Rotating OTG USB Flash Drive","_seopress_titles_desc":"Environmentally Friendly Material:Our Degradable Rotating OTG USB Flash Drive is crafted from eco-friendly,degradable materials.","_seopress_robots_index":""},"class_list":["post-10669","product","type-product","status-publish","has-post-thumbnail","hentry","product_cat-biodegradable-usb-flash-disk","product_cat-rotating-usb-flash-drive","product_cat-otg-usb-flash-drive","product_tag-otg-usb-flash-drive"],"_links":{"self":[{"href":"https:\/\/www.yousanusb.com\/it\/wp-json\/wp\/v2\/product\/10669"}],"collection":[{"href":"https:\/\/www.yousanusb.com\/it\/wp-json\/wp\/v2\/product"}],"about":[{"href":"https:\/\/www.yousanusb.com\/it\/wp-json\/wp\/v2\/types\/product"}],"replies":[{"embeddable":true,"href":"https:\/\/www.yousanusb.com\/it\/wp-json\/wp\/v2\/comments?post=10669"}],"wp:featuredmedia":[{"embeddable":true,"href":"https:\/\/www.yousanusb.com\/it\/wp-json\/wp\/v2\/media\/16975"}],"wp:attachment":[{"href":"https:\/\/www.yousanusb.com\/it\/wp-json\/wp\/v2\/media?parent=10669"}],"curies":[{"name":"wp","href":"https:\/\/api.w.org\/{rel}","templated":true}]}}