{"id":10798,"date":"2024-11-20T02:31:13","date_gmt":"2024-11-20T02:31:13","guid":{"rendered":"https:\/\/yousanusb.com\/?post_type=product&#038;p=10798"},"modified":"2025-11-12T01:31:37","modified_gmt":"2025-11-12T01:31:37","slug":"desk-and-chair-shaped-usb-flash-drive","status":"publish","type":"product","link":"https:\/\/www.yousanusb.com\/it\/prodotto\/desk-and-chair-shaped-usb-flash-drive\/","title":{"rendered":"Unit\u00e0 flash USB a forma di scrivania e sedia"},"content":{"rendered":"<p>Questa chiavetta USB presenta un design a forma di sedia e scrivania con colori vivaci e brillanti, che la rendono uno strumento di archiviazione quotidiano pratico e divertente.<\/p>\n\n\n\n<div class=\"wp-block-columns is-layout-flex wp-container-core-columns-is-layout-1 wp-block-columns-is-layout-flex\">\n<div class=\"wp-block-column is-layout-flow wp-block-column-is-layout-flow\">\n<figure class=\"wp-block-image size-full\"><img fetchpriority=\"high\" decoding=\"async\" width=\"800\" height=\"800\" src=\"https:\/\/www.yousanusb.com\/wp-content\/uploads\/2024\/11\/desk-and-chair-usb-flash-drive-pendrive-3.jpg\" alt=\"\" class=\"wp-image-10794\" srcset=\"https:\/\/www.yousanusb.com\/wp-content\/uploads\/2024\/11\/desk-and-chair-usb-flash-drive-pendrive-3.jpg 800w, https:\/\/www.yousanusb.com\/wp-content\/uploads\/2024\/11\/desk-and-chair-usb-flash-drive-pendrive-3-300x300.jpg 300w, https:\/\/www.yousanusb.com\/wp-content\/uploads\/2024\/11\/desk-and-chair-usb-flash-drive-pendrive-3-150x150.jpg 150w, https:\/\/www.yousanusb.com\/wp-content\/uploads\/2024\/11\/desk-and-chair-usb-flash-drive-pendrive-3-768x768.jpg 768w, https:\/\/www.yousanusb.com\/wp-content\/uploads\/2024\/11\/desk-and-chair-usb-flash-drive-pendrive-3-600x600.jpg 600w, https:\/\/www.yousanusb.com\/wp-content\/uploads\/2024\/11\/desk-and-chair-usb-flash-drive-pendrive-3-100x100.jpg 100w\" sizes=\"(max-width: 800px) 100vw, 800px\" \/><\/figure>\n<\/div>\n\n\n\n<div class=\"wp-block-column is-vertically-aligned-center is-layout-flow wp-block-column-is-layout-flow\">\n<p>\u00c8 disponibile in due tipi: unit\u00e0 USB da sedia e unit\u00e0 USB da scrivania. <\/p>\n\n\n\n<p>La sedia usb drive ha la forma di uno sgabello in miniatura, con la porta USB nascosta all'interno del corpo e un piccolo blocco quadrato che funge da copertura della porta. <\/p>\n\n\n\n<p>L'unit\u00e0 USB da scrivania utilizza il piano di un tavolo come corpo dell'unit\u00e0 USB, con una porta standard sul lato inferiore, completata da diversi accessori a forma di sgabello.<\/p>\n\n\n\n<p> Questo design ricrea la forma familiare dei mobili di tutti i giorni, integrando la funzionalit\u00e0 di archiviazione in un pezzo ornamentale, che funge da decorazione della scrivania quando non viene utilizzato e che pu\u00f2 essere facilmente separato per la connessione dei dispositivi e l'accesso ai dati quando necessario. Unisce magistralmente creativit\u00e0 e praticit\u00e0.<\/p>\n<\/div>\n<\/div>\n\n\n\n<div class=\"wp-block-columns is-layout-flex wp-container-core-columns-is-layout-2 wp-block-columns-is-layout-flex\">\n<div class=\"wp-block-column is-vertically-aligned-center is-layout-flow wp-block-column-is-layout-flow\">\n<p>Il materiale \u00e8 plastica ABS ecologica, leggera ma resistente, che la rende facile da trasportare senza appesantire. Il prezzo accessibile lo rende un regalo promozionale ideale.<\/p>\n\n\n\n<p>Caratterizzato da un colore verde fluorescente uniforme e vibrante, vanta un tono luminoso e ad alta visibilit\u00e0. Il design complessivo \u00e8 pulito e coeso e si adatta alla maggior parte degli ambienti desktop.<\/p>\n\n\n\n<p>Dal punto di vista funzionale, dispone di un'interfaccia USB standard compatibile con i comuni dispositivi elettronici come computer e tablet. Supportando i principali protocolli di trasferimento, offre velocit\u00e0 di lettura\/scrittura stabili per l'archiviazione e il trasferimento di file di uso quotidiano come documenti, immagini e piccoli video. <\/p>\n\n\n\n<p>Disponibile in capacit\u00e0 pratiche come 8 GB e 16 GB, garantisce un'archiviazione sicura dei dati e soddisfa le esigenze di archiviazione di base per il lavoro d'ufficio, lo studio e scenari simili.<\/p>\n<\/div>\n\n\n\n<div class=\"wp-block-column is-layout-flow wp-block-column-is-layout-flow\">\n<figure class=\"wp-block-image size-full\"><img decoding=\"async\" width=\"800\" height=\"800\" src=\"https:\/\/www.yousanusb.com\/wp-content\/uploads\/2024\/11\/desk-and-chair-usb-flash-drive-pendrive-4.jpg\" alt=\"\" class=\"wp-image-10795\" srcset=\"https:\/\/www.yousanusb.com\/wp-content\/uploads\/2024\/11\/desk-and-chair-usb-flash-drive-pendrive-4.jpg 800w, https:\/\/www.yousanusb.com\/wp-content\/uploads\/2024\/11\/desk-and-chair-usb-flash-drive-pendrive-4-300x300.jpg 300w, https:\/\/www.yousanusb.com\/wp-content\/uploads\/2024\/11\/desk-and-chair-usb-flash-drive-pendrive-4-150x150.jpg 150w, https:\/\/www.yousanusb.com\/wp-content\/uploads\/2024\/11\/desk-and-chair-usb-flash-drive-pendrive-4-768x768.jpg 768w, https:\/\/www.yousanusb.com\/wp-content\/uploads\/2024\/11\/desk-and-chair-usb-flash-drive-pendrive-4-600x600.jpg 600w, https:\/\/www.yousanusb.com\/wp-content\/uploads\/2024\/11\/desk-and-chair-usb-flash-drive-pendrive-4-100x100.jpg 100w\" sizes=\"(max-width: 800px) 100vw, 800px\" \/><\/figure>\n<\/div>\n<\/div>","protected":false},"excerpt":{"rendered":"<ul>\n<li>Usb a forma di sedia<\/li>\n<li>USB a forma di scrivania<\/li>\n<li>MOQ: 500PCS<\/li>\n<li>Logo personalizzato<\/li>\n<li>Prezzo all'ingrosso<\/li>\n<\/ul>","protected":false},"featured_media":10794,"comment_status":"open","ping_status":"closed","template":"","meta":{"_seopress_robots_primary_cat":"none","_seopress_titles_title":"Desk And Chair Shaped USB Flash Drive","_seopress_titles_desc":"","_seopress_robots_index":""},"class_list":["post-10798","product","type-product","status-publish","has-post-thumbnail","hentry","product_cat-usb-flash-drive","product_tag-chair-usb-flash-drive","product_tag-desk-usb-flash-drive"],"_links":{"self":[{"href":"https:\/\/www.yousanusb.com\/it\/wp-json\/wp\/v2\/product\/10798"}],"collection":[{"href":"https:\/\/www.yousanusb.com\/it\/wp-json\/wp\/v2\/product"}],"about":[{"href":"https:\/\/www.yousanusb.com\/it\/wp-json\/wp\/v2\/types\/product"}],"replies":[{"embeddable":true,"href":"https:\/\/www.yousanusb.com\/it\/wp-json\/wp\/v2\/comments?post=10798"}],"wp:featuredmedia":[{"embeddable":true,"href":"https:\/\/www.yousanusb.com\/it\/wp-json\/wp\/v2\/media\/10794"}],"wp:attachment":[{"href":"https:\/\/www.yousanusb.com\/it\/wp-json\/wp\/v2\/media?parent=10798"}],"curies":[{"name":"wp","href":"https:\/\/api.w.org\/{rel}","templated":true}]}}