{"id":10969,"date":"2024-11-25T16:27:56","date_gmt":"2024-11-25T16:27:56","guid":{"rendered":"https:\/\/yousanusb.com\/?post_type=product&#038;p=10969"},"modified":"2025-12-13T13:26:33","modified_gmt":"2025-12-13T13:26:33","slug":"round-card-usb-flash-drives","status":"publish","type":"product","link":"https:\/\/www.yousanusb.com\/it\/prodotto\/round-card-usb-flash-drives\/","title":{"rendered":"Unit\u00e0 flash USB a schede rotonde"},"content":{"rendered":"<div class=\"wp-block-columns is-layout-flex wp-container-core-columns-is-layout-1 wp-block-columns-is-layout-flex\">\n<div class=\"wp-block-column is-layout-flow wp-block-column-is-layout-flow\">\n<figure class=\"wp-block-image size-full\"><img fetchpriority=\"high\" decoding=\"async\" width=\"800\" height=\"800\" src=\"https:\/\/www.yousanusb.com\/wp-content\/uploads\/2024\/11\/Round-Card-Flip-Product-Image-1.jpg\" alt=\"\" class=\"wp-image-18534\" srcset=\"https:\/\/www.yousanusb.com\/wp-content\/uploads\/2024\/11\/Round-Card-Flip-Product-Image-1.jpg 800w, https:\/\/www.yousanusb.com\/wp-content\/uploads\/2024\/11\/Round-Card-Flip-Product-Image-1-300x300.jpg 300w, https:\/\/www.yousanusb.com\/wp-content\/uploads\/2024\/11\/Round-Card-Flip-Product-Image-1-150x150.jpg 150w, https:\/\/www.yousanusb.com\/wp-content\/uploads\/2024\/11\/Round-Card-Flip-Product-Image-1-768x768.jpg 768w, https:\/\/www.yousanusb.com\/wp-content\/uploads\/2024\/11\/Round-Card-Flip-Product-Image-1-12x12.jpg 12w, https:\/\/www.yousanusb.com\/wp-content\/uploads\/2024\/11\/Round-Card-Flip-Product-Image-1-600x600.jpg 600w, https:\/\/www.yousanusb.com\/wp-content\/uploads\/2024\/11\/Round-Card-Flip-Product-Image-1-100x100.jpg 100w\" sizes=\"(max-width: 800px) 100vw, 800px\" \/><\/figure>\n<\/div>\n\n\n\n<div class=\"wp-block-column is-vertically-aligned-center is-layout-flow wp-block-column-is-layout-flow\">\n<p>Questa unit\u00e0 flash USB rotonda presenta un design a ribalta che blocca efficacemente l'ingresso di polvere e detriti nelle fessure dell'interfaccia.<br>In questo modo si evita l'usura dei contatti metallici e si protegge l'interfaccia dai danni causati da chiavi, monete e altri oggetti duri, prolungando in modo significativo la durata di vita dell'unit\u00e0 flash. Durante l'uso, non \u00e8 necessario rimuovere il coperchio protettivo; \u00e8 sufficiente capovolgerlo per esporre l'interfaccia.<\/p>\n<\/div>\n<\/div>\n\n\n\n<p>La chiavetta USB a forma di biglietto con logo personalizzato \u00e8 sottile ed elegante. \u00c8 abbastanza piccola da stare nel portafoglio, ma abbastanza grande da poter stampare qualsiasi logo, testo o immagine per la promozione del marchio. \u00c8 come mettere un cartellone pubblicitario in tasca. Sono regali perfetti per fiere aziendali, conferenze, omaggi e altro ancora.<\/p>\n\n\n\n<div class=\"wp-block-columns is-layout-flex wp-container-core-columns-is-layout-2 wp-block-columns-is-layout-flex\">\n<div class=\"wp-block-column is-layout-flow wp-block-column-is-layout-flow\">\n<figure class=\"wp-block-image size-full\"><img decoding=\"async\" width=\"800\" height=\"800\" src=\"https:\/\/www.yousanusb.com\/wp-content\/uploads\/2024\/11\/Round-Card-Flip-Product-Image-5.jpg\" alt=\"\" class=\"wp-image-18536\" srcset=\"https:\/\/www.yousanusb.com\/wp-content\/uploads\/2024\/11\/Round-Card-Flip-Product-Image-5.jpg 800w, https:\/\/www.yousanusb.com\/wp-content\/uploads\/2024\/11\/Round-Card-Flip-Product-Image-5-300x300.jpg 300w, https:\/\/www.yousanusb.com\/wp-content\/uploads\/2024\/11\/Round-Card-Flip-Product-Image-5-150x150.jpg 150w, https:\/\/www.yousanusb.com\/wp-content\/uploads\/2024\/11\/Round-Card-Flip-Product-Image-5-768x768.jpg 768w, https:\/\/www.yousanusb.com\/wp-content\/uploads\/2024\/11\/Round-Card-Flip-Product-Image-5-12x12.jpg 12w, https:\/\/www.yousanusb.com\/wp-content\/uploads\/2024\/11\/Round-Card-Flip-Product-Image-5-600x600.jpg 600w, https:\/\/www.yousanusb.com\/wp-content\/uploads\/2024\/11\/Round-Card-Flip-Product-Image-5-100x100.jpg 100w\" sizes=\"(max-width: 800px) 100vw, 800px\" \/><\/figure>\n<\/div>\n\n\n\n<div class=\"wp-block-column is-layout-flow wp-block-column-is-layout-flow\">\n<figure class=\"wp-block-image size-full\"><img decoding=\"async\" width=\"800\" height=\"800\" src=\"https:\/\/www.yousanusb.com\/wp-content\/uploads\/2024\/11\/Round-Card-Flip-Product-Image-4.jpg\" alt=\"\" class=\"wp-image-18535\" srcset=\"https:\/\/www.yousanusb.com\/wp-content\/uploads\/2024\/11\/Round-Card-Flip-Product-Image-4.jpg 800w, https:\/\/www.yousanusb.com\/wp-content\/uploads\/2024\/11\/Round-Card-Flip-Product-Image-4-300x300.jpg 300w, https:\/\/www.yousanusb.com\/wp-content\/uploads\/2024\/11\/Round-Card-Flip-Product-Image-4-150x150.jpg 150w, https:\/\/www.yousanusb.com\/wp-content\/uploads\/2024\/11\/Round-Card-Flip-Product-Image-4-768x768.jpg 768w, https:\/\/www.yousanusb.com\/wp-content\/uploads\/2024\/11\/Round-Card-Flip-Product-Image-4-12x12.jpg 12w, https:\/\/www.yousanusb.com\/wp-content\/uploads\/2024\/11\/Round-Card-Flip-Product-Image-4-600x600.jpg 600w, https:\/\/www.yousanusb.com\/wp-content\/uploads\/2024\/11\/Round-Card-Flip-Product-Image-4-100x100.jpg 100w\" sizes=\"(max-width: 800px) 100vw, 800px\" \/><\/figure>\n<\/div>\n\n\n\n<div class=\"wp-block-column is-layout-flow wp-block-column-is-layout-flow\">\n<figure class=\"wp-block-image size-full\"><img loading=\"lazy\" decoding=\"async\" width=\"800\" height=\"800\" src=\"https:\/\/www.yousanusb.com\/wp-content\/uploads\/2024\/11\/roundcardflip_noaa.jpg\" alt=\"\" class=\"wp-image-18532\" srcset=\"https:\/\/www.yousanusb.com\/wp-content\/uploads\/2024\/11\/roundcardflip_noaa.jpg 800w, https:\/\/www.yousanusb.com\/wp-content\/uploads\/2024\/11\/roundcardflip_noaa-300x300.jpg 300w, https:\/\/www.yousanusb.com\/wp-content\/uploads\/2024\/11\/roundcardflip_noaa-150x150.jpg 150w, https:\/\/www.yousanusb.com\/wp-content\/uploads\/2024\/11\/roundcardflip_noaa-768x768.jpg 768w, https:\/\/www.yousanusb.com\/wp-content\/uploads\/2024\/11\/roundcardflip_noaa-12x12.jpg 12w, https:\/\/www.yousanusb.com\/wp-content\/uploads\/2024\/11\/roundcardflip_noaa-600x600.jpg 600w, https:\/\/www.yousanusb.com\/wp-content\/uploads\/2024\/11\/roundcardflip_noaa-100x100.jpg 100w\" sizes=\"(max-width: 800px) 100vw, 800px\" \/><\/figure>\n<\/div>\n<\/div>","protected":false},"excerpt":{"rendered":"<ul>\n<li>Unit\u00e0 usb a forma di scheda<\/li>\n<li>Stile rotondo e mimi<\/li>\n<li>MOQ: 100pcs<\/li>\n<li>Smaple gratuito<\/li>\n<li>Prezzo di fabbrica<\/li>\n<\/ul>","protected":false},"featured_media":18533,"comment_status":"open","ping_status":"closed","template":"","meta":{"_seopress_robots_primary_cat":"none","_seopress_titles_title":"Round Card USB Flash Drives","_seopress_titles_desc":"","_seopress_robots_index":""},"class_list":["post-10969","product","type-product","status-publish","has-post-thumbnail","hentry","product_cat-card-usb-flash-drive","product_tag-plastic-card-usb-flash-drive","product_tag-round-card-usb-flash-drive"],"_links":{"self":[{"href":"https:\/\/www.yousanusb.com\/it\/wp-json\/wp\/v2\/product\/10969"}],"collection":[{"href":"https:\/\/www.yousanusb.com\/it\/wp-json\/wp\/v2\/product"}],"about":[{"href":"https:\/\/www.yousanusb.com\/it\/wp-json\/wp\/v2\/types\/product"}],"replies":[{"embeddable":true,"href":"https:\/\/www.yousanusb.com\/it\/wp-json\/wp\/v2\/comments?post=10969"}],"wp:featuredmedia":[{"embeddable":true,"href":"https:\/\/www.yousanusb.com\/it\/wp-json\/wp\/v2\/media\/18533"}],"wp:attachment":[{"href":"https:\/\/www.yousanusb.com\/it\/wp-json\/wp\/v2\/media?parent=10969"}],"curies":[{"name":"wp","href":"https:\/\/api.w.org\/{rel}","templated":true}]}}