{"id":11771,"date":"2024-12-07T01:13:59","date_gmt":"2024-12-07T01:13:59","guid":{"rendered":"https:\/\/yousanusb.com\/?post_type=product&#038;p=11771"},"modified":"2024-12-07T02:37:24","modified_gmt":"2024-12-07T02:37:24","slug":"customized-light-bulb-flash-drive-by-carb-nb","status":"publish","type":"product","link":"https:\/\/www.yousanusb.com\/it\/prodotto\/customized-light-bulb-flash-drive-by-carb-nb\/","title":{"rendered":"Chiavetta personalizzata con lampadina di Carb NB"},"content":{"rendered":"<p>La chiavetta personalizzata Light Bulb di Carb NB \u00e8 un regalo davvero innovativo e pratico. A forma di lampadina, \u00e8 una soluzione unica rispetto alle comuni chiavette USB. In qualit\u00e0 di produttori professionali di pendrive USB, abbiamo realizzato questo dispositivo tenendo conto sia dello stile che della funzionalit\u00e0. Offre una discreta quantit\u00e0 di spazio di archiviazione, perfetta per memorizzare qualsiasi cosa, dai documenti aziendali importanti alle foto e ai video personali.<br \/>\nImmaginate di utilizzarlo in occasione di un evento di lancio di un prodotto Carb NB, dove pu\u00f2 essere regalato ai partecipanti come souvenir memorabile. \u00c8 ideale anche per l'uso in ufficio, per consentire ai dipendenti di portare facilmente con s\u00e9 i file relativi al lavoro. Il design a lampadina pu\u00f2 anche servire come elemento decorativo su un portachiavi o sulla scrivania.<br \/>\nCon il logo o il disegno personalizzato di Carb NB impresso su di essa, questa chiavetta diventa un potente strumento di branding. Che sia per scopi di marketing o semplicemente per un regalo premuroso, la chiavetta personalizzata a forma di lampadina lascer\u00e0 sicuramente un'impressione duratura.<\/p>","protected":false},"excerpt":{"rendered":"<p>La chiavetta personalizzata Light Bulb di Carb NB \u00e8 un regalo davvero innovativo e pratico. A forma di lampadina, \u00e8 una soluzione unica rispetto alle comuni chiavette USB.<\/p>","protected":false},"featured_media":11696,"comment_status":"open","ping_status":"closed","template":"","meta":{"_seopress_robots_primary_cat":"none","_seopress_titles_title":"Customized light bulb flash drive by Carb NB","_seopress_titles_desc":"The Customized Light Bulb Flash Drive by Carb NB is a truly innovative and practical gift. Shaped like a light bulb, it's a unique departure from ordinary USB drives.","_seopress_robots_index":""},"class_list":["post-11771","product","type-product","status-publish","has-post-thumbnail","hentry","product_cat-luminescent-usb-flash-drive","product_cat-usb-flash-drive-customer","product_tag-bulb-flash-drive","product_tag-light-flash-drive"],"_links":{"self":[{"href":"https:\/\/www.yousanusb.com\/it\/wp-json\/wp\/v2\/product\/11771"}],"collection":[{"href":"https:\/\/www.yousanusb.com\/it\/wp-json\/wp\/v2\/product"}],"about":[{"href":"https:\/\/www.yousanusb.com\/it\/wp-json\/wp\/v2\/types\/product"}],"replies":[{"embeddable":true,"href":"https:\/\/www.yousanusb.com\/it\/wp-json\/wp\/v2\/comments?post=11771"}],"wp:featuredmedia":[{"embeddable":true,"href":"https:\/\/www.yousanusb.com\/it\/wp-json\/wp\/v2\/media\/11696"}],"wp:attachment":[{"href":"https:\/\/www.yousanusb.com\/it\/wp-json\/wp\/v2\/media?parent=11771"}],"curies":[{"name":"wp","href":"https:\/\/api.w.org\/{rel}","templated":true}]}}