{"id":11782,"date":"2024-12-07T01:20:33","date_gmt":"2024-12-07T01:20:33","guid":{"rendered":"https:\/\/yousanusb.com\/?post_type=product&#038;p=11782"},"modified":"2024-12-07T01:20:34","modified_gmt":"2024-12-07T01:20:34","slug":"customized-gift-card-flash-drive-by-huawei-company","status":"publish","type":"product","link":"https:\/\/www.yousanusb.com\/it\/prodotto\/customized-gift-card-flash-drive-by-huawei-company\/","title":{"rendered":"Chiavetta carta regalo personalizzata della societ\u00e0 HUAWEI"},"content":{"rendered":"<p>La chiavetta personalizzata Gift Card di HUAWEI \u00e8 un'offerta unica e pratica. A forma di elegante carta regalo, combina la funzionalit\u00e0 di una chiavetta USB con un'estetica elegante e moderna.<br \/>\nIn qualit\u00e0 di rinomato produttore di pendrive usb, YOUSANI garantisce qualit\u00e0 e personalizzazione di altissimo livello. Questa chiavetta offre un ampio spazio di archiviazione, perfetto per conservare documenti, foto o software importanti.<br \/>\nPu\u00f2 essere utilizzato come regalo aziendale in occasione del lancio di prodotti o di eventi commerciali di HUAWEI, consentendo ai destinatari di portare con s\u00e9 facilmente informazioni preziose. Per i dipendenti, \u00e8 un modo comodo per trasferire i file di lavoro tra casa e ufficio.<br \/>\nIl design della carta regalo, con il logo di HUAWEI in evidenza, la rende un eccellente strumento di marketing. Pu\u00f2 anche essere regalata ai clienti come segno di apprezzamento, rafforzando la fedelt\u00e0 al marchio. Sia per uso personale che professionale, questa chiavetta personalizzata \u00e8 un simbolo dell'innovazione e della premura di HUAWEI.<\/p>","protected":false},"excerpt":{"rendered":"<p>La chiavetta personalizzata Gift Card di HUAWEI \u00e8 un'offerta unica e pratica. A forma di elegante carta regalo, combina la funzionalit\u00e0 di una chiavetta USB con un'estetica elegante e moderna.<\/p>","protected":false},"featured_media":11745,"comment_status":"open","ping_status":"closed","template":"","meta":{"_seopress_robots_primary_cat":"","_seopress_titles_title":"Customized gift card flash drive by HUAWEI company","_seopress_titles_desc":"The Customized Gift Card Flash Drive by HUAWEI company is a unique and practical offering. Shaped like a stylish gift card, it combines the functionality of a USB drive with a sleek and modern aesthetic.","_seopress_robots_index":""},"class_list":["post-11782","product","type-product","status-publish","has-post-thumbnail","hentry","product_cat-usb-flash-drive-customer"],"_links":{"self":[{"href":"https:\/\/www.yousanusb.com\/it\/wp-json\/wp\/v2\/product\/11782"}],"collection":[{"href":"https:\/\/www.yousanusb.com\/it\/wp-json\/wp\/v2\/product"}],"about":[{"href":"https:\/\/www.yousanusb.com\/it\/wp-json\/wp\/v2\/types\/product"}],"replies":[{"embeddable":true,"href":"https:\/\/www.yousanusb.com\/it\/wp-json\/wp\/v2\/comments?post=11782"}],"wp:featuredmedia":[{"embeddable":true,"href":"https:\/\/www.yousanusb.com\/it\/wp-json\/wp\/v2\/media\/11745"}],"wp:attachment":[{"href":"https:\/\/www.yousanusb.com\/it\/wp-json\/wp\/v2\/media?parent=11782"}],"curies":[{"name":"wp","href":"https:\/\/api.w.org\/{rel}","templated":true}]}}