{"id":11789,"date":"2024-12-07T01:29:14","date_gmt":"2024-12-07T01:29:14","guid":{"rendered":"https:\/\/yousanusb.com\/?post_type=product&#038;p=11789"},"modified":"2024-12-07T01:29:14","modified_gmt":"2024-12-07T01:29:14","slug":"customized-usb-pen-by-unionpay-payment-company","status":"publish","type":"product","link":"https:\/\/www.yousanusb.com\/it\/prodotto\/customized-usb-pen-by-unionpay-payment-company\/","title":{"rendered":"Penna USB personalizzata dalla societ\u00e0 di pagamento UNIONPAY"},"content":{"rendered":"<p>La penna USB personalizzata della societ\u00e0 di pagamento UNIONPAY, sapientemente realizzata dalla fabbrica di chiavette YOUSAN, \u00e8 un regalo aziendale unico e altamente funzionale. Questo prodotto innovativo combina la praticit\u00e0 di una penna con la comodit\u00e0 di una chiavetta USB.<br \/>\nIl design elegante della penna \u00e8 al tempo stesso elegante e comodo da impugnare e la rende adatta all'uso quotidiano in ufficio o in viaggio. Grazie alla memoria USB integrata, offre ampio spazio per archiviare documenti importanti relativi a UNIONPAY, come relazioni finanziarie, analisi di mercato e dati dei clienti.<br \/>\nPu\u00f2 essere distribuito durante le conferenze di settore di UNIONPAY, gli incontri d'affari con i partner o come regalo speciale per i clienti di alto valore. I destinatari possono portarla facilmente in tasca o in borsa, pronta ad accedere o a trasferire dati in qualsiasi momento. La penna \u00e8 personalizzata con il logo di UNIONPAY, per migliorare la visibilit\u00e0 del marchio e lasciare un'impressione duratura.<br \/>\nChe si tratti di annotare appunti durante una riunione o di archiviare file cruciali, questa penna USB personalizzata \u00e8 un mix perfetto di utilit\u00e0 e promozione del marchio.<\/p>","protected":false},"excerpt":{"rendered":"<p>La penna USB personalizzata della societ\u00e0 di pagamento UNIONPAY, sapientemente realizzata dalla fabbrica di chiavette YOUSAN, \u00e8 un regalo aziendale unico e altamente funzionale. Questo prodotto innovativo combina la praticit\u00e0 di una penna con la comodit\u00e0 di una chiavetta USB.<\/p>","protected":false},"featured_media":11756,"comment_status":"open","ping_status":"closed","template":"","meta":{"_seopress_robots_primary_cat":"","_seopress_titles_title":"Customized USB pen by UNIONPAY payment company","_seopress_titles_desc":"The Customized USB Pen by UNIONPAY payment company, expertly crafted by YOUSAN Flash Drive Factory, is a unique and highly functional corporate gift. This innovative product combines the practicality of a pen with the convenience of a USB drive.","_seopress_robots_index":""},"class_list":["post-11789","product","type-product","status-publish","has-post-thumbnail","hentry","product_cat-usb-flash-drive-customer"],"_links":{"self":[{"href":"https:\/\/www.yousanusb.com\/it\/wp-json\/wp\/v2\/product\/11789"}],"collection":[{"href":"https:\/\/www.yousanusb.com\/it\/wp-json\/wp\/v2\/product"}],"about":[{"href":"https:\/\/www.yousanusb.com\/it\/wp-json\/wp\/v2\/types\/product"}],"replies":[{"embeddable":true,"href":"https:\/\/www.yousanusb.com\/it\/wp-json\/wp\/v2\/comments?post=11789"}],"wp:featuredmedia":[{"embeddable":true,"href":"https:\/\/www.yousanusb.com\/it\/wp-json\/wp\/v2\/media\/11756"}],"wp:attachment":[{"href":"https:\/\/www.yousanusb.com\/it\/wp-json\/wp\/v2\/media?parent=11789"}],"curies":[{"name":"wp","href":"https:\/\/api.w.org\/{rel}","templated":true}]}}