{"id":11820,"date":"2024-12-07T01:53:57","date_gmt":"2024-12-07T01:53:57","guid":{"rendered":"https:\/\/yousanusb.com\/?post_type=product&#038;p=11820"},"modified":"2025-10-21T03:36:32","modified_gmt":"2025-10-21T03:36:32","slug":"customized-wooden-usb-pen-by-proecuador","status":"publish","type":"product","link":"https:\/\/www.yousanusb.com\/it\/prodotto\/customized-wooden-usb-pen-by-proecuador\/","title":{"rendered":"Penna USB in legno personalizzata di Proecuador"},"content":{"rendered":"<p><\/p>\n\n\n\n<div class=\"wp-block-columns is-layout-flex wp-container-core-columns-is-layout-1 wp-block-columns-is-layout-flex\">\n<div class=\"wp-block-column is-layout-flow wp-block-column-is-layout-flow\">\n<figure class=\"wp-block-image size-full\"><img fetchpriority=\"high\" decoding=\"async\" width=\"450\" height=\"450\" src=\"https:\/\/www.yousanusb.com\/wp-content\/uploads\/2024\/12\/Customized-Wooden-USB-pen-by-Proecuador-1.jpg\" alt=\"Penna USB in legno personalizzata di Proecuador\" class=\"wp-image-13011\" srcset=\"https:\/\/www.yousanusb.com\/wp-content\/uploads\/2024\/12\/Customized-Wooden-USB-pen-by-Proecuador-1.jpg 450w, https:\/\/www.yousanusb.com\/wp-content\/uploads\/2024\/12\/Customized-Wooden-USB-pen-by-Proecuador-1-300x300.jpg 300w, https:\/\/www.yousanusb.com\/wp-content\/uploads\/2024\/12\/Customized-Wooden-USB-pen-by-Proecuador-1-150x150.jpg 150w, https:\/\/www.yousanusb.com\/wp-content\/uploads\/2024\/12\/Customized-Wooden-USB-pen-by-Proecuador-1-100x100.jpg 100w\" sizes=\"(max-width: 450px) 100vw, 450px\" \/><\/figure>\n<\/div>\n\n\n\n<div class=\"wp-block-column is-vertically-aligned-center is-layout-flow wp-block-column-is-layout-flow\">\n<p>La penna USB in legno personalizzata di Proecuador, abilmente prodotta da YOUSAN Flash Drive Factory, \u00e8 un regalo aziendale unico ed ecologico. Combinando l'eleganza del legno con la funzionalit\u00e0 di una chiavetta USB e di una penna, \u00e8 uno strumento multiuso.<\/p>\n<\/div>\n<\/div>\n\n\n\n<p><br>L'esterno in legno gli conferisce un aspetto naturale e sofisticato, rendendolo adatto a diversi ambienti professionali. Ha una discreta capacit\u00e0 di archiviazione, ideale per conservare i piani aziendali di Proecuador, i documenti di ricerca e le informazioni sui clienti. Durante le riunioni aziendali, le conferenze o i viaggi di lavoro, i dipendenti e i rappresentanti possono utilizzarla per annotare appunti e contemporaneamente trasferire o archiviare dati importanti. La penna pu\u00f2 anche essere regalata come articolo promozionale in occasione di fiere e mostre, attirando l'attenzione con il suo fascino rustico.<\/p>\n\n\n\n<div class=\"wp-block-columns is-layout-flex wp-container-core-columns-is-layout-2 wp-block-columns-is-layout-flex\">\n<div class=\"wp-block-column is-layout-flow wp-block-column-is-layout-flow\">\n<figure class=\"wp-block-image size-full\"><img decoding=\"async\" width=\"800\" height=\"800\" src=\"https:\/\/www.yousanusb.com\/wp-content\/uploads\/2024\/12\/Customized-Wooden-USB-pen-by-Proecuador.jpg\" alt=\"\" class=\"wp-image-11712\" srcset=\"https:\/\/www.yousanusb.com\/wp-content\/uploads\/2024\/12\/Customized-Wooden-USB-pen-by-Proecuador.jpg 800w, https:\/\/www.yousanusb.com\/wp-content\/uploads\/2024\/12\/Customized-Wooden-USB-pen-by-Proecuador-300x300.jpg 300w, https:\/\/www.yousanusb.com\/wp-content\/uploads\/2024\/12\/Customized-Wooden-USB-pen-by-Proecuador-150x150.jpg 150w, https:\/\/www.yousanusb.com\/wp-content\/uploads\/2024\/12\/Customized-Wooden-USB-pen-by-Proecuador-768x768.jpg 768w, https:\/\/www.yousanusb.com\/wp-content\/uploads\/2024\/12\/Customized-Wooden-USB-pen-by-Proecuador-600x600.jpg 600w, https:\/\/www.yousanusb.com\/wp-content\/uploads\/2024\/12\/Customized-Wooden-USB-pen-by-Proecuador-100x100.jpg 100w\" sizes=\"(max-width: 800px) 100vw, 800px\" \/><\/figure>\n<\/div>\n\n\n\n<div class=\"wp-block-column is-layout-flow wp-block-column-is-layout-flow\">\n<figure class=\"wp-block-image size-full\"><img decoding=\"async\" width=\"800\" height=\"800\" src=\"https:\/\/www.yousanusb.com\/wp-content\/uploads\/2024\/12\/Proecuadordan-ozellestirilmis-ahsap-USB-kalem.jpg\" alt=\"\" class=\"wp-image-11749\" srcset=\"https:\/\/www.yousanusb.com\/wp-content\/uploads\/2024\/12\/Proecuadordan-ozellestirilmis-ahsap-USB-kalem.jpg 800w, https:\/\/www.yousanusb.com\/wp-content\/uploads\/2024\/12\/Proecuadordan-ozellestirilmis-ahsap-USB-kalem-300x300.jpg 300w, https:\/\/www.yousanusb.com\/wp-content\/uploads\/2024\/12\/Proecuadordan-ozellestirilmis-ahsap-USB-kalem-150x150.jpg 150w, https:\/\/www.yousanusb.com\/wp-content\/uploads\/2024\/12\/Proecuadordan-ozellestirilmis-ahsap-USB-kalem-768x768.jpg 768w, https:\/\/www.yousanusb.com\/wp-content\/uploads\/2024\/12\/Proecuadordan-ozellestirilmis-ahsap-USB-kalem-600x600.jpg 600w, https:\/\/www.yousanusb.com\/wp-content\/uploads\/2024\/12\/Proecuadordan-ozellestirilmis-ahsap-USB-kalem-100x100.jpg 100w\" sizes=\"(max-width: 800px) 100vw, 800px\" \/><\/figure>\n<\/div>\n<\/div>\n\n\n\n<p><br>Il logo di Proecuador pu\u00f2 essere inciso sulla superficie in legno, migliorando la visibilit\u00e0 del marchio. Sia in ufficio che durante le attivit\u00e0 lavorative in movimento, questa penna USB in legno personalizzata \u00e8 un accessorio pratico ed elegante che promuove l'immagine dell'azienda e soddisfa le esigenze lavorative quotidiane.<\/p>\n\n\n\n<div class=\"wp-block-columns is-layout-flex wp-container-core-columns-is-layout-3 wp-block-columns-is-layout-flex\">\n<div class=\"wp-block-column is-layout-flow wp-block-column-is-layout-flow\">\n<figure class=\"wp-block-image size-full\"><img loading=\"lazy\" decoding=\"async\" width=\"800\" height=\"800\" src=\"https:\/\/www.yousanusb.com\/wp-content\/uploads\/2024\/12\/Customized-Wooden-USB-drive-pen-by-Proecuador.jpg\" alt=\"\" class=\"wp-image-11711\" srcset=\"https:\/\/www.yousanusb.com\/wp-content\/uploads\/2024\/12\/Customized-Wooden-USB-drive-pen-by-Proecuador.jpg 800w, https:\/\/www.yousanusb.com\/wp-content\/uploads\/2024\/12\/Customized-Wooden-USB-drive-pen-by-Proecuador-300x300.jpg 300w, https:\/\/www.yousanusb.com\/wp-content\/uploads\/2024\/12\/Customized-Wooden-USB-drive-pen-by-Proecuador-150x150.jpg 150w, https:\/\/www.yousanusb.com\/wp-content\/uploads\/2024\/12\/Customized-Wooden-USB-drive-pen-by-Proecuador-768x768.jpg 768w, https:\/\/www.yousanusb.com\/wp-content\/uploads\/2024\/12\/Customized-Wooden-USB-drive-pen-by-Proecuador-600x600.jpg 600w, https:\/\/www.yousanusb.com\/wp-content\/uploads\/2024\/12\/Customized-Wooden-USB-drive-pen-by-Proecuador-100x100.jpg 100w\" sizes=\"(max-width: 800px) 100vw, 800px\" \/><\/figure>\n<\/div>\n\n\n\n<div class=\"wp-block-column is-vertically-aligned-center is-layout-flow wp-block-column-is-layout-flow\">\n<p>Sleek pen-style design, comparable in length to a standard ballpoint pen, featuring a sturdy wooden clip that securely attaches to notebooks, pockets, or briefcases. Compact and easy to carry, it minimizes space while preventing loss.<\/p>\n\n\n\n<p>Whether you&#8217;re a professional seeking quality, a student drawn to natural aesthetics, or a creative enthusiast needing practical tools, this wooden USB pen combines functionality and style to streamline your essentials. Every use delivers both convenience and a soothing experience.<\/p>\n<\/div>\n<\/div>","protected":false},"excerpt":{"rendered":"<p>La penna USB in legno personalizzata di Proecuador, abilmente prodotta da YOUSAN Flash Drive Factory, \u00e8 un regalo aziendale unico ed ecologico. Combinando l'eleganza del legno con la funzionalit\u00e0 di una chiavetta USB e di una penna, \u00e8 uno strumento multiuso.<\/p>","protected":false},"featured_media":11681,"comment_status":"open","ping_status":"closed","template":"","meta":{"_seopress_robots_primary_cat":"none","_seopress_titles_title":"Customized Wooden USB pen by Proecuador","_seopress_titles_desc":"The Customized Wooden USB Pen by Proecuador, skillfully manufactured by YOUSAN Flash Drive Factory, is a unique and eco-friendly corporate gift. Combining the elegance of wood with the functionality of a USB drive and a pen, it is a multi-purpose tool.","_seopress_robots_index":""},"class_list":["post-11820","product","type-product","status-publish","has-post-thumbnail","hentry","product_cat-usb-drive-pens","product_cat-usb-flash-drive-customer","product_tag-usb-drive-with-ballpoint-pen","product_tag-wooden-usb-pen"],"_links":{"self":[{"href":"https:\/\/www.yousanusb.com\/it\/wp-json\/wp\/v2\/product\/11820"}],"collection":[{"href":"https:\/\/www.yousanusb.com\/it\/wp-json\/wp\/v2\/product"}],"about":[{"href":"https:\/\/www.yousanusb.com\/it\/wp-json\/wp\/v2\/types\/product"}],"replies":[{"embeddable":true,"href":"https:\/\/www.yousanusb.com\/it\/wp-json\/wp\/v2\/comments?post=11820"}],"wp:featuredmedia":[{"embeddable":true,"href":"https:\/\/www.yousanusb.com\/it\/wp-json\/wp\/v2\/media\/11681"}],"wp:attachment":[{"href":"https:\/\/www.yousanusb.com\/it\/wp-json\/wp\/v2\/media?parent=11820"}],"curies":[{"name":"wp","href":"https:\/\/api.w.org\/{rel}","templated":true}]}}