{"id":11856,"date":"2024-12-07T02:23:14","date_gmt":"2024-12-07T02:23:14","guid":{"rendered":"https:\/\/yousanusb.com\/?post_type=product&#038;p=11856"},"modified":"2025-11-12T08:14:53","modified_gmt":"2025-11-12T08:14:53","slug":"biodegradable-push-pull-flash-drive","status":"publish","type":"product","link":"https:\/\/www.yousanusb.com\/it\/prodotto\/biodegradable-push-pull-flash-drive\/","title":{"rendered":"Unit\u00e0 flash USB push-pull biodegradabile"},"content":{"rendered":"<p>The Biodegradable Push-Pull USB Flash Drive from YOUSAN Flash Drive Factory is an innovative and eco-conscious solution for data storage. This newly introduced flash drive combines functionality with environmental responsibility.<\/p>\n\n\n\n<p>Il suo design push-pull offre un comodo accesso al connettore USB, garantendo la facilit\u00e0 d'uso. Il materiale biodegradabile del guscio esterno \u00e8 una caratteristica di spicco. In un mondo sempre pi\u00f9 attento alla sostenibilit\u00e0, questa unit\u00e0 consente agli utenti di archiviare documenti, foto e video importanti senza contribuire a produrre rifiuti a lungo termine. Ha una discreta capacit\u00e0 di archiviazione, adatta a varie esigenze, come quella degli studenti che conservano appunti e documenti di ricerca, o dei professionisti che gestiscono progetti di lavoro e presentazioni.<\/p>\n\n\n\n<div class=\"wp-block-columns is-layout-flex wp-container-core-columns-is-layout-1 wp-block-columns-is-layout-flex\">\n<div class=\"wp-block-column is-layout-flow wp-block-column-is-layout-flow\">\n<figure class=\"wp-block-image size-full\"><img fetchpriority=\"high\" decoding=\"async\" width=\"800\" height=\"800\" src=\"https:\/\/www.yousanusb.com\/wp-content\/uploads\/2024\/12\/Biodegradable-Mini-White-Rectangle-Card-Flash-Drive.jpg\" alt=\"\" class=\"wp-image-11853\" srcset=\"https:\/\/www.yousanusb.com\/wp-content\/uploads\/2024\/12\/Biodegradable-Mini-White-Rectangle-Card-Flash-Drive.jpg 800w, https:\/\/www.yousanusb.com\/wp-content\/uploads\/2024\/12\/Biodegradable-Mini-White-Rectangle-Card-Flash-Drive-300x300.jpg 300w, https:\/\/www.yousanusb.com\/wp-content\/uploads\/2024\/12\/Biodegradable-Mini-White-Rectangle-Card-Flash-Drive-150x150.jpg 150w, https:\/\/www.yousanusb.com\/wp-content\/uploads\/2024\/12\/Biodegradable-Mini-White-Rectangle-Card-Flash-Drive-768x768.jpg 768w, https:\/\/www.yousanusb.com\/wp-content\/uploads\/2024\/12\/Biodegradable-Mini-White-Rectangle-Card-Flash-Drive-600x600.jpg 600w, https:\/\/www.yousanusb.com\/wp-content\/uploads\/2024\/12\/Biodegradable-Mini-White-Rectangle-Card-Flash-Drive-100x100.jpg 100w\" sizes=\"(max-width: 800px) 100vw, 800px\" \/><\/figure>\n<\/div>\n\n\n\n<div class=\"wp-block-column is-layout-flow wp-block-column-is-layout-flow\">\n<figure class=\"wp-block-image size-full\"><img decoding=\"async\" width=\"800\" height=\"800\" src=\"https:\/\/www.yousanusb.com\/wp-content\/uploads\/2024\/12\/Biyobozunur-Mini-Beyaz-Dikdortgen-Kart-Flash-Surucu.jpg\" alt=\"\" class=\"wp-image-11854\" srcset=\"https:\/\/www.yousanusb.com\/wp-content\/uploads\/2024\/12\/Biyobozunur-Mini-Beyaz-Dikdortgen-Kart-Flash-Surucu.jpg 800w, https:\/\/www.yousanusb.com\/wp-content\/uploads\/2024\/12\/Biyobozunur-Mini-Beyaz-Dikdortgen-Kart-Flash-Surucu-300x300.jpg 300w, https:\/\/www.yousanusb.com\/wp-content\/uploads\/2024\/12\/Biyobozunur-Mini-Beyaz-Dikdortgen-Kart-Flash-Surucu-150x150.jpg 150w, https:\/\/www.yousanusb.com\/wp-content\/uploads\/2024\/12\/Biyobozunur-Mini-Beyaz-Dikdortgen-Kart-Flash-Surucu-768x768.jpg 768w, https:\/\/www.yousanusb.com\/wp-content\/uploads\/2024\/12\/Biyobozunur-Mini-Beyaz-Dikdortgen-Kart-Flash-Surucu-600x600.jpg 600w, https:\/\/www.yousanusb.com\/wp-content\/uploads\/2024\/12\/Biyobozunur-Mini-Beyaz-Dikdortgen-Kart-Flash-Surucu-100x100.jpg 100w\" sizes=\"(max-width: 800px) 100vw, 800px\" \/><\/figure>\n<\/div>\n<\/div>\n\n\n\n<p>Per gli appassionati di tecnologia che partecipano a esposizioni ambientali o a seminari sulla tecnologia verde, \u00e8 un ottimo accessorio per trasportare e condividere contenuti digitali rilevanti. Pu\u00f2 anche essere utilizzata nella vita quotidiana per trasferire file tra diversi dispositivi. Con la chiavetta Push-Pull biodegradabile, potete abbracciare la tecnologia moderna partecipando attivamente alla conservazione dell'ambiente.<\/p>\n\n\n\n<div class=\"wp-block-columns is-layout-flex wp-container-core-columns-is-layout-2 wp-block-columns-is-layout-flex\">\n<div class=\"wp-block-column is-layout-flow wp-block-column-is-layout-flow\">\n<figure class=\"wp-block-image size-full\"><img decoding=\"async\" width=\"800\" height=\"800\" src=\"https:\/\/www.yousanusb.com\/wp-content\/uploads\/2024\/12\/Biodegradable-Mini-White-Rectangle-Card-Flash-Drive-opne.jpg\" alt=\"\" class=\"wp-image-11852\" srcset=\"https:\/\/www.yousanusb.com\/wp-content\/uploads\/2024\/12\/Biodegradable-Mini-White-Rectangle-Card-Flash-Drive-opne.jpg 800w, https:\/\/www.yousanusb.com\/wp-content\/uploads\/2024\/12\/Biodegradable-Mini-White-Rectangle-Card-Flash-Drive-opne-300x300.jpg 300w, https:\/\/www.yousanusb.com\/wp-content\/uploads\/2024\/12\/Biodegradable-Mini-White-Rectangle-Card-Flash-Drive-opne-150x150.jpg 150w, https:\/\/www.yousanusb.com\/wp-content\/uploads\/2024\/12\/Biodegradable-Mini-White-Rectangle-Card-Flash-Drive-opne-768x768.jpg 768w, https:\/\/www.yousanusb.com\/wp-content\/uploads\/2024\/12\/Biodegradable-Mini-White-Rectangle-Card-Flash-Drive-opne-600x600.jpg 600w, https:\/\/www.yousanusb.com\/wp-content\/uploads\/2024\/12\/Biodegradable-Mini-White-Rectangle-Card-Flash-Drive-opne-100x100.jpg 100w\" sizes=\"(max-width: 800px) 100vw, 800px\" \/><\/figure>\n<\/div>\n\n\n\n<div class=\"wp-block-column is-layout-flow wp-block-column-is-layout-flow\">\n<figure class=\"wp-block-image size-full\"><img loading=\"lazy\" decoding=\"async\" width=\"800\" height=\"800\" src=\"https:\/\/www.yousanusb.com\/wp-content\/uploads\/2024\/12\/Biodegradable-Mini-White-Rectangle-Card-Flash-Drive-front.jpg\" alt=\"\" class=\"wp-image-11851\" srcset=\"https:\/\/www.yousanusb.com\/wp-content\/uploads\/2024\/12\/Biodegradable-Mini-White-Rectangle-Card-Flash-Drive-front.jpg 800w, https:\/\/www.yousanusb.com\/wp-content\/uploads\/2024\/12\/Biodegradable-Mini-White-Rectangle-Card-Flash-Drive-front-300x300.jpg 300w, https:\/\/www.yousanusb.com\/wp-content\/uploads\/2024\/12\/Biodegradable-Mini-White-Rectangle-Card-Flash-Drive-front-150x150.jpg 150w, https:\/\/www.yousanusb.com\/wp-content\/uploads\/2024\/12\/Biodegradable-Mini-White-Rectangle-Card-Flash-Drive-front-768x768.jpg 768w, https:\/\/www.yousanusb.com\/wp-content\/uploads\/2024\/12\/Biodegradable-Mini-White-Rectangle-Card-Flash-Drive-front-600x600.jpg 600w, https:\/\/www.yousanusb.com\/wp-content\/uploads\/2024\/12\/Biodegradable-Mini-White-Rectangle-Card-Flash-Drive-front-100x100.jpg 100w\" sizes=\"(max-width: 800px) 100vw, 800px\" \/><\/figure>\n<\/div>\n<\/div>","protected":false},"excerpt":{"rendered":"<ul>\n<li>Card-Shaped Design<\/li>\n<li>Eco-Friendly Materials<\/li>\n<li>Thin and Lightweight<\/li>\n<li>Easy to Carry<\/li>\n<li>Ottimo per tutti gli usi<\/li>\n<li>MOQ: 100pcs<\/li>\n<\/ul>","protected":false},"featured_media":11861,"comment_status":"open","ping_status":"closed","template":"","meta":{"_seopress_robots_primary_cat":"none","_seopress_titles_title":"Biodegradable Push-Pull Flash Drive","_seopress_titles_desc":"The Biodegradable Push-Pull Flash Drive from YOUSAN Flash Drive Factory is an innovative and eco-conscious solution for data storage. This newly introduced flash drive combines functionality with environmental responsibility.","_seopress_robots_index":""},"class_list":["post-11856","product","type-product","status-publish","has-post-thumbnail","hentry","product_cat-biodegradable-usb-flash-disk","product_cat-push-pull-usb-flash-drive","product_tag-push-pull-flash-drive"],"_links":{"self":[{"href":"https:\/\/www.yousanusb.com\/it\/wp-json\/wp\/v2\/product\/11856"}],"collection":[{"href":"https:\/\/www.yousanusb.com\/it\/wp-json\/wp\/v2\/product"}],"about":[{"href":"https:\/\/www.yousanusb.com\/it\/wp-json\/wp\/v2\/types\/product"}],"replies":[{"embeddable":true,"href":"https:\/\/www.yousanusb.com\/it\/wp-json\/wp\/v2\/comments?post=11856"}],"wp:featuredmedia":[{"embeddable":true,"href":"https:\/\/www.yousanusb.com\/it\/wp-json\/wp\/v2\/media\/11861"}],"wp:attachment":[{"href":"https:\/\/www.yousanusb.com\/it\/wp-json\/wp\/v2\/media?parent=11856"}],"curies":[{"name":"wp","href":"https:\/\/api.w.org\/{rel}","templated":true}]}}