{"id":11865,"date":"2024-12-07T02:26:32","date_gmt":"2024-12-07T02:26:32","guid":{"rendered":"https:\/\/yousanusb.com\/?post_type=product&#038;p=11865"},"modified":"2025-11-12T07:57:57","modified_gmt":"2025-11-12T07:57:57","slug":"biodegradable-house-shape-key-usb-flash-drive","status":"publish","type":"product","link":"https:\/\/www.yousanusb.com\/it\/prodotto\/biodegradable-house-shape-key-usb-flash-drive\/","title":{"rendered":"Chiavetta USB biodegradabile a forma di casa"},"content":{"rendered":"<div class=\"wp-block-columns is-layout-flex wp-container-core-columns-is-layout-1 wp-block-columns-is-layout-flex\">\n<div class=\"wp-block-column is-layout-flow wp-block-column-is-layout-flow\">\n<figure class=\"wp-block-image size-full\"><img fetchpriority=\"high\" decoding=\"async\" width=\"800\" height=\"800\" src=\"https:\/\/www.yousanusb.com\/wp-content\/uploads\/2024\/12\/Biodegradable-House-Shape-Key-USB-Pendrive.jpg\" alt=\"\" class=\"wp-image-11869\" srcset=\"https:\/\/www.yousanusb.com\/wp-content\/uploads\/2024\/12\/Biodegradable-House-Shape-Key-USB-Pendrive.jpg 800w, https:\/\/www.yousanusb.com\/wp-content\/uploads\/2024\/12\/Biodegradable-House-Shape-Key-USB-Pendrive-300x300.jpg 300w, https:\/\/www.yousanusb.com\/wp-content\/uploads\/2024\/12\/Biodegradable-House-Shape-Key-USB-Pendrive-150x150.jpg 150w, https:\/\/www.yousanusb.com\/wp-content\/uploads\/2024\/12\/Biodegradable-House-Shape-Key-USB-Pendrive-768x768.jpg 768w, https:\/\/www.yousanusb.com\/wp-content\/uploads\/2024\/12\/Biodegradable-House-Shape-Key-USB-Pendrive-600x600.jpg 600w, https:\/\/www.yousanusb.com\/wp-content\/uploads\/2024\/12\/Biodegradable-House-Shape-Key-USB-Pendrive-100x100.jpg 100w\" sizes=\"(max-width: 800px) 100vw, 800px\" \/><\/figure>\n<\/div>\n\n\n\n<div class=\"wp-block-column is-vertically-aligned-center is-layout-flow wp-block-column-is-layout-flow\">\n<h4 class=\"wp-block-heading\">Chiave USB a forma di casa<br><\/h4>\n\n\n\n<p>Il materiale biodegradabile utilizzato per l'involucro lo rende una scelta eccellente per chi \u00e8 attento all'ambiente. Offre una pratica soluzione di archiviazione con una capacit\u00e0 sufficiente per conservare una variet\u00e0 di file.<\/p>\n\n\n\n<p>Per gli agenti immobiliari, pu\u00f2 contenere gli elenchi degli immobili, le planimetrie e le informazioni sui clienti, per fungere da omaggio memorabile durante le esposizioni o le case aperte. I proprietari di casa possono usarlo per conservare idee di miglioramento della casa, documenti di garanzia e foto di famiglia relative alla loro casa.<\/p>\n\n\n\n<p>La testa riproduce il design della pendenza di un tetto, con un corpo sottile 2 mm (5 g di peso) che si adatta ai portafogli. Resistente alle cadute da 1,5 m, l'interfaccia USB 2.0 garantisce una trasmissione stabile, con una durata di 100.000 cicli. L'area del tetto pu\u00f2 stampare LOGHI, perfetti per i marchi del settore immobiliare e della creativit\u00e0 culturale. La fabbrica offre una personalizzazione one-stop per incrementare la promozione del marchio.<\/p>\n<\/div>\n<\/div>\n\n\n\n<div class=\"wp-block-columns is-layout-flex wp-container-core-columns-is-layout-2 wp-block-columns-is-layout-flex\">\n<div class=\"wp-block-column is-vertically-aligned-center is-layout-flow wp-block-column-is-layout-flow\">\n<p>In ambito educativo, pu\u00f2 essere utilizzato per distribuire materiale didattico sull'architettura o sulle scienze ambientali. La forma a casetta e la natura biodegradabile ne fanno anche un ottimo articolo promozionale per le aziende del settore edile o della vita verde. <\/p>\n\n\n\n<p>Come elemento decorativo su un portachiavi o come affidabile dispositivo di archiviazione dati, questa chiavetta combina stile, utilit\u00e0 e rispetto dell'ambiente in un'unica deliziosa confezione.<\/p>\n<\/div>\n\n\n\n<div class=\"wp-block-column is-layout-flow wp-block-column-is-layout-flow\">\n<figure class=\"wp-block-image size-full\"><img decoding=\"async\" width=\"800\" height=\"800\" src=\"https:\/\/www.yousanusb.com\/wp-content\/uploads\/2024\/12\/Biodegradable-House-Shape-Key-USB-Flash-Drive.jpg\" alt=\"\" class=\"wp-image-11868\" srcset=\"https:\/\/www.yousanusb.com\/wp-content\/uploads\/2024\/12\/Biodegradable-House-Shape-Key-USB-Flash-Drive.jpg 800w, https:\/\/www.yousanusb.com\/wp-content\/uploads\/2024\/12\/Biodegradable-House-Shape-Key-USB-Flash-Drive-300x300.jpg 300w, https:\/\/www.yousanusb.com\/wp-content\/uploads\/2024\/12\/Biodegradable-House-Shape-Key-USB-Flash-Drive-150x150.jpg 150w, https:\/\/www.yousanusb.com\/wp-content\/uploads\/2024\/12\/Biodegradable-House-Shape-Key-USB-Flash-Drive-768x768.jpg 768w, https:\/\/www.yousanusb.com\/wp-content\/uploads\/2024\/12\/Biodegradable-House-Shape-Key-USB-Flash-Drive-600x600.jpg 600w, https:\/\/www.yousanusb.com\/wp-content\/uploads\/2024\/12\/Biodegradable-House-Shape-Key-USB-Flash-Drive-100x100.jpg 100w\" sizes=\"(max-width: 800px) 100vw, 800px\" \/><\/figure>\n<\/div>\n<\/div>","protected":false},"excerpt":{"rendered":"<ul>\n<li>Chiavetta USB biodegradabile a forma di casa<\/li>\n<li>materiali ecologici<\/li>\n<li>Logo personalizzato<\/li>\n<li>2 mm di spessore<\/li>\n<li>MOQ: 100pcs<\/li>\n<\/ul>","protected":false},"featured_media":11869,"comment_status":"open","ping_status":"closed","template":"","meta":{"_seopress_robots_primary_cat":"none","_seopress_titles_title":"Biodegradable House Shape Key USB Flash Drive","_seopress_titles_desc":"The Biodegradable House Shape Key USB Flash Drive from YOUSAN Flash Drive Factory is a charming and eco-friendly innovation. This unique flash drive is designed in the shape of a house, adding a touch of whimsy to its functionality.","_seopress_robots_index":""},"class_list":["post-11865","product","type-product","status-publish","has-post-thumbnail","hentry","product_cat-usb30-flash-drive","product_cat-biodegradable-usb-flash-disk","product_cat-retractable-usb-flash-drive","product_tag-biodegradable-key-usb-drive","product_tag-house-shapeusb-flash-drive"],"_links":{"self":[{"href":"https:\/\/www.yousanusb.com\/it\/wp-json\/wp\/v2\/product\/11865"}],"collection":[{"href":"https:\/\/www.yousanusb.com\/it\/wp-json\/wp\/v2\/product"}],"about":[{"href":"https:\/\/www.yousanusb.com\/it\/wp-json\/wp\/v2\/types\/product"}],"replies":[{"embeddable":true,"href":"https:\/\/www.yousanusb.com\/it\/wp-json\/wp\/v2\/comments?post=11865"}],"wp:featuredmedia":[{"embeddable":true,"href":"https:\/\/www.yousanusb.com\/it\/wp-json\/wp\/v2\/media\/11869"}],"wp:attachment":[{"href":"https:\/\/www.yousanusb.com\/it\/wp-json\/wp\/v2\/media?parent=11865"}],"curies":[{"name":"wp","href":"https:\/\/api.w.org\/{rel}","templated":true}]}}