{"id":11872,"date":"2024-12-07T02:29:27","date_gmt":"2024-12-07T02:29:27","guid":{"rendered":"https:\/\/yousanusb.com\/?post_type=product&#038;p=11872"},"modified":"2025-11-12T07:52:37","modified_gmt":"2025-11-12T07:52:37","slug":"biodegradable-triangle-key-usb-flash-drive","status":"publish","type":"product","link":"https:\/\/www.yousanusb.com\/it\/prodotto\/biodegradable-triangle-key-usb-flash-drive\/","title":{"rendered":"Chiavetta USB a triangolo biodegradabile"},"content":{"rendered":"<div class=\"wp-block-columns is-layout-flex wp-container-core-columns-is-layout-1 wp-block-columns-is-layout-flex\">\n<div class=\"wp-block-column is-layout-flow wp-block-column-is-layout-flow\">\n<figure class=\"wp-block-image size-full\"><img fetchpriority=\"high\" decoding=\"async\" width=\"800\" height=\"800\" src=\"https:\/\/www.yousanusb.com\/wp-content\/uploads\/2024\/12\/Biyobozunur-Ucgen-Anahtar-USB-Flash-Surucu.jpg\" alt=\"\" class=\"wp-image-11877\" srcset=\"https:\/\/www.yousanusb.com\/wp-content\/uploads\/2024\/12\/Biyobozunur-Ucgen-Anahtar-USB-Flash-Surucu.jpg 800w, https:\/\/www.yousanusb.com\/wp-content\/uploads\/2024\/12\/Biyobozunur-Ucgen-Anahtar-USB-Flash-Surucu-300x300.jpg 300w, https:\/\/www.yousanusb.com\/wp-content\/uploads\/2024\/12\/Biyobozunur-Ucgen-Anahtar-USB-Flash-Surucu-150x150.jpg 150w, https:\/\/www.yousanusb.com\/wp-content\/uploads\/2024\/12\/Biyobozunur-Ucgen-Anahtar-USB-Flash-Surucu-768x768.jpg 768w, https:\/\/www.yousanusb.com\/wp-content\/uploads\/2024\/12\/Biyobozunur-Ucgen-Anahtar-USB-Flash-Surucu-600x600.jpg 600w, https:\/\/www.yousanusb.com\/wp-content\/uploads\/2024\/12\/Biyobozunur-Ucgen-Anahtar-USB-Flash-Surucu-100x100.jpg 100w\" sizes=\"(max-width: 800px) 100vw, 800px\" \/><\/figure>\n<\/div>\n\n\n\n<div class=\"wp-block-column is-vertically-aligned-center is-layout-flow wp-block-column-is-layout-flow\">\n<h4 class=\"wp-block-heading\">Unit\u00e0 USB triangolare a forma di chiave<\/h4>\n\n\n\n<p>Presenta una testa triangolare con un foro rotondo di 5 mm per il fissaggio al portachiavi. Offre interfacce USB 2.0\/USB 3.0 e tecnologia UDP impermeabile (sopravvive per 30 minuti in 1 metro d'acqua). Spessore di 3,5 mm, peso di 8 g, capacit\u00e0 di 8GB-128GB personalizzabile con logo del marchio inciso al laser, ideale per la vendita all'ingrosso.<\/p>\n\n\n\n<p>In un'epoca in cui la conservazione dell'ambiente \u00e8 fondamentale, questa unit\u00e0 consente di archiviare i dati con la coscienza pulita. Ha una discreta capacit\u00e0 di archiviazione, perfetta per gli studenti che devono trasportare appunti di lezioni, materiale di studio e file di progetto tra le lezioni e le biblioteche. <\/p>\n<\/div>\n<\/div>\n\n\n\n<div class=\"wp-block-columns is-layout-flex wp-container-core-columns-is-layout-2 wp-block-columns-is-layout-flex\">\n<div class=\"wp-block-column is-vertically-aligned-center is-layout-flow wp-block-column-is-layout-flow\">\n<p>\u00a0I professionisti possono utilizzarlo per trasferire documenti di lavoro, presentazioni e dati importanti mentre sono in viaggio. Per coloro che praticano attivit\u00e0 all'aria aperta o viaggiano, pu\u00f2 memorizzare mappe, itinerari e foto di viaggio.<\/p>\n\n\n\n<p>Il design a triangolo la rende anche un ottimo articolo promozionale per le aziende del settore tecnologico, ambientale o creativo. Che siate nomadi digitali, studenti o professionisti, questa chiavetta USB biodegradabile a forma di triangolo offre stile e sostenibilit\u00e0 in un unico pacchetto compatto.<\/p>\n<\/div>\n\n\n\n<div class=\"wp-block-column is-layout-flow wp-block-column-is-layout-flow\">\n<figure class=\"wp-block-image size-full\"><img decoding=\"async\" width=\"800\" height=\"800\" src=\"https:\/\/www.yousanusb.com\/wp-content\/uploads\/2024\/12\/Memoria-USB-Biodegradable-Llave-Triangulo.jpg\" alt=\"\" class=\"wp-image-11878\" srcset=\"https:\/\/www.yousanusb.com\/wp-content\/uploads\/2024\/12\/Memoria-USB-Biodegradable-Llave-Triangulo.jpg 800w, https:\/\/www.yousanusb.com\/wp-content\/uploads\/2024\/12\/elementor\/thumbs\/Memoria-USB-Biodegradable-Llave-Triangulo-qy4yq0why8dcq1drsrfaqbo8er2rtkyw3j3m6eurw8.jpg 300w, https:\/\/www.yousanusb.com\/wp-content\/uploads\/2024\/12\/Memoria-USB-Biodegradable-Llave-Triangulo-150x150.jpg 150w, https:\/\/www.yousanusb.com\/wp-content\/uploads\/2024\/12\/Memoria-USB-Biodegradable-Llave-Triangulo-768x768.jpg 768w, https:\/\/www.yousanusb.com\/wp-content\/uploads\/2024\/12\/Memoria-USB-Biodegradable-Llave-Triangulo-600x600.jpg 600w, https:\/\/www.yousanusb.com\/wp-content\/uploads\/2024\/12\/Memoria-USB-Biodegradable-Llave-Triangulo-100x100.jpg 100w\" sizes=\"(max-width: 800px) 100vw, 800px\" \/><\/figure>\n<\/div>\n<\/div>","protected":false},"excerpt":{"rendered":"<ul>\n<li>Triangolare a forma di chiave<\/li>\n<li>Tondo a forma di chiave<\/li>\n<li>A forma di casa<\/li>\n<li>Logo personalizzato<\/li>\n<li>2 mm di spessore<\/li>\n<li>MOQ: 100pcss<\/li>\n<\/ul>","protected":false},"featured_media":11877,"comment_status":"open","ping_status":"closed","template":"","meta":{"_seopress_robots_primary_cat":"none","_seopress_titles_title":"Biodegradable Triangle Key USB Flash Drive","_seopress_titles_desc":"The Biodegradable Triangle Key USB Flash Drive from YOUSAN Flash Drive Factory is a remarkable new offering. This unique flash drive features a trendy triangle shape that easily attaches to keys, ensuring it's always within reach. What makes it truly special is its biodegradable outer shell.","_seopress_robots_index":""},"class_list":["post-11872","product","type-product","status-publish","has-post-thumbnail","hentry","product_cat-usb30-flash-drive","product_cat-biodegradable-usb-flash-disk","product_cat-retractable-usb-flash-drive","product_tag-biodegradable-key-usb-drive","product_tag-triangle-key-usb-flash-drive"],"_links":{"self":[{"href":"https:\/\/www.yousanusb.com\/it\/wp-json\/wp\/v2\/product\/11872"}],"collection":[{"href":"https:\/\/www.yousanusb.com\/it\/wp-json\/wp\/v2\/product"}],"about":[{"href":"https:\/\/www.yousanusb.com\/it\/wp-json\/wp\/v2\/types\/product"}],"replies":[{"embeddable":true,"href":"https:\/\/www.yousanusb.com\/it\/wp-json\/wp\/v2\/comments?post=11872"}],"wp:featuredmedia":[{"embeddable":true,"href":"https:\/\/www.yousanusb.com\/it\/wp-json\/wp\/v2\/media\/11877"}],"wp:attachment":[{"href":"https:\/\/www.yousanusb.com\/it\/wp-json\/wp\/v2\/media?parent=11872"}],"curies":[{"name":"wp","href":"https:\/\/api.w.org\/{rel}","templated":true}]}}