{"id":11880,"date":"2024-12-07T02:31:27","date_gmt":"2024-12-07T02:31:27","guid":{"rendered":"https:\/\/yousanusb.com\/?post_type=product&#038;p=11880"},"modified":"2025-11-12T07:47:13","modified_gmt":"2025-11-12T07:47:13","slug":"biodegradable-round-head-key-flash-pendrive","status":"publish","type":"product","link":"https:\/\/www.yousanusb.com\/it\/prodotto\/biodegradable-round-head-key-flash-pendrive\/","title":{"rendered":"Chiave a scatto a testa tonda biodegradabile"},"content":{"rendered":"<p><br>La chiavetta biodegradabile a testa tonda di YOUSAN Flash Drive Factory \u00e8 un nuovo prodotto eccezionale. Con il suo elegante design a testa tonda, offre stile e praticit\u00e0. Il materiale biodegradabile dell'involucro \u00e8 un punto di forza.<\/p>\n\n\n\n<div class=\"wp-block-columns is-layout-flex wp-container-core-columns-is-layout-1 wp-block-columns-is-layout-flex\">\n<div class=\"wp-block-column is-layout-flow wp-block-column-is-layout-flow\">\n<figure class=\"wp-block-image size-full\"><img fetchpriority=\"high\" decoding=\"async\" width=\"800\" height=\"800\" src=\"https:\/\/www.yousanusb.com\/wp-content\/uploads\/2024\/12\/Biodegradable-Round-Head-Key-Flash-Pendrive.jpg\" alt=\"\" class=\"wp-image-11884\" srcset=\"https:\/\/www.yousanusb.com\/wp-content\/uploads\/2024\/12\/Biodegradable-Round-Head-Key-Flash-Pendrive.jpg 800w, https:\/\/www.yousanusb.com\/wp-content\/uploads\/2024\/12\/Biodegradable-Round-Head-Key-Flash-Pendrive-300x300.jpg 300w, https:\/\/www.yousanusb.com\/wp-content\/uploads\/2024\/12\/Biodegradable-Round-Head-Key-Flash-Pendrive-150x150.jpg 150w, https:\/\/www.yousanusb.com\/wp-content\/uploads\/2024\/12\/Biodegradable-Round-Head-Key-Flash-Pendrive-768x768.jpg 768w, https:\/\/www.yousanusb.com\/wp-content\/uploads\/2024\/12\/Biodegradable-Round-Head-Key-Flash-Pendrive-600x600.jpg 600w, https:\/\/www.yousanusb.com\/wp-content\/uploads\/2024\/12\/Biodegradable-Round-Head-Key-Flash-Pendrive-100x100.jpg 100w\" sizes=\"(max-width: 800px) 100vw, 800px\" \/><\/figure>\n<\/div>\n\n\n\n<div class=\"wp-block-column is-vertically-aligned-center is-layout-flow wp-block-column-is-layout-flow\">\n<p>Nel mondo di oggi, attento all'ambiente, questa pendrive consente di archiviare gli elementi digitali essenziali senza danneggiare il pianeta. Offre un ampio spazio di archiviazione per una vasta gamma di file. <\/p>\n\n\n\n<p>Per chi lavora in ufficio, pu\u00f2 essere utilizzato per trasportare i rapporti di lavoro giornalieri, i verbali delle riunioni e i file di progetti importanti tra l'ufficio e la casa. Gli studenti possono archiviare i libri di testo in formato digitale, i compiti e i materiali di ricerca. <\/p>\n\n\n\n<p>\u00c8 anche un'ottima scelta per chi \u00e8 sempre in movimento. Quando si viaggia, pu\u00f2 contenere itinerari di viaggio, prenotazioni alberghiere e foto memorabili.<\/p>\n<\/div>\n<\/div>\n\n\n\n<div class=\"wp-block-columns is-layout-flex wp-container-core-columns-is-layout-2 wp-block-columns-is-layout-flex\">\n<div class=\"wp-block-column is-vertically-aligned-center is-layout-flow wp-block-column-is-layout-flow\">\n<p>Questa unit\u00e0 USB biodegradabile \u00e8 dotata di una porta USB 3.0 blu. L'USB 3.0 offre una velocit\u00e0 di trasferimento significativamente maggiore rispetto all'USB 2.0, consentendo trasferimenti quotidiani pi\u00f9 efficienti di documenti, immagini e altri file.<\/p>\n\n\n\n<p> \u00c8 retrocompatibile con i dispositivi USB 2.0 e funziona con i principali dispositivi elettronici come computer e tablet. La porta completa l'involucro ecologico, bilanciando la sostenibilit\u00e0 ambientale con le prestazioni pratiche di trasferimento.<\/p>\n\n\n\n<p>La forma rotonda della chiave la rende facile da attaccare ai portachiavi, assicurando che non vada persa. Per uso personale o professionale, questa pendrive biodegradabile combina funzionalit\u00e0 e rispetto dell'ambiente, diventando un accessorio indispensabile per la vita moderna.<\/p>\n<\/div>\n\n\n\n<div class=\"wp-block-column is-layout-flow wp-block-column-is-layout-flow\">\n<figure class=\"wp-block-image size-full\"><img decoding=\"async\" width=\"800\" height=\"800\" src=\"https:\/\/www.yousanusb.com\/wp-content\/uploads\/2024\/12\/Biodegradable-Round-Head-Key-Flash-Drive.jpg\" alt=\"\" class=\"wp-image-11883\" srcset=\"https:\/\/www.yousanusb.com\/wp-content\/uploads\/2024\/12\/Biodegradable-Round-Head-Key-Flash-Drive.jpg 800w, https:\/\/www.yousanusb.com\/wp-content\/uploads\/2024\/12\/Biodegradable-Round-Head-Key-Flash-Drive-300x300.jpg 300w, https:\/\/www.yousanusb.com\/wp-content\/uploads\/2024\/12\/Biodegradable-Round-Head-Key-Flash-Drive-150x150.jpg 150w, https:\/\/www.yousanusb.com\/wp-content\/uploads\/2024\/12\/Biodegradable-Round-Head-Key-Flash-Drive-768x768.jpg 768w, https:\/\/www.yousanusb.com\/wp-content\/uploads\/2024\/12\/Biodegradable-Round-Head-Key-Flash-Drive-600x600.jpg 600w, https:\/\/www.yousanusb.com\/wp-content\/uploads\/2024\/12\/Biodegradable-Round-Head-Key-Flash-Drive-100x100.jpg 100w\" sizes=\"(max-width: 800px) 100vw, 800px\" \/><\/figure>\n<\/div>\n<\/div>","protected":false},"excerpt":{"rendered":"<p>La chiavetta biodegradabile a testa tonda di YOUSAN Flash Drive Factory \u00e8 un nuovo prodotto eccezionale. Con il suo elegante design a testa tonda, offre stile e praticit\u00e0. Il materiale biodegradabile dell'involucro \u00e8 un punto di forza.<\/p>","protected":false},"featured_media":11884,"comment_status":"open","ping_status":"closed","template":"","meta":{"_seopress_robots_primary_cat":"none","_seopress_titles_title":"Biodegradable Round Head Key Flash Pendrive","_seopress_titles_desc":"The Biodegradable Round Head Key Flash Pendrive from YOUSAN Flash Drive Factory is an outstanding new product. With its sleek round head key design, it offers both style and convenience. The biodegradable material of the casing is a major highlight.","_seopress_robots_index":""},"class_list":["post-11880","product","type-product","status-publish","has-post-thumbnail","hentry","product_cat-usb30-flash-drive","product_cat-biodegradable-usb-flash-disk","product_cat-retractable-usb-flash-drive","product_tag-biodegradable-key-usb-drive"],"_links":{"self":[{"href":"https:\/\/www.yousanusb.com\/it\/wp-json\/wp\/v2\/product\/11880"}],"collection":[{"href":"https:\/\/www.yousanusb.com\/it\/wp-json\/wp\/v2\/product"}],"about":[{"href":"https:\/\/www.yousanusb.com\/it\/wp-json\/wp\/v2\/types\/product"}],"replies":[{"embeddable":true,"href":"https:\/\/www.yousanusb.com\/it\/wp-json\/wp\/v2\/comments?post=11880"}],"wp:featuredmedia":[{"embeddable":true,"href":"https:\/\/www.yousanusb.com\/it\/wp-json\/wp\/v2\/media\/11884"}],"wp:attachment":[{"href":"https:\/\/www.yousanusb.com\/it\/wp-json\/wp\/v2\/media?parent=11880"}],"curies":[{"name":"wp","href":"https:\/\/api.w.org\/{rel}","templated":true}]}}