{"id":11887,"date":"2024-12-07T02:34:34","date_gmt":"2024-12-07T02:34:34","guid":{"rendered":"https:\/\/yousanusb.com\/?post_type=product&#038;p=11887"},"modified":"2025-11-12T07:36:26","modified_gmt":"2025-11-12T07:36:26","slug":"biodegradable-cardboard-flash-drive","status":"publish","type":"product","link":"https:\/\/www.yousanusb.com\/it\/prodotto\/biodegradable-cardboard-flash-drive\/","title":{"rendered":"Unit\u00e0 flash in cartone biodegradabile"},"content":{"rendered":"<p>L'unit\u00e0 flash in cartone biodegradabile di YOUSAN Flash Drive Factory \u00e8 un nuovo prodotto rivoluzionario. Questa unit\u00e0 USB unica nel suo genere \u00e8 caratterizzata da un esterno in cartone, che la rende un'alternativa ecologica nel mondo dell'archiviazione dei dati.<\/p>\n\n\n\n<div class=\"wp-block-columns is-layout-flex wp-container-core-columns-is-layout-1 wp-block-columns-is-layout-flex\">\n<div class=\"wp-block-column is-layout-flow wp-block-column-is-layout-flow\">\n<figure class=\"wp-block-image size-full\"><img fetchpriority=\"high\" decoding=\"async\" width=\"800\" height=\"800\" src=\"https:\/\/www.yousanusb.com\/wp-content\/uploads\/2024\/12\/Biodegradable-Cardboard-Flash-Pendrive.jpg\" alt=\"\" class=\"wp-image-11891\" srcset=\"https:\/\/www.yousanusb.com\/wp-content\/uploads\/2024\/12\/Biodegradable-Cardboard-Flash-Pendrive.jpg 800w, https:\/\/www.yousanusb.com\/wp-content\/uploads\/2024\/12\/Biodegradable-Cardboard-Flash-Pendrive-300x300.jpg 300w, https:\/\/www.yousanusb.com\/wp-content\/uploads\/2024\/12\/Biodegradable-Cardboard-Flash-Pendrive-150x150.jpg 150w, https:\/\/www.yousanusb.com\/wp-content\/uploads\/2024\/12\/Biodegradable-Cardboard-Flash-Pendrive-768x768.jpg 768w, https:\/\/www.yousanusb.com\/wp-content\/uploads\/2024\/12\/Biodegradable-Cardboard-Flash-Pendrive-600x600.jpg 600w, https:\/\/www.yousanusb.com\/wp-content\/uploads\/2024\/12\/Biodegradable-Cardboard-Flash-Pendrive-100x100.jpg 100w\" sizes=\"(max-width: 800px) 100vw, 800px\" \/><\/figure>\n<\/div>\n\n\n\n<div class=\"wp-block-column is-vertically-aligned-center is-layout-flow wp-block-column-is-layout-flow\">\n<p>La natura biodegradabile del guscio di cartone \u00e8 la sua caratteristica principale. Offre una soluzione sostenibile per l'archiviazione dei contenuti digitali.<\/p>\n\n\n\n<p> Nonostante la sua costruzione eco-compatibile, offre una capacit\u00e0 di stoccaggio affidabile e adatta a diverse esigenze. <\/p>\n\n\n\n<p>Gli studenti possono utilizzarlo per salvare gli appunti delle lezioni, i documenti di ricerca e il materiale di studio. I professionisti possono archiviare documenti di lavoro, presentazioni e dati aziendali importanti.<\/p>\n<\/div>\n<\/div>\n\n\n\n<p>Per il marketing e gli eventi promozionali di aziende attente all'ambiente, \u00e8 un omaggio ideale. Pu\u00f2 essere utilizzata anche nelle biblioteche per distribuire materiale di lettura digitale o nelle scuole per condividere risorse educative. Il design compatto e leggero della chiavetta in cartone la rende facile da portare con s\u00e9. Con questo prodotto innovativo \u00e8 possibile gestire i propri dati contribuendo al contempo a rendere l'ambiente pi\u00f9 ecologico, una combinazione perfetta di tecnologia moderna e responsabilit\u00e0 ecologica.<\/p>\n\n\n\n<div class=\"wp-block-columns is-layout-flex wp-container-core-columns-is-layout-2 wp-block-columns-is-layout-flex\">\n<div class=\"wp-block-column is-layout-flow wp-block-column-is-layout-flow\">\n<figure class=\"wp-block-image size-full\"><img decoding=\"async\" width=\"800\" height=\"800\" src=\"https:\/\/www.yousanusb.com\/wp-content\/uploads\/2024\/12\/Biodegradable-Cardboard-Flash-Drive.jpg\" alt=\"\" class=\"wp-image-11890\" srcset=\"https:\/\/www.yousanusb.com\/wp-content\/uploads\/2024\/12\/Biodegradable-Cardboard-Flash-Drive.jpg 800w, https:\/\/www.yousanusb.com\/wp-content\/uploads\/2024\/12\/Biodegradable-Cardboard-Flash-Drive-300x300.jpg 300w, https:\/\/www.yousanusb.com\/wp-content\/uploads\/2024\/12\/Biodegradable-Cardboard-Flash-Drive-150x150.jpg 150w, https:\/\/www.yousanusb.com\/wp-content\/uploads\/2024\/12\/Biodegradable-Cardboard-Flash-Drive-768x768.jpg 768w, https:\/\/www.yousanusb.com\/wp-content\/uploads\/2024\/12\/Biodegradable-Cardboard-Flash-Drive-600x600.jpg 600w, https:\/\/www.yousanusb.com\/wp-content\/uploads\/2024\/12\/Biodegradable-Cardboard-Flash-Drive-100x100.jpg 100w\" sizes=\"(max-width: 800px) 100vw, 800px\" \/><\/figure>\n<\/div>\n\n\n\n<div class=\"wp-block-column is-layout-flow wp-block-column-is-layout-flow\">\n<figure class=\"wp-block-image size-full\"><img decoding=\"async\" width=\"800\" height=\"800\" src=\"https:\/\/www.yousanusb.com\/wp-content\/uploads\/2024\/12\/Biyobozunur-Karton-Flash-Surucu.jpg\" alt=\"\" class=\"wp-image-11892\" srcset=\"https:\/\/www.yousanusb.com\/wp-content\/uploads\/2024\/12\/Biyobozunur-Karton-Flash-Surucu.jpg 800w, https:\/\/www.yousanusb.com\/wp-content\/uploads\/2024\/12\/Biyobozunur-Karton-Flash-Surucu-300x300.jpg 300w, https:\/\/www.yousanusb.com\/wp-content\/uploads\/2024\/12\/Biyobozunur-Karton-Flash-Surucu-150x150.jpg 150w, https:\/\/www.yousanusb.com\/wp-content\/uploads\/2024\/12\/Biyobozunur-Karton-Flash-Surucu-768x768.jpg 768w, https:\/\/www.yousanusb.com\/wp-content\/uploads\/2024\/12\/Biyobozunur-Karton-Flash-Surucu-600x600.jpg 600w, https:\/\/www.yousanusb.com\/wp-content\/uploads\/2024\/12\/Biyobozunur-Karton-Flash-Surucu-100x100.jpg 100w\" sizes=\"(max-width: 800px) 100vw, 800px\" \/><\/figure>\n<\/div>\n<\/div>","protected":false},"excerpt":{"rendered":"<ul>\n<li>Unit\u00e0 flash in cartone biodegradabile<\/li>\n<li>alternativa ecologica<\/li>\n<li>Certificazione RoHS\/CE<\/li>\n<li>Privo di sostanze chimiche nocive<\/li>\n<li>Leggero e facile da trasportare<\/li>\n<li>MOQ: 100pcs<\/li>\n<\/ul>","protected":false},"featured_media":11891,"comment_status":"open","ping_status":"closed","template":"","meta":{"_seopress_robots_primary_cat":"none","_seopress_titles_title":"Biodegradable Cardboard Flash Drive","_seopress_titles_desc":"The Biodegradable Cardboard Flash Drive from YOUSAN Flash Drive Factory is a revolutionary new product. This unique USB drive features a cardboard exterior, making it an eco-friendly alternative in the world of data storage.","_seopress_robots_index":""},"class_list":["post-11887","product","type-product","status-publish","has-post-thumbnail","hentry","product_cat-usb30-flash-drive","product_cat-biodegradable-usb-flash-disk","product_tag-cardboard-flash-drive"],"_links":{"self":[{"href":"https:\/\/www.yousanusb.com\/it\/wp-json\/wp\/v2\/product\/11887"}],"collection":[{"href":"https:\/\/www.yousanusb.com\/it\/wp-json\/wp\/v2\/product"}],"about":[{"href":"https:\/\/www.yousanusb.com\/it\/wp-json\/wp\/v2\/types\/product"}],"replies":[{"embeddable":true,"href":"https:\/\/www.yousanusb.com\/it\/wp-json\/wp\/v2\/comments?post=11887"}],"wp:featuredmedia":[{"embeddable":true,"href":"https:\/\/www.yousanusb.com\/it\/wp-json\/wp\/v2\/media\/11891"}],"wp:attachment":[{"href":"https:\/\/www.yousanusb.com\/it\/wp-json\/wp\/v2\/media?parent=11887"}],"curies":[{"name":"wp","href":"https:\/\/api.w.org\/{rel}","templated":true}]}}