{"id":13303,"date":"2025-01-04T05:10:31","date_gmt":"2025-01-04T05:10:31","guid":{"rendered":"https:\/\/yousanusb.com\/?post_type=product&#038;p=13303"},"modified":"2025-10-12T06:58:44","modified_gmt":"2025-10-12T06:58:44","slug":"metal-case-usb-3-0-flash-drive","status":"publish","type":"product","link":"https:\/\/www.yousanusb.com\/it\/prodotto\/metal-case-usb-3-0-flash-drive\/","title":{"rendered":"Custodia in metallo Unit\u00e0 flash da USB a USB C"},"content":{"rendered":"<p>Nuove unit\u00e0 flash USB 3.0 con custodia in metallo per una nuova tendenza di archiviazione<\/p>\n<p>La superficie accuratamente lucidata emana una lucentezza delicata e affascinante, e ogni dettaglio mostra una qualit\u00e0 di alto livello.<\/p>\n<p>Il modello in argento \u00e8 come una stella luminosa, che emana eleganza e purezza, mostrando un lusso di basso livello; il modello in metallo \u00e8 come una pistola fredda, con una qualit\u00e0 misteriosa e fredda, che mostra il potere della tecnologia moderna.<\/p>\n<p>Dotato di tecnologia avanzata USB 3.0, il trasferimento dei dati \u00e8 veloce come un fulmine e consente di risparmiare tempo prezioso. Sia che si lavori in ufficio, che si conservi materiale di studio o che ci si goda l'intrattenimento multimediale, \u00e8 facile da usare ed \u00e8 un ottimo compagno di lavoro e di vita.<\/p>\n<p>Scegliendo la nostra unit\u00e0 flash USB 3.0 in metallo, scegliete la combinazione perfetta di alta qualit\u00e0 e convenienza. Iniziate il vostro nuovo viaggio di archiviazione!<\/p>\n<p>Tradotto con DeepL.com (versione gratuita)<\/p>","protected":false},"excerpt":{"rendered":"<p>La superficie accuratamente lucidata emana una lucentezza delicata e affascinante, e ogni dettaglio mostra una qualit\u00e0 di alto livello.<\/p>","protected":false},"featured_media":13307,"comment_status":"open","ping_status":"closed","template":"","meta":{"_seopress_robots_primary_cat":"none","_seopress_titles_title":"Metal Case USB 3.0 Flash Drive Manufacturer","_seopress_titles_desc":"This flash drive features a textured metal casing that is not only durable,but also unparalleled in its dignity.The carefully polished surface exudes a delicate and charming luster,and every detail shows high-end quality.","_seopress_robots_index":""},"class_list":["post-13303","product","type-product","status-publish","has-post-thumbnail","hentry","product_cat-usb30-flash-drive","product_cat-metal-usb-flash-drive","product_tag-metal-rotating-usb-flash-drive","product_tag-custom-metal-keychain-usb-flash-drive","product_tag-buy-metal-leather-usb-flash-drive"],"_links":{"self":[{"href":"https:\/\/www.yousanusb.com\/it\/wp-json\/wp\/v2\/product\/13303"}],"collection":[{"href":"https:\/\/www.yousanusb.com\/it\/wp-json\/wp\/v2\/product"}],"about":[{"href":"https:\/\/www.yousanusb.com\/it\/wp-json\/wp\/v2\/types\/product"}],"replies":[{"embeddable":true,"href":"https:\/\/www.yousanusb.com\/it\/wp-json\/wp\/v2\/comments?post=13303"}],"wp:featuredmedia":[{"embeddable":true,"href":"https:\/\/www.yousanusb.com\/it\/wp-json\/wp\/v2\/media\/13307"}],"wp:attachment":[{"href":"https:\/\/www.yousanusb.com\/it\/wp-json\/wp\/v2\/media?parent=13303"}],"curies":[{"name":"wp","href":"https:\/\/api.w.org\/{rel}","templated":true}]}}