{"id":13309,"date":"2025-01-04T05:34:48","date_gmt":"2025-01-04T05:34:48","guid":{"rendered":"https:\/\/yousanusb.com\/?post_type=product&#038;p=13309"},"modified":"2025-10-05T05:35:56","modified_gmt":"2025-10-05T05:35:56","slug":"new-style-rotating-usb-a-and-usb-c-flash-drive","status":"publish","type":"product","link":"https:\/\/www.yousanusb.com\/it\/prodotto\/new-style-rotating-usb-a-and-usb-c-flash-drive\/","title":{"rendered":"nuova chiavetta usb a e usb c rotante"},"content":{"rendered":"<p>Nuovo prodotto in arrivo! Unit\u00e0 USB rotante a doppia porta in metallo per un'archiviazione efficiente! Questa nuova unit\u00e0 USB rotante \u00e8 dotata di entrambe le porte USB-A e USB-C, realizzata in metallo per un look elegante e tecnologico che \u00e8 anche incredibilmente elegante. <\/p>\n\n\n\n<div class=\"wp-block-columns is-layout-flex wp-container-core-columns-is-layout-1 wp-block-columns-is-layout-flex\">\n<div class=\"wp-block-column is-layout-flow wp-block-column-is-layout-flow\">\n<figure class=\"wp-block-image size-full\"><img fetchpriority=\"high\" decoding=\"async\" width=\"800\" height=\"800\" src=\"https:\/\/www.yousanusb.com\/wp-content\/uploads\/2025\/01\/siliver-colored-usb-a-and-usb-c-flash-drive.jpg\" alt=\"siliver - unit\u00e0 flash usb a e usb c colorate\" class=\"wp-image-13315\" srcset=\"https:\/\/www.yousanusb.com\/wp-content\/uploads\/2025\/01\/siliver-colored-usb-a-and-usb-c-flash-drive.jpg 800w, https:\/\/www.yousanusb.com\/wp-content\/uploads\/2025\/01\/siliver-colored-usb-a-and-usb-c-flash-drive-300x300.jpg 300w, https:\/\/www.yousanusb.com\/wp-content\/uploads\/2025\/01\/siliver-colored-usb-a-and-usb-c-flash-drive-150x150.jpg 150w, https:\/\/www.yousanusb.com\/wp-content\/uploads\/2025\/01\/siliver-colored-usb-a-and-usb-c-flash-drive-768x768.jpg 768w, https:\/\/www.yousanusb.com\/wp-content\/uploads\/2025\/01\/siliver-colored-usb-a-and-usb-c-flash-drive-12x12.jpg 12w, https:\/\/www.yousanusb.com\/wp-content\/uploads\/2025\/01\/siliver-colored-usb-a-and-usb-c-flash-drive-600x600.jpg 600w, https:\/\/www.yousanusb.com\/wp-content\/uploads\/2025\/01\/siliver-colored-usb-a-and-usb-c-flash-drive-100x100.jpg 100w\" sizes=\"(max-width: 800px) 100vw, 800px\" \/><\/figure>\n<\/div>\n\n\n\n<div class=\"wp-block-column is-layout-flow wp-block-column-is-layout-flow\">\n<figure class=\"wp-block-image size-full\"><img decoding=\"async\" width=\"800\" height=\"800\" src=\"https:\/\/www.yousanusb.com\/wp-content\/uploads\/2025\/01\/gun-colored-usb-a-and-usb-c-flash-drive-manuufacturer.jpg\" alt=\"pistola - unit\u00e0 flash usb a e usb c colorate-produttore\" class=\"wp-image-13313\" srcset=\"https:\/\/www.yousanusb.com\/wp-content\/uploads\/2025\/01\/gun-colored-usb-a-and-usb-c-flash-drive-manuufacturer.jpg 800w, https:\/\/www.yousanusb.com\/wp-content\/uploads\/2025\/01\/gun-colored-usb-a-and-usb-c-flash-drive-manuufacturer-300x300.jpg 300w, https:\/\/www.yousanusb.com\/wp-content\/uploads\/2025\/01\/gun-colored-usb-a-and-usb-c-flash-drive-manuufacturer-150x150.jpg 150w, https:\/\/www.yousanusb.com\/wp-content\/uploads\/2025\/01\/gun-colored-usb-a-and-usb-c-flash-drive-manuufacturer-768x768.jpg 768w, https:\/\/www.yousanusb.com\/wp-content\/uploads\/2025\/01\/gun-colored-usb-a-and-usb-c-flash-drive-manuufacturer-12x12.jpg 12w, https:\/\/www.yousanusb.com\/wp-content\/uploads\/2025\/01\/gun-colored-usb-a-and-usb-c-flash-drive-manuufacturer-600x600.jpg 600w, https:\/\/www.yousanusb.com\/wp-content\/uploads\/2025\/01\/gun-colored-usb-a-and-usb-c-flash-drive-manuufacturer-100x100.jpg 100w\" sizes=\"(max-width: 800px) 100vw, 800px\" \/><\/figure>\n<\/div>\n<\/div>\n\n\n\n<div class=\"wp-block-columns is-layout-flex wp-container-core-columns-is-layout-2 wp-block-columns-is-layout-flex\">\n<div class=\"wp-block-column is-vertically-aligned-center is-layout-flow wp-block-column-is-layout-flow\">\n<p><strong>Rotazione fredda, commutazione su due lati<\/strong>: L'esclusivo design rotante consente di passare senza sforzo dalle porte USB A a quelle di tipo C, eliminando la necessit\u00e0 di adattatori ingombranti. Il trasferimento dei dati tra telefoni, computer e altri dispositivi avviene senza problemi, per una connettivit\u00e0 efficiente e senza problemi.<br><strong>Finitura in metallo pregiato, gusto eccezionale<\/strong>: Realizzato in metallo di alta qualit\u00e0 con una squisita lavorazione artigianale, offre un tocco morbido e setoso e una lucentezza abbagliante. Scegliete tra l'argento lucido per un'eleganza minimalista o il grigio canna di fucile per una raffinatezza sobria: entrambe le opzioni mettono in risalto il vostro stile unico.<br><strong>Trasferimento ad alta velocit\u00e0, fluido e veloce<\/strong>: Dotato di un'interfaccia USB 3.0 ad alta velocit\u00e0, raggiunge velocit\u00e0 di trasferimento teoriche fino a 5 Gbps. Trasferisce senza problemi file di grandi dimensioni in pochi secondi, eliminando i tempi di attesa per il lavoro o l'intrattenimento.<br><strong>Compatto e portatile<\/strong>: Progettata per essere piccola e sottile, \u00e8 facile da trasportare. Questa chiavetta USB \u00e8 dotata di un foro per la chiave e pu\u00f2 essere attaccata direttamente a un portachiavi.<\/p>\n<\/div>\n\n\n\n<div class=\"wp-block-column is-vertically-aligned-center is-layout-flow wp-block-column-is-layout-flow\">\n<figure class=\"wp-block-image size-full\"><img decoding=\"async\" width=\"800\" height=\"800\" src=\"https:\/\/www.yousanusb.com\/wp-content\/uploads\/2025\/01\/gun-colored-usb-a-and-usb-c-flash-drive.jpg\" alt=\"pistola - unit\u00e0 flash usb a e usb c colorate\" class=\"wp-image-13312\" srcset=\"https:\/\/www.yousanusb.com\/wp-content\/uploads\/2025\/01\/gun-colored-usb-a-and-usb-c-flash-drive.jpg 800w, https:\/\/www.yousanusb.com\/wp-content\/uploads\/2025\/01\/gun-colored-usb-a-and-usb-c-flash-drive-300x300.jpg 300w, https:\/\/www.yousanusb.com\/wp-content\/uploads\/2025\/01\/gun-colored-usb-a-and-usb-c-flash-drive-150x150.jpg 150w, https:\/\/www.yousanusb.com\/wp-content\/uploads\/2025\/01\/gun-colored-usb-a-and-usb-c-flash-drive-768x768.jpg 768w, https:\/\/www.yousanusb.com\/wp-content\/uploads\/2025\/01\/gun-colored-usb-a-and-usb-c-flash-drive-12x12.jpg 12w, https:\/\/www.yousanusb.com\/wp-content\/uploads\/2025\/01\/gun-colored-usb-a-and-usb-c-flash-drive-600x600.jpg 600w, https:\/\/www.yousanusb.com\/wp-content\/uploads\/2025\/01\/gun-colored-usb-a-and-usb-c-flash-drive-100x100.jpg 100w\" sizes=\"(max-width: 800px) 100vw, 800px\" \/><\/figure>\n<\/div>\n<\/div>","protected":false},"excerpt":{"rendered":"<ul>\n<li>Nuovo stile<\/li>\n<li>Interfacce USB a e USB C<\/li>\n<li>Uso del PC e del telefono cellulare<\/li>\n<li>Argento e color canna di fucile<\/li>\n<li>USB3.0 ad alta velocit\u00e0<\/li>\n<li>Logo personalizzato<\/li>\n<\/ul>","protected":false},"featured_media":13312,"comment_status":"open","ping_status":"closed","template":"","meta":{"_seopress_robots_primary_cat":"none","_seopress_titles_title":"new - style rotating usb a and usb c flash drive","_seopress_titles_desc":"With the new New-Style Rotating USB A and USB C Flash Drive,it is not only a storage device,but also a fashionable item to show off your taste.Own it now and start your digital life with efficiency and convenience!","_seopress_robots_index":""},"class_list":["post-13309","product","type-product","status-publish","has-post-thumbnail","hentry","product_cat-usb30-flash-drive","product_cat-rotating-usb-flash-drive","product_cat-otg-usb-flash-drive","product_tag-otg-usb-flash-drive","product_tag-buy-metal-leather-usb-flash-drive"],"_links":{"self":[{"href":"https:\/\/www.yousanusb.com\/it\/wp-json\/wp\/v2\/product\/13309"}],"collection":[{"href":"https:\/\/www.yousanusb.com\/it\/wp-json\/wp\/v2\/product"}],"about":[{"href":"https:\/\/www.yousanusb.com\/it\/wp-json\/wp\/v2\/types\/product"}],"replies":[{"embeddable":true,"href":"https:\/\/www.yousanusb.com\/it\/wp-json\/wp\/v2\/comments?post=13309"}],"wp:featuredmedia":[{"embeddable":true,"href":"https:\/\/www.yousanusb.com\/it\/wp-json\/wp\/v2\/media\/13312"}],"wp:attachment":[{"href":"https:\/\/www.yousanusb.com\/it\/wp-json\/wp\/v2\/media?parent=13309"}],"curies":[{"name":"wp","href":"https:\/\/api.w.org\/{rel}","templated":true}]}}