{"id":13316,"date":"2025-01-04T05:37:07","date_gmt":"2025-01-04T05:37:07","guid":{"rendered":"https:\/\/yousanusb.com\/?post_type=product&#038;p=13316"},"modified":"2025-10-06T00:26:27","modified_gmt":"2025-10-06T00:26:27","slug":"fastest-rotating-metal-usb-type-c-flash-drive","status":"publish","type":"product","link":"https:\/\/www.yousanusb.com\/it\/prodotto\/fastest-rotating-metal-usb-type-c-flash-drive\/","title":{"rendered":"unit\u00e0 flash usb di tipo c rotante pi\u00f9 veloce in metallo"},"content":{"rendered":"<p>Questa unit\u00e0 flash USB Type-C rotante in metallo \u00e8 apprezzata dai professionisti del business per la sua velocit\u00e0 di lettura fulminea. Compatta e portatile, si infila facilmente nelle tasche, nelle borse o nei portachiavi, consentendo di portare i dati ovunque per una maggiore comodit\u00e0 al lavoro.<\/p>\n\n\n\n<div class=\"wp-block-columns is-layout-flex wp-container-core-columns-is-layout-1 wp-block-columns-is-layout-flex\">\n<div class=\"wp-block-column is-layout-flow wp-block-column-is-layout-flow\">\n<figure class=\"wp-block-image size-full\"><img fetchpriority=\"high\" decoding=\"async\" width=\"800\" height=\"800\" src=\"https:\/\/www.yousanusb.com\/wp-content\/uploads\/2025\/01\/siliver-fastest-rotating-metal-usb-type-c-flash-drive.jpg\" alt=\"unit\u00e0 flash usb tipo c in metallo rotante pi\u00f9 veloce del mondo\" class=\"wp-image-13320\" srcset=\"https:\/\/www.yousanusb.com\/wp-content\/uploads\/2025\/01\/siliver-fastest-rotating-metal-usb-type-c-flash-drive.jpg 800w, https:\/\/www.yousanusb.com\/wp-content\/uploads\/2025\/01\/siliver-fastest-rotating-metal-usb-type-c-flash-drive-300x300.jpg 300w, https:\/\/www.yousanusb.com\/wp-content\/uploads\/2025\/01\/siliver-fastest-rotating-metal-usb-type-c-flash-drive-150x150.jpg 150w, https:\/\/www.yousanusb.com\/wp-content\/uploads\/2025\/01\/siliver-fastest-rotating-metal-usb-type-c-flash-drive-768x768.jpg 768w, https:\/\/www.yousanusb.com\/wp-content\/uploads\/2025\/01\/siliver-fastest-rotating-metal-usb-type-c-flash-drive-12x12.jpg 12w, https:\/\/www.yousanusb.com\/wp-content\/uploads\/2025\/01\/siliver-fastest-rotating-metal-usb-type-c-flash-drive-600x600.jpg 600w, https:\/\/www.yousanusb.com\/wp-content\/uploads\/2025\/01\/siliver-fastest-rotating-metal-usb-type-c-flash-drive-100x100.jpg 100w\" sizes=\"(max-width: 800px) 100vw, 800px\" \/><\/figure>\n<\/div>\n\n\n\n<div class=\"wp-block-column is-layout-flow wp-block-column-is-layout-flow\">\n<figure class=\"wp-block-image size-full\"><img decoding=\"async\" width=\"800\" height=\"800\" src=\"https:\/\/www.yousanusb.com\/wp-content\/uploads\/2025\/01\/rose-gold-fastest-rotating-metal-usb-type-c-flash-drive.jpg\" alt=\"unit\u00e0 flash usb di tipo c in metallo a rotazione pi\u00f9 veloce in oro rosa\" class=\"wp-image-13319\" srcset=\"https:\/\/www.yousanusb.com\/wp-content\/uploads\/2025\/01\/rose-gold-fastest-rotating-metal-usb-type-c-flash-drive.jpg 800w, https:\/\/www.yousanusb.com\/wp-content\/uploads\/2025\/01\/rose-gold-fastest-rotating-metal-usb-type-c-flash-drive-300x300.jpg 300w, https:\/\/www.yousanusb.com\/wp-content\/uploads\/2025\/01\/rose-gold-fastest-rotating-metal-usb-type-c-flash-drive-150x150.jpg 150w, https:\/\/www.yousanusb.com\/wp-content\/uploads\/2025\/01\/rose-gold-fastest-rotating-metal-usb-type-c-flash-drive-768x768.jpg 768w, https:\/\/www.yousanusb.com\/wp-content\/uploads\/2025\/01\/rose-gold-fastest-rotating-metal-usb-type-c-flash-drive-12x12.jpg 12w, https:\/\/www.yousanusb.com\/wp-content\/uploads\/2025\/01\/rose-gold-fastest-rotating-metal-usb-type-c-flash-drive-600x600.jpg 600w, https:\/\/www.yousanusb.com\/wp-content\/uploads\/2025\/01\/rose-gold-fastest-rotating-metal-usb-type-c-flash-drive-100x100.jpg 100w\" sizes=\"(max-width: 800px) 100vw, 800px\" \/><\/figure>\n<\/div>\n\n\n\n<div class=\"wp-block-column is-layout-flow wp-block-column-is-layout-flow\">\n<figure class=\"wp-block-image size-full is-resized\"><img decoding=\"async\" width=\"800\" height=\"800\" src=\"https:\/\/www.yousanusb.com\/wp-content\/uploads\/2025\/01\/gunmetal-fastest-rotating-metal-usb-type-c-flash-drive.jpg\" alt=\"unit\u00e0 flash usb di tipo c in metallo a rotazione pi\u00f9 rapida, color canna di fucile\" class=\"wp-image-13318\" style=\"width:273px;height:auto\" srcset=\"https:\/\/www.yousanusb.com\/wp-content\/uploads\/2025\/01\/gunmetal-fastest-rotating-metal-usb-type-c-flash-drive.jpg 800w, https:\/\/www.yousanusb.com\/wp-content\/uploads\/2025\/01\/gunmetal-fastest-rotating-metal-usb-type-c-flash-drive-300x300.jpg 300w, https:\/\/www.yousanusb.com\/wp-content\/uploads\/2025\/01\/gunmetal-fastest-rotating-metal-usb-type-c-flash-drive-150x150.jpg 150w, https:\/\/www.yousanusb.com\/wp-content\/uploads\/2025\/01\/gunmetal-fastest-rotating-metal-usb-type-c-flash-drive-768x768.jpg 768w, https:\/\/www.yousanusb.com\/wp-content\/uploads\/2025\/01\/gunmetal-fastest-rotating-metal-usb-type-c-flash-drive-12x12.jpg 12w, https:\/\/www.yousanusb.com\/wp-content\/uploads\/2025\/01\/gunmetal-fastest-rotating-metal-usb-type-c-flash-drive-600x600.jpg 600w, https:\/\/www.yousanusb.com\/wp-content\/uploads\/2025\/01\/gunmetal-fastest-rotating-metal-usb-type-c-flash-drive-100x100.jpg 100w\" sizes=\"(max-width: 800px) 100vw, 800px\" \/><\/figure>\n<\/div>\n<\/div>\n\n\n\n<div class=\"wp-block-columns is-layout-flex wp-container-core-columns-is-layout-2 wp-block-columns-is-layout-flex\">\n<div class=\"wp-block-column is-vertically-aligned-center is-layout-flow wp-block-column-is-layout-flow\">\n<figure class=\"wp-block-image size-full\"><img loading=\"lazy\" decoding=\"async\" width=\"800\" height=\"800\" src=\"https:\/\/www.yousanusb.com\/wp-content\/uploads\/2025\/01\/fastest-rotating-metal-usb-type-c-flash-drive.jpg\" alt=\"unit\u00e0 flash usb di tipo c rotante pi\u00f9 veloce in metallo\" class=\"wp-image-13317\" srcset=\"https:\/\/www.yousanusb.com\/wp-content\/uploads\/2025\/01\/fastest-rotating-metal-usb-type-c-flash-drive.jpg 800w, https:\/\/www.yousanusb.com\/wp-content\/uploads\/2025\/01\/fastest-rotating-metal-usb-type-c-flash-drive-300x300.jpg 300w, https:\/\/www.yousanusb.com\/wp-content\/uploads\/2025\/01\/fastest-rotating-metal-usb-type-c-flash-drive-150x150.jpg 150w, https:\/\/www.yousanusb.com\/wp-content\/uploads\/2025\/01\/fastest-rotating-metal-usb-type-c-flash-drive-768x768.jpg 768w, https:\/\/www.yousanusb.com\/wp-content\/uploads\/2025\/01\/fastest-rotating-metal-usb-type-c-flash-drive-12x12.jpg 12w, https:\/\/www.yousanusb.com\/wp-content\/uploads\/2025\/01\/fastest-rotating-metal-usb-type-c-flash-drive-600x600.jpg 600w, https:\/\/www.yousanusb.com\/wp-content\/uploads\/2025\/01\/fastest-rotating-metal-usb-type-c-flash-drive-100x100.jpg 100w\" sizes=\"(max-width: 800px) 100vw, 800px\" \/><\/figure>\n<\/div>\n\n\n\n<div class=\"wp-block-column is-vertically-aligned-center is-layout-flow wp-block-column-is-layout-flow\">\n<p>Realizzato in metallo pregiato, offre una sensazione di solidit\u00e0 e resistenza ed \u00e8 disponibile in tre opzioni di colore: Argento, Grigio canna di fucile e Oro rosa. Ogni tonalit\u00e0 evoca uno stato d'animo distinto: L'argento incarna una semplicit\u00e0 elegante, il grigio canna di fucile trasmette una raffinatezza classica, mentre l'oro rosa fonde una consistenza pregiata con un tocco di calore, il tutto in linea con i gusti esigenti dei professionisti.<br>Per quanto riguarda il design e la compatibilit\u00e0, la sua struttura rotante a 360 gradi \u00e8 dotata di due interfacce (USB-A e USB Type-C) per una commutazione flessibile. Sia che si colleghi a computer portatili, smartphone o tablet per il trasferimento di file, questa versatile unit\u00e0 flash garantisce una compatibilit\u00e0 perfetta con tutti i dispositivi, eliminando il problema delle porte incompatibili.<br>Per quanto riguarda la velocit\u00e0 di trasferimento, sfrutta la tecnologia ad alta velocit\u00e0 USB 3.0, che raggiunge velocit\u00e0 fino a 5 Gbps per prestazioni fulminee. Sia che si tratti di trasferire file di progettazione di grandi dimensioni, risorse video o backup di dati di lavoro critici, elimina le lunghe attese, offrendo un'esperienza di lavoro efficiente.<\/p>\n<\/div>\n<\/div>\n\n\n\n<p><\/p>","protected":false},"excerpt":{"rendered":"<ul>\n<li>Interfaccia USB a e USB C<\/li>\n<li>Argento, canna di fucile, oro rosa<\/li>\n<li>USB3.0 ad alta velocit\u00e0<\/li>\n<li>Logo personalizzato<\/li>\n<li>MOQ: 100pcs<\/li>\n<\/ul>","protected":false},"featured_media":13320,"comment_status":"open","ping_status":"closed","template":"","meta":{"_seopress_robots_primary_cat":"none","_seopress_titles_title":"fastest rotating metal usb type c flash drive","_seopress_titles_desc":"Elevate your data storage game with the Fastest Rotating Metal USB Type-C Flash Drive ,where cutting-edge technology meets sleek,modern design.This isn\u2019t just a flash drive\u2014it\u2019s a statement piece for the tech-savvy and style-conscious.","_seopress_robots_index":""},"class_list":["post-13316","product","type-product","status-publish","has-post-thumbnail","hentry","product_cat-usb30-flash-drive","product_cat-rotating-usb-flash-drive","product_cat-otg-usb-flash-drive","product_tag-custom-metal-keychain-usb-flash-drive","product_tag-otg-usb-flash-drive","product_tag-buy-metal-leather-usb-flash-drive"],"_links":{"self":[{"href":"https:\/\/www.yousanusb.com\/it\/wp-json\/wp\/v2\/product\/13316"}],"collection":[{"href":"https:\/\/www.yousanusb.com\/it\/wp-json\/wp\/v2\/product"}],"about":[{"href":"https:\/\/www.yousanusb.com\/it\/wp-json\/wp\/v2\/types\/product"}],"replies":[{"embeddable":true,"href":"https:\/\/www.yousanusb.com\/it\/wp-json\/wp\/v2\/comments?post=13316"}],"wp:featuredmedia":[{"embeddable":true,"href":"https:\/\/www.yousanusb.com\/it\/wp-json\/wp\/v2\/media\/13320"}],"wp:attachment":[{"href":"https:\/\/www.yousanusb.com\/it\/wp-json\/wp\/v2\/media?parent=13316"}],"curies":[{"name":"wp","href":"https:\/\/api.w.org\/{rel}","templated":true}]}}